{"id":10116,"date":"2025-08-26T07:25:54","date_gmt":"2025-08-26T07:25:54","guid":{"rendered":"https:\/\/jinhuaceramic.com\/?post_type=product&#038;p=10116"},"modified":"2025-08-26T07:25:55","modified_gmt":"2025-08-26T07:25:55","slug":"luxury-candle-containers-wholesale","status":"publish","type":"product","link":"https:\/\/jinhuaceramic.com\/fr\/product\/luxury-candle-containers-wholesale\/","title":{"rendered":"R\u00e9cipients pour bougies de luxe en gros, Morandi Color Candle Jar"},"content":{"rendered":"<div class=\"wp-block-columns is-layout-flex wp-container-core-columns-is-layout-9d6595d7 wp-block-columns-is-layout-flex\">\n<div class=\"wp-block-column is-layout-flow wp-block-column-is-layout-flow\">\n<h3 class=\"wp-block-heading\">Premium Luxury Candle Containers Wholesale Caract\u00e9ristiques :<\/h3>\n\n\n\n<ul class=\"wp-block-list\">\n<li><strong>Design minimaliste : <\/strong>Ces r\u00e9cipients de luxe pour bougies en gros ont la forme cylindrique la plus basique, avec des bandes verticales uniformes sur la surface ext\u00e9rieure. Ce traitement de surface tridimensionnel concave et convexe augmente la superposition tactile et visuelle, ce qui rend les pots moins monotones.<\/li>\n\n\n\n<li><strong>Morandi Sch\u00e9ma de couleurs : <\/strong>Ces photophores vides en vrac sont disponibles dans plusieurs couleurs douces de Morandi telles que le vert clair, le gris-vert, le rose clair et le blanc. Ces couleurs d\u00e9satur\u00e9es peuvent cr\u00e9er une atmosph\u00e8re chaleureuse et relaxante, en accord avec l'objectif de la bougie.<\/li>\n\n\n\n<li><strong>Mat\u00e9riau de haute qualit\u00e9 : <\/strong>Ces photophores de luxe sont fabriqu\u00e9s \u00e0 partir de mat\u00e9riaux c\u00e9ramiques de haute qualit\u00e9. La c\u00e9ramique est plus \u00e9paisse et plus rugueuse que le m\u00e9tal ou le verre. C'est pourquoi le mat\u00e9riau \u00e0 utiliser pour la fabrication des photophores est la c\u00e9ramique.<\/li>\n\n\n\n<li><strong>Multifonctionnel et r\u00e9utilisable :<\/strong> Une fois les bougies consum\u00e9es, ces photophores vides en vrac peuvent \u00eatre nettoy\u00e9s et r\u00e9utilis\u00e9s. Ils peuvent \u00eatre utilis\u00e9s comme petits vases, porte-stylos, porte-brosses \u00e0 maquillage, pots de rangement pour les cl\u00e9s, prolongeant ainsi la dur\u00e9e de vie des produits.<\/li>\n<\/ul>\n<\/div>\n\n\n\n<div class=\"wp-block-column is-layout-flow wp-block-column-is-layout-flow\">\n<figure class=\"wp-block-image size-full\"><img fetchpriority=\"high\" decoding=\"async\" width=\"800\" height=\"800\" src=\"https:\/\/jinhuaceramic.com\/wp-content\/uploads\/2025\/08\/Morandi-Color-Ceramic-Candle-Vessels-Bulk-Empty-Candle-Jars-Wholesale-2.webp\" alt=\"R\u00e9cipients pour bougies de luxe en gros, Morandi Color Candle Jar-1\" class=\"wp-image-10117\" srcset=\"https:\/\/jinhuaceramic.com\/wp-content\/uploads\/2025\/08\/Morandi-Color-Ceramic-Candle-Vessels-Bulk-Empty-Candle-Jars-Wholesale-2.webp 800w, https:\/\/jinhuaceramic.com\/wp-content\/uploads\/2025\/08\/Morandi-Color-Ceramic-Candle-Vessels-Bulk-Empty-Candle-Jars-Wholesale-2-300x300.webp 300w, https:\/\/jinhuaceramic.com\/wp-content\/uploads\/2025\/08\/Morandi-Color-Ceramic-Candle-Vessels-Bulk-Empty-Candle-Jars-Wholesale-2-150x150.webp 150w, https:\/\/jinhuaceramic.com\/wp-content\/uploads\/2025\/08\/Morandi-Color-Ceramic-Candle-Vessels-Bulk-Empty-Candle-Jars-Wholesale-2-768x768.webp 768w, https:\/\/jinhuaceramic.com\/wp-content\/uploads\/2025\/08\/Morandi-Color-Ceramic-Candle-Vessels-Bulk-Empty-Candle-Jars-Wholesale-2-12x12.webp 12w, https:\/\/jinhuaceramic.com\/wp-content\/uploads\/2025\/08\/Morandi-Color-Ceramic-Candle-Vessels-Bulk-Empty-Candle-Jars-Wholesale-2-285x285.webp 285w, https:\/\/jinhuaceramic.com\/wp-content\/uploads\/2025\/08\/Morandi-Color-Ceramic-Candle-Vessels-Bulk-Empty-Candle-Jars-Wholesale-2-270x270.webp 270w, https:\/\/jinhuaceramic.com\/wp-content\/uploads\/2025\/08\/Morandi-Color-Ceramic-Candle-Vessels-Bulk-Empty-Candle-Jars-Wholesale-2-540x540.webp 540w, https:\/\/jinhuaceramic.com\/wp-content\/uploads\/2025\/08\/Morandi-Color-Ceramic-Candle-Vessels-Bulk-Empty-Candle-Jars-Wholesale-2-660x660.webp 660w\" sizes=\"(max-width: 800px) 100vw, 800px\" \/><\/figure>\n<\/div>\n<\/div>","protected":false},"excerpt":{"rendered":"<p>Nous vous invitons \u00e0 acheter des photophores vides en vrac. Ces luxueux photophores en gros pr\u00e9sentent des rayures verticales distinctives et des couleurs Morandi douces. Ils sont visuellement attrayants, rehaussent le style de la maison et cr\u00e9ent une atmosph\u00e8re chaleureuse.<\/p>","protected":false},"featured_media":10120,"comment_status":"closed","ping_status":"closed","template":"","meta":{"_acf_changed":false},"product_brand":[],"product_cat":[52],"product_tag":[66],"class_list":{"0":"post-10116","1":"product","2":"type-product","3":"status-publish","4":"has-post-thumbnail","6":"product_cat-wholesale-candle-containers","7":"product_tag-candle-jars-wholesale","9":"first","10":"instock","11":"shipping-taxable","12":"product-type-simple"},"acf":[],"_links":{"self":[{"href":"https:\/\/jinhuaceramic.com\/fr\/wp-json\/wp\/v2\/product\/10116","targetHints":{"allow":["GET"]}}],"collection":[{"href":"https:\/\/jinhuaceramic.com\/fr\/wp-json\/wp\/v2\/product"}],"about":[{"href":"https:\/\/jinhuaceramic.com\/fr\/wp-json\/wp\/v2\/types\/product"}],"replies":[{"embeddable":true,"href":"https:\/\/jinhuaceramic.com\/fr\/wp-json\/wp\/v2\/comments?post=10116"}],"version-history":[{"count":0,"href":"https:\/\/jinhuaceramic.com\/fr\/wp-json\/wp\/v2\/product\/10116\/revisions"}],"wp:featuredmedia":[{"embeddable":true,"href":"https:\/\/jinhuaceramic.com\/fr\/wp-json\/wp\/v2\/media\/10120"}],"wp:attachment":[{"href":"https:\/\/jinhuaceramic.com\/fr\/wp-json\/wp\/v2\/media?parent=10116"}],"wp:term":[{"taxonomy":"product_brand","embeddable":true,"href":"https:\/\/jinhuaceramic.com\/fr\/wp-json\/wp\/v2\/product_brand?post=10116"},{"taxonomy":"product_cat","embeddable":true,"href":"https:\/\/jinhuaceramic.com\/fr\/wp-json\/wp\/v2\/product_cat?post=10116"},{"taxonomy":"product_tag","embeddable":true,"href":"https:\/\/jinhuaceramic.com\/fr\/wp-json\/wp\/v2\/product_tag?post=10116"}],"curies":[{"name":"wp","href":"https:\/\/api.w.org\/{rel}","templated":true}]}}