{"id":10140,"date":"2025-08-26T07:05:37","date_gmt":"2025-08-26T07:05:37","guid":{"rendered":"https:\/\/jinhuaceramic.com\/?post_type=product&#038;p=10140"},"modified":"2025-08-26T07:05:38","modified_gmt":"2025-08-26T07:05:38","slug":"containers-for-candles-bulk","status":"publish","type":"product","link":"https:\/\/jinhuaceramic.com\/fr\/product\/containers-for-candles-bulk\/","title":{"rendered":"R\u00e9cipients empilables en pin pour bougies Bulk Wholesale"},"content":{"rendered":"<div class=\"wp-block-columns is-layout-flex wp-container-core-columns-is-layout-9d6595d7 wp-block-columns-is-layout-flex\">\n<div class=\"wp-block-column is-layout-flow wp-block-column-is-layout-flow\">\n<h3 class=\"wp-block-heading\">Contenants de qualit\u00e9 sup\u00e9rieure pour bougies Caract\u00e9ristiques en vrac :<\/h3>\n\n\n\n<ul class=\"wp-block-list\">\n<li><strong>Cr\u00e9er une atmosph\u00e8re festive : Les<\/strong> La forme de sapin de ces conteneurs pour bougies en vrac est parfaitement adapt\u00e9e aux th\u00e8mes de No\u00ebl et de l'hiver, illuminant l'atmosph\u00e8re festive et les rendant parfaitement adapt\u00e9s \u00e0 la d\u00e9coration d'espaces commerciaux et \u00e0 la vente de cadeaux de vacances.<\/li>\n\n\n\n<li><strong>Texture rugueuse et mate :<\/strong> Ces pots pour la fabrication de bougies en gros ont une surface givr\u00e9e sp\u00e9ciale au lieu de la gla\u00e7ure lisse traditionnelle. Cette texture leur donne un aspect rustique et non poli, comme s'ils avaient \u00e9t\u00e9 extraits de la nature, ce qui fait \u00e9cho au th\u00e8me des \u201ctons forestiers\u201d et augmente la sensation tactile.<\/li>\n\n\n\n<li><strong>Plusieurs combinaisons de couleurs vertes : <\/strong>Nos conteneurs pour bougies en vrac sont disponibles dans diff\u00e9rentes teintes de vert, adapt\u00e9es \u00e0 une utilisation individuelle ou \u00e0 une pr\u00e9sentation combin\u00e9e, r\u00e9pondant ainsi aux pr\u00e9f\u00e9rences esth\u00e9tiques de divers groupes de consommateurs.<\/li>\n\n\n\n<li><strong>Convient \u00e0 la vente en gros et \u00e0 la personnalisation : <\/strong>Nos pots \u00e0 bougie vides en gros permettent des achats en gros et peuvent \u00eatre personnalis\u00e9s avec des options OEM\/ODM, cr\u00e9ant ainsi une position diff\u00e9renci\u00e9e sur le march\u00e9 pour nos clients.<\/li>\n<\/ul>\n<\/div>\n\n\n\n<div class=\"wp-block-column is-layout-flow wp-block-column-is-layout-flow\">\n<figure class=\"wp-block-image size-full\"><img fetchpriority=\"high\" decoding=\"async\" width=\"784\" height=\"784\" src=\"https:\/\/jinhuaceramic.com\/wp-content\/uploads\/2025\/08\/Pine-Tree-Candle-Empty-Jars-Wholesale-Ceramic-Unique-Candle-Containers-Bulk-3.webp\" alt=\"R\u00e9cipients empilables en pin pour bougies Bulk Wholesale-1\" class=\"wp-image-10142\" srcset=\"https:\/\/jinhuaceramic.com\/wp-content\/uploads\/2025\/08\/Pine-Tree-Candle-Empty-Jars-Wholesale-Ceramic-Unique-Candle-Containers-Bulk-3.webp 784w, https:\/\/jinhuaceramic.com\/wp-content\/uploads\/2025\/08\/Pine-Tree-Candle-Empty-Jars-Wholesale-Ceramic-Unique-Candle-Containers-Bulk-3-300x300.webp 300w, https:\/\/jinhuaceramic.com\/wp-content\/uploads\/2025\/08\/Pine-Tree-Candle-Empty-Jars-Wholesale-Ceramic-Unique-Candle-Containers-Bulk-3-150x150.webp 150w, https:\/\/jinhuaceramic.com\/wp-content\/uploads\/2025\/08\/Pine-Tree-Candle-Empty-Jars-Wholesale-Ceramic-Unique-Candle-Containers-Bulk-3-768x768.webp 768w, https:\/\/jinhuaceramic.com\/wp-content\/uploads\/2025\/08\/Pine-Tree-Candle-Empty-Jars-Wholesale-Ceramic-Unique-Candle-Containers-Bulk-3-12x12.webp 12w, https:\/\/jinhuaceramic.com\/wp-content\/uploads\/2025\/08\/Pine-Tree-Candle-Empty-Jars-Wholesale-Ceramic-Unique-Candle-Containers-Bulk-3-285x285.webp 285w, https:\/\/jinhuaceramic.com\/wp-content\/uploads\/2025\/08\/Pine-Tree-Candle-Empty-Jars-Wholesale-Ceramic-Unique-Candle-Containers-Bulk-3-270x270.webp 270w, https:\/\/jinhuaceramic.com\/wp-content\/uploads\/2025\/08\/Pine-Tree-Candle-Empty-Jars-Wholesale-Ceramic-Unique-Candle-Containers-Bulk-3-540x540.webp 540w, https:\/\/jinhuaceramic.com\/wp-content\/uploads\/2025\/08\/Pine-Tree-Candle-Empty-Jars-Wholesale-Ceramic-Unique-Candle-Containers-Bulk-3-660x660.webp 660w\" sizes=\"(max-width: 784px) 100vw, 784px\" \/><\/figure>\n<\/div>\n<\/div>","protected":false},"excerpt":{"rendered":"<p>Bienvenue sur le site d'achat en gros de pots \u00e0 bougie vides. Nos contenants en forme de pin pour bougies en vrac se caract\u00e9risent par une teinte verte rafra\u00eechissante avec de nombreuses correspondances de couleurs. Ils sont \u00e0 la fois pratiques et esth\u00e9tiques et conviennent aux cadeaux de vacances, \u00e0 la d\u00e9coration int\u00e9rieure et aux bougies d'aromath\u00e9rapie.<\/p>","protected":false},"featured_media":10141,"comment_status":"closed","ping_status":"closed","template":"","meta":{"_acf_changed":false},"product_brand":[],"product_cat":[52],"product_tag":[66],"class_list":{"0":"post-10140","1":"product","2":"type-product","3":"status-publish","4":"has-post-thumbnail","6":"product_cat-wholesale-candle-containers","7":"product_tag-candle-jars-wholesale","9":"first","10":"instock","11":"shipping-taxable","12":"product-type-simple"},"acf":[],"_links":{"self":[{"href":"https:\/\/jinhuaceramic.com\/fr\/wp-json\/wp\/v2\/product\/10140","targetHints":{"allow":["GET"]}}],"collection":[{"href":"https:\/\/jinhuaceramic.com\/fr\/wp-json\/wp\/v2\/product"}],"about":[{"href":"https:\/\/jinhuaceramic.com\/fr\/wp-json\/wp\/v2\/types\/product"}],"replies":[{"embeddable":true,"href":"https:\/\/jinhuaceramic.com\/fr\/wp-json\/wp\/v2\/comments?post=10140"}],"version-history":[{"count":0,"href":"https:\/\/jinhuaceramic.com\/fr\/wp-json\/wp\/v2\/product\/10140\/revisions"}],"wp:featuredmedia":[{"embeddable":true,"href":"https:\/\/jinhuaceramic.com\/fr\/wp-json\/wp\/v2\/media\/10141"}],"wp:attachment":[{"href":"https:\/\/jinhuaceramic.com\/fr\/wp-json\/wp\/v2\/media?parent=10140"}],"wp:term":[{"taxonomy":"product_brand","embeddable":true,"href":"https:\/\/jinhuaceramic.com\/fr\/wp-json\/wp\/v2\/product_brand?post=10140"},{"taxonomy":"product_cat","embeddable":true,"href":"https:\/\/jinhuaceramic.com\/fr\/wp-json\/wp\/v2\/product_cat?post=10140"},{"taxonomy":"product_tag","embeddable":true,"href":"https:\/\/jinhuaceramic.com\/fr\/wp-json\/wp\/v2\/product_tag?post=10140"}],"curies":[{"name":"wp","href":"https:\/\/api.w.org\/{rel}","templated":true}]}}