{"id":10148,"date":"2025-08-26T02:43:25","date_gmt":"2025-08-26T02:43:25","guid":{"rendered":"https:\/\/jinhuaceramic.com\/?post_type=product&#038;p=10148"},"modified":"2025-08-26T02:43:26","modified_gmt":"2025-08-26T02:43:26","slug":"bulk-solid-color-tableware","status":"publish","type":"product","link":"https:\/\/jinhuaceramic.com\/fr\/product\/bulk-solid-color-tableware\/","title":{"rendered":"Vaisselle de couleur unie en vrac, vaisselle de restaurant moderne"},"content":{"rendered":"<div class=\"wp-block-columns is-layout-flex wp-container-core-columns-is-layout-9d6595d7 wp-block-columns-is-layout-flex\">\n<div class=\"wp-block-column is-layout-flow wp-block-column-is-layout-flow\">\n<h3 class=\"wp-block-heading\">Vaisselle de couleur unie en vrac de premi\u00e8re qualit\u00e9 Caract\u00e9ristiques :<\/h3>\n\n\n\n<ul class=\"wp-block-list\">\n<li><strong>Design contrast\u00e9 \u00e0 deux couleurs : <\/strong>Le corps principal de ces sets de table en vrac de couleur unie est blanc cass\u00e9 avec de petites taches grises sur la surface, ce qui lui donne une texture rustique. Les bords de la vaisselle sont soulign\u00e9s d'une fine ligne cramoisie. Ce contraste entre le blanc cass\u00e9 et le cramoisi donne une impression de profondeur visuelle et de sophistication.<\/li>\n\n\n\n<li><strong>Diverses couleurs : <\/strong>Ces services de vaisselle pour restaurants sont disponibles dans une vari\u00e9t\u00e9 de couleurs, y compris le noir myst\u00e9rieux, le blanc cass\u00e9 rustique et le blanc pur. Les clients peuvent choisir en fonction du d\u00e9cor de la table et de leurs pr\u00e9f\u00e9rences personnelles.<\/li>\n\n\n\n<li><strong>Mat\u00e9riau de haute qualit\u00e9 : <\/strong>Ces ensembles de vaisselle en vrac de couleur unie sont fabriqu\u00e9s en c\u00e9ramique de haute qualit\u00e9 avec une gla\u00e7ure durable qui ne se raye pas et ne s'use pas facilement. La c\u00e9ramique elle-m\u00eame est non toxique et inoffensive, ce qui rend son utilisation s\u00fbre et saine.<\/li>\n\n\n\n<li><strong>Ensemble complet : <\/strong>Ces services de vaisselle de restaurant comprennent des bols et des assiettes de diff\u00e9rentes tailles pour r\u00e9pondre aux besoins quotidiens d'une famille nombreuse. Les grandes assiettes peuvent \u00eatre utilis\u00e9es pour les plats principaux, les petites assiettes pour les snacks ou les salades, et les bols en c\u00e9ramique pour les c\u00e9r\u00e9ales, le riz, la soupe ou le dessert.<\/li>\n<\/ul>\n<\/div>\n\n\n\n<div class=\"wp-block-column is-layout-flow wp-block-column-is-layout-flow\">\n<figure class=\"wp-block-image size-full\"><img fetchpriority=\"high\" decoding=\"async\" width=\"2000\" height=\"2000\" src=\"https:\/\/jinhuaceramic.com\/wp-content\/uploads\/2025\/08\/Modern-Fine-China-Custom-Tableware-Restaurant-Supply-Dinnerware-Set-5.webp\" alt=\"Vaisselle de couleur unie en vrac, vaisselle de restaurant moderne, set 1\" class=\"wp-image-10154\" srcset=\"https:\/\/jinhuaceramic.com\/wp-content\/uploads\/2025\/08\/Modern-Fine-China-Custom-Tableware-Restaurant-Supply-Dinnerware-Set-5.webp 2000w, https:\/\/jinhuaceramic.com\/wp-content\/uploads\/2025\/08\/Modern-Fine-China-Custom-Tableware-Restaurant-Supply-Dinnerware-Set-5-300x300.webp 300w, https:\/\/jinhuaceramic.com\/wp-content\/uploads\/2025\/08\/Modern-Fine-China-Custom-Tableware-Restaurant-Supply-Dinnerware-Set-5-150x150.webp 150w, https:\/\/jinhuaceramic.com\/wp-content\/uploads\/2025\/08\/Modern-Fine-China-Custom-Tableware-Restaurant-Supply-Dinnerware-Set-5-768x768.webp 768w, https:\/\/jinhuaceramic.com\/wp-content\/uploads\/2025\/08\/Modern-Fine-China-Custom-Tableware-Restaurant-Supply-Dinnerware-Set-5-12x12.webp 12w, https:\/\/jinhuaceramic.com\/wp-content\/uploads\/2025\/08\/Modern-Fine-China-Custom-Tableware-Restaurant-Supply-Dinnerware-Set-5-285x285.webp 285w, https:\/\/jinhuaceramic.com\/wp-content\/uploads\/2025\/08\/Modern-Fine-China-Custom-Tableware-Restaurant-Supply-Dinnerware-Set-5-1600x1600.webp 1600w, https:\/\/jinhuaceramic.com\/wp-content\/uploads\/2025\/08\/Modern-Fine-China-Custom-Tableware-Restaurant-Supply-Dinnerware-Set-5-270x270.webp 270w, https:\/\/jinhuaceramic.com\/wp-content\/uploads\/2025\/08\/Modern-Fine-China-Custom-Tableware-Restaurant-Supply-Dinnerware-Set-5-540x540.webp 540w, https:\/\/jinhuaceramic.com\/wp-content\/uploads\/2025\/08\/Modern-Fine-China-Custom-Tableware-Restaurant-Supply-Dinnerware-Set-5-660x660.webp 660w\" sizes=\"(max-width: 2000px) 100vw, 2000px\" \/><\/figure>\n<\/div>\n<\/div>","protected":false},"excerpt":{"rendered":"<p>Bienvenue sur le site d'achat en vrac d'ensembles de vaisselle de couleur unie. L'avantage de ces services de vaisselle de restaurant r\u00e9side dans leur fusion parfaite entre une esth\u00e9tique moderne et minimaliste et une fonctionnalit\u00e9 exceptionnelle. Non seulement cette vaisselle en c\u00e9ramique est parfaite pour les repas de tous les jours \u00e0 la maison, mais son beau design la rend \u00e9galement id\u00e9ale pour recevoir des invit\u00e9s.<\/p>","protected":false},"featured_media":10156,"comment_status":"closed","ping_status":"closed","template":"","meta":{"_acf_changed":false},"product_brand":[],"product_cat":[83,54],"product_tag":[],"class_list":{"0":"post-10148","1":"product","2":"type-product","3":"status-publish","4":"has-post-thumbnail","6":"product_cat-wholesale-dinnerware-sets","7":"product_cat-tableware-wholesale","9":"first","10":"instock","11":"shipping-taxable","12":"product-type-simple"},"acf":[],"_links":{"self":[{"href":"https:\/\/jinhuaceramic.com\/fr\/wp-json\/wp\/v2\/product\/10148","targetHints":{"allow":["GET"]}}],"collection":[{"href":"https:\/\/jinhuaceramic.com\/fr\/wp-json\/wp\/v2\/product"}],"about":[{"href":"https:\/\/jinhuaceramic.com\/fr\/wp-json\/wp\/v2\/types\/product"}],"replies":[{"embeddable":true,"href":"https:\/\/jinhuaceramic.com\/fr\/wp-json\/wp\/v2\/comments?post=10148"}],"version-history":[{"count":0,"href":"https:\/\/jinhuaceramic.com\/fr\/wp-json\/wp\/v2\/product\/10148\/revisions"}],"wp:featuredmedia":[{"embeddable":true,"href":"https:\/\/jinhuaceramic.com\/fr\/wp-json\/wp\/v2\/media\/10156"}],"wp:attachment":[{"href":"https:\/\/jinhuaceramic.com\/fr\/wp-json\/wp\/v2\/media?parent=10148"}],"wp:term":[{"taxonomy":"product_brand","embeddable":true,"href":"https:\/\/jinhuaceramic.com\/fr\/wp-json\/wp\/v2\/product_brand?post=10148"},{"taxonomy":"product_cat","embeddable":true,"href":"https:\/\/jinhuaceramic.com\/fr\/wp-json\/wp\/v2\/product_cat?post=10148"},{"taxonomy":"product_tag","embeddable":true,"href":"https:\/\/jinhuaceramic.com\/fr\/wp-json\/wp\/v2\/product_tag?post=10148"}],"curies":[{"name":"wp","href":"https:\/\/api.w.org\/{rel}","templated":true}]}}