{"id":10160,"date":"2025-08-26T01:36:56","date_gmt":"2025-08-26T01:36:56","guid":{"rendered":"https:\/\/jinhuaceramic.com\/?post_type=product&#038;p=10160"},"modified":"2025-08-26T01:36:58","modified_gmt":"2025-08-26T01:36:58","slug":"vessels-for-candles-wholesale","status":"publish","type":"product","link":"https:\/\/jinhuaceramic.com\/fr\/product\/vessels-for-candles-wholesale\/","title":{"rendered":"Vases minimalistes en c\u00e9ramique pour bougies Wholesale Supply"},"content":{"rendered":"<div class=\"wp-block-columns is-layout-flex wp-container-core-columns-is-layout-9d6595d7 wp-block-columns-is-layout-flex\">\n<div class=\"wp-block-column is-layout-flow wp-block-column-is-layout-flow\">\n<h3 class=\"wp-block-heading\">Vases en c\u00e9ramique de premi\u00e8re qualit\u00e9 pour bougies en gros Caract\u00e9ristiques :<\/h3>\n\n\n\n<ul class=\"wp-block-list\">\n<li><strong>Design minimaliste :<\/strong> Ces r\u00e9cipients pour bougies en gros ont une forme g\u00e9om\u00e9trique trap\u00e9zo\u00efdale, fine sur le dessus et \u00e9paisse sur le dessous, et sont plus esth\u00e9tiques que les simples photophores \u00e0 tube droit. Ils ont une couleur blanche nette et propre qui leur permet de s'int\u00e9grer facilement dans n'importe quel d\u00e9cor.<\/li>\n\n\n\n<li><strong>Mat\u00e9riau de haute qualit\u00e9 :<\/strong> Ces photophores en vrac sont fabriqu\u00e9s en c\u00e9ramique de haute qualit\u00e9, avec une surface lisse et douce, agr\u00e9able au toucher. La c\u00e9ramique est r\u00e9sistante \u00e0 la chaleur et peut contenir une bougie allum\u00e9e en toute s\u00e9curit\u00e9, ce qui en fait un choix appropri\u00e9 pour les photophores.<\/li>\n\n\n\n<li><strong>Taille id\u00e9ale : <\/strong>Ces r\u00e9cipients pour bougies en gros ont une taille id\u00e9ale de 450 ml, suffisante pour contenir de la cire qui br\u00fblera longtemps sans \u00eatre trop volumineuse. Leur taille leur permet \u00e9galement de trouver leur place sur un bureau, une \u00e9tag\u00e8re ou une table de chevet.<\/li>\n\n\n\n<li><strong>Utilisation polyvalente : <\/strong>Ces photophores en vrac de haute qualit\u00e9 sont \u00e9galement polyvalents et peuvent \u00eatre utilis\u00e9s \u00e0 plusieurs fins en dehors de leur fonction de photophores. Une fois les bougies consum\u00e9es, les pots peuvent \u00eatre r\u00e9utilis\u00e9s comme petits pots de fleurs, porte-stylos, contenants pour pinceaux de maquillage ou simplement comme ornements de bureau.<\/li>\n<\/ul>\n<\/div>\n\n\n\n<div class=\"wp-block-column is-layout-flow wp-block-column-is-layout-flow\">\n<figure class=\"wp-block-image size-full\"><img fetchpriority=\"high\" decoding=\"async\" width=\"682\" height=\"682\" src=\"https:\/\/jinhuaceramic.com\/wp-content\/uploads\/2025\/08\/Minimalist-White-Empty-Candle-Jars-Wholesale-Ceramic-Candle-Vessels-Bulk-3.webp\" alt=\"Vases minimalistes en c\u00e9ramique pour bougies Wholesale Supply-1\" class=\"wp-image-10162\" srcset=\"https:\/\/jinhuaceramic.com\/wp-content\/uploads\/2025\/08\/Minimalist-White-Empty-Candle-Jars-Wholesale-Ceramic-Candle-Vessels-Bulk-3.webp 682w, https:\/\/jinhuaceramic.com\/wp-content\/uploads\/2025\/08\/Minimalist-White-Empty-Candle-Jars-Wholesale-Ceramic-Candle-Vessels-Bulk-3-300x300.webp 300w, https:\/\/jinhuaceramic.com\/wp-content\/uploads\/2025\/08\/Minimalist-White-Empty-Candle-Jars-Wholesale-Ceramic-Candle-Vessels-Bulk-3-150x150.webp 150w, https:\/\/jinhuaceramic.com\/wp-content\/uploads\/2025\/08\/Minimalist-White-Empty-Candle-Jars-Wholesale-Ceramic-Candle-Vessels-Bulk-3-12x12.webp 12w, https:\/\/jinhuaceramic.com\/wp-content\/uploads\/2025\/08\/Minimalist-White-Empty-Candle-Jars-Wholesale-Ceramic-Candle-Vessels-Bulk-3-285x285.webp 285w, https:\/\/jinhuaceramic.com\/wp-content\/uploads\/2025\/08\/Minimalist-White-Empty-Candle-Jars-Wholesale-Ceramic-Candle-Vessels-Bulk-3-270x270.webp 270w, https:\/\/jinhuaceramic.com\/wp-content\/uploads\/2025\/08\/Minimalist-White-Empty-Candle-Jars-Wholesale-Ceramic-Candle-Vessels-Bulk-3-540x540.webp 540w, https:\/\/jinhuaceramic.com\/wp-content\/uploads\/2025\/08\/Minimalist-White-Empty-Candle-Jars-Wholesale-Ceramic-Candle-Vessels-Bulk-3-660x660.webp 660w\" sizes=\"(max-width: 682px) 100vw, 682px\" \/><\/figure>\n<\/div>\n<\/div>","protected":false},"excerpt":{"rendered":"<p>Bienvenue dans l'achat de photophores en vrac. La forme trap\u00e9zo\u00efdale unique, les couleurs pures et les r\u00e9cipients en c\u00e9ramique durables pour les bougies en gros se distinguent de la foule, devenant des d\u00e9corations d'int\u00e9rieur fonctionnelles et artistiques. Ils ne sont pas seulement des contenants pour bougies, mais aussi l'incarnation d'un style de vie, apportant une exp\u00e9rience sensorielle paisible et agr\u00e9able \u00e0 l'utilisateur.<\/p>","protected":false},"featured_media":10166,"comment_status":"closed","ping_status":"closed","template":"","meta":{"_acf_changed":false},"product_brand":[],"product_cat":[52],"product_tag":[66],"class_list":{"0":"post-10160","1":"product","2":"type-product","3":"status-publish","4":"has-post-thumbnail","6":"product_cat-wholesale-candle-containers","7":"product_tag-candle-jars-wholesale","9":"first","10":"instock","11":"shipping-taxable","12":"product-type-simple"},"acf":[],"_links":{"self":[{"href":"https:\/\/jinhuaceramic.com\/fr\/wp-json\/wp\/v2\/product\/10160","targetHints":{"allow":["GET"]}}],"collection":[{"href":"https:\/\/jinhuaceramic.com\/fr\/wp-json\/wp\/v2\/product"}],"about":[{"href":"https:\/\/jinhuaceramic.com\/fr\/wp-json\/wp\/v2\/types\/product"}],"replies":[{"embeddable":true,"href":"https:\/\/jinhuaceramic.com\/fr\/wp-json\/wp\/v2\/comments?post=10160"}],"version-history":[{"count":0,"href":"https:\/\/jinhuaceramic.com\/fr\/wp-json\/wp\/v2\/product\/10160\/revisions"}],"wp:featuredmedia":[{"embeddable":true,"href":"https:\/\/jinhuaceramic.com\/fr\/wp-json\/wp\/v2\/media\/10166"}],"wp:attachment":[{"href":"https:\/\/jinhuaceramic.com\/fr\/wp-json\/wp\/v2\/media?parent=10160"}],"wp:term":[{"taxonomy":"product_brand","embeddable":true,"href":"https:\/\/jinhuaceramic.com\/fr\/wp-json\/wp\/v2\/product_brand?post=10160"},{"taxonomy":"product_cat","embeddable":true,"href":"https:\/\/jinhuaceramic.com\/fr\/wp-json\/wp\/v2\/product_cat?post=10160"},{"taxonomy":"product_tag","embeddable":true,"href":"https:\/\/jinhuaceramic.com\/fr\/wp-json\/wp\/v2\/product_tag?post=10160"}],"curies":[{"name":"wp","href":"https:\/\/api.w.org\/{rel}","templated":true}]}}