{"id":10169,"date":"2025-08-26T01:21:27","date_gmt":"2025-08-26T01:21:27","guid":{"rendered":"https:\/\/jinhuaceramic.com\/?post_type=product&#038;p=10169"},"modified":"2025-08-26T06:40:55","modified_gmt":"2025-08-26T06:40:55","slug":"massage-candle-containers-wholesale","status":"publish","type":"product","link":"https:\/\/jinhuaceramic.com\/fr\/product\/massage-candle-containers-wholesale\/","title":{"rendered":"Conteneurs \u00e0 bougie de massage en c\u00e9ramique Wholesale With Spouts"},"content":{"rendered":"<div class=\"wp-block-columns is-layout-flex wp-container-core-columns-is-layout-9d6595d7 wp-block-columns-is-layout-flex\">\n<div class=\"wp-block-column is-layout-flow wp-block-column-is-layout-flow\">\n<h3 class=\"wp-block-heading\">Premium Massage Candle Containers Wholesale Caract\u00e9ristiques :<\/h3>\n\n\n\n<ul class=\"wp-block-list\">\n<li><strong>Bec verseur compact : <\/strong>Ces contenants blancs pour bougies de massage en gros sont dot\u00e9s d'un bec verseur en forme de bec d'oiseau sur un c\u00f4t\u00e9. Le bec verseur est sp\u00e9cialement con\u00e7u pour les bougies de massage et permet de verser avec pr\u00e9cision l'huile essentielle fondue sans qu'elle ne coule ou ne d\u00e9borde sur le pot, ce qui est pratique et hygi\u00e9nique.<\/li>\n\n\n\n<li><strong>Blanc chaud Finition : <\/strong>Ces pots de bougies de massage en c\u00e9ramique en vrac sont d'un blanc chaud, une couleur qui n'est pas seulement polyvalente mais qui donne aussi un sentiment de puret\u00e9 et de relaxation, ce que les bougies de massage visent \u00e0 atteindre.<\/li>\n\n\n\n<li><strong>C\u00e9ramique de haute qualit\u00e9 : <\/strong>Ces r\u00e9cipients pour bougies de massage en gros sont fabriqu\u00e9s en c\u00e9ramique de haute qualit\u00e9, durable et chaleureuse au toucher. La c\u00e9ramique est r\u00e9sistante \u00e0 la chaleur et peut supporter la forte chaleur g\u00e9n\u00e9r\u00e9e par la combustion des bougies, ce qui donne un sentiment de s\u00e9curit\u00e9.<\/li>\n\n\n\n<li><strong>Facile \u00e0 nettoyer : <\/strong>Ces photophores en c\u00e9ramique en vrac poss\u00e8dent un \u00e9mail soyeux qui ne laisse pas adh\u00e9rer les r\u00e9sidus de cire ou les taches, ce qui les rend faciles \u00e0 nettoyer apr\u00e8s la consommation de la bougie, d'o\u00f9 leur caract\u00e8re r\u00e9utilisable.<\/li>\n<\/ul>\n<\/div>\n\n\n\n<div class=\"wp-block-column is-layout-flow wp-block-column-is-layout-flow\">\n<figure class=\"wp-block-image size-full\"><img fetchpriority=\"high\" decoding=\"async\" width=\"740\" height=\"737\" src=\"https:\/\/jinhuaceramic.com\/wp-content\/uploads\/2025\/08\/White-Massage-Candle-Containers-Wholesale-Ceramic-Candle-Jars-Empty-Bulk-4.webp\" alt=\"R\u00e9cipients pour bougies de massage en c\u00e9ramique Wholesale With Spouts-1\" class=\"wp-image-10172\" srcset=\"https:\/\/jinhuaceramic.com\/wp-content\/uploads\/2025\/08\/White-Massage-Candle-Containers-Wholesale-Ceramic-Candle-Jars-Empty-Bulk-4.webp 740w, https:\/\/jinhuaceramic.com\/wp-content\/uploads\/2025\/08\/White-Massage-Candle-Containers-Wholesale-Ceramic-Candle-Jars-Empty-Bulk-4-300x300.webp 300w, https:\/\/jinhuaceramic.com\/wp-content\/uploads\/2025\/08\/White-Massage-Candle-Containers-Wholesale-Ceramic-Candle-Jars-Empty-Bulk-4-150x150.webp 150w, https:\/\/jinhuaceramic.com\/wp-content\/uploads\/2025\/08\/White-Massage-Candle-Containers-Wholesale-Ceramic-Candle-Jars-Empty-Bulk-4-12x12.webp 12w, https:\/\/jinhuaceramic.com\/wp-content\/uploads\/2025\/08\/White-Massage-Candle-Containers-Wholesale-Ceramic-Candle-Jars-Empty-Bulk-4-285x284.webp 285w, https:\/\/jinhuaceramic.com\/wp-content\/uploads\/2025\/08\/White-Massage-Candle-Containers-Wholesale-Ceramic-Candle-Jars-Empty-Bulk-4-270x270.webp 270w, https:\/\/jinhuaceramic.com\/wp-content\/uploads\/2025\/08\/White-Massage-Candle-Containers-Wholesale-Ceramic-Candle-Jars-Empty-Bulk-4-660x657.webp 660w\" sizes=\"(max-width: 740px) 100vw, 740px\" \/><\/figure>\n<\/div>\n<\/div>\n\n\n\n<p><\/p>","protected":false},"excerpt":{"rendered":"<p>Bienvenue \u00e0 l'achat de pots \u00e0 bougie en c\u00e9ramique en vrac. Ces r\u00e9cipients pour bougies de massage blanches en gros allient une beaut\u00e9 minimaliste \u00e0 une utilisation pratique. Un bec verseur unique et une c\u00e9ramique durable garantissent la fonctionnalit\u00e9, la s\u00e9curit\u00e9 et la long\u00e9vit\u00e9.<\/p>","protected":false},"featured_media":10175,"comment_status":"closed","ping_status":"closed","template":"","meta":{"_acf_changed":false},"product_brand":[],"product_cat":[52],"product_tag":[66],"class_list":{"0":"post-10169","1":"product","2":"type-product","3":"status-publish","4":"has-post-thumbnail","6":"product_cat-wholesale-candle-containers","7":"product_tag-candle-jars-wholesale","9":"first","10":"instock","11":"shipping-taxable","12":"product-type-simple"},"acf":[],"_links":{"self":[{"href":"https:\/\/jinhuaceramic.com\/fr\/wp-json\/wp\/v2\/product\/10169","targetHints":{"allow":["GET"]}}],"collection":[{"href":"https:\/\/jinhuaceramic.com\/fr\/wp-json\/wp\/v2\/product"}],"about":[{"href":"https:\/\/jinhuaceramic.com\/fr\/wp-json\/wp\/v2\/types\/product"}],"replies":[{"embeddable":true,"href":"https:\/\/jinhuaceramic.com\/fr\/wp-json\/wp\/v2\/comments?post=10169"}],"version-history":[{"count":0,"href":"https:\/\/jinhuaceramic.com\/fr\/wp-json\/wp\/v2\/product\/10169\/revisions"}],"wp:featuredmedia":[{"embeddable":true,"href":"https:\/\/jinhuaceramic.com\/fr\/wp-json\/wp\/v2\/media\/10175"}],"wp:attachment":[{"href":"https:\/\/jinhuaceramic.com\/fr\/wp-json\/wp\/v2\/media?parent=10169"}],"wp:term":[{"taxonomy":"product_brand","embeddable":true,"href":"https:\/\/jinhuaceramic.com\/fr\/wp-json\/wp\/v2\/product_brand?post=10169"},{"taxonomy":"product_cat","embeddable":true,"href":"https:\/\/jinhuaceramic.com\/fr\/wp-json\/wp\/v2\/product_cat?post=10169"},{"taxonomy":"product_tag","embeddable":true,"href":"https:\/\/jinhuaceramic.com\/fr\/wp-json\/wp\/v2\/product_tag?post=10169"}],"curies":[{"name":"wp","href":"https:\/\/api.w.org\/{rel}","templated":true}]}}