{"id":10222,"date":"2025-08-29T02:15:32","date_gmt":"2025-08-29T02:15:32","guid":{"rendered":"https:\/\/jinhuaceramic.com\/?post_type=product&#038;p=10222"},"modified":"2025-08-29T02:15:34","modified_gmt":"2025-08-29T02:15:34","slug":"wholesale-luxury-candle-vessels","status":"publish","type":"product","link":"https:\/\/jinhuaceramic.com\/fr\/product\/wholesale-luxury-candle-vessels\/","title":{"rendered":"Vases \u00e0 bougie de luxe en gros, pots en c\u00e9ramique aux couleurs vives"},"content":{"rendered":"<div class=\"wp-block-columns is-layout-flex wp-container-core-columns-is-layout-9d6595d7 wp-block-columns-is-layout-flex\">\n<div class=\"wp-block-column is-layout-flow wp-block-column-is-layout-flow\">\n<h3 class=\"wp-block-heading\">Vases \u00e0 bougies de luxe Premium Wholesale Caract\u00e9ristiques :<\/h3>\n\n\n\n<ul class=\"wp-block-list\">\n<li><strong>Des couleurs riches et \u00e9clatantes : <\/strong>Ces r\u00e9cipients de bougies de luxe en gros offrent une vari\u00e9t\u00e9 de couleurs tr\u00e8s satur\u00e9es, telles que des rouges et des oranges vibrants, des jaunes vifs, des verts et des bleus profonds, ainsi que des noirs et des blancs classiques. Cette riche combinaison de couleurs peut r\u00e9pondre aux pr\u00e9f\u00e9rences esth\u00e9tiques de diff\u00e9rents consommateurs et offrir davantage de possibilit\u00e9s pour la d\u00e9coration d'int\u00e9rieur.<\/li>\n\n\n\n<li><strong>Diff\u00e9rentes combinaisons de formes :<\/strong> Ces photophores aux couleurs vives en vrac se pr\u00e9sentent sous deux formes diff\u00e9rentes : une forme cylindrique traditionnelle et une forme l\u00e9g\u00e8rement incurv\u00e9e, dite \"coupe potel\u00e9e\". Ces pots de formes diff\u00e9rentes peuvent \u00eatre dispos\u00e9s dans des combinaisons int\u00e9ressantes, cr\u00e9ant ainsi un effet visuel d\u00e9cal\u00e9.<\/li>\n\n\n\n<li><strong>Mat\u00e9riau de haute qualit\u00e9 : <\/strong>Ces r\u00e9cipients de luxe pour bougies sont fabriqu\u00e9s en c\u00e9ramique de haute qualit\u00e9, ce qui les rend durables et robustes. La c\u00e9ramique est un bon isolant thermique, ce qui permet de prolonger la dur\u00e9e de combustion des bougies. Elle peut \u00e9galement prot\u00e9ger le plateau de table et les autres objets plac\u00e9s dessus contre les temp\u00e9ratures \u00e9lev\u00e9es.<\/li>\n\n\n\n<li><strong>Multi-fonctionnel : <\/strong>Une fois les bougies \u00e9puis\u00e9es, ces photophores en vrac peuvent \u00eatre nettoy\u00e9s et utilis\u00e9s comme r\u00e9cipients multifonctionnels. Ils peuvent \u00eatre r\u00e9utilis\u00e9s pour ranger des pinceaux de maquillage, des stylos, des couverts, de petits vases et des d\u00e9corations de bureau, ce qui est conforme aux concepts de protection de l'environnement.<\/li>\n<\/ul>\n<\/div>\n\n\n\n<div class=\"wp-block-column is-layout-flow wp-block-column-is-layout-flow\">\n<figure class=\"wp-block-image size-full\"><img fetchpriority=\"high\" decoding=\"async\" width=\"800\" height=\"800\" src=\"https:\/\/jinhuaceramic.com\/wp-content\/uploads\/2025\/08\/Various-Colors-Candle-Vessels-Wholesale-Ceramic-Candle-Containers-Bulk-11.webp\" alt=\"Vases \u00e0 bougie de luxe en gros, pots en c\u00e9ramique aux couleurs vives-1\" class=\"wp-image-10232\" srcset=\"https:\/\/jinhuaceramic.com\/wp-content\/uploads\/2025\/08\/Various-Colors-Candle-Vessels-Wholesale-Ceramic-Candle-Containers-Bulk-11.webp 800w, https:\/\/jinhuaceramic.com\/wp-content\/uploads\/2025\/08\/Various-Colors-Candle-Vessels-Wholesale-Ceramic-Candle-Containers-Bulk-11-300x300.webp 300w, https:\/\/jinhuaceramic.com\/wp-content\/uploads\/2025\/08\/Various-Colors-Candle-Vessels-Wholesale-Ceramic-Candle-Containers-Bulk-11-150x150.webp 150w, https:\/\/jinhuaceramic.com\/wp-content\/uploads\/2025\/08\/Various-Colors-Candle-Vessels-Wholesale-Ceramic-Candle-Containers-Bulk-11-768x768.webp 768w, https:\/\/jinhuaceramic.com\/wp-content\/uploads\/2025\/08\/Various-Colors-Candle-Vessels-Wholesale-Ceramic-Candle-Containers-Bulk-11-12x12.webp 12w, https:\/\/jinhuaceramic.com\/wp-content\/uploads\/2025\/08\/Various-Colors-Candle-Vessels-Wholesale-Ceramic-Candle-Containers-Bulk-11-285x285.webp 285w, https:\/\/jinhuaceramic.com\/wp-content\/uploads\/2025\/08\/Various-Colors-Candle-Vessels-Wholesale-Ceramic-Candle-Containers-Bulk-11-270x270.webp 270w, https:\/\/jinhuaceramic.com\/wp-content\/uploads\/2025\/08\/Various-Colors-Candle-Vessels-Wholesale-Ceramic-Candle-Containers-Bulk-11-540x540.webp 540w, https:\/\/jinhuaceramic.com\/wp-content\/uploads\/2025\/08\/Various-Colors-Candle-Vessels-Wholesale-Ceramic-Candle-Containers-Bulk-11-660x660.webp 660w\" sizes=\"(max-width: 800px) 100vw, 800px\" \/><\/figure>\n<\/div>\n<\/div>","protected":false},"excerpt":{"rendered":"<p>Nous vous invitons \u00e0 acheter en gros des photophores de luxe. Nos photophores de couleur vibrante en vrac ont des options de couleur riches, combinent parfaitement l'esth\u00e9tique moderne avec des fonctions pratiques. Ils ne sont pas seulement des contenants pour les bougies, mais aussi des \u0153uvres d'art qui peuvent illuminer l'espace et cr\u00e9er une atmosph\u00e8re.<\/p>","protected":false},"featured_media":10229,"comment_status":"closed","ping_status":"closed","template":"","meta":{"_acf_changed":false},"product_brand":[],"product_cat":[52],"product_tag":[66],"class_list":{"0":"post-10222","1":"product","2":"type-product","3":"status-publish","4":"has-post-thumbnail","6":"product_cat-wholesale-candle-containers","7":"product_tag-candle-jars-wholesale","9":"first","10":"instock","11":"shipping-taxable","12":"product-type-simple"},"acf":[],"_links":{"self":[{"href":"https:\/\/jinhuaceramic.com\/fr\/wp-json\/wp\/v2\/product\/10222","targetHints":{"allow":["GET"]}}],"collection":[{"href":"https:\/\/jinhuaceramic.com\/fr\/wp-json\/wp\/v2\/product"}],"about":[{"href":"https:\/\/jinhuaceramic.com\/fr\/wp-json\/wp\/v2\/types\/product"}],"replies":[{"embeddable":true,"href":"https:\/\/jinhuaceramic.com\/fr\/wp-json\/wp\/v2\/comments?post=10222"}],"version-history":[{"count":0,"href":"https:\/\/jinhuaceramic.com\/fr\/wp-json\/wp\/v2\/product\/10222\/revisions"}],"wp:featuredmedia":[{"embeddable":true,"href":"https:\/\/jinhuaceramic.com\/fr\/wp-json\/wp\/v2\/media\/10229"}],"wp:attachment":[{"href":"https:\/\/jinhuaceramic.com\/fr\/wp-json\/wp\/v2\/media?parent=10222"}],"wp:term":[{"taxonomy":"product_brand","embeddable":true,"href":"https:\/\/jinhuaceramic.com\/fr\/wp-json\/wp\/v2\/product_brand?post=10222"},{"taxonomy":"product_cat","embeddable":true,"href":"https:\/\/jinhuaceramic.com\/fr\/wp-json\/wp\/v2\/product_cat?post=10222"},{"taxonomy":"product_tag","embeddable":true,"href":"https:\/\/jinhuaceramic.com\/fr\/wp-json\/wp\/v2\/product_tag?post=10222"}],"curies":[{"name":"wp","href":"https:\/\/api.w.org\/{rel}","templated":true}]}}