{"id":10238,"date":"2025-08-29T02:02:21","date_gmt":"2025-08-29T02:02:21","guid":{"rendered":"https:\/\/jinhuaceramic.com\/?post_type=product&#038;p=10238"},"modified":"2025-08-29T02:02:22","modified_gmt":"2025-08-29T02:02:22","slug":"unique-candle-vessels-wholesale","status":"publish","type":"product","link":"https:\/\/jinhuaceramic.com\/fr\/product\/unique-candle-vessels-wholesale\/","title":{"rendered":"Vases \u00e0 bougie uniques grossiste, pots \u00e0 bougie \u00e0 deux m\u00e8ches Yin Yang"},"content":{"rendered":"<div class=\"wp-block-columns is-layout-flex wp-container-core-columns-is-layout-9d6595d7 wp-block-columns-is-layout-flex\">\n<div class=\"wp-block-column is-layout-flow wp-block-column-is-layout-flow\">\n<h3 class=\"wp-block-heading\">Vases \u00e0 bougies uniques de premi\u00e8re qualit\u00e9 Caract\u00e9ristiques en gros :<\/h3>\n\n\n\n<ul class=\"wp-block-list\">\n<li><strong>Forme Yin Yang :<\/strong> L'int\u00e9rieur des r\u00e9cipients \u00e0 bougies uniques vendus en gros pr\u00e9sente une cloison en forme de \"S\" emprunt\u00e9e au Tai Chi Bagua, qui divise astucieusement le pot en deux parties. Non seulement cette cloison est facilement reconnaissable, mais elle symbolise \u00e9galement le principe philosophique oriental selon lequel \"le yin et le yang se compl\u00e8tent, ce qui permet d'atteindre l'\u00e9quilibre et l'harmonie\".<\/li>\n\n\n\n<li><strong>Conception \u00e0 deux m\u00e8ches<\/strong>: La conception Yin Yang de nos photophores en vrac permet d'utiliser deux m\u00e8ches en m\u00eame temps dans un pot. La conception \u00e0 deux m\u00e8ches permet \u00e0 la bougie de br\u00fbler plus uniform\u00e9ment et compl\u00e8tement, de lib\u00e9rer le parfum plus rapidement et d'\u00e9viter l'effet \"tunnel\".<\/li>\n\n\n\n<li><strong>Naturel Mouchet\u00e9 Texture :<\/strong> Ces r\u00e9cipients uniques pour bougies en gros pr\u00e9sentent des mouchetures noires irr\u00e9guli\u00e8res sur leur surface, une texture similaire \u00e0 celle de la \"roche mouchet\u00e9e\" qui ajoute une touche rustique et naturelle au produit. Disponibles dans une vari\u00e9t\u00e9 de couleurs douces, dont le blanc cass\u00e9 et le marron, ces couleurs, combin\u00e9es \u00e0 la texture mouchet\u00e9e, cr\u00e9ent une atmosph\u00e8re apaisante et r\u00e9confortante.<\/li>\n\n\n\n<li><strong>C\u00e9ramique de haute qualit\u00e9 : <\/strong>Ces photophores en vrac sont fabriqu\u00e9s en c\u00e9ramique durable, qui est dure, r\u00e9sistante \u00e0 l'usure, ne se d\u00e9forme pas facilement et peut \u00eatre utilis\u00e9e pendant longtemps. M\u00eame si les bougies sont br\u00fbl\u00e9es plusieurs fois, les pots en c\u00e9ramique ne s'ab\u00eement pas facilement et peuvent \u00eatre r\u00e9utilis\u00e9s.<\/li>\n<\/ul>\n<\/div>\n\n\n\n<div class=\"wp-block-column is-layout-flow wp-block-column-is-layout-flow\">\n<figure class=\"wp-block-image size-full\"><img fetchpriority=\"high\" decoding=\"async\" width=\"800\" height=\"800\" src=\"https:\/\/jinhuaceramic.com\/wp-content\/uploads\/2025\/08\/Yin-Yang-Two-Wick-Candle-Jar-Ceramic-Unique-Candle-Containers-Wholesale.webp\" alt=\"Vases \u00e0 bougies uniques grossiste, Jars \u00e0 bougies \u00e0 2 m\u00e8ches Yin Yang-1\" class=\"wp-image-10244\" srcset=\"https:\/\/jinhuaceramic.com\/wp-content\/uploads\/2025\/08\/Yin-Yang-Two-Wick-Candle-Jar-Ceramic-Unique-Candle-Containers-Wholesale.webp 800w, https:\/\/jinhuaceramic.com\/wp-content\/uploads\/2025\/08\/Yin-Yang-Two-Wick-Candle-Jar-Ceramic-Unique-Candle-Containers-Wholesale-300x300.webp 300w, https:\/\/jinhuaceramic.com\/wp-content\/uploads\/2025\/08\/Yin-Yang-Two-Wick-Candle-Jar-Ceramic-Unique-Candle-Containers-Wholesale-150x150.webp 150w, https:\/\/jinhuaceramic.com\/wp-content\/uploads\/2025\/08\/Yin-Yang-Two-Wick-Candle-Jar-Ceramic-Unique-Candle-Containers-Wholesale-768x768.webp 768w, https:\/\/jinhuaceramic.com\/wp-content\/uploads\/2025\/08\/Yin-Yang-Two-Wick-Candle-Jar-Ceramic-Unique-Candle-Containers-Wholesale-12x12.webp 12w, https:\/\/jinhuaceramic.com\/wp-content\/uploads\/2025\/08\/Yin-Yang-Two-Wick-Candle-Jar-Ceramic-Unique-Candle-Containers-Wholesale-285x285.webp 285w, https:\/\/jinhuaceramic.com\/wp-content\/uploads\/2025\/08\/Yin-Yang-Two-Wick-Candle-Jar-Ceramic-Unique-Candle-Containers-Wholesale-270x270.webp 270w, https:\/\/jinhuaceramic.com\/wp-content\/uploads\/2025\/08\/Yin-Yang-Two-Wick-Candle-Jar-Ceramic-Unique-Candle-Containers-Wholesale-540x540.webp 540w, https:\/\/jinhuaceramic.com\/wp-content\/uploads\/2025\/08\/Yin-Yang-Two-Wick-Candle-Jar-Ceramic-Unique-Candle-Containers-Wholesale-660x660.webp 660w\" sizes=\"(max-width: 800px) 100vw, 800px\" \/><\/figure>\n<\/div>\n<\/div>","protected":false},"excerpt":{"rendered":"<p>Ces photophores int\u00e8grent les concepts philosophiques du yin et du yang dans leur conception, cr\u00e9ant ainsi des produits uniques qui sont \u00e0 la fois visuellement beaux et culturellement significatifs. En outre, leur fonctionnalit\u00e9 tient compte de l'efficacit\u00e9 de la combustion \u00e0 deux m\u00e8ches et conserve des mat\u00e9riaux de haute qualit\u00e9. Plus que de simples contenants, ces photophores sont des \u0153uvres d'art qui apportent \u00e9quilibre et harmonie \u00e0 toute maison.<\/p>","protected":false},"featured_media":10239,"comment_status":"closed","ping_status":"closed","template":"","meta":{"_acf_changed":false},"product_brand":[],"product_cat":[52],"product_tag":[66],"class_list":{"0":"post-10238","1":"product","2":"type-product","3":"status-publish","4":"has-post-thumbnail","6":"product_cat-wholesale-candle-containers","7":"product_tag-candle-jars-wholesale","9":"first","10":"instock","11":"shipping-taxable","12":"product-type-simple"},"acf":[],"_links":{"self":[{"href":"https:\/\/jinhuaceramic.com\/fr\/wp-json\/wp\/v2\/product\/10238","targetHints":{"allow":["GET"]}}],"collection":[{"href":"https:\/\/jinhuaceramic.com\/fr\/wp-json\/wp\/v2\/product"}],"about":[{"href":"https:\/\/jinhuaceramic.com\/fr\/wp-json\/wp\/v2\/types\/product"}],"replies":[{"embeddable":true,"href":"https:\/\/jinhuaceramic.com\/fr\/wp-json\/wp\/v2\/comments?post=10238"}],"version-history":[{"count":0,"href":"https:\/\/jinhuaceramic.com\/fr\/wp-json\/wp\/v2\/product\/10238\/revisions"}],"wp:featuredmedia":[{"embeddable":true,"href":"https:\/\/jinhuaceramic.com\/fr\/wp-json\/wp\/v2\/media\/10239"}],"wp:attachment":[{"href":"https:\/\/jinhuaceramic.com\/fr\/wp-json\/wp\/v2\/media?parent=10238"}],"wp:term":[{"taxonomy":"product_brand","embeddable":true,"href":"https:\/\/jinhuaceramic.com\/fr\/wp-json\/wp\/v2\/product_brand?post=10238"},{"taxonomy":"product_cat","embeddable":true,"href":"https:\/\/jinhuaceramic.com\/fr\/wp-json\/wp\/v2\/product_cat?post=10238"},{"taxonomy":"product_tag","embeddable":true,"href":"https:\/\/jinhuaceramic.com\/fr\/wp-json\/wp\/v2\/product_tag?post=10238"}],"curies":[{"name":"wp","href":"https:\/\/api.w.org\/{rel}","templated":true}]}}