{"id":10257,"date":"2025-09-04T02:48:52","date_gmt":"2025-09-04T02:48:52","guid":{"rendered":"https:\/\/jinhuaceramic.com\/?post_type=product&#038;p=10257"},"modified":"2025-11-12T03:53:10","modified_gmt":"2025-11-12T03:53:10","slug":"candle-vessels-bulk-wholesale","status":"publish","type":"product","link":"https:\/\/jinhuaceramic.com\/fr\/product\/candle-vessels-bulk-wholesale\/","title":{"rendered":"Vases \u00e0 bougies uniques en vrac, vente en gros de pots \u00e0 bougies personnalis\u00e9s"},"content":{"rendered":"<div class=\"wp-block-columns is-layout-flex wp-container-core-columns-is-layout-9d6595d7 wp-block-columns-is-layout-flex\">\n<div class=\"wp-block-column is-layout-flow wp-block-column-is-layout-flow\">\n<h3 class=\"wp-block-heading\">Vases \u00e0 bougies rustiques uniques de premi\u00e8re qualit\u00e9 Bulk Wholesale Caract\u00e9ristiques :<\/h3>\n\n\n\n<ul class=\"wp-block-list\">\n<li><strong>Forme unique de gourde : <\/strong>Ces photophores personnalis\u00e9s sont \u00e9troits au milieu et bomb\u00e9s en haut et en bas, ce qui leur donne une forme de gourde. Ce design rompt avec la forme cylindrique unique des photophores traditionnels et les rend plus artistiques et uniques.<\/li>\n\n\n\n<li><strong>Glacis naturel et terreux : <\/strong>La gla\u00e7ure de ces r\u00e9cipients pour bougies en gros pr\u00e9sente des nuances vari\u00e9es et des taches irr\u00e9guli\u00e8res, qui imitent la texture de la roche naturelle et donnent un aspect tr\u00e8s primitif et rustique. La texture tachet\u00e9e combin\u00e9e \u00e0 l'\u00e9mail lisse ajoute une impression de superposition aux produits et leur donne un aspect plus artisanal.<\/li>\n\n\n\n<li><strong>Couleurs rustiques :<\/strong> Ces r\u00e9cipients pour bougies en gros sont disponibles en deux couleurs : brun fonc\u00e9 et blanc cass\u00e9, couleur lisse. D'aspect tr\u00e8s naturel et de couleur neutre, ils conviennent \u00e9galement \u00e0 la plupart des maisons et \u00e9voquent une sensation d'apaisement et de d\u00e9tente.<\/li>\n\n\n\n<li><strong>Mat\u00e9riau c\u00e9ramique durable : <\/strong>Ces photophores de gros sont fabriqu\u00e9s en c\u00e9ramique durable, extr\u00eamement r\u00e9sistante \u00e0 la chaleur et capable de soutenir la flamme de la bougie pendant une p\u00e9riode prolong\u00e9e sans se fissurer ni se briser ; ils peuvent donc \u00eatre utilis\u00e9s en toute s\u00e9curit\u00e9.<\/li>\n<\/ul>\n<\/div>\n\n\n\n<div class=\"wp-block-column is-layout-flow wp-block-column-is-layout-flow\">\n<figure class=\"wp-block-image size-full\"><img fetchpriority=\"high\" decoding=\"async\" width=\"826\" height=\"826\" src=\"https:\/\/jinhuaceramic.com\/wp-content\/uploads\/2025\/08\/Rustic-Unique-Candle-Vessels-Wholesale-Ceramic-Candle-Containers-Bulk.webp\" alt=\"rustique-unique-vaisseaux \u00e0 bougies-bulk-wholesale-ceramic-candle-containers-bulk-1\" class=\"wp-image-10264\" srcset=\"https:\/\/jinhuaceramic.com\/wp-content\/uploads\/2025\/08\/Rustic-Unique-Candle-Vessels-Wholesale-Ceramic-Candle-Containers-Bulk.webp 826w, https:\/\/jinhuaceramic.com\/wp-content\/uploads\/2025\/08\/Rustic-Unique-Candle-Vessels-Wholesale-Ceramic-Candle-Containers-Bulk-300x300.webp 300w, https:\/\/jinhuaceramic.com\/wp-content\/uploads\/2025\/08\/Rustic-Unique-Candle-Vessels-Wholesale-Ceramic-Candle-Containers-Bulk-150x150.webp 150w, https:\/\/jinhuaceramic.com\/wp-content\/uploads\/2025\/08\/Rustic-Unique-Candle-Vessels-Wholesale-Ceramic-Candle-Containers-Bulk-768x768.webp 768w, https:\/\/jinhuaceramic.com\/wp-content\/uploads\/2025\/08\/Rustic-Unique-Candle-Vessels-Wholesale-Ceramic-Candle-Containers-Bulk-12x12.webp 12w, https:\/\/jinhuaceramic.com\/wp-content\/uploads\/2025\/08\/Rustic-Unique-Candle-Vessels-Wholesale-Ceramic-Candle-Containers-Bulk-285x285.webp 285w, https:\/\/jinhuaceramic.com\/wp-content\/uploads\/2025\/08\/Rustic-Unique-Candle-Vessels-Wholesale-Ceramic-Candle-Containers-Bulk-270x270.webp 270w, https:\/\/jinhuaceramic.com\/wp-content\/uploads\/2025\/08\/Rustic-Unique-Candle-Vessels-Wholesale-Ceramic-Candle-Containers-Bulk-540x540.webp 540w, https:\/\/jinhuaceramic.com\/wp-content\/uploads\/2025\/08\/Rustic-Unique-Candle-Vessels-Wholesale-Ceramic-Candle-Containers-Bulk-660x660.webp 660w\" sizes=\"(max-width: 826px) 100vw, 826px\" \/><\/figure>\n<\/div>\n<\/div>\n\n\n\n<p><\/p>","protected":false},"excerpt":{"rendered":"<p>Nous vous invitons \u00e0 acheter nos r\u00e9cipients \u00e0 bougie en gros. L'avantage de ces photophores en c\u00e9ramique personnalis\u00e9s est qu'ils combinent harmonieusement des formes uniques, des \u00e9maux naturels, des couleurs rurales et des mat\u00e9riaux de haute qualit\u00e9. Ces photophores ne sont pas seulement des bougeoirs, mais aussi des \u0153uvres d'art, qui peuvent \u00eatre utilis\u00e9es pour d\u00e9corer le style de la maison et exprimer l'individualit\u00e9.<\/p>","protected":false},"featured_media":10263,"comment_status":"closed","ping_status":"closed","template":"","meta":{"_acf_changed":false},"product_brand":[],"product_cat":[52],"product_tag":[66],"class_list":{"0":"post-10257","1":"product","2":"type-product","3":"status-publish","4":"has-post-thumbnail","6":"product_cat-wholesale-candle-containers","7":"product_tag-candle-jars-wholesale","9":"first","10":"instock","11":"shipping-taxable","12":"product-type-simple"},"acf":[],"_links":{"self":[{"href":"https:\/\/jinhuaceramic.com\/fr\/wp-json\/wp\/v2\/product\/10257","targetHints":{"allow":["GET"]}}],"collection":[{"href":"https:\/\/jinhuaceramic.com\/fr\/wp-json\/wp\/v2\/product"}],"about":[{"href":"https:\/\/jinhuaceramic.com\/fr\/wp-json\/wp\/v2\/types\/product"}],"replies":[{"embeddable":true,"href":"https:\/\/jinhuaceramic.com\/fr\/wp-json\/wp\/v2\/comments?post=10257"}],"version-history":[{"count":0,"href":"https:\/\/jinhuaceramic.com\/fr\/wp-json\/wp\/v2\/product\/10257\/revisions"}],"wp:featuredmedia":[{"embeddable":true,"href":"https:\/\/jinhuaceramic.com\/fr\/wp-json\/wp\/v2\/media\/10263"}],"wp:attachment":[{"href":"https:\/\/jinhuaceramic.com\/fr\/wp-json\/wp\/v2\/media?parent=10257"}],"wp:term":[{"taxonomy":"product_brand","embeddable":true,"href":"https:\/\/jinhuaceramic.com\/fr\/wp-json\/wp\/v2\/product_brand?post=10257"},{"taxonomy":"product_cat","embeddable":true,"href":"https:\/\/jinhuaceramic.com\/fr\/wp-json\/wp\/v2\/product_cat?post=10257"},{"taxonomy":"product_tag","embeddable":true,"href":"https:\/\/jinhuaceramic.com\/fr\/wp-json\/wp\/v2\/product_tag?post=10257"}],"curies":[{"name":"wp","href":"https:\/\/api.w.org\/{rel}","templated":true}]}}