{"id":10269,"date":"2025-09-04T03:29:36","date_gmt":"2025-09-04T03:29:36","guid":{"rendered":"https:\/\/jinhuaceramic.com\/?post_type=product&#038;p=10269"},"modified":"2025-11-12T03:52:06","modified_gmt":"2025-11-12T03:52:06","slug":"customized-casserole-dish","status":"publish","type":"product","link":"https:\/\/jinhuaceramic.com\/fr\/product\/customized-casserole-dish\/","title":{"rendered":"Casserole boh\u00e8me personnalis\u00e9e avec couvercle - Fourniture en gros"},"content":{"rendered":"<div class=\"wp-block-columns is-layout-flex wp-container-core-columns-is-layout-9d6595d7 wp-block-columns-is-layout-flex\">\n<div class=\"wp-block-column is-layout-flow wp-block-column-is-layout-flow\">\n<h3 class=\"wp-block-heading\">Casserole personnalis\u00e9e Boh\u00e8me Premium Caract\u00e9ristiques :<\/h3>\n\n\n\n<ul class=\"wp-block-list\">\n<li><strong>Motif unique :<\/strong> L'ext\u00e9rieur de ces moules \u00e0 p\u00e2tisserie en gros est d\u00e9cor\u00e9 de motifs g\u00e9om\u00e9triques boh\u00e9miens tels que des zigzags, des petits points et des rayures. L'ajout de ces motifs \u00e9limine la fadeur qui r\u00e9sulte de l'utilisation de plateaux de cuisson ordinaires de couleur unie, les rendant pleins de sens artistique et de mode orientale.<\/li>\n\n\n\n<li><strong>Diverses couleurs : <\/strong>Ces cocottes personnalis\u00e9es sont disponibles en diff\u00e9rentes couleurs : rose, jaune, marron et vert fonc\u00e9. Elles sont associ\u00e9es \u00e0 des motifs noirs ou blancs pour cr\u00e9er des ambiances vari\u00e9es et r\u00e9pondre aux diverses pr\u00e9f\u00e9rences des consommateurs.<\/li>\n\n\n\n<li><strong>Couvercle fonctionnel : <\/strong>Ces plats \u00e0 gratin personnalis\u00e9s sont \u00e9quip\u00e9s d'un couvercle fonctionnel dot\u00e9 de poign\u00e9es, qui emp\u00eache l'humidit\u00e9 de s'\u00e9chapper et garantit que les aliments ne se dess\u00e8chent pas pendant la cuisson, tout en les gardant au chaud et \u00e0 l'abri de la poussi\u00e8re pendant le service.<\/li>\n\n\n\n<li><strong>Mat\u00e9riau de qualit\u00e9 sup\u00e9rieure<\/strong>: Ces grandes cocottes sont fabriqu\u00e9es en c\u00e9ramique de premi\u00e8re qualit\u00e9, qui r\u00e9siste tr\u00e8s bien \u00e0 la chaleur \u00e0 haute temp\u00e9rature et peut \u00eatre utilis\u00e9e en toute s\u00e9curit\u00e9 dans le four. Le mat\u00e9riau c\u00e9ramique est s\u00fbr et non toxique, sain et sans danger.<\/li>\n<\/ul>\n<\/div>\n\n\n\n<div class=\"wp-block-column is-layout-flow wp-block-column-is-layout-flow\">\n<figure class=\"wp-block-image size-full\"><img fetchpriority=\"high\" decoding=\"async\" width=\"800\" height=\"800\" src=\"https:\/\/jinhuaceramic.com\/wp-content\/uploads\/2025\/09\/Bohemian-Custom-Casserole-Dish-With-Lid-Ceramic-Baking-Pan-Wholesale-5.webp\" alt=\"Boh\u00e8me-casserole personnalis\u00e9e-avec-couvercle-casserole-en-c\u00e9ramique-vente en gros-5\" class=\"wp-image-10273\" srcset=\"https:\/\/jinhuaceramic.com\/wp-content\/uploads\/2025\/09\/Bohemian-Custom-Casserole-Dish-With-Lid-Ceramic-Baking-Pan-Wholesale-5.webp 800w, https:\/\/jinhuaceramic.com\/wp-content\/uploads\/2025\/09\/Bohemian-Custom-Casserole-Dish-With-Lid-Ceramic-Baking-Pan-Wholesale-5-300x300.webp 300w, https:\/\/jinhuaceramic.com\/wp-content\/uploads\/2025\/09\/Bohemian-Custom-Casserole-Dish-With-Lid-Ceramic-Baking-Pan-Wholesale-5-150x150.webp 150w, https:\/\/jinhuaceramic.com\/wp-content\/uploads\/2025\/09\/Bohemian-Custom-Casserole-Dish-With-Lid-Ceramic-Baking-Pan-Wholesale-5-768x768.webp 768w, https:\/\/jinhuaceramic.com\/wp-content\/uploads\/2025\/09\/Bohemian-Custom-Casserole-Dish-With-Lid-Ceramic-Baking-Pan-Wholesale-5-12x12.webp 12w, https:\/\/jinhuaceramic.com\/wp-content\/uploads\/2025\/09\/Bohemian-Custom-Casserole-Dish-With-Lid-Ceramic-Baking-Pan-Wholesale-5-285x285.webp 285w, https:\/\/jinhuaceramic.com\/wp-content\/uploads\/2025\/09\/Bohemian-Custom-Casserole-Dish-With-Lid-Ceramic-Baking-Pan-Wholesale-5-270x270.webp 270w, https:\/\/jinhuaceramic.com\/wp-content\/uploads\/2025\/09\/Bohemian-Custom-Casserole-Dish-With-Lid-Ceramic-Baking-Pan-Wholesale-5-540x540.webp 540w, https:\/\/jinhuaceramic.com\/wp-content\/uploads\/2025\/09\/Bohemian-Custom-Casserole-Dish-With-Lid-Ceramic-Baking-Pan-Wholesale-5-660x660.webp 660w\" sizes=\"(max-width: 800px) 100vw, 800px\" \/><\/figure>\n<\/div>\n<\/div>\n\n\n\n<p><\/p>","protected":false},"excerpt":{"rendered":"<p>Nous vous invitons \u00e0 acheter ces cocottes personnalis\u00e9es qui combinent \u00e0 la perfection des motifs boh\u00e9miens artistiques, des combinaisons de couleurs vari\u00e9es, des couvercles pratiques et des mat\u00e9riaux c\u00e9ramiques de haute qualit\u00e9. Elles ne sont pas seulement des outils de cuisson pratiques, mais ajoutent \u00e9galement de la couleur et de la personnalit\u00e9 \u00e0 la cuisine et \u00e0 la table \u00e0 manger, ce qui les rend parfaites pour ceux qui recherchent une qualit\u00e9 de vie.<\/p>","protected":false},"featured_media":10275,"comment_status":"closed","ping_status":"closed","template":"","meta":{"_acf_changed":false},"product_brand":[],"product_cat":[53],"product_tag":[71],"class_list":{"0":"post-10269","1":"product","2":"type-product","3":"status-publish","4":"has-post-thumbnail","6":"product_cat-bakeware-in-bulk","7":"product_tag-wholesale-baking-pans","9":"first","10":"instock","11":"shipping-taxable","12":"product-type-simple"},"acf":[],"_links":{"self":[{"href":"https:\/\/jinhuaceramic.com\/fr\/wp-json\/wp\/v2\/product\/10269","targetHints":{"allow":["GET"]}}],"collection":[{"href":"https:\/\/jinhuaceramic.com\/fr\/wp-json\/wp\/v2\/product"}],"about":[{"href":"https:\/\/jinhuaceramic.com\/fr\/wp-json\/wp\/v2\/types\/product"}],"replies":[{"embeddable":true,"href":"https:\/\/jinhuaceramic.com\/fr\/wp-json\/wp\/v2\/comments?post=10269"}],"version-history":[{"count":0,"href":"https:\/\/jinhuaceramic.com\/fr\/wp-json\/wp\/v2\/product\/10269\/revisions"}],"wp:featuredmedia":[{"embeddable":true,"href":"https:\/\/jinhuaceramic.com\/fr\/wp-json\/wp\/v2\/media\/10275"}],"wp:attachment":[{"href":"https:\/\/jinhuaceramic.com\/fr\/wp-json\/wp\/v2\/media?parent=10269"}],"wp:term":[{"taxonomy":"product_brand","embeddable":true,"href":"https:\/\/jinhuaceramic.com\/fr\/wp-json\/wp\/v2\/product_brand?post=10269"},{"taxonomy":"product_cat","embeddable":true,"href":"https:\/\/jinhuaceramic.com\/fr\/wp-json\/wp\/v2\/product_cat?post=10269"},{"taxonomy":"product_tag","embeddable":true,"href":"https:\/\/jinhuaceramic.com\/fr\/wp-json\/wp\/v2\/product_tag?post=10269"}],"curies":[{"name":"wp","href":"https:\/\/api.w.org\/{rel}","templated":true}]}}