{"id":10280,"date":"2025-09-04T03:08:59","date_gmt":"2025-09-04T03:08:59","guid":{"rendered":"https:\/\/jinhuaceramic.com\/?post_type=product&#038;p=10280"},"modified":"2025-11-12T03:52:27","modified_gmt":"2025-11-12T03:52:27","slug":"candle-jars-empty-bulk","status":"publish","type":"product","link":"https:\/\/jinhuaceramic.com\/fr\/product\/candle-jars-empty-bulk\/","title":{"rendered":"Pots \u00e0 bougie gaufr\u00e9s Vrac, Vases \u00e0 bougie en c\u00e9ramique Commerce de gros"},"content":{"rendered":"<div class=\"wp-block-columns is-layout-flex wp-container-core-columns-is-layout-9d6595d7 wp-block-columns-is-layout-flex\">\n<div class=\"wp-block-column is-layout-flow wp-block-column-is-layout-flow\">\n<h3 class=\"wp-block-heading\">Pots de bougie gaufr\u00e9s de premi\u00e8re qualit\u00e9, vides, en vrac Caract\u00e9ristiques :<\/h3>\n\n\n\n<ul class=\"wp-block-list\">\n<li><strong>Magnifique motif gaufr\u00e9 :<\/strong> La surface ext\u00e9rieure des photophores personnalis\u00e9s est gaufr\u00e9e de motifs floraux et de grilles de diamants. Cette texture tridimensionnelle, convexe et concave, ajoute de la profondeur \u00e0 la superposition tactile et visuelle des photophores, ce qui donne aux produits un aspect plus artisanal et artistique.<\/li>\n\n\n\n<li><strong>Couleur douce et mate : <\/strong>Ces photophores vides en vrac utilisent des teintes mattes Morandi \u00e0 faible saturation : vert clair et rose clair, qui donnent aux gens un sentiment de tranquillit\u00e9 et de confort, les rapprochant de la chaleur et de la relaxation. En m\u00eame temps, la finition mate est plus silencieuse et plus \u00e9l\u00e9gante que la finition brillante d'origine.<\/li>\n\n\n\n<li><strong>Mat\u00e9riau de haute qualit\u00e9 :<\/strong> Fabriqu\u00e9s en c\u00e9ramique durable de haute qualit\u00e9, ces pots \u00e0 bougie vides en vrac r\u00e9sistent aux temp\u00e9ratures \u00e9lev\u00e9es et aux fissures, garantissant ainsi leur durabilit\u00e9 et leur long\u00e9vit\u00e9 et faisant d'eux les contenants \u00e0 bougie les plus appropri\u00e9s.<\/li>\n\n\n\n<li><strong>Polyvalent et r\u00e9utilisable : <\/strong>Ces photophores en c\u00e9ramique sont r\u00e9utilisables. Une fois la bougie consum\u00e9e, leur apparence exquise permet de les utiliser comme petits pots de fleurs, porte-stylos, porte-brosses \u00e0 maquillage, porte-brosses \u00e0 dents, etc.<\/li>\n<\/ul>\n<\/div>\n\n\n\n<div class=\"wp-block-column is-layout-flow wp-block-column-is-layout-flow\">\n<figure class=\"wp-block-image size-full\"><img fetchpriority=\"high\" decoding=\"async\" width=\"1194\" height=\"1194\" src=\"https:\/\/jinhuaceramic.com\/wp-content\/uploads\/2025\/09\/Embossed-Candle-Jars-Wholesale-Custom-Ceramic-Candle-Vessels-Bulk-6.webp\" alt=\"Pots \u00e0 bougies gaufr\u00e9s-vides-bulk-custom-ceramic-candle-vessels-wholesale-6\" class=\"wp-image-10285\" srcset=\"https:\/\/jinhuaceramic.com\/wp-content\/uploads\/2025\/09\/Embossed-Candle-Jars-Wholesale-Custom-Ceramic-Candle-Vessels-Bulk-6.webp 1194w, https:\/\/jinhuaceramic.com\/wp-content\/uploads\/2025\/09\/Embossed-Candle-Jars-Wholesale-Custom-Ceramic-Candle-Vessels-Bulk-6-300x300.webp 300w, https:\/\/jinhuaceramic.com\/wp-content\/uploads\/2025\/09\/Embossed-Candle-Jars-Wholesale-Custom-Ceramic-Candle-Vessels-Bulk-6-150x150.webp 150w, https:\/\/jinhuaceramic.com\/wp-content\/uploads\/2025\/09\/Embossed-Candle-Jars-Wholesale-Custom-Ceramic-Candle-Vessels-Bulk-6-768x768.webp 768w, https:\/\/jinhuaceramic.com\/wp-content\/uploads\/2025\/09\/Embossed-Candle-Jars-Wholesale-Custom-Ceramic-Candle-Vessels-Bulk-6-12x12.webp 12w, https:\/\/jinhuaceramic.com\/wp-content\/uploads\/2025\/09\/Embossed-Candle-Jars-Wholesale-Custom-Ceramic-Candle-Vessels-Bulk-6-285x285.webp 285w, https:\/\/jinhuaceramic.com\/wp-content\/uploads\/2025\/09\/Embossed-Candle-Jars-Wholesale-Custom-Ceramic-Candle-Vessels-Bulk-6-270x270.webp 270w, https:\/\/jinhuaceramic.com\/wp-content\/uploads\/2025\/09\/Embossed-Candle-Jars-Wholesale-Custom-Ceramic-Candle-Vessels-Bulk-6-540x540.webp 540w, https:\/\/jinhuaceramic.com\/wp-content\/uploads\/2025\/09\/Embossed-Candle-Jars-Wholesale-Custom-Ceramic-Candle-Vessels-Bulk-6-660x660.webp 660w\" sizes=\"(max-width: 1194px) 100vw, 1194px\" \/><\/figure>\n<\/div>\n<\/div>","protected":false},"excerpt":{"rendered":"<p>Nous vous invitons \u00e0 acheter nos photophores vides en vrac. Ces photophores en vrac cr\u00e9ent une atmosph\u00e8re opulente gr\u00e2ce \u00e0 des textures douces et des couleurs claires. En m\u00eame temps, le mat\u00e9riau c\u00e9ramique durable les rend r\u00e9utilisables. Plus que de simples r\u00e9cipients, ce sont des articles m\u00e9nagers qui allient d\u00e9coration, r\u00f4le protecteur et protection de l'environnement.<\/p>","protected":false},"featured_media":10284,"comment_status":"closed","ping_status":"closed","template":"","meta":{"_acf_changed":false},"product_brand":[],"product_cat":[52],"product_tag":[66],"class_list":{"0":"post-10280","1":"product","2":"type-product","3":"status-publish","4":"has-post-thumbnail","6":"product_cat-wholesale-candle-containers","7":"product_tag-candle-jars-wholesale","9":"first","10":"instock","11":"shipping-taxable","12":"product-type-simple"},"acf":[],"_links":{"self":[{"href":"https:\/\/jinhuaceramic.com\/fr\/wp-json\/wp\/v2\/product\/10280","targetHints":{"allow":["GET"]}}],"collection":[{"href":"https:\/\/jinhuaceramic.com\/fr\/wp-json\/wp\/v2\/product"}],"about":[{"href":"https:\/\/jinhuaceramic.com\/fr\/wp-json\/wp\/v2\/types\/product"}],"replies":[{"embeddable":true,"href":"https:\/\/jinhuaceramic.com\/fr\/wp-json\/wp\/v2\/comments?post=10280"}],"version-history":[{"count":0,"href":"https:\/\/jinhuaceramic.com\/fr\/wp-json\/wp\/v2\/product\/10280\/revisions"}],"wp:featuredmedia":[{"embeddable":true,"href":"https:\/\/jinhuaceramic.com\/fr\/wp-json\/wp\/v2\/media\/10284"}],"wp:attachment":[{"href":"https:\/\/jinhuaceramic.com\/fr\/wp-json\/wp\/v2\/media?parent=10280"}],"wp:term":[{"taxonomy":"product_brand","embeddable":true,"href":"https:\/\/jinhuaceramic.com\/fr\/wp-json\/wp\/v2\/product_brand?post=10280"},{"taxonomy":"product_cat","embeddable":true,"href":"https:\/\/jinhuaceramic.com\/fr\/wp-json\/wp\/v2\/product_cat?post=10280"},{"taxonomy":"product_tag","embeddable":true,"href":"https:\/\/jinhuaceramic.com\/fr\/wp-json\/wp\/v2\/product_tag?post=10280"}],"curies":[{"name":"wp","href":"https:\/\/api.w.org\/{rel}","templated":true}]}}