{"id":10312,"date":"2025-09-10T08:49:26","date_gmt":"2025-09-10T08:49:26","guid":{"rendered":"https:\/\/jinhuaceramic.com\/?post_type=product&#038;p=10312"},"modified":"2025-09-10T08:49:28","modified_gmt":"2025-09-10T08:49:28","slug":"ceramic-baking-dishes-wholesale","status":"publish","type":"product","link":"https:\/\/jinhuaceramic.com\/fr\/product\/ceramic-baking-dishes-wholesale\/","title":{"rendered":"Plats \u00e0 four en c\u00e9ramique affin\u00e9s Wholesale, hautement r\u00e9sistants \u00e0 la chaleur"},"content":{"rendered":"<div class=\"wp-block-columns is-layout-flex wp-container-core-columns-is-layout-9d6595d7 wp-block-columns-is-layout-flex\">\n<div class=\"wp-block-column is-layout-flow wp-block-column-is-layout-flow\">\n<h3 class=\"wp-block-heading\">Plats \u00e0 four en c\u00e9ramique de premi\u00e8re qualit\u00e9 Caract\u00e9ristiques en gros :<\/h3>\n\n\n\n<ul class=\"wp-block-list\">\n<li><strong>Design \u00e9l\u00e9gant : <\/strong>Ces plats de cuisson en c\u00e9ramique pr\u00e9sentent en gros un design aux couleurs contrast\u00e9es, ce qui donne une impression de profondeur visuelle, mais l'int\u00e9rieur blanc permet \u00e9galement d'observer plus facilement l'\u00e9tat de cuisson des aliments.<\/li>\n\n\n\n<li><strong>Diverses couleurs : <\/strong>Ces ustensiles de cuisson en c\u00e9ramique sont disponibles dans une vari\u00e9t\u00e9 de couleurs douces, telles que le blanc pur, le bleu fonc\u00e9 calme, le vert militaire \u00e9l\u00e9gant et le beige naturel.<\/li>\n\n\n\n<li><strong>Mat\u00e9riau de haute qualit\u00e9 : <\/strong>Ces plats de cuisson en c\u00e9ramique sont fabriqu\u00e9s en c\u00e9ramique de haute qualit\u00e9 cuite \u00e0 haute temp\u00e9rature, ce qui les rend robustes et durables, garantissant un effet de cuisson et un go\u00fbt optimaux.<\/li>\n\n\n\n<li><strong>Une grande praticit\u00e9 : <\/strong>La forme rectangulaire classique de ces moules de cuisson en gros est parfaite pour la cuisson d'une vari\u00e9t\u00e9 d'aliments, tels que les l\u00e9gumes, les viandes, les lasagnes et les brownies.<\/li>\n<\/ul>\n<\/div>\n\n\n\n<div class=\"wp-block-column is-layout-flow wp-block-column-is-layout-flow\">\n<figure class=\"wp-block-image size-full\"><img fetchpriority=\"high\" decoding=\"async\" width=\"1307\" height=\"1307\" src=\"https:\/\/jinhuaceramic.com\/wp-content\/uploads\/2025\/09\/Rectangular-Baking-Dishes-for-Oven-Ceramic-Lasagna-Pans-Wholesale-4.webp\" alt=\"Plats \u00e0 four rectangulaires pour four,Plaques \u00e0 lasagne en c\u00e9ramique-vente en gros\" class=\"wp-image-10315\" srcset=\"https:\/\/jinhuaceramic.com\/wp-content\/uploads\/2025\/09\/Rectangular-Baking-Dishes-for-Oven-Ceramic-Lasagna-Pans-Wholesale-4.webp 1307w, https:\/\/jinhuaceramic.com\/wp-content\/uploads\/2025\/09\/Rectangular-Baking-Dishes-for-Oven-Ceramic-Lasagna-Pans-Wholesale-4-300x300.webp 300w, https:\/\/jinhuaceramic.com\/wp-content\/uploads\/2025\/09\/Rectangular-Baking-Dishes-for-Oven-Ceramic-Lasagna-Pans-Wholesale-4-150x150.webp 150w, https:\/\/jinhuaceramic.com\/wp-content\/uploads\/2025\/09\/Rectangular-Baking-Dishes-for-Oven-Ceramic-Lasagna-Pans-Wholesale-4-768x768.webp 768w, https:\/\/jinhuaceramic.com\/wp-content\/uploads\/2025\/09\/Rectangular-Baking-Dishes-for-Oven-Ceramic-Lasagna-Pans-Wholesale-4-12x12.webp 12w, https:\/\/jinhuaceramic.com\/wp-content\/uploads\/2025\/09\/Rectangular-Baking-Dishes-for-Oven-Ceramic-Lasagna-Pans-Wholesale-4-285x285.webp 285w, https:\/\/jinhuaceramic.com\/wp-content\/uploads\/2025\/09\/Rectangular-Baking-Dishes-for-Oven-Ceramic-Lasagna-Pans-Wholesale-4-270x270.webp 270w, https:\/\/jinhuaceramic.com\/wp-content\/uploads\/2025\/09\/Rectangular-Baking-Dishes-for-Oven-Ceramic-Lasagna-Pans-Wholesale-4-540x540.webp 540w, https:\/\/jinhuaceramic.com\/wp-content\/uploads\/2025\/09\/Rectangular-Baking-Dishes-for-Oven-Ceramic-Lasagna-Pans-Wholesale-4-660x660.webp 660w\" sizes=\"(max-width: 1307px) 100vw, 1307px\" \/><\/figure>\n<\/div>\n<\/div>","protected":false},"excerpt":{"rendered":"<p>Bienvenue sur le site de vente en gros de plats \u00e0 four en c\u00e9ramique. La beaut\u00e9 de ces plats \u00e0 p\u00e2tisserie en c\u00e9ramique r\u00e9side dans leur parfaite combinaison d'\u00e9l\u00e9gance classique, de combinaisons de couleurs vari\u00e9es, de polyvalence et de c\u00e9ramique de haute qualit\u00e9 r\u00e9sistante \u00e0 la chaleur.<\/p>","protected":false},"featured_media":10314,"comment_status":"closed","ping_status":"closed","template":"","meta":{"_acf_changed":false},"product_brand":[],"product_cat":[53],"product_tag":[71],"class_list":{"0":"post-10312","1":"product","2":"type-product","3":"status-publish","4":"has-post-thumbnail","6":"product_cat-bakeware-in-bulk","7":"product_tag-wholesale-baking-pans","9":"first","10":"instock","11":"shipping-taxable","12":"product-type-simple"},"acf":[],"_links":{"self":[{"href":"https:\/\/jinhuaceramic.com\/fr\/wp-json\/wp\/v2\/product\/10312","targetHints":{"allow":["GET"]}}],"collection":[{"href":"https:\/\/jinhuaceramic.com\/fr\/wp-json\/wp\/v2\/product"}],"about":[{"href":"https:\/\/jinhuaceramic.com\/fr\/wp-json\/wp\/v2\/types\/product"}],"replies":[{"embeddable":true,"href":"https:\/\/jinhuaceramic.com\/fr\/wp-json\/wp\/v2\/comments?post=10312"}],"version-history":[{"count":0,"href":"https:\/\/jinhuaceramic.com\/fr\/wp-json\/wp\/v2\/product\/10312\/revisions"}],"wp:featuredmedia":[{"embeddable":true,"href":"https:\/\/jinhuaceramic.com\/fr\/wp-json\/wp\/v2\/media\/10314"}],"wp:attachment":[{"href":"https:\/\/jinhuaceramic.com\/fr\/wp-json\/wp\/v2\/media?parent=10312"}],"wp:term":[{"taxonomy":"product_brand","embeddable":true,"href":"https:\/\/jinhuaceramic.com\/fr\/wp-json\/wp\/v2\/product_brand?post=10312"},{"taxonomy":"product_cat","embeddable":true,"href":"https:\/\/jinhuaceramic.com\/fr\/wp-json\/wp\/v2\/product_cat?post=10312"},{"taxonomy":"product_tag","embeddable":true,"href":"https:\/\/jinhuaceramic.com\/fr\/wp-json\/wp\/v2\/product_tag?post=10312"}],"curies":[{"name":"wp","href":"https:\/\/api.w.org\/{rel}","templated":true}]}}