{"id":10323,"date":"2025-09-10T09:45:21","date_gmt":"2025-09-10T09:45:21","guid":{"rendered":"https:\/\/jinhuaceramic.com\/?post_type=product&#038;p=10323"},"modified":"2025-09-10T09:45:22","modified_gmt":"2025-09-10T09:45:22","slug":"bathroom-set-4-piece-bulk","status":"publish","type":"product","link":"https:\/\/jinhuaceramic.com\/fr\/product\/bathroom-set-4-piece-bulk\/","title":{"rendered":"Ensemble de salle de bain blanc 4 pi\u00e8ces en vrac, distributeur de savon et porte-brosse"},"content":{"rendered":"<div class=\"wp-block-columns is-layout-flex wp-container-core-columns-is-layout-9d6595d7 wp-block-columns-is-layout-flex\">\n<div class=\"wp-block-column is-layout-flow wp-block-column-is-layout-flow\">\n<h3 class=\"wp-block-heading\">Premium Bathroom Set 4 Piece Bulk Caract\u00e9ristiques :<\/h3>\n\n\n\n<ul class=\"wp-block-list\">\n<li><strong>Design minimaliste : <\/strong>Cet ensemble de salle de bain blanc mat 4 pi\u00e8ces en gros adopte des lignes simples, des formes lisses et arrondies, sans d\u00e9corations compliqu\u00e9es inutiles, et le ton blanc mat pur et polyvalent peut \u00eatre facilement int\u00e9gr\u00e9 dans divers styles de d\u00e9coration de salle de bain.<\/li>\n\n\n\n<li><strong>Mat\u00e9riau durable : <\/strong>Ces accessoires de salle de bains en gros sont fabriqu\u00e9s \u00e0 partir de mat\u00e9riaux c\u00e9ramiques de haute qualit\u00e9, qui sont solides et durables, et ne sont pas faciles \u00e0 rayer ou \u00e0 user. Ils peuvent r\u00e9sister \u00e0 l'environnement humide de la salle de bains et conserver leur beaut\u00e9 et leur fonctionnalit\u00e9 pendant longtemps.<\/li>\n\n\n\n<li><strong>Ensemble complet : <\/strong>Cet ensemble de salle de bains blanc mat 4 pi\u00e8ces en gros comprend un distributeur de savon, un porte-brosse \u00e0 dents, un plateau, un pot de rangement et un porte-savon, offrant ainsi la fonctionnalit\u00e9 compl\u00e8te dont vous avez besoin pour votre toilette quotidienne. Le porte-savon est antid\u00e9rapant, le pot de rangement est muni d'un couvercle anti-poussi\u00e8re et la pompe du distributeur de savon pr\u00e9sente une large zone de pression bien con\u00e7ue.<\/li>\n\n\n\n<li><strong>Utilisation efficace de l'espace :<\/strong> Les accessoires de ces accessoires de salle de bains en gros sont con\u00e7us avec des dimensions plus d\u00e9licates. La conception avec des plateaux permet de placer certains articles ensemble, ce qui est non seulement pratique pour les prendre, mais donne \u00e9galement au comptoir un aspect plus net et mieux organis\u00e9, am\u00e9liorant ainsi l'utilisation de l'espace.<\/li>\n<\/ul>\n<\/div>\n\n\n\n<div class=\"wp-block-column is-layout-flow wp-block-column-is-layout-flow\">\n<figure class=\"wp-block-image size-full\"><img fetchpriority=\"high\" decoding=\"async\" width=\"1500\" height=\"1500\" src=\"https:\/\/jinhuaceramic.com\/wp-content\/uploads\/2025\/09\/4-Piece-White-Bathroom-Accessories-Wholesale-Soap-Dispenser-and-Soap-Dish-Set.webp\" alt=\"4-Piece-White-Bathroom-Accessories,-Wholesale-Doap-Dispenser-and-Soap-Dish-Set\" class=\"wp-image-10329\" srcset=\"https:\/\/jinhuaceramic.com\/wp-content\/uploads\/2025\/09\/4-Piece-White-Bathroom-Accessories-Wholesale-Soap-Dispenser-and-Soap-Dish-Set.webp 1500w, https:\/\/jinhuaceramic.com\/wp-content\/uploads\/2025\/09\/4-Piece-White-Bathroom-Accessories-Wholesale-Soap-Dispenser-and-Soap-Dish-Set-300x300.webp 300w, https:\/\/jinhuaceramic.com\/wp-content\/uploads\/2025\/09\/4-Piece-White-Bathroom-Accessories-Wholesale-Soap-Dispenser-and-Soap-Dish-Set-150x150.webp 150w, https:\/\/jinhuaceramic.com\/wp-content\/uploads\/2025\/09\/4-Piece-White-Bathroom-Accessories-Wholesale-Soap-Dispenser-and-Soap-Dish-Set-768x768.webp 768w, https:\/\/jinhuaceramic.com\/wp-content\/uploads\/2025\/09\/4-Piece-White-Bathroom-Accessories-Wholesale-Soap-Dispenser-and-Soap-Dish-Set-12x12.webp 12w, https:\/\/jinhuaceramic.com\/wp-content\/uploads\/2025\/09\/4-Piece-White-Bathroom-Accessories-Wholesale-Soap-Dispenser-and-Soap-Dish-Set-285x285.webp 285w, https:\/\/jinhuaceramic.com\/wp-content\/uploads\/2025\/09\/4-Piece-White-Bathroom-Accessories-Wholesale-Soap-Dispenser-and-Soap-Dish-Set-270x270.webp 270w, https:\/\/jinhuaceramic.com\/wp-content\/uploads\/2025\/09\/4-Piece-White-Bathroom-Accessories-Wholesale-Soap-Dispenser-and-Soap-Dish-Set-540x540.webp 540w, https:\/\/jinhuaceramic.com\/wp-content\/uploads\/2025\/09\/4-Piece-White-Bathroom-Accessories-Wholesale-Soap-Dispenser-and-Soap-Dish-Set-660x660.webp 660w\" sizes=\"(max-width: 1500px) 100vw, 1500px\" \/><\/figure>\n<\/div>\n<\/div>","protected":false},"excerpt":{"rendered":"<p>Bienvenue pour commander des accessoires de salle de bain en gros. Ces accessoires de salle de bain blanc mat 4 pi\u00e8ces en gros sont minimalistes mais sophistiqu\u00e9s, leurs formes lisses et arrondies et leurs couleurs pures allient parfaitement la fonctionnalit\u00e9 pratique \u00e0 l'esth\u00e9tique moderne.<\/p>","protected":false},"featured_media":10324,"comment_status":"closed","ping_status":"closed","template":"","meta":{"_acf_changed":false},"product_brand":[],"product_cat":[51],"product_tag":[74],"class_list":{"0":"post-10323","1":"product","2":"type-product","3":"status-publish","4":"has-post-thumbnail","6":"product_cat-bathroom-accessories-wholesale","7":"product_tag-ceramic-bath-accessories-wholesale","9":"first","10":"instock","11":"shipping-taxable","12":"product-type-simple"},"acf":[],"_links":{"self":[{"href":"https:\/\/jinhuaceramic.com\/fr\/wp-json\/wp\/v2\/product\/10323","targetHints":{"allow":["GET"]}}],"collection":[{"href":"https:\/\/jinhuaceramic.com\/fr\/wp-json\/wp\/v2\/product"}],"about":[{"href":"https:\/\/jinhuaceramic.com\/fr\/wp-json\/wp\/v2\/types\/product"}],"replies":[{"embeddable":true,"href":"https:\/\/jinhuaceramic.com\/fr\/wp-json\/wp\/v2\/comments?post=10323"}],"version-history":[{"count":0,"href":"https:\/\/jinhuaceramic.com\/fr\/wp-json\/wp\/v2\/product\/10323\/revisions"}],"wp:featuredmedia":[{"embeddable":true,"href":"https:\/\/jinhuaceramic.com\/fr\/wp-json\/wp\/v2\/media\/10324"}],"wp:attachment":[{"href":"https:\/\/jinhuaceramic.com\/fr\/wp-json\/wp\/v2\/media?parent=10323"}],"wp:term":[{"taxonomy":"product_brand","embeddable":true,"href":"https:\/\/jinhuaceramic.com\/fr\/wp-json\/wp\/v2\/product_brand?post=10323"},{"taxonomy":"product_cat","embeddable":true,"href":"https:\/\/jinhuaceramic.com\/fr\/wp-json\/wp\/v2\/product_cat?post=10323"},{"taxonomy":"product_tag","embeddable":true,"href":"https:\/\/jinhuaceramic.com\/fr\/wp-json\/wp\/v2\/product_tag?post=10323"}],"curies":[{"name":"wp","href":"https:\/\/api.w.org\/{rel}","templated":true}]}}