{"id":10333,"date":"2025-09-10T08:58:47","date_gmt":"2025-09-10T08:58:47","guid":{"rendered":"https:\/\/jinhuaceramic.com\/?post_type=product&#038;p=10333"},"modified":"2025-09-10T08:58:48","modified_gmt":"2025-09-10T08:58:48","slug":"baking-dishes-set-wholesale","status":"publish","type":"product","link":"https:\/\/jinhuaceramic.com\/fr\/product\/baking-dishes-set-wholesale\/","title":{"rendered":"Ensemble de plats de cuisson 3 pi\u00e8ces Wholesale, Ceramic Bakeware Supply"},"content":{"rendered":"<div class=\"wp-block-columns is-layout-flex wp-container-core-columns-is-layout-9d6595d7 wp-block-columns-is-layout-flex\">\n<div class=\"wp-block-column is-layout-flow wp-block-column-is-layout-flow\">\n<h3 class=\"wp-block-heading\">Ensemble de plats de cuisson de qualit\u00e9 sup\u00e9rieure Caract\u00e9ristiques en gros :<\/h3>\n\n\n\n<ul class=\"wp-block-list\">\n<li><strong>Design minimaliste :<\/strong> Ces plats de cuisson personnalis\u00e9s en gros pr\u00e9sentent une forme rectangulaire classique avec des lignes \u00e9pur\u00e9es et sans fioritures. Ce design intemporel s'int\u00e8gre sans effort dans n'importe quelle maison ou table, qu'elle soit moderne, minimaliste, scandinave ou m\u00e9di\u00e9vale.<\/li>\n\n\n\n<li><strong>Diverses couleurs :<\/strong> Ces ustensiles de cuisson en c\u00e9ramique sont disponibles dans une vari\u00e9t\u00e9 de couleurs sophistiqu\u00e9es, telles que le vert profond apaisant, le rouge brique chaleureux et le blanc cass\u00e9 pur. Ces couleurs offrent un large \u00e9ventail de choix, permettant aux consommateurs de les adapter \u00e0 leurs pr\u00e9f\u00e9rences et au style de leur cuisine.<\/li>\n\n\n\n<li><strong>Mat\u00e9riau de haute qualit\u00e9 : <\/strong>Ces plats \u00e0 four en c\u00e9ramique de haute qualit\u00e9 peuvent r\u00e9sister \u00e0 des temp\u00e9ratures \u00e9lev\u00e9es et sont adapt\u00e9s \u00e0 une utilisation dans des environnements \u00e0 haute temp\u00e9rature tels que les fours et les micro-ondes. Ils peuvent \u00eatre utilis\u00e9s pour cuire et r\u00f4tir une grande vari\u00e9t\u00e9 d'aliments sans se fissurer ni se d\u00e9former.<\/li>\n\n\n\n<li><strong>Grande praticit\u00e9 : <\/strong>Ces ensembles de plats de cuisson en gros sont disponibles en trois tailles pour r\u00e9pondre aux diff\u00e9rents besoins en mati\u00e8re de cuisine et de repas. Qu'il s'agisse de pr\u00e9parer de petites portions pour une personne ou de grandes entr\u00e9es pour une r\u00e9union de famille, ils sont facilement adaptables. Les combinaisons de plusieurs tailles peuvent \u00eatre empil\u00e9es pour faciliter le stockage et \u00e9conomiser de l'espace dans la cuisine.<\/li>\n<\/ul>\n<\/div>\n\n\n\n<div class=\"wp-block-column is-layout-flow wp-block-column-is-layout-flow\">\n<figure class=\"wp-block-image size-full\"><img fetchpriority=\"high\" decoding=\"async\" width=\"800\" height=\"800\" src=\"https:\/\/jinhuaceramic.com\/wp-content\/uploads\/2025\/09\/3-Piece-Custom-Baking-Dishes-Set-Wholesale-Ceramic-Bakeware-Set-in-Bulk.webp\" alt=\"Ensemble de plats de cuisson 3 pi\u00e8ces Wholesale, C\u00e9ramique pour p\u00e2tisserie Supply-1\" class=\"wp-image-10339\" srcset=\"https:\/\/jinhuaceramic.com\/wp-content\/uploads\/2025\/09\/3-Piece-Custom-Baking-Dishes-Set-Wholesale-Ceramic-Bakeware-Set-in-Bulk.webp 800w, https:\/\/jinhuaceramic.com\/wp-content\/uploads\/2025\/09\/3-Piece-Custom-Baking-Dishes-Set-Wholesale-Ceramic-Bakeware-Set-in-Bulk-300x300.webp 300w, https:\/\/jinhuaceramic.com\/wp-content\/uploads\/2025\/09\/3-Piece-Custom-Baking-Dishes-Set-Wholesale-Ceramic-Bakeware-Set-in-Bulk-150x150.webp 150w, https:\/\/jinhuaceramic.com\/wp-content\/uploads\/2025\/09\/3-Piece-Custom-Baking-Dishes-Set-Wholesale-Ceramic-Bakeware-Set-in-Bulk-768x768.webp 768w, https:\/\/jinhuaceramic.com\/wp-content\/uploads\/2025\/09\/3-Piece-Custom-Baking-Dishes-Set-Wholesale-Ceramic-Bakeware-Set-in-Bulk-12x12.webp 12w, https:\/\/jinhuaceramic.com\/wp-content\/uploads\/2025\/09\/3-Piece-Custom-Baking-Dishes-Set-Wholesale-Ceramic-Bakeware-Set-in-Bulk-285x285.webp 285w, https:\/\/jinhuaceramic.com\/wp-content\/uploads\/2025\/09\/3-Piece-Custom-Baking-Dishes-Set-Wholesale-Ceramic-Bakeware-Set-in-Bulk-270x270.webp 270w, https:\/\/jinhuaceramic.com\/wp-content\/uploads\/2025\/09\/3-Piece-Custom-Baking-Dishes-Set-Wholesale-Ceramic-Bakeware-Set-in-Bulk-540x540.webp 540w, https:\/\/jinhuaceramic.com\/wp-content\/uploads\/2025\/09\/3-Piece-Custom-Baking-Dishes-Set-Wholesale-Ceramic-Bakeware-Set-in-Bulk-660x660.webp 660w\" sizes=\"(max-width: 800px) 100vw, 800px\" \/><\/figure>\n<\/div>\n<\/div>","protected":false},"excerpt":{"rendered":"<p>Bienvenue sur le site d'achat de plats \u00e0 four en c\u00e9ramique. Ces plats de cuisson en gros sont con\u00e7us avec une esth\u00e9tique minimaliste mais raffin\u00e9e. Avec leurs formes classiques et simples, leurs mat\u00e9riaux durables et leurs diff\u00e9rentes tailles et couleurs, ils allient parfaitement fonctionnalit\u00e9 et esth\u00e9tique.<\/p>","protected":false},"featured_media":10336,"comment_status":"closed","ping_status":"closed","template":"","meta":{"_acf_changed":false},"product_brand":[],"product_cat":[53],"product_tag":[71],"class_list":{"0":"post-10333","1":"product","2":"type-product","3":"status-publish","4":"has-post-thumbnail","6":"product_cat-bakeware-in-bulk","7":"product_tag-wholesale-baking-pans","9":"first","10":"instock","11":"shipping-taxable","12":"product-type-simple"},"acf":[],"_links":{"self":[{"href":"https:\/\/jinhuaceramic.com\/fr\/wp-json\/wp\/v2\/product\/10333","targetHints":{"allow":["GET"]}}],"collection":[{"href":"https:\/\/jinhuaceramic.com\/fr\/wp-json\/wp\/v2\/product"}],"about":[{"href":"https:\/\/jinhuaceramic.com\/fr\/wp-json\/wp\/v2\/types\/product"}],"replies":[{"embeddable":true,"href":"https:\/\/jinhuaceramic.com\/fr\/wp-json\/wp\/v2\/comments?post=10333"}],"version-history":[{"count":0,"href":"https:\/\/jinhuaceramic.com\/fr\/wp-json\/wp\/v2\/product\/10333\/revisions"}],"wp:featuredmedia":[{"embeddable":true,"href":"https:\/\/jinhuaceramic.com\/fr\/wp-json\/wp\/v2\/media\/10336"}],"wp:attachment":[{"href":"https:\/\/jinhuaceramic.com\/fr\/wp-json\/wp\/v2\/media?parent=10333"}],"wp:term":[{"taxonomy":"product_brand","embeddable":true,"href":"https:\/\/jinhuaceramic.com\/fr\/wp-json\/wp\/v2\/product_brand?post=10333"},{"taxonomy":"product_cat","embeddable":true,"href":"https:\/\/jinhuaceramic.com\/fr\/wp-json\/wp\/v2\/product_cat?post=10333"},{"taxonomy":"product_tag","embeddable":true,"href":"https:\/\/jinhuaceramic.com\/fr\/wp-json\/wp\/v2\/product_tag?post=10333"}],"curies":[{"name":"wp","href":"https:\/\/api.w.org\/{rel}","templated":true}]}}