{"id":10350,"date":"2025-09-10T09:20:48","date_gmt":"2025-09-10T09:20:48","guid":{"rendered":"https:\/\/jinhuaceramic.com\/?post_type=product&#038;p=10350"},"modified":"2025-09-10T09:20:50","modified_gmt":"2025-09-10T09:20:50","slug":"matte-white-bathroom-set-wholesale","status":"publish","type":"product","link":"https:\/\/jinhuaceramic.com\/fr\/product\/matte-white-bathroom-set-wholesale\/","title":{"rendered":"Set de salle de bain blanc mat Wholesale, Elegant Design Accessory"},"content":{"rendered":"<div class=\"wp-block-columns is-layout-flex wp-container-core-columns-is-layout-9d6595d7 wp-block-columns-is-layout-flex\">\n<div class=\"wp-block-column is-layout-flow wp-block-column-is-layout-flow\">\n<h3 class=\"wp-block-heading\">Premium Matte White Bathroom Set Wholesale Caract\u00e9ristiques :<\/h3>\n\n\n\n<ul class=\"wp-block-list\">\n<li><strong>Design minimaliste : <\/strong>Ces ensembles de salle de bain blanc mat adoptent des lignes simples, des formes douces et arrondies, sans d\u00e9corations compliqu\u00e9es inutiles, et le ton blanc mat pur et polyvalent peut \u00eatre facilement int\u00e9gr\u00e9 dans diff\u00e9rents styles de d\u00e9coration de salle de bain.<\/li>\n\n\n\n<li><strong>Mat\u00e9riau durable : <\/strong>Ces ensembles d'accessoires de bain en gros sont fabriqu\u00e9s en c\u00e9ramique de haute qualit\u00e9, r\u00e9sistante et durable, qui n'est pas facile \u00e0 rayer ou \u00e0 user. Ils peuvent r\u00e9sister \u00e0 l'environnement humide de la salle de bains et conserver leur beaut\u00e9 et leur fonctionnalit\u00e9 pendant longtemps.<\/li>\n\n\n\n<li><strong>Ensemble complet : <\/strong>Cet ensemble de salle de bains blanc mat comprend un distributeur de savon, un porte-brosse \u00e0 dents, un plateau, un pot de rangement et un porte-savon, offrant ainsi toute la fonctionnalit\u00e9 dont vous avez besoin pour votre toilette quotidienne. Le porte-savon est antid\u00e9rapant, le pot de rangement est muni d'un couvercle anti-poussi\u00e8re et la pompe du distributeur de savon pr\u00e9sente une large zone de pression bien con\u00e7ue.<\/li>\n\n\n\n<li><strong>Utilisation efficace de l'espace : <\/strong>Les accessoires de ces ensembles d'accessoires de bain en gros sont con\u00e7us avec des dimensions plus d\u00e9licates. La conception avec des plateaux permet de placer certains articles ensemble, ce qui est non seulement pratique pour les prendre, mais donne \u00e9galement au comptoir un aspect plus net et mieux organis\u00e9, am\u00e9liorant ainsi l'utilisation de l'espace.<\/li>\n<\/ul>\n<\/div>\n\n\n\n<div class=\"wp-block-column is-layout-flow wp-block-column-is-layout-flow\">\n<figure class=\"wp-block-image size-full\"><img fetchpriority=\"high\" decoding=\"async\" width=\"1220\" height=\"1389\" src=\"https:\/\/jinhuaceramic.com\/wp-content\/uploads\/2025\/09\/Matte-White-Bathroom-Accessories-Ceramic-Soap-Dispenser-and-Toothbrush-Holder-Set-5.webp\" alt=\"Matte-White-Bathroom-Accessories,-Ceramic-Soap-Dispenser-and-Toothbrush-Holder-Set\" class=\"wp-image-10347\" srcset=\"https:\/\/jinhuaceramic.com\/wp-content\/uploads\/2025\/09\/Matte-White-Bathroom-Accessories-Ceramic-Soap-Dispenser-and-Toothbrush-Holder-Set-5.webp 1220w, https:\/\/jinhuaceramic.com\/wp-content\/uploads\/2025\/09\/Matte-White-Bathroom-Accessories-Ceramic-Soap-Dispenser-and-Toothbrush-Holder-Set-5-263x300.webp 263w, https:\/\/jinhuaceramic.com\/wp-content\/uploads\/2025\/09\/Matte-White-Bathroom-Accessories-Ceramic-Soap-Dispenser-and-Toothbrush-Holder-Set-5-768x874.webp 768w, https:\/\/jinhuaceramic.com\/wp-content\/uploads\/2025\/09\/Matte-White-Bathroom-Accessories-Ceramic-Soap-Dispenser-and-Toothbrush-Holder-Set-5-11x12.webp 11w, https:\/\/jinhuaceramic.com\/wp-content\/uploads\/2025\/09\/Matte-White-Bathroom-Accessories-Ceramic-Soap-Dispenser-and-Toothbrush-Holder-Set-5-285x324.webp 285w, https:\/\/jinhuaceramic.com\/wp-content\/uploads\/2025\/09\/Matte-White-Bathroom-Accessories-Ceramic-Soap-Dispenser-and-Toothbrush-Holder-Set-5-580x660.webp 580w, https:\/\/jinhuaceramic.com\/wp-content\/uploads\/2025\/09\/Matte-White-Bathroom-Accessories-Ceramic-Soap-Dispenser-and-Toothbrush-Holder-Set-5-132x150.webp 132w\" sizes=\"(max-width: 1220px) 100vw, 1220px\" \/><\/figure>\n<\/div>\n<\/div>","protected":false},"excerpt":{"rendered":"<p>Bienvenue pour commander en gros des ensembles d'accessoires de bain. Ces accessoires de salle de bain blanc mat sont minimalistes et sophistiqu\u00e9s, leurs formes douces et arrondies et leurs couleurs pures allient parfaitement la fonctionnalit\u00e9 pratique \u00e0 l'esth\u00e9tique moderne.<\/p>","protected":false},"featured_media":10345,"comment_status":"closed","ping_status":"closed","template":"","meta":{"_acf_changed":false},"product_brand":[],"product_cat":[51],"product_tag":[74],"class_list":{"0":"post-10350","1":"product","2":"type-product","3":"status-publish","4":"has-post-thumbnail","6":"product_cat-bathroom-accessories-wholesale","7":"product_tag-ceramic-bath-accessories-wholesale","9":"first","10":"instock","11":"shipping-taxable","12":"product-type-simple"},"acf":[],"_links":{"self":[{"href":"https:\/\/jinhuaceramic.com\/fr\/wp-json\/wp\/v2\/product\/10350","targetHints":{"allow":["GET"]}}],"collection":[{"href":"https:\/\/jinhuaceramic.com\/fr\/wp-json\/wp\/v2\/product"}],"about":[{"href":"https:\/\/jinhuaceramic.com\/fr\/wp-json\/wp\/v2\/types\/product"}],"replies":[{"embeddable":true,"href":"https:\/\/jinhuaceramic.com\/fr\/wp-json\/wp\/v2\/comments?post=10350"}],"version-history":[{"count":0,"href":"https:\/\/jinhuaceramic.com\/fr\/wp-json\/wp\/v2\/product\/10350\/revisions"}],"wp:featuredmedia":[{"embeddable":true,"href":"https:\/\/jinhuaceramic.com\/fr\/wp-json\/wp\/v2\/media\/10345"}],"wp:attachment":[{"href":"https:\/\/jinhuaceramic.com\/fr\/wp-json\/wp\/v2\/media?parent=10350"}],"wp:term":[{"taxonomy":"product_brand","embeddable":true,"href":"https:\/\/jinhuaceramic.com\/fr\/wp-json\/wp\/v2\/product_brand?post=10350"},{"taxonomy":"product_cat","embeddable":true,"href":"https:\/\/jinhuaceramic.com\/fr\/wp-json\/wp\/v2\/product_cat?post=10350"},{"taxonomy":"product_tag","embeddable":true,"href":"https:\/\/jinhuaceramic.com\/fr\/wp-json\/wp\/v2\/product_tag?post=10350"}],"curies":[{"name":"wp","href":"https:\/\/api.w.org\/{rel}","templated":true}]}}