{"id":10400,"date":"2025-09-19T10:02:43","date_gmt":"2025-09-19T10:02:43","guid":{"rendered":"https:\/\/jinhuaceramic.com\/?post_type=product&#038;p=10400"},"modified":"2025-09-19T10:02:44","modified_gmt":"2025-09-19T10:02:44","slug":"black-bath-set-wholesale","status":"publish","type":"product","link":"https:\/\/jinhuaceramic.com\/fr\/product\/black-bath-set-wholesale\/","title":{"rendered":"Set de bain noir en gros, distributeur et porte-brosse \u00e0 dents en vrac"},"content":{"rendered":"<div class=\"wp-block-columns is-layout-flex wp-container-core-columns-is-layout-9d6595d7 wp-block-columns-is-layout-flex\">\n<div class=\"wp-block-column is-layout-flow wp-block-column-is-layout-flow\">\n<h3 class=\"wp-block-heading\">Premium Unique Black Bath Set Wholesale Caract\u00e9ristiques :<\/h3>\n\n\n\n<ul class=\"wp-block-list\">\n<li><strong>Forme unique : <\/strong>L'ensemble de bain noir pr\u00e9sente des formes g\u00e9om\u00e9triques abstraites uniques. Le distributeur de savon est un objet plat et rond dont l'int\u00e9rieur est perc\u00e9 d'un trou en forme de beignet, tandis que le porte-brosse \u00e0 dents a une forme irr\u00e9guli\u00e8re en U, qui s'\u00e9carte de la forme conventionnelle des accessoires de salle de bains traditionnels et leur conf\u00e8re un aspect moderne et sculptural.<\/li>\n\n\n\n<li><strong>Couleur \u00e9l\u00e9gante : <\/strong>Cet ensemble de bain noir en gros pr\u00e9sente une magnifique couleur noire et dor\u00e9e. La finition noire mate donne un aspect sophistiqu\u00e9 et discret, tandis que la pompe du distributeur de savon est audacieusement dor\u00e9e, ce qui conf\u00e8re un \u00e9l\u00e9ment de luxe au produit et ajoute \u00e0 son attrait.<\/li>\n\n\n\n<li><strong>Longue dur\u00e9e Mat\u00e9riau : <\/strong>Ces porte-brosses \u00e0 dents et distributeurs en c\u00e9ramique en vrac ont une texture dure, sont r\u00e9sistants \u00e0 l'usure et \u00e0 la rouille, ne se cassent pas facilement et ont une longue dur\u00e9e de vie ; la surface est fine et facile \u00e0 nettoyer, et les marques d'eau et les taches se d\u00e9posent \u00e0 peine, ce qui facilite l'entretien quotidien.<\/li>\n\n\n\n<li><strong>Grande praticit\u00e9 :<\/strong> Ces ensembles de salle de bains personnalis\u00e9s comprennent deux \u00e9l\u00e9ments pratiques : un flacon de savon avec une pompe \u00e0 bouton-poussoir pour une utilisation facile, et un porte-brosse \u00e0 dents avec un design unique en forme de U qui offre deux zones s\u00e9par\u00e9es pour organiser plusieurs brosses \u00e0 dents.<\/li>\n<\/ul>\n<\/div>\n\n\n\n<div class=\"wp-block-column is-layout-flow wp-block-column-is-layout-flow\">\n<figure class=\"wp-block-image size-full\"><img fetchpriority=\"high\" decoding=\"async\" width=\"600\" height=\"600\" src=\"https:\/\/jinhuaceramic.com\/wp-content\/uploads\/2025\/09\/black-bath-set-wholesale-dispenser-toothbrush-holder-bulk-7.webp\" alt=\"black-bath-set-wholesale-dispenser-&amp;-toothbrush-holder-bulk-7\" class=\"wp-image-10481\" srcset=\"https:\/\/jinhuaceramic.com\/wp-content\/uploads\/2025\/09\/black-bath-set-wholesale-dispenser-toothbrush-holder-bulk-7.webp 600w, https:\/\/jinhuaceramic.com\/wp-content\/uploads\/2025\/09\/black-bath-set-wholesale-dispenser-toothbrush-holder-bulk-7-300x300.webp 300w, https:\/\/jinhuaceramic.com\/wp-content\/uploads\/2025\/09\/black-bath-set-wholesale-dispenser-toothbrush-holder-bulk-7-150x150.webp 150w, https:\/\/jinhuaceramic.com\/wp-content\/uploads\/2025\/09\/black-bath-set-wholesale-dispenser-toothbrush-holder-bulk-7-12x12.webp 12w, https:\/\/jinhuaceramic.com\/wp-content\/uploads\/2025\/09\/black-bath-set-wholesale-dispenser-toothbrush-holder-bulk-7-285x285.webp 285w, https:\/\/jinhuaceramic.com\/wp-content\/uploads\/2025\/09\/black-bath-set-wholesale-dispenser-toothbrush-holder-bulk-7-270x270.webp 270w, https:\/\/jinhuaceramic.com\/wp-content\/uploads\/2025\/09\/black-bath-set-wholesale-dispenser-toothbrush-holder-bulk-7-540x540.webp 540w\" sizes=\"(max-width: 600px) 100vw, 600px\" \/><\/figure>\n<\/div>\n<\/div>","protected":false},"excerpt":{"rendered":"<p>Nous vous invitons \u00e0 acheter en gros notre ensemble de bain noir, dont le design est avant-gardiste et unique. Avec des formes g\u00e9om\u00e9triques abstraites, des textures mates, des couleurs tendance et des mat\u00e9riaux c\u00e9ramiques haut de gamme, ils combinent admirablement l'utilit\u00e9 pratique et l'art moderne. Non seulement l'ensemble de salle de bain noir prend soin sans effort de vos besoins quotidiens de lavage, mais il cr\u00e9e \u00e9galement un fort sentiment de personnalisation pour un espace de salle de bain de luxe.<\/p>","protected":false},"featured_media":10480,"comment_status":"closed","ping_status":"closed","template":"","meta":{"_acf_changed":false},"product_brand":[],"product_cat":[51],"product_tag":[74],"class_list":{"0":"post-10400","1":"product","2":"type-product","3":"status-publish","4":"has-post-thumbnail","6":"product_cat-bathroom-accessories-wholesale","7":"product_tag-ceramic-bath-accessories-wholesale","9":"first","10":"instock","11":"shipping-taxable","12":"product-type-simple"},"acf":[],"_links":{"self":[{"href":"https:\/\/jinhuaceramic.com\/fr\/wp-json\/wp\/v2\/product\/10400","targetHints":{"allow":["GET"]}}],"collection":[{"href":"https:\/\/jinhuaceramic.com\/fr\/wp-json\/wp\/v2\/product"}],"about":[{"href":"https:\/\/jinhuaceramic.com\/fr\/wp-json\/wp\/v2\/types\/product"}],"replies":[{"embeddable":true,"href":"https:\/\/jinhuaceramic.com\/fr\/wp-json\/wp\/v2\/comments?post=10400"}],"version-history":[{"count":0,"href":"https:\/\/jinhuaceramic.com\/fr\/wp-json\/wp\/v2\/product\/10400\/revisions"}],"wp:featuredmedia":[{"embeddable":true,"href":"https:\/\/jinhuaceramic.com\/fr\/wp-json\/wp\/v2\/media\/10480"}],"wp:attachment":[{"href":"https:\/\/jinhuaceramic.com\/fr\/wp-json\/wp\/v2\/media?parent=10400"}],"wp:term":[{"taxonomy":"product_brand","embeddable":true,"href":"https:\/\/jinhuaceramic.com\/fr\/wp-json\/wp\/v2\/product_brand?post=10400"},{"taxonomy":"product_cat","embeddable":true,"href":"https:\/\/jinhuaceramic.com\/fr\/wp-json\/wp\/v2\/product_cat?post=10400"},{"taxonomy":"product_tag","embeddable":true,"href":"https:\/\/jinhuaceramic.com\/fr\/wp-json\/wp\/v2\/product_tag?post=10400"}],"curies":[{"name":"wp","href":"https:\/\/api.w.org\/{rel}","templated":true}]}}