{"id":10428,"date":"2025-09-19T09:13:46","date_gmt":"2025-09-19T09:13:46","guid":{"rendered":"https:\/\/jinhuaceramic.com\/?post_type=product&#038;p=10428"},"modified":"2025-09-19T09:13:47","modified_gmt":"2025-09-19T09:13:47","slug":"customized-round-baking-pan","status":"publish","type":"product","link":"https:\/\/jinhuaceramic.com\/fr\/product\/customized-round-baking-pan\/","title":{"rendered":"Plaque \u00e0 p\u00e2tisserie ronde personnalis\u00e9e, plaque \u00e0 tarte en c\u00e9ramique en vrac pour four"},"content":{"rendered":"<div class=\"wp-block-columns is-layout-flex wp-container-core-columns-is-layout-9d6595d7 wp-block-columns-is-layout-flex\">\n<div class=\"wp-block-column is-layout-flow wp-block-column-is-layout-flow\">\n<h3 class=\"wp-block-heading\">Premium Customized Round Baking Pan\u00a0Features:<\/h3>\n\n\n\n<ul class=\"wp-block-list\">\n<li><strong>Rounded Shape:<\/strong> These customized round baking pans feature a traditional round shape with straight edges and a soft, homey appearance. The handles have vertical stripes, which not only add a more slip-resistant surface but also enhance sophistication.<\/li>\n\n\n\n<li><strong>Vari\u00e9t\u00e9 de couleurs : <\/strong>These customized round baking pans also come in multiple colors, including calm blue, pale sky blue, brilliant red, and pure white. The deep colorway can fulfill the diverse aesthetic preferences of customers and provide additional opportunities for table setting.<\/li>\n\n\n\n<li><strong>Mat\u00e9riau de qualit\u00e9 : <\/strong>These quality wholesale ceramic baking dishes are fired at a high temperature for high hardness and wear resistance, and prolong service life. In addition, the surface of the smooth ceramic does not absorb food and any odor, and is easy to clean.<\/li>\n\n\n\n<li><strong>Multifunctional Usage: <\/strong>These wholesale round cake pans cannot only be used to bake pie, pizza, cake, baked rice and other food, but also be used as tableware to serve salads, fruits or soups directly, and are extensively applicable.<\/li>\n<\/ul>\n<\/div>\n\n\n\n<div class=\"wp-block-column is-layout-flow wp-block-column-is-layout-flow\">\n<figure class=\"wp-block-image size-full\"><img fetchpriority=\"high\" decoding=\"async\" width=\"500\" height=\"500\" src=\"https:\/\/jinhuaceramic.com\/wp-content\/uploads\/2025\/09\/Wholesale-Round-Baking-Dish-Custom-Ceramic-Pie-Baking-Pan-For-Oven-7.webp\" alt=\"Wholesale-Round-Baking-Dish,-Custom-Ceramic-Pie-Baking-Pan-For-Oven\" class=\"wp-image-10434\" srcset=\"https:\/\/jinhuaceramic.com\/wp-content\/uploads\/2025\/09\/Wholesale-Round-Baking-Dish-Custom-Ceramic-Pie-Baking-Pan-For-Oven-7.webp 500w, https:\/\/jinhuaceramic.com\/wp-content\/uploads\/2025\/09\/Wholesale-Round-Baking-Dish-Custom-Ceramic-Pie-Baking-Pan-For-Oven-7-300x300.webp 300w, https:\/\/jinhuaceramic.com\/wp-content\/uploads\/2025\/09\/Wholesale-Round-Baking-Dish-Custom-Ceramic-Pie-Baking-Pan-For-Oven-7-150x150.webp 150w, https:\/\/jinhuaceramic.com\/wp-content\/uploads\/2025\/09\/Wholesale-Round-Baking-Dish-Custom-Ceramic-Pie-Baking-Pan-For-Oven-7-12x12.webp 12w, https:\/\/jinhuaceramic.com\/wp-content\/uploads\/2025\/09\/Wholesale-Round-Baking-Dish-Custom-Ceramic-Pie-Baking-Pan-For-Oven-7-285x285.webp 285w, https:\/\/jinhuaceramic.com\/wp-content\/uploads\/2025\/09\/Wholesale-Round-Baking-Dish-Custom-Ceramic-Pie-Baking-Pan-For-Oven-7-270x270.webp 270w\" sizes=\"(max-width: 500px) 100vw, 500px\" \/><\/figure>\n<\/div>\n<\/div>\n\n\n\n<p><\/p>","protected":false},"excerpt":{"rendered":"<p>Nous vous invitons \u00e0 acheter ces moules \u00e0 p\u00e2tisserie ronds personnalis\u00e9s de diff\u00e9rentes couleurs, fabriqu\u00e9s en c\u00e9ramique robuste et dot\u00e9s d'utilisations multifonctionnelles, utiles et esth\u00e9tiques. Ces plats de cuisson ne sont pas seulement des ustensiles de cuisson pratiques dans la cuisine, mais peuvent \u00e9galement \u00eatre utilis\u00e9s comme articles de table pour rehausser la mode et le bonheur de prendre des repas \u00e0 table. Service de personnalisation OEM\/ODM.<\/p>","protected":false},"featured_media":10430,"comment_status":"closed","ping_status":"closed","template":"","meta":{"_acf_changed":false},"product_brand":[],"product_cat":[53],"product_tag":[70,71],"class_list":{"0":"post-10428","1":"product","2":"type-product","3":"status-publish","4":"has-post-thumbnail","6":"product_cat-bakeware-in-bulk","7":"product_tag-custom-pie-pans","8":"product_tag-wholesale-baking-pans","10":"first","11":"instock","12":"shipping-taxable","13":"product-type-simple"},"acf":[],"_links":{"self":[{"href":"https:\/\/jinhuaceramic.com\/fr\/wp-json\/wp\/v2\/product\/10428","targetHints":{"allow":["GET"]}}],"collection":[{"href":"https:\/\/jinhuaceramic.com\/fr\/wp-json\/wp\/v2\/product"}],"about":[{"href":"https:\/\/jinhuaceramic.com\/fr\/wp-json\/wp\/v2\/types\/product"}],"replies":[{"embeddable":true,"href":"https:\/\/jinhuaceramic.com\/fr\/wp-json\/wp\/v2\/comments?post=10428"}],"version-history":[{"count":0,"href":"https:\/\/jinhuaceramic.com\/fr\/wp-json\/wp\/v2\/product\/10428\/revisions"}],"wp:featuredmedia":[{"embeddable":true,"href":"https:\/\/jinhuaceramic.com\/fr\/wp-json\/wp\/v2\/media\/10430"}],"wp:attachment":[{"href":"https:\/\/jinhuaceramic.com\/fr\/wp-json\/wp\/v2\/media?parent=10428"}],"wp:term":[{"taxonomy":"product_brand","embeddable":true,"href":"https:\/\/jinhuaceramic.com\/fr\/wp-json\/wp\/v2\/product_brand?post=10428"},{"taxonomy":"product_cat","embeddable":true,"href":"https:\/\/jinhuaceramic.com\/fr\/wp-json\/wp\/v2\/product_cat?post=10428"},{"taxonomy":"product_tag","embeddable":true,"href":"https:\/\/jinhuaceramic.com\/fr\/wp-json\/wp\/v2\/product_tag?post=10428"}],"curies":[{"name":"wp","href":"https:\/\/api.w.org\/{rel}","templated":true}]}}