{"id":10444,"date":"2025-09-19T08:58:35","date_gmt":"2025-09-19T08:58:35","guid":{"rendered":"https:\/\/jinhuaceramic.com\/?post_type=product&#038;p=10444"},"modified":"2025-09-19T08:58:37","modified_gmt":"2025-09-19T08:58:37","slug":"baking-pan-supplies","status":"publish","type":"product","link":"https:\/\/jinhuaceramic.com\/fr\/product\/baking-pan-supplies\/","title":{"rendered":"Plaque \u00e0 p\u00e2tisserie en c\u00e9ramique violette, plat \u00e0 p\u00e2tisserie personnalis\u00e9 pour la restauration"},"content":{"rendered":"<div class=\"wp-block-columns is-layout-flex wp-container-core-columns-is-layout-9d6595d7 wp-block-columns-is-layout-flex\">\n<div class=\"wp-block-column is-layout-flow wp-block-column-is-layout-flow\">\n<h3 class=\"wp-block-heading\">Plaque \u00e0 p\u00e2tisserie en c\u00e9ramique violette de premi\u00e8re qualit\u00e9 Caract\u00e9ristiques :<\/h3>\n\n\n\n<ul class=\"wp-block-list\">\n<li><strong>Combinaison unique de couleurs : <\/strong>Ces moules \u00e0 p\u00e2tisserie en c\u00e9ramique utilisent une combinaison de couleurs distinctes : l'ext\u00e9rieur pr\u00e9sente un d\u00e9grad\u00e9 de violet apaisant et sophistiqu\u00e9, tandis que l'int\u00e9rieur est d'un blanc cass\u00e9 net. Ce look rompt avec la fadeur de la couleur unie et conf\u00e8re une fonction esth\u00e9tique au moule de cuisson.<\/li>\n\n\n\n<li><strong>Mat\u00e9riau c\u00e9ramique de haute qualit\u00e9 :<\/strong> Les moules \u00e0 p\u00e2tisserie personnalis\u00e9s sont fabriqu\u00e9s en c\u00e9ramique de haute qualit\u00e9, r\u00e9sistante \u00e0 la chaleur, au four, au micro-ondes et au lave-vaisselle. La c\u00e9ramique est non toxique et inoffensive, ce qui permet une utilisation s\u00fbre et saine.<\/li>\n\n\n\n<li><strong>Utilisations multiples : <\/strong>Ces stocks de moules \u00e0 p\u00e2tisserie en c\u00e9ramique ont un design rectangulaire \u00e9prouv\u00e9, parfait pour la cuisson de tous types de plats, allant des r\u00f4tis et steaks aux lasagnes et l\u00e9gumes r\u00f4tis, en passant par les brownies, et bien plus encore. Ils sont \u00e9galement parfaits pour une utilisation sur la table \u00e0 manger en raison de leur aspect esth\u00e9tique.<\/li>\n\n\n\n<li><strong>Nettoyage facile :<\/strong> Avec leur gla\u00e7age lisse et fin sur les faces int\u00e9rieures et ext\u00e9rieures, qui r\u00e9siste aux r\u00e9sidus alimentaires et aux taches de graisse et qui est facile \u00e0 nettoyer et \u00e0 entretenir, ces plats de cuisson en gros offrent la meilleure facilit\u00e9 de nettoyage.<\/li>\n<\/ul>\n<\/div>\n\n\n\n<div class=\"wp-block-column is-layout-flow wp-block-column-is-layout-flow\">\n<figure class=\"wp-block-image size-full\"><img fetchpriority=\"high\" decoding=\"async\" width=\"1001\" height=\"1001\" src=\"https:\/\/jinhuaceramic.com\/wp-content\/uploads\/2025\/09\/Purple-Ceramic-Baking-Dish-Wholesale-Custom-Baking-Pans-for-Food-Service-6.webp\" alt=\"purple-ceramic-baking-pan-supplies-custom-baking-dishes-6\" class=\"wp-image-10449\" srcset=\"https:\/\/jinhuaceramic.com\/wp-content\/uploads\/2025\/09\/Purple-Ceramic-Baking-Dish-Wholesale-Custom-Baking-Pans-for-Food-Service-6.webp 1001w, https:\/\/jinhuaceramic.com\/wp-content\/uploads\/2025\/09\/Purple-Ceramic-Baking-Dish-Wholesale-Custom-Baking-Pans-for-Food-Service-6-300x300.webp 300w, https:\/\/jinhuaceramic.com\/wp-content\/uploads\/2025\/09\/Purple-Ceramic-Baking-Dish-Wholesale-Custom-Baking-Pans-for-Food-Service-6-150x150.webp 150w, https:\/\/jinhuaceramic.com\/wp-content\/uploads\/2025\/09\/Purple-Ceramic-Baking-Dish-Wholesale-Custom-Baking-Pans-for-Food-Service-6-768x768.webp 768w, https:\/\/jinhuaceramic.com\/wp-content\/uploads\/2025\/09\/Purple-Ceramic-Baking-Dish-Wholesale-Custom-Baking-Pans-for-Food-Service-6-12x12.webp 12w, https:\/\/jinhuaceramic.com\/wp-content\/uploads\/2025\/09\/Purple-Ceramic-Baking-Dish-Wholesale-Custom-Baking-Pans-for-Food-Service-6-285x285.webp 285w, https:\/\/jinhuaceramic.com\/wp-content\/uploads\/2025\/09\/Purple-Ceramic-Baking-Dish-Wholesale-Custom-Baking-Pans-for-Food-Service-6-270x270.webp 270w, https:\/\/jinhuaceramic.com\/wp-content\/uploads\/2025\/09\/Purple-Ceramic-Baking-Dish-Wholesale-Custom-Baking-Pans-for-Food-Service-6-540x540.webp 540w, https:\/\/jinhuaceramic.com\/wp-content\/uploads\/2025\/09\/Purple-Ceramic-Baking-Dish-Wholesale-Custom-Baking-Pans-for-Food-Service-6-660x660.webp 660w\" sizes=\"(max-width: 1001px) 100vw, 1001px\" \/><\/figure>\n<\/div>\n<\/div>","protected":false},"excerpt":{"rendered":"<p>N'h\u00e9sitez pas \u00e0 acheter en gros des moules \u00e0 p\u00e2tisserie en c\u00e9ramique. Les moules \u00e0 p\u00e2tisserie se caract\u00e9risent par une combinaison unique et contrast\u00e9e de couleurs violettes et blanches, ce qui les rend \u00e9l\u00e9gants et exquis. La c\u00e9ramique est durable et facile \u00e0 nettoyer. Alliant fonctionnalit\u00e9 et beaut\u00e9, les articles de boulangerie ne sont pas seulement des appareils de cuisson qui peuvent \u00eatre utilis\u00e9s pour cuire toutes sortes d'aliments, mais aussi des articles de table de haute qualit\u00e9 qui apportent majest\u00e9 et beaut\u00e9 \u00e0 votre table \u00e0 manger.<\/p>","protected":false},"featured_media":10450,"comment_status":"closed","ping_status":"closed","template":"","meta":{"_acf_changed":false},"product_brand":[],"product_cat":[53],"product_tag":[71],"class_list":{"0":"post-10444","1":"product","2":"type-product","3":"status-publish","4":"has-post-thumbnail","6":"product_cat-bakeware-in-bulk","7":"product_tag-wholesale-baking-pans","9":"first","10":"instock","11":"shipping-taxable","12":"product-type-simple"},"acf":[],"_links":{"self":[{"href":"https:\/\/jinhuaceramic.com\/fr\/wp-json\/wp\/v2\/product\/10444","targetHints":{"allow":["GET"]}}],"collection":[{"href":"https:\/\/jinhuaceramic.com\/fr\/wp-json\/wp\/v2\/product"}],"about":[{"href":"https:\/\/jinhuaceramic.com\/fr\/wp-json\/wp\/v2\/types\/product"}],"replies":[{"embeddable":true,"href":"https:\/\/jinhuaceramic.com\/fr\/wp-json\/wp\/v2\/comments?post=10444"}],"version-history":[{"count":0,"href":"https:\/\/jinhuaceramic.com\/fr\/wp-json\/wp\/v2\/product\/10444\/revisions"}],"wp:featuredmedia":[{"embeddable":true,"href":"https:\/\/jinhuaceramic.com\/fr\/wp-json\/wp\/v2\/media\/10450"}],"wp:attachment":[{"href":"https:\/\/jinhuaceramic.com\/fr\/wp-json\/wp\/v2\/media?parent=10444"}],"wp:term":[{"taxonomy":"product_brand","embeddable":true,"href":"https:\/\/jinhuaceramic.com\/fr\/wp-json\/wp\/v2\/product_brand?post=10444"},{"taxonomy":"product_cat","embeddable":true,"href":"https:\/\/jinhuaceramic.com\/fr\/wp-json\/wp\/v2\/product_cat?post=10444"},{"taxonomy":"product_tag","embeddable":true,"href":"https:\/\/jinhuaceramic.com\/fr\/wp-json\/wp\/v2\/product_tag?post=10444"}],"curies":[{"name":"wp","href":"https:\/\/api.w.org\/{rel}","templated":true}]}}