{"id":10453,"date":"2025-09-19T07:59:50","date_gmt":"2025-09-19T07:59:50","guid":{"rendered":"https:\/\/jinhuaceramic.com\/?post_type=product&#038;p=10453"},"modified":"2025-09-19T07:59:52","modified_gmt":"2025-09-19T07:59:52","slug":"wholesale-bath-accessory-sets","status":"publish","type":"product","link":"https:\/\/jinhuaceramic.com\/fr\/product\/wholesale-bath-accessory-sets\/","title":{"rendered":"Factory Wholesale Bath Accessory Sets with Stripe Pattern (Ensembles d'accessoires de bain avec motif \u00e0 rayures)"},"content":{"rendered":"<div class=\"wp-block-columns is-layout-flex wp-container-core-columns-is-layout-9d6595d7 wp-block-columns-is-layout-flex\">\n<div class=\"wp-block-column is-layout-flow wp-block-column-is-layout-flow\">\n<h3 class=\"wp-block-heading\">Premium Wholesale Bath Accessory Sets Caract\u00e9ristiques :<\/h3>\n\n\n\n<ul class=\"wp-block-list\">\n<li><strong>Motif de rayures distinctif : <\/strong>La principale caract\u00e9ristique de ces ensembles de salle de bains personnalis\u00e9s est le motif \u00e0 rayures distinctif, alternant des rayures douces de couleur beige et vert clair pour un environnement naturel et d\u00e9contract\u00e9 qui permet aux gens de se sentir \u00e0 l'aise.<\/li>\n\n\n\n<li><strong>Bordure brune Design :<\/strong> Ces ensembles d'accessoires de bain en gros sont dot\u00e9s d'une bordure brune. Les bords bruns soulignent astucieusement les contours du porte-brosse \u00e0 dents, du porte-savon et du pot de rangement, ajoutant une superposition visuelle et une d\u00e9licatesse qui donnent \u00e0 l'ensemble un aspect plus unifi\u00e9 et coordonn\u00e9.<\/li>\n\n\n\n<li><strong>Enti\u00e8rement fonctionnel : <\/strong>Ces ensembles d'accessoires de bain en gros comprennent une solution de rangement compl\u00e8te pour la salle de bain, enti\u00e8rement fonctionnelle et suffisante pour r\u00e9pondre aux besoins quotidiens de toilettage de la salle de bain. Le pot de rangement \u00e0 couvercle est id\u00e9al pour ranger les petits objets tels que les cotons-tiges ou les tampons de maquillage, ce qui permet d'\u00e9viter d'encombrer le comptoir.<\/li>\n\n\n\n<li><strong>Mat\u00e9riau c\u00e9ramique de haute qualit\u00e9 : <\/strong>Les ensembles de salle de bains en c\u00e9ramique de l'usine sont durs, r\u00e9sistants \u00e0 l'usure et \u00e0 la corrosion, ne s'ab\u00eement pas facilement et ont une longue dur\u00e9e de vie ; la surface est lisse, facile \u00e0 nettoyer, avec peu de r\u00e9sidus d'eau et de salet\u00e9, ce qui facilite l'entretien quotidien.<\/li>\n<\/ul>\n<\/div>\n\n\n\n<div class=\"wp-block-column is-layout-flow wp-block-column-is-layout-flow\">\n<figure class=\"wp-block-image size-full\"><img fetchpriority=\"high\" decoding=\"async\" width=\"1024\" height=\"1024\" src=\"https:\/\/jinhuaceramic.com\/wp-content\/uploads\/2025\/09\/Custom-Bathroom-Set-with-Stripe-Pattern-Ceramic-Bath-Accessories-Wholesale-2.webp\" alt=\"factory-wholesale-bath-accessory-sets-with-stripe-pattern-2\" class=\"wp-image-10454\" srcset=\"https:\/\/jinhuaceramic.com\/wp-content\/uploads\/2025\/09\/Custom-Bathroom-Set-with-Stripe-Pattern-Ceramic-Bath-Accessories-Wholesale-2.webp 1024w, https:\/\/jinhuaceramic.com\/wp-content\/uploads\/2025\/09\/Custom-Bathroom-Set-with-Stripe-Pattern-Ceramic-Bath-Accessories-Wholesale-2-300x300.webp 300w, https:\/\/jinhuaceramic.com\/wp-content\/uploads\/2025\/09\/Custom-Bathroom-Set-with-Stripe-Pattern-Ceramic-Bath-Accessories-Wholesale-2-150x150.webp 150w, https:\/\/jinhuaceramic.com\/wp-content\/uploads\/2025\/09\/Custom-Bathroom-Set-with-Stripe-Pattern-Ceramic-Bath-Accessories-Wholesale-2-768x768.webp 768w, https:\/\/jinhuaceramic.com\/wp-content\/uploads\/2025\/09\/Custom-Bathroom-Set-with-Stripe-Pattern-Ceramic-Bath-Accessories-Wholesale-2-12x12.webp 12w, https:\/\/jinhuaceramic.com\/wp-content\/uploads\/2025\/09\/Custom-Bathroom-Set-with-Stripe-Pattern-Ceramic-Bath-Accessories-Wholesale-2-285x285.webp 285w, https:\/\/jinhuaceramic.com\/wp-content\/uploads\/2025\/09\/Custom-Bathroom-Set-with-Stripe-Pattern-Ceramic-Bath-Accessories-Wholesale-2-270x270.webp 270w, https:\/\/jinhuaceramic.com\/wp-content\/uploads\/2025\/09\/Custom-Bathroom-Set-with-Stripe-Pattern-Ceramic-Bath-Accessories-Wholesale-2-540x540.webp 540w, https:\/\/jinhuaceramic.com\/wp-content\/uploads\/2025\/09\/Custom-Bathroom-Set-with-Stripe-Pattern-Ceramic-Bath-Accessories-Wholesale-2-660x660.webp 660w\" sizes=\"(max-width: 1024px) 100vw, 1024px\" \/><\/figure>\n<\/div>\n<\/div>","protected":false},"excerpt":{"rendered":"<p>Nous vous invitons \u00e0 acheter ces ensembles d'accessoires de bain en gros, avec un nouveau motif \u00e0 rayures vertes et blanches, de jolies bordures brunes, des mat\u00e9riaux en c\u00e9ramique de qualit\u00e9 sup\u00e9rieure et des accessoires enti\u00e8rement fonctionnels, qui apportent une merveilleuse combinaison de beaut\u00e9 et de praticit\u00e9 \u00e0 l'espace de la salle de bains. Ce ne sont pas seulement des n\u00e9cessit\u00e9s quotidiennes pratiques, mais aussi des objets d'ameublement qui peuvent d\u00e9corer la salle de bains et cr\u00e9er une atmosph\u00e8re chaleureuse.<\/p>","protected":false},"featured_media":10454,"comment_status":"closed","ping_status":"closed","template":"","meta":{"_acf_changed":false},"product_brand":[],"product_cat":[51],"product_tag":[74],"class_list":{"0":"post-10453","1":"product","2":"type-product","3":"status-publish","4":"has-post-thumbnail","6":"product_cat-bathroom-accessories-wholesale","7":"product_tag-ceramic-bath-accessories-wholesale","9":"first","10":"instock","11":"shipping-taxable","12":"product-type-simple"},"acf":[],"_links":{"self":[{"href":"https:\/\/jinhuaceramic.com\/fr\/wp-json\/wp\/v2\/product\/10453","targetHints":{"allow":["GET"]}}],"collection":[{"href":"https:\/\/jinhuaceramic.com\/fr\/wp-json\/wp\/v2\/product"}],"about":[{"href":"https:\/\/jinhuaceramic.com\/fr\/wp-json\/wp\/v2\/types\/product"}],"replies":[{"embeddable":true,"href":"https:\/\/jinhuaceramic.com\/fr\/wp-json\/wp\/v2\/comments?post=10453"}],"version-history":[{"count":0,"href":"https:\/\/jinhuaceramic.com\/fr\/wp-json\/wp\/v2\/product\/10453\/revisions"}],"wp:featuredmedia":[{"embeddable":true,"href":"https:\/\/jinhuaceramic.com\/fr\/wp-json\/wp\/v2\/media\/10454"}],"wp:attachment":[{"href":"https:\/\/jinhuaceramic.com\/fr\/wp-json\/wp\/v2\/media?parent=10453"}],"wp:term":[{"taxonomy":"product_brand","embeddable":true,"href":"https:\/\/jinhuaceramic.com\/fr\/wp-json\/wp\/v2\/product_brand?post=10453"},{"taxonomy":"product_cat","embeddable":true,"href":"https:\/\/jinhuaceramic.com\/fr\/wp-json\/wp\/v2\/product_cat?post=10453"},{"taxonomy":"product_tag","embeddable":true,"href":"https:\/\/jinhuaceramic.com\/fr\/wp-json\/wp\/v2\/product_tag?post=10453"}],"curies":[{"name":"wp","href":"https:\/\/api.w.org\/{rel}","templated":true}]}}