{"id":10486,"date":"2025-09-25T10:22:49","date_gmt":"2025-09-25T10:22:49","guid":{"rendered":"https:\/\/jinhuaceramic.com\/?post_type=product&#038;p=10486"},"modified":"2025-09-25T10:22:51","modified_gmt":"2025-09-25T10:22:51","slug":"wholesale-4-piece-bathroom-set","status":"publish","type":"product","link":"https:\/\/jinhuaceramic.com\/fr\/product\/wholesale-4-piece-bathroom-set\/","title":{"rendered":"Simple Wholesale 4 Piece Bathroom Set, Bulk Bath Accessories"},"content":{"rendered":"<div class=\"wp-block-columns is-layout-flex wp-container-core-columns-is-layout-9d6595d7 wp-block-columns-is-layout-flex\">\n<div class=\"wp-block-column is-layout-flow wp-block-column-is-layout-flow\">\n<h3 class=\"wp-block-heading\">Premium Wholesale 4 Piece Bathroom Set\u00a0Features:<\/h3>\n\n\n\n<ul class=\"wp-block-list\">\n<li><strong>Design bicolore :<\/strong> These wholesale 4 piece bathroom sets feature rounded geometric shapes and unique contrasting color designs, pure white on top and matte beige without glaze on the bottom, with a soft and natural color combination that adds a sense of layering to the product.<\/li>\n\n\n\n<li><strong>Exquisite Details: <\/strong>These wholesale 4 piece bathroom sets have exquisitely designed details. The lid of the storage jar is equipped with a small brown leather handle, adding a touch of warmth and natural texture to the overall product, while also becoming a visual highlight, appearing very high-end.<\/li>\n\n\n\n<li><strong>Ensemble complet :<\/strong> These custom bathroom sets are fully functional and meet the basic needs of bathroom grooming and storage. The soap dispenser presses smoothly and produces stable liquid. The soap dish has an anti-slip design in the middle, which can effectively prevent the soap from slipping off. The cotton jar has a lid, which can be waterproof and dustproof.<\/li>\n\n\n\n<li><strong>Mat\u00e9riau durable : <\/strong>These custom bathroom accessories are made of high-quality ceramic materials. Compared to resin and plastic materials, ceramic bathroom sets are more sturdy and durable, less prone to wear and tear, have a longer service life.<\/li>\n<\/ul>\n<\/div>\n\n\n\n<div class=\"wp-block-column is-layout-flow wp-block-column-is-layout-flow\">\n<figure class=\"wp-block-image size-full\"><img fetchpriority=\"high\" decoding=\"async\" width=\"1024\" height=\"1024\" src=\"https:\/\/jinhuaceramic.com\/wp-content\/uploads\/2025\/09\/Two-Tone-Designer-Bathroom-Sets-Wholesale-Ceramic-Bulk-Bath-Accessories.webp\" alt=\"simple-wholesale-4-piece-bathroom-set-bulk-bath-accessories-1\" class=\"wp-image-10491\" srcset=\"https:\/\/jinhuaceramic.com\/wp-content\/uploads\/2025\/09\/Two-Tone-Designer-Bathroom-Sets-Wholesale-Ceramic-Bulk-Bath-Accessories.webp 1024w, https:\/\/jinhuaceramic.com\/wp-content\/uploads\/2025\/09\/Two-Tone-Designer-Bathroom-Sets-Wholesale-Ceramic-Bulk-Bath-Accessories-300x300.webp 300w, https:\/\/jinhuaceramic.com\/wp-content\/uploads\/2025\/09\/Two-Tone-Designer-Bathroom-Sets-Wholesale-Ceramic-Bulk-Bath-Accessories-150x150.webp 150w, https:\/\/jinhuaceramic.com\/wp-content\/uploads\/2025\/09\/Two-Tone-Designer-Bathroom-Sets-Wholesale-Ceramic-Bulk-Bath-Accessories-768x768.webp 768w, https:\/\/jinhuaceramic.com\/wp-content\/uploads\/2025\/09\/Two-Tone-Designer-Bathroom-Sets-Wholesale-Ceramic-Bulk-Bath-Accessories-12x12.webp 12w, https:\/\/jinhuaceramic.com\/wp-content\/uploads\/2025\/09\/Two-Tone-Designer-Bathroom-Sets-Wholesale-Ceramic-Bulk-Bath-Accessories-285x285.webp 285w, https:\/\/jinhuaceramic.com\/wp-content\/uploads\/2025\/09\/Two-Tone-Designer-Bathroom-Sets-Wholesale-Ceramic-Bulk-Bath-Accessories-270x270.webp 270w, https:\/\/jinhuaceramic.com\/wp-content\/uploads\/2025\/09\/Two-Tone-Designer-Bathroom-Sets-Wholesale-Ceramic-Bulk-Bath-Accessories-540x540.webp 540w, https:\/\/jinhuaceramic.com\/wp-content\/uploads\/2025\/09\/Two-Tone-Designer-Bathroom-Sets-Wholesale-Ceramic-Bulk-Bath-Accessories-660x660.webp 660w\" sizes=\"(max-width: 1024px) 100vw, 1024px\" \/><\/figure>\n<\/div>\n<\/div>\n\n\n\n<p><\/p>","protected":false},"excerpt":{"rendered":"<p>Bienvenue sur notre site de vente en gros d'ensembles de salle de bain 4 pi\u00e8ces. L'avantage de ces accessoires de salle de bain personnalis\u00e9s est le m\u00e9lange id\u00e9al d'un design \u00e9l\u00e9gant, d'une grande fonctionnalit\u00e9 et de quelque chose construit \u00e0 partir de mat\u00e9riaux c\u00e9ramiques de qualit\u00e9. Ces ensembles de salle de bain pratiques et esth\u00e9tiques sont des n\u00e9cessit\u00e9s quotidiennes dans la salle de bain et des articles qui sont aussi des d\u00e9corations de salle de bain qui am\u00e9liorent le style et la qualit\u00e9 de vie de la salle de bain.<\/p>","protected":false},"featured_media":10491,"comment_status":"closed","ping_status":"closed","template":"","meta":{"_acf_changed":false},"product_brand":[],"product_cat":[51],"product_tag":[74],"class_list":{"0":"post-10486","1":"product","2":"type-product","3":"status-publish","4":"has-post-thumbnail","6":"product_cat-bathroom-accessories-wholesale","7":"product_tag-ceramic-bath-accessories-wholesale","9":"first","10":"instock","11":"shipping-taxable","12":"product-type-simple"},"acf":[],"_links":{"self":[{"href":"https:\/\/jinhuaceramic.com\/fr\/wp-json\/wp\/v2\/product\/10486","targetHints":{"allow":["GET"]}}],"collection":[{"href":"https:\/\/jinhuaceramic.com\/fr\/wp-json\/wp\/v2\/product"}],"about":[{"href":"https:\/\/jinhuaceramic.com\/fr\/wp-json\/wp\/v2\/types\/product"}],"replies":[{"embeddable":true,"href":"https:\/\/jinhuaceramic.com\/fr\/wp-json\/wp\/v2\/comments?post=10486"}],"version-history":[{"count":0,"href":"https:\/\/jinhuaceramic.com\/fr\/wp-json\/wp\/v2\/product\/10486\/revisions"}],"wp:featuredmedia":[{"embeddable":true,"href":"https:\/\/jinhuaceramic.com\/fr\/wp-json\/wp\/v2\/media\/10491"}],"wp:attachment":[{"href":"https:\/\/jinhuaceramic.com\/fr\/wp-json\/wp\/v2\/media?parent=10486"}],"wp:term":[{"taxonomy":"product_brand","embeddable":true,"href":"https:\/\/jinhuaceramic.com\/fr\/wp-json\/wp\/v2\/product_brand?post=10486"},{"taxonomy":"product_cat","embeddable":true,"href":"https:\/\/jinhuaceramic.com\/fr\/wp-json\/wp\/v2\/product_cat?post=10486"},{"taxonomy":"product_tag","embeddable":true,"href":"https:\/\/jinhuaceramic.com\/fr\/wp-json\/wp\/v2\/product_tag?post=10486"}],"curies":[{"name":"wp","href":"https:\/\/api.w.org\/{rel}","templated":true}]}}