{"id":10496,"date":"2025-09-25T10:03:30","date_gmt":"2025-09-25T10:03:30","guid":{"rendered":"https:\/\/jinhuaceramic.com\/?post_type=product&#038;p=10496"},"modified":"2025-09-25T10:03:32","modified_gmt":"2025-09-25T10:03:32","slug":"bathroom-set-3-piece-bulk","status":"publish","type":"product","link":"https:\/\/jinhuaceramic.com\/fr\/product\/bathroom-set-3-piece-bulk\/","title":{"rendered":"Ensemble de salle de bain marron 3 pi\u00e8ces Bulk, Ceramic Bathroom Supplies"},"content":{"rendered":"<div class=\"wp-block-columns is-layout-flex wp-container-core-columns-is-layout-9d6595d7 wp-block-columns-is-layout-flex\">\n<div class=\"wp-block-column is-layout-flow wp-block-column-is-layout-flow\">\n<h3 class=\"wp-block-heading\">Premium Brown Bathroom Set 3 Piece Bulk Caract\u00e9ristiques :<\/h3>\n\n\n\n<ul class=\"wp-block-list\">\n<li><strong>Mat\u00e9riau c\u00e9ramique de premi\u00e8re qualit\u00e9 :<\/strong> L'ensemble de salle de bain marron 3 pi\u00e8ces en vrac est fabriqu\u00e9 en c\u00e9ramique de haute qualit\u00e9. L'ensemble pr\u00e9sente une surface lisse et facile \u00e0 nettoyer, il est imperm\u00e9able et r\u00e9sistant \u00e0 l'humidit\u00e9, et durable, r\u00e9sistant \u00e0 la d\u00e9coloration.<\/li>\n\n\n\n<li><strong>Ensemble pratique de trois pi\u00e8ces : <\/strong>L'ensemble de salle de bain marron 3 pi\u00e8ces en vrac comprend un plateau \u00e0 savon, un distributeur et un gobelet pour bain de bouche, r\u00e9pondant ainsi \u00e0 tous vos besoins quotidiens en mati\u00e8re de lavage en un seul ensemble.<\/li>\n\n\n\n<li><strong>Design marron simple :<\/strong> Cet ensemble de salle de bain en c\u00e9ramique offre une couleur brune sophistiqu\u00e9e et intemporelle qui convient \u00e0 de nombreux designs de salle de bain, permettant \u00e0 toute salle de bain d'exprimer grandeur et confort.<\/li>\n\n\n\n<li><strong>Grossiste Options de personnalisation :<\/strong> Nous sommes disponibles pour la vente en gros, les logos et emballages personnalis\u00e9s OEM\/ODM, et nous convenons aux h\u00f4tels, aux chambres d'h\u00f4tes et aux d\u00e9taillants qui souhaitent faire des achats \u00e0 long terme.<\/li>\n<\/ul>\n<\/div>\n\n\n\n<div class=\"wp-block-column is-layout-flow wp-block-column-is-layout-flow\">\n<figure class=\"wp-block-image size-full\"><img fetchpriority=\"high\" decoding=\"async\" width=\"950\" height=\"950\" src=\"https:\/\/jinhuaceramic.com\/wp-content\/uploads\/2025\/09\/Brown-Ceramic-Bathroom-Accessories-Wholesale-Soap-Dispenser-and-Toothbrush-Holder-Set.webp\" alt=\"brown-bathroom-set-3-piece-bulk-ceramic-bathroom-supplies-1\" class=\"wp-image-10501\" srcset=\"https:\/\/jinhuaceramic.com\/wp-content\/uploads\/2025\/09\/Brown-Ceramic-Bathroom-Accessories-Wholesale-Soap-Dispenser-and-Toothbrush-Holder-Set.webp 950w, https:\/\/jinhuaceramic.com\/wp-content\/uploads\/2025\/09\/Brown-Ceramic-Bathroom-Accessories-Wholesale-Soap-Dispenser-and-Toothbrush-Holder-Set-300x300.webp 300w, https:\/\/jinhuaceramic.com\/wp-content\/uploads\/2025\/09\/Brown-Ceramic-Bathroom-Accessories-Wholesale-Soap-Dispenser-and-Toothbrush-Holder-Set-150x150.webp 150w, https:\/\/jinhuaceramic.com\/wp-content\/uploads\/2025\/09\/Brown-Ceramic-Bathroom-Accessories-Wholesale-Soap-Dispenser-and-Toothbrush-Holder-Set-768x768.webp 768w, https:\/\/jinhuaceramic.com\/wp-content\/uploads\/2025\/09\/Brown-Ceramic-Bathroom-Accessories-Wholesale-Soap-Dispenser-and-Toothbrush-Holder-Set-12x12.webp 12w, https:\/\/jinhuaceramic.com\/wp-content\/uploads\/2025\/09\/Brown-Ceramic-Bathroom-Accessories-Wholesale-Soap-Dispenser-and-Toothbrush-Holder-Set-285x285.webp 285w, https:\/\/jinhuaceramic.com\/wp-content\/uploads\/2025\/09\/Brown-Ceramic-Bathroom-Accessories-Wholesale-Soap-Dispenser-and-Toothbrush-Holder-Set-270x270.webp 270w, https:\/\/jinhuaceramic.com\/wp-content\/uploads\/2025\/09\/Brown-Ceramic-Bathroom-Accessories-Wholesale-Soap-Dispenser-and-Toothbrush-Holder-Set-540x540.webp 540w, https:\/\/jinhuaceramic.com\/wp-content\/uploads\/2025\/09\/Brown-Ceramic-Bathroom-Accessories-Wholesale-Soap-Dispenser-and-Toothbrush-Holder-Set-660x660.webp 660w\" sizes=\"(max-width: 950px) 100vw, 950px\" \/><\/figure>\n<\/div>\n<\/div>","protected":false},"excerpt":{"rendered":"<p>Nous vous invitons \u00e0 acheter en gros notre ensemble de salle de bain marron 3 pi\u00e8ces. L'ensemble de salle de bain en c\u00e9ramique en gros offre une solution pratique et \u00e9l\u00e9gante pour les salles de bain modernes. Comprenant un plateau \u00e0 savon, un distributeur et un gobelet pour bain de bouche, cet ensemble en c\u00e9ramique durable est id\u00e9al pour les h\u00f4tels, les d\u00e9taillants et les grossistes \u00e0 la recherche de fournitures de salle de bain de haute qualit\u00e9 en vrac avec des options de personnalisation flexibles.<\/p>","protected":false},"featured_media":10501,"comment_status":"closed","ping_status":"closed","template":"","meta":{"_acf_changed":false},"product_brand":[],"product_cat":[51],"product_tag":[74],"class_list":{"0":"post-10496","1":"product","2":"type-product","3":"status-publish","4":"has-post-thumbnail","6":"product_cat-bathroom-accessories-wholesale","7":"product_tag-ceramic-bath-accessories-wholesale","9":"first","10":"instock","11":"shipping-taxable","12":"product-type-simple"},"acf":[],"_links":{"self":[{"href":"https:\/\/jinhuaceramic.com\/fr\/wp-json\/wp\/v2\/product\/10496","targetHints":{"allow":["GET"]}}],"collection":[{"href":"https:\/\/jinhuaceramic.com\/fr\/wp-json\/wp\/v2\/product"}],"about":[{"href":"https:\/\/jinhuaceramic.com\/fr\/wp-json\/wp\/v2\/types\/product"}],"replies":[{"embeddable":true,"href":"https:\/\/jinhuaceramic.com\/fr\/wp-json\/wp\/v2\/comments?post=10496"}],"version-history":[{"count":0,"href":"https:\/\/jinhuaceramic.com\/fr\/wp-json\/wp\/v2\/product\/10496\/revisions"}],"wp:featuredmedia":[{"embeddable":true,"href":"https:\/\/jinhuaceramic.com\/fr\/wp-json\/wp\/v2\/media\/10501"}],"wp:attachment":[{"href":"https:\/\/jinhuaceramic.com\/fr\/wp-json\/wp\/v2\/media?parent=10496"}],"wp:term":[{"taxonomy":"product_brand","embeddable":true,"href":"https:\/\/jinhuaceramic.com\/fr\/wp-json\/wp\/v2\/product_brand?post=10496"},{"taxonomy":"product_cat","embeddable":true,"href":"https:\/\/jinhuaceramic.com\/fr\/wp-json\/wp\/v2\/product_cat?post=10496"},{"taxonomy":"product_tag","embeddable":true,"href":"https:\/\/jinhuaceramic.com\/fr\/wp-json\/wp\/v2\/product_tag?post=10496"}],"curies":[{"name":"wp","href":"https:\/\/api.w.org\/{rel}","templated":true}]}}