{"id":10511,"date":"2025-09-25T09:23:15","date_gmt":"2025-09-25T09:23:15","guid":{"rendered":"https:\/\/jinhuaceramic.com\/?post_type=product&#038;p=10511"},"modified":"2025-09-25T09:23:17","modified_gmt":"2025-09-25T09:23:17","slug":"custom-bathroom-set-wholesale","status":"publish","type":"product","link":"https:\/\/jinhuaceramic.com\/fr\/product\/custom-bathroom-set-wholesale\/","title":{"rendered":"Ensemble de salle de bain personnalis\u00e9 Wholesale, Ensemble de salle de bain en c\u00e9ramique blanche Bulk"},"content":{"rendered":"<div class=\"wp-block-columns is-layout-flex wp-container-core-columns-is-layout-9d6595d7 wp-block-columns-is-layout-flex\">\n<div class=\"wp-block-column is-layout-flow wp-block-column-is-layout-flow\">\n<h3 class=\"wp-block-heading\">Premium Custom Bathroom Set Wholesale Bathroom Set\u00a0Features:<\/h3>\n\n\n\n<ul class=\"wp-block-list\">\n<li><strong>Design minimaliste : <\/strong>These custom bathroom set wholesale are entirely white and are composed of simple and smooth conical geometric shapes, making it easy to apply across sink and other areas of your bathroom to keep the space looking clean and tidy.<\/li>\n\n\n\n<li><strong>Ensemble complet :<\/strong> The custom bathroom set wholesale includes containers of various shapes and functions including soap dispensers, toothbrush holders, soap dishes, cotton jars, and trays. They full all functions and meet the use of classification and storage of bathroom supplies, to keep your bathroom counter top organized.<\/li>\n\n\n\n<li><strong>Mat\u00e9riau durable : <\/strong>These high-quality wholesale ceramic bathroom sets has a hard texture, are anti-wear and corrosion resistant and not easily damaged, which ensures they will be used for a long time.<\/li>\n\n\n\n<li><strong>Facile \u00e0 nettoyer :<\/strong> These white ceramic bathroom sets in bulk have a smooth, dense surface, which makes not easy for water stains and dirt to stick to. When you clean daily, all you need is a cloth to dampen the stains will come off and the bathroom set will maintain its clean appearance.<\/li>\n<\/ul>\n<\/div>\n\n\n\n<div class=\"wp-block-column is-layout-flow wp-block-column-is-layout-flow\">\n<figure class=\"wp-block-image size-full\"><img fetchpriority=\"high\" decoding=\"async\" width=\"1024\" height=\"1024\" src=\"https:\/\/jinhuaceramic.com\/wp-content\/uploads\/2025\/09\/White-Designer-Bathroom-Sets-Custom-Ceramic-Bath-Accessories-Wholesale.webp\" alt=\"custom-bathroom-set-wholesale-white-ceramic-bath-set-bulk-1\" class=\"wp-image-10518\" srcset=\"https:\/\/jinhuaceramic.com\/wp-content\/uploads\/2025\/09\/White-Designer-Bathroom-Sets-Custom-Ceramic-Bath-Accessories-Wholesale.webp 1024w, https:\/\/jinhuaceramic.com\/wp-content\/uploads\/2025\/09\/White-Designer-Bathroom-Sets-Custom-Ceramic-Bath-Accessories-Wholesale-300x300.webp 300w, https:\/\/jinhuaceramic.com\/wp-content\/uploads\/2025\/09\/White-Designer-Bathroom-Sets-Custom-Ceramic-Bath-Accessories-Wholesale-150x150.webp 150w, https:\/\/jinhuaceramic.com\/wp-content\/uploads\/2025\/09\/White-Designer-Bathroom-Sets-Custom-Ceramic-Bath-Accessories-Wholesale-768x768.webp 768w, https:\/\/jinhuaceramic.com\/wp-content\/uploads\/2025\/09\/White-Designer-Bathroom-Sets-Custom-Ceramic-Bath-Accessories-Wholesale-12x12.webp 12w, https:\/\/jinhuaceramic.com\/wp-content\/uploads\/2025\/09\/White-Designer-Bathroom-Sets-Custom-Ceramic-Bath-Accessories-Wholesale-285x285.webp 285w, https:\/\/jinhuaceramic.com\/wp-content\/uploads\/2025\/09\/White-Designer-Bathroom-Sets-Custom-Ceramic-Bath-Accessories-Wholesale-270x270.webp 270w, https:\/\/jinhuaceramic.com\/wp-content\/uploads\/2025\/09\/White-Designer-Bathroom-Sets-Custom-Ceramic-Bath-Accessories-Wholesale-540x540.webp 540w, https:\/\/jinhuaceramic.com\/wp-content\/uploads\/2025\/09\/White-Designer-Bathroom-Sets-Custom-Ceramic-Bath-Accessories-Wholesale-660x660.webp 660w\" sizes=\"(max-width: 1024px) 100vw, 1024px\" \/><\/figure>\n<\/div>\n<\/div>","protected":false},"excerpt":{"rendered":"<p>Nous vous invitons \u00e0 acheter en gros notre ensemble de salle de bain personnalis\u00e9. Ces ensembles de salle de bain personnalis\u00e9s blancs, avec leur design minimaliste et beau, leurs fonctions pratiques et compl\u00e8tes, leurs mat\u00e9riaux c\u00e9ramiques excellents et durables, et leurs caract\u00e9ristiques faciles \u00e0 nettoyer, peuvent apporter aux utilisateurs une exp\u00e9rience de salle de bain confortable, pratique et de haute qualit\u00e9, ce qui en fait un choix de haute qualit\u00e9 pour les fournitures de salle de bain.<\/p>","protected":false},"featured_media":10518,"comment_status":"closed","ping_status":"closed","template":"","meta":{"_acf_changed":false},"product_brand":[],"product_cat":[51],"product_tag":[74],"class_list":{"0":"post-10511","1":"product","2":"type-product","3":"status-publish","4":"has-post-thumbnail","6":"product_cat-bathroom-accessories-wholesale","7":"product_tag-ceramic-bath-accessories-wholesale","9":"first","10":"instock","11":"shipping-taxable","12":"product-type-simple"},"acf":[],"_links":{"self":[{"href":"https:\/\/jinhuaceramic.com\/fr\/wp-json\/wp\/v2\/product\/10511","targetHints":{"allow":["GET"]}}],"collection":[{"href":"https:\/\/jinhuaceramic.com\/fr\/wp-json\/wp\/v2\/product"}],"about":[{"href":"https:\/\/jinhuaceramic.com\/fr\/wp-json\/wp\/v2\/types\/product"}],"replies":[{"embeddable":true,"href":"https:\/\/jinhuaceramic.com\/fr\/wp-json\/wp\/v2\/comments?post=10511"}],"version-history":[{"count":0,"href":"https:\/\/jinhuaceramic.com\/fr\/wp-json\/wp\/v2\/product\/10511\/revisions"}],"wp:featuredmedia":[{"embeddable":true,"href":"https:\/\/jinhuaceramic.com\/fr\/wp-json\/wp\/v2\/media\/10518"}],"wp:attachment":[{"href":"https:\/\/jinhuaceramic.com\/fr\/wp-json\/wp\/v2\/media?parent=10511"}],"wp:term":[{"taxonomy":"product_brand","embeddable":true,"href":"https:\/\/jinhuaceramic.com\/fr\/wp-json\/wp\/v2\/product_brand?post=10511"},{"taxonomy":"product_cat","embeddable":true,"href":"https:\/\/jinhuaceramic.com\/fr\/wp-json\/wp\/v2\/product_cat?post=10511"},{"taxonomy":"product_tag","embeddable":true,"href":"https:\/\/jinhuaceramic.com\/fr\/wp-json\/wp\/v2\/product_tag?post=10511"}],"curies":[{"name":"wp","href":"https:\/\/api.w.org\/{rel}","templated":true}]}}