{"id":10539,"date":"2025-09-30T10:05:32","date_gmt":"2025-09-30T10:05:32","guid":{"rendered":"https:\/\/jinhuaceramic.com\/?post_type=product&#038;p=10539"},"modified":"2025-09-30T10:05:33","modified_gmt":"2025-09-30T10:05:33","slug":"wholesale-baking-dish","status":"publish","type":"product","link":"https:\/\/jinhuaceramic.com\/fr\/product\/wholesale-baking-dish\/","title":{"rendered":"Texture ondul\u00e9e Plats \u00e0 four en gros, ustensiles de cuisine en c\u00e9ramique"},"content":{"rendered":"<div class=\"wp-block-columns is-layout-flex wp-container-core-columns-is-layout-9d6595d7 wp-block-columns-is-layout-flex\">\n<div class=\"wp-block-column is-layout-flow wp-block-column-is-layout-flow\">\n<h3 class=\"wp-block-heading\">Premium Wholesale Baking Dish Caract\u00e9ristiques :<\/h3>\n\n\n\n<ul class=\"wp-block-list\">\n<li><strong>\u00c9l\u00e9gante palette de couleurs :<\/strong> Ces plats de cuisson en gros sont con\u00e7us dans une palette de couleurs gris clair et d\u00e9cor\u00e9s de lignes dor\u00e9es sur les bords. Ils sont simples mais \u00e9l\u00e9gants et s'adaptent bien \u00e0 diff\u00e9rents styles de tables \u00e0 manger et de d\u00e9coration de cuisine.<\/li>\n\n\n\n<li><strong>Texture ondul\u00e9e :<\/strong> La face ext\u00e9rieure de ces moules en c\u00e9ramique en vrac pr\u00e9sente une texture ondul\u00e9e, et ces textures in\u00e9gales augmentent la superposition tactile et visuelle des moules, les rendant plus distinctifs en apparence et diff\u00e9rents des moules de cuisson ordinaires.<\/li>\n\n\n\n<li><strong>Mat\u00e9riau durable :<\/strong> Ces plats de cuisson en gros sont fabriqu\u00e9s \u00e0 partir de mat\u00e9riaux c\u00e9ramiques de haute qualit\u00e9 qui ont \u00e9t\u00e9 cuits \u00e0 haute temp\u00e9rature. Ils ont une texture dure, une certaine r\u00e9sistance \u00e0 l'usure et aux rayures, ne s'ab\u00eement pas facilement et ont une longue dur\u00e9e de vie.<\/li>\n\n\n\n<li><strong>Grande praticit\u00e9 :<\/strong> Ces plats de cuisson en c\u00e9ramique en vrac conviennent \u00e0 la cuisson d'un large \u00e9ventail de recettes, telles que lasagnes, poulet, steak, brownies, etc. Ils sont \u00e9quip\u00e9s de poign\u00e9es antid\u00e9rapantes des deux c\u00f4t\u00e9s, ce qui rend tr\u00e8s pratique le d\u00e9placement du plat de cuisson directement du four \u00e0 la table.<\/li>\n<\/ul>\n<\/div>\n\n\n\n<div class=\"wp-block-column is-layout-flow wp-block-column-is-layout-flow\">\n<figure class=\"wp-block-image size-full\"><img fetchpriority=\"high\" decoding=\"async\" width=\"1000\" height=\"1000\" src=\"https:\/\/jinhuaceramic.com\/wp-content\/uploads\/2025\/09\/Custom-Baking-Dish-with-Ripple-Texture-Ceramic-Kitchen-Bakeware-Wholesale.webp\" alt=\"Texture ondul\u00e9e Plats \u00e0 four en gros, ustensiles de cuisine en c\u00e9ramique\" class=\"wp-image-10545\" srcset=\"https:\/\/jinhuaceramic.com\/wp-content\/uploads\/2025\/09\/Custom-Baking-Dish-with-Ripple-Texture-Ceramic-Kitchen-Bakeware-Wholesale.webp 1000w, https:\/\/jinhuaceramic.com\/wp-content\/uploads\/2025\/09\/Custom-Baking-Dish-with-Ripple-Texture-Ceramic-Kitchen-Bakeware-Wholesale-300x300.webp 300w, https:\/\/jinhuaceramic.com\/wp-content\/uploads\/2025\/09\/Custom-Baking-Dish-with-Ripple-Texture-Ceramic-Kitchen-Bakeware-Wholesale-150x150.webp 150w, https:\/\/jinhuaceramic.com\/wp-content\/uploads\/2025\/09\/Custom-Baking-Dish-with-Ripple-Texture-Ceramic-Kitchen-Bakeware-Wholesale-768x768.webp 768w, https:\/\/jinhuaceramic.com\/wp-content\/uploads\/2025\/09\/Custom-Baking-Dish-with-Ripple-Texture-Ceramic-Kitchen-Bakeware-Wholesale-12x12.webp 12w, https:\/\/jinhuaceramic.com\/wp-content\/uploads\/2025\/09\/Custom-Baking-Dish-with-Ripple-Texture-Ceramic-Kitchen-Bakeware-Wholesale-285x285.webp 285w, https:\/\/jinhuaceramic.com\/wp-content\/uploads\/2025\/09\/Custom-Baking-Dish-with-Ripple-Texture-Ceramic-Kitchen-Bakeware-Wholesale-270x270.webp 270w, https:\/\/jinhuaceramic.com\/wp-content\/uploads\/2025\/09\/Custom-Baking-Dish-with-Ripple-Texture-Ceramic-Kitchen-Bakeware-Wholesale-540x540.webp 540w, https:\/\/jinhuaceramic.com\/wp-content\/uploads\/2025\/09\/Custom-Baking-Dish-with-Ripple-Texture-Ceramic-Kitchen-Bakeware-Wholesale-660x660.webp 660w\" sizes=\"(max-width: 1000px) 100vw, 1000px\" \/><\/figure>\n<\/div>\n<\/div>","protected":false},"excerpt":{"rendered":"<p>Nous vous invitons \u00e0 acheter des plats de cuisson en c\u00e9ramique en gros. Ces plats de cuisson en gros sont devenus des outils de cuisson essentiels dans la cuisine en raison de leur couleur \u00e9l\u00e9gante, de leur texture exquise, de leur bonne durabilit\u00e9 et de leurs caract\u00e9ristiques fonctionnelles pratiques.<\/p>","protected":false},"featured_media":10543,"comment_status":"closed","ping_status":"closed","template":"","meta":{"_acf_changed":false},"product_brand":[],"product_cat":[53],"product_tag":[71],"class_list":{"0":"post-10539","1":"product","2":"type-product","3":"status-publish","4":"has-post-thumbnail","6":"product_cat-bakeware-in-bulk","7":"product_tag-wholesale-baking-pans","9":"first","10":"instock","11":"shipping-taxable","12":"product-type-simple"},"acf":[],"_links":{"self":[{"href":"https:\/\/jinhuaceramic.com\/fr\/wp-json\/wp\/v2\/product\/10539","targetHints":{"allow":["GET"]}}],"collection":[{"href":"https:\/\/jinhuaceramic.com\/fr\/wp-json\/wp\/v2\/product"}],"about":[{"href":"https:\/\/jinhuaceramic.com\/fr\/wp-json\/wp\/v2\/types\/product"}],"replies":[{"embeddable":true,"href":"https:\/\/jinhuaceramic.com\/fr\/wp-json\/wp\/v2\/comments?post=10539"}],"version-history":[{"count":0,"href":"https:\/\/jinhuaceramic.com\/fr\/wp-json\/wp\/v2\/product\/10539\/revisions"}],"wp:featuredmedia":[{"embeddable":true,"href":"https:\/\/jinhuaceramic.com\/fr\/wp-json\/wp\/v2\/media\/10543"}],"wp:attachment":[{"href":"https:\/\/jinhuaceramic.com\/fr\/wp-json\/wp\/v2\/media?parent=10539"}],"wp:term":[{"taxonomy":"product_brand","embeddable":true,"href":"https:\/\/jinhuaceramic.com\/fr\/wp-json\/wp\/v2\/product_brand?post=10539"},{"taxonomy":"product_cat","embeddable":true,"href":"https:\/\/jinhuaceramic.com\/fr\/wp-json\/wp\/v2\/product_cat?post=10539"},{"taxonomy":"product_tag","embeddable":true,"href":"https:\/\/jinhuaceramic.com\/fr\/wp-json\/wp\/v2\/product_tag?post=10539"}],"curies":[{"name":"wp","href":"https:\/\/api.w.org\/{rel}","templated":true}]}}