{"id":10548,"date":"2025-10-16T08:54:16","date_gmt":"2025-10-16T08:54:16","guid":{"rendered":"https:\/\/jinhuaceramic.com\/?post_type=product&#038;p=10548"},"modified":"2025-11-12T01:15:50","modified_gmt":"2025-11-12T01:15:50","slug":"ceramic-pie-pans-in-bulk","status":"publish","type":"product","link":"https:\/\/jinhuaceramic.com\/fr\/product\/ceramic-pie-pans-in-bulk\/","title":{"rendered":"Moules \u00e0 tarte en c\u00e9ramique en vrac, moules \u00e0 p\u00e2tisserie personnalis\u00e9s avec bords ondul\u00e9s"},"content":{"rendered":"<div class=\"wp-block-columns is-layout-flex wp-container-core-columns-is-layout-9d6595d7 wp-block-columns-is-layout-flex\">\n<div class=\"wp-block-column is-layout-flow wp-block-column-is-layout-flow\">\n<h3 class=\"wp-block-heading\">Premium Ceramic Pie Pans in Bulk&nbsp;Features:<\/h3>\n\n\n\n<ul class=\"wp-block-list\">\n<li><strong>Wavy Edges: <\/strong>These custom baking pans come with a distinctive wavy design along the edges, aiding not only in baking crispy edges but also breaking up the monotonous straight profile present in ordinary baking pans, providing flexibility and elegance, much like a flower bursting open.<\/li>\n\n\n\n<li><strong>Elegant Look:<\/strong> The ceramic pie pans in bulk are principally in a classic white color scheme with ginger-patterned edges that are also visually attractive and can be a decorative item on the dining table, enhancing the dining experience.<\/li>\n\n\n\n<li><strong>Quality Built: <\/strong>The high-quality ceramic pie pans in bulk have solid thermal conductivity, allowing the plate to evenly distribute heat within the food and baking dish during baking, achieving a proper level of heat on the ingredients while avoiding local undercooking or burning.<\/li>\n\n\n\n<li><strong>Variety of Uses: <\/strong>These round-shaped customized baking pans are suitable for baking an array of desserts baking such as pies, cakes, along with meat, vegetables and other foods, to satisfy many cooking requests and in many use case situations.<\/li>\n<\/ul>\n<\/div>\n\n\n\n<div class=\"wp-block-column is-layout-flow wp-block-column-is-layout-flow\">\n<figure class=\"wp-block-image size-full\"><img fetchpriority=\"high\" decoding=\"async\" width=\"1600\" height=\"1600\" src=\"https:\/\/jinhuaceramic.com\/wp-content\/uploads\/2025\/09\/Custom-Baking-Pan-with-Wavy-Edges-Ceramic-Kitchen-Bakeware-Wholesale-3.webp\" alt=\"ceramic-pie-pans-in-bulk-with-wavy-edges-bakeware-supply-3\" class=\"wp-image-10550\" srcset=\"https:\/\/jinhuaceramic.com\/wp-content\/uploads\/2025\/09\/Custom-Baking-Pan-with-Wavy-Edges-Ceramic-Kitchen-Bakeware-Wholesale-3.webp 1600w, https:\/\/jinhuaceramic.com\/wp-content\/uploads\/2025\/09\/Custom-Baking-Pan-with-Wavy-Edges-Ceramic-Kitchen-Bakeware-Wholesale-3-300x300.webp 300w, https:\/\/jinhuaceramic.com\/wp-content\/uploads\/2025\/09\/Custom-Baking-Pan-with-Wavy-Edges-Ceramic-Kitchen-Bakeware-Wholesale-3-150x150.webp 150w, https:\/\/jinhuaceramic.com\/wp-content\/uploads\/2025\/09\/Custom-Baking-Pan-with-Wavy-Edges-Ceramic-Kitchen-Bakeware-Wholesale-3-768x768.webp 768w, https:\/\/jinhuaceramic.com\/wp-content\/uploads\/2025\/09\/Custom-Baking-Pan-with-Wavy-Edges-Ceramic-Kitchen-Bakeware-Wholesale-3-12x12.webp 12w, https:\/\/jinhuaceramic.com\/wp-content\/uploads\/2025\/09\/Custom-Baking-Pan-with-Wavy-Edges-Ceramic-Kitchen-Bakeware-Wholesale-3-285x285.webp 285w, https:\/\/jinhuaceramic.com\/wp-content\/uploads\/2025\/09\/Custom-Baking-Pan-with-Wavy-Edges-Ceramic-Kitchen-Bakeware-Wholesale-3-270x270.webp 270w, https:\/\/jinhuaceramic.com\/wp-content\/uploads\/2025\/09\/Custom-Baking-Pan-with-Wavy-Edges-Ceramic-Kitchen-Bakeware-Wholesale-3-540x540.webp 540w, https:\/\/jinhuaceramic.com\/wp-content\/uploads\/2025\/09\/Custom-Baking-Pan-with-Wavy-Edges-Ceramic-Kitchen-Bakeware-Wholesale-3-660x660.webp 660w\" sizes=\"(max-width: 1600px) 100vw, 1600px\" \/><\/figure>\n<\/div>\n<\/div>","protected":false},"excerpt":{"rendered":"<p>Welcome to purchase our ceramic pie pans in bulk. Our wholesale round baking pans are the most ideal blend of special wavy edges, gorgeous color matching, top-grade ceramic, and functional practical elements. Gorgeous and functional, these baking pans are a great choice for both daily family cooking and special parties to decorate the dining table.<\/p>","protected":false},"featured_media":10556,"comment_status":"closed","ping_status":"closed","template":"","meta":{"_acf_changed":false},"product_brand":[],"product_cat":[53],"product_tag":[70,71],"class_list":{"0":"post-10548","1":"product","2":"type-product","3":"status-publish","4":"has-post-thumbnail","6":"product_cat-bakeware-in-bulk","7":"product_tag-custom-pie-pans","8":"product_tag-wholesale-baking-pans","10":"first","11":"instock","12":"shipping-taxable","13":"product-type-simple"},"acf":[],"_links":{"self":[{"href":"https:\/\/jinhuaceramic.com\/fr\/wp-json\/wp\/v2\/product\/10548","targetHints":{"allow":["GET"]}}],"collection":[{"href":"https:\/\/jinhuaceramic.com\/fr\/wp-json\/wp\/v2\/product"}],"about":[{"href":"https:\/\/jinhuaceramic.com\/fr\/wp-json\/wp\/v2\/types\/product"}],"replies":[{"embeddable":true,"href":"https:\/\/jinhuaceramic.com\/fr\/wp-json\/wp\/v2\/comments?post=10548"}],"version-history":[{"count":0,"href":"https:\/\/jinhuaceramic.com\/fr\/wp-json\/wp\/v2\/product\/10548\/revisions"}],"wp:featuredmedia":[{"embeddable":true,"href":"https:\/\/jinhuaceramic.com\/fr\/wp-json\/wp\/v2\/media\/10556"}],"wp:attachment":[{"href":"https:\/\/jinhuaceramic.com\/fr\/wp-json\/wp\/v2\/media?parent=10548"}],"wp:term":[{"taxonomy":"product_brand","embeddable":true,"href":"https:\/\/jinhuaceramic.com\/fr\/wp-json\/wp\/v2\/product_brand?post=10548"},{"taxonomy":"product_cat","embeddable":true,"href":"https:\/\/jinhuaceramic.com\/fr\/wp-json\/wp\/v2\/product_cat?post=10548"},{"taxonomy":"product_tag","embeddable":true,"href":"https:\/\/jinhuaceramic.com\/fr\/wp-json\/wp\/v2\/product_tag?post=10548"}],"curies":[{"name":"wp","href":"https:\/\/api.w.org\/{rel}","templated":true}]}}