{"id":10560,"date":"2025-09-30T09:59:14","date_gmt":"2025-09-30T09:59:14","guid":{"rendered":"https:\/\/jinhuaceramic.com\/?post_type=product&#038;p=10560"},"modified":"2025-09-30T09:59:16","modified_gmt":"2025-09-30T09:59:16","slug":"luxury-bath-accessories-wholesale","status":"publish","type":"product","link":"https:\/\/jinhuaceramic.com\/fr\/product\/luxury-bath-accessories-wholesale\/","title":{"rendered":"Accessoires de bain de luxe en gros avec gla\u00e7age blanc mouchet\u00e9"},"content":{"rendered":"<div class=\"wp-block-columns is-layout-flex wp-container-core-columns-is-layout-9d6595d7 wp-block-columns-is-layout-flex\">\n<div class=\"wp-block-column is-layout-flow wp-block-column-is-layout-flow\">\n<h3 class=\"wp-block-heading\">Accessoires de bain de luxe en gros Caract\u00e9ristiques :<\/h3>\n\n\n\n<ul class=\"wp-block-list\">\n<li><strong>Simple et \u00e9l\u00e9gant : <\/strong>Ces accessoires de bain de luxe pr\u00e9sentent un design minimaliste, avec le blanc comme couleur principale et des t\u00eates de pompe noires, ce qui leur conf\u00e8re un aspect propre et rafra\u00eechissant. La partie sup\u00e9rieure de tous les accessoires de salle de bains pr\u00e9sente de d\u00e9licates textures mouchet\u00e9es, pr\u00e9sentant un style moderne \u00e0 la fois simple et exquis.<\/li>\n\n\n\n<li><strong>Fonctionnalit\u00e9 pratique : <\/strong>Ces ensembles de salle de bains en c\u00e9ramique en vrac comprennent des accessoires de base tels que des distributeurs de savon, des porte-brosses \u00e0 dents et des porte-savons, qui r\u00e9pondent aux besoins quotidiens de rangement des articles de toilette dans la salle de bains.<\/li>\n\n\n\n<li><strong>Robuste et durable : <\/strong>Ces accessoires de bain de luxe en c\u00e9ramique de haute qualit\u00e9 ont une texture dure et une plus grande r\u00e9sistance \u00e0 l'usure et aux chocs que les mat\u00e9riaux tels que le plastique et la r\u00e9sine. Ils ne s'ab\u00eement pas facilement et ont une longue dur\u00e9e de vie.<\/li>\n\n\n\n<li><strong>Facile \u00e0 nettoyer : <\/strong>Ces ensembles de salle de bains en c\u00e9ramique en vrac ont un \u00e9mail lisse, ce qui rend difficile l'adh\u00e9rence des taches d'eau, de la salet\u00e9, etc. Lors du nettoyage quotidien, il suffit d'essuyer avec un chiffon humide pour \u00e9liminer facilement les taches et pr\u00e9server l'aspect propre de l'ensemble de salle de bains.<\/li>\n<\/ul>\n<\/div>\n\n\n\n<div class=\"wp-block-column is-layout-flow wp-block-column-is-layout-flow\">\n<figure class=\"wp-block-image size-full\"><img fetchpriority=\"high\" decoding=\"async\" width=\"800\" height=\"800\" src=\"https:\/\/jinhuaceramic.com\/wp-content\/uploads\/2025\/09\/White-Bathroom-Accessories-with-Speckled-Texture-Ceramic-Soap-Bottle-and-Soap-Dish-Set-2.webp\" alt=\"Accessoires de bain de luxe en gros avec gla\u00e7age blanc mouchet\u00e9\" class=\"wp-image-10561\" srcset=\"https:\/\/jinhuaceramic.com\/wp-content\/uploads\/2025\/09\/White-Bathroom-Accessories-with-Speckled-Texture-Ceramic-Soap-Bottle-and-Soap-Dish-Set-2.webp 800w, https:\/\/jinhuaceramic.com\/wp-content\/uploads\/2025\/09\/White-Bathroom-Accessories-with-Speckled-Texture-Ceramic-Soap-Bottle-and-Soap-Dish-Set-2-300x300.webp 300w, https:\/\/jinhuaceramic.com\/wp-content\/uploads\/2025\/09\/White-Bathroom-Accessories-with-Speckled-Texture-Ceramic-Soap-Bottle-and-Soap-Dish-Set-2-150x150.webp 150w, https:\/\/jinhuaceramic.com\/wp-content\/uploads\/2025\/09\/White-Bathroom-Accessories-with-Speckled-Texture-Ceramic-Soap-Bottle-and-Soap-Dish-Set-2-768x768.webp 768w, https:\/\/jinhuaceramic.com\/wp-content\/uploads\/2025\/09\/White-Bathroom-Accessories-with-Speckled-Texture-Ceramic-Soap-Bottle-and-Soap-Dish-Set-2-12x12.webp 12w, https:\/\/jinhuaceramic.com\/wp-content\/uploads\/2025\/09\/White-Bathroom-Accessories-with-Speckled-Texture-Ceramic-Soap-Bottle-and-Soap-Dish-Set-2-285x285.webp 285w, https:\/\/jinhuaceramic.com\/wp-content\/uploads\/2025\/09\/White-Bathroom-Accessories-with-Speckled-Texture-Ceramic-Soap-Bottle-and-Soap-Dish-Set-2-270x270.webp 270w, https:\/\/jinhuaceramic.com\/wp-content\/uploads\/2025\/09\/White-Bathroom-Accessories-with-Speckled-Texture-Ceramic-Soap-Bottle-and-Soap-Dish-Set-2-540x540.webp 540w, https:\/\/jinhuaceramic.com\/wp-content\/uploads\/2025\/09\/White-Bathroom-Accessories-with-Speckled-Texture-Ceramic-Soap-Bottle-and-Soap-Dish-Set-2-660x660.webp 660w\" sizes=\"(max-width: 800px) 100vw, 800px\" \/><\/figure>\n<\/div>\n<\/div>","protected":false},"excerpt":{"rendered":"<p>Bienvenue sur le site d'achat en gros d'accessoires de salle de bain en c\u00e9ramique. Ces accessoires de bain de luxe blancs en gros pr\u00e9sentent un design simple et \u00e9l\u00e9gant qui rehausse la beaut\u00e9 g\u00e9n\u00e9rale de la salle de bains. Ils sont \u00e9galement pratiques dans leur fonction, robustes et durables dans leur mat\u00e9riau et faciles \u00e0 nettoyer.<\/p>","protected":false},"featured_media":10566,"comment_status":"closed","ping_status":"closed","template":"","meta":{"_acf_changed":false},"product_brand":[],"product_cat":[51],"product_tag":[74],"class_list":{"0":"post-10560","1":"product","2":"type-product","3":"status-publish","4":"has-post-thumbnail","6":"product_cat-bathroom-accessories-wholesale","7":"product_tag-ceramic-bath-accessories-wholesale","9":"first","10":"instock","11":"shipping-taxable","12":"product-type-simple"},"acf":[],"_links":{"self":[{"href":"https:\/\/jinhuaceramic.com\/fr\/wp-json\/wp\/v2\/product\/10560","targetHints":{"allow":["GET"]}}],"collection":[{"href":"https:\/\/jinhuaceramic.com\/fr\/wp-json\/wp\/v2\/product"}],"about":[{"href":"https:\/\/jinhuaceramic.com\/fr\/wp-json\/wp\/v2\/types\/product"}],"replies":[{"embeddable":true,"href":"https:\/\/jinhuaceramic.com\/fr\/wp-json\/wp\/v2\/comments?post=10560"}],"version-history":[{"count":0,"href":"https:\/\/jinhuaceramic.com\/fr\/wp-json\/wp\/v2\/product\/10560\/revisions"}],"wp:featuredmedia":[{"embeddable":true,"href":"https:\/\/jinhuaceramic.com\/fr\/wp-json\/wp\/v2\/media\/10566"}],"wp:attachment":[{"href":"https:\/\/jinhuaceramic.com\/fr\/wp-json\/wp\/v2\/media?parent=10560"}],"wp:term":[{"taxonomy":"product_brand","embeddable":true,"href":"https:\/\/jinhuaceramic.com\/fr\/wp-json\/wp\/v2\/product_brand?post=10560"},{"taxonomy":"product_cat","embeddable":true,"href":"https:\/\/jinhuaceramic.com\/fr\/wp-json\/wp\/v2\/product_cat?post=10560"},{"taxonomy":"product_tag","embeddable":true,"href":"https:\/\/jinhuaceramic.com\/fr\/wp-json\/wp\/v2\/product_tag?post=10560"}],"curies":[{"name":"wp","href":"https:\/\/api.w.org\/{rel}","templated":true}]}}