{"id":10583,"date":"2025-10-10T05:40:58","date_gmt":"2025-10-10T05:40:58","guid":{"rendered":"https:\/\/jinhuaceramic.com\/?post_type=product&#038;p=10583"},"modified":"2025-10-10T05:41:00","modified_gmt":"2025-10-10T05:41:00","slug":"wholesale-round-baking-dish","status":"publish","type":"product","link":"https:\/\/jinhuaceramic.com\/fr\/product\/wholesale-round-baking-dish\/","title":{"rendered":"Wholesale Round Baking Dish with Wavy Edge, Custom Ceramic Pie Pan (Plat \u00e0 tarte en c\u00e9ramique personnalis\u00e9)"},"content":{"rendered":"<div class=\"wp-block-columns is-layout-flex wp-container-core-columns-is-layout-9d6595d7 wp-block-columns-is-layout-flex\">\n<div class=\"wp-block-column is-layout-flow wp-block-column-is-layout-flow\">\n<h3 class=\"wp-block-heading\">Premium Wholesale Round Baking Dish Caract\u00e9ristiques :<\/h3>\n\n\n\n<ul class=\"wp-block-list\">\n<li><strong>Bord ondul\u00e9 distinctif :<\/strong> Ces plats \u00e0 four ronds de gros ont un design ondul\u00e9 distinctif le long du bord qui ressemble \u00e0 des p\u00e9tales en fleurs. Ces plats \u00e0 p\u00e2tisserie d\u00e9gagent une forte impression d'art et de beaut\u00e9. En m\u00eame temps, le bord ondul\u00e9 permet au plat de cuisson de cr\u00e9er une tarte avec des bords croustillants et une belle forme.<\/li>\n\n\n\n<li><strong>Polka Dot Texture :<\/strong> Ces plats de cuisson personnalis\u00e9s sont dot\u00e9s d'une texture circulaire \u00e0 pois sur le c\u00f4t\u00e9, ce qui leur conf\u00e8re un aspect plus raffin\u00e9 et sophistiqu\u00e9 qu'un simple plat de cuisson lisse.<\/li>\n\n\n\n<li><strong>Mat\u00e9riau de haute qualit\u00e9 :<\/strong> Ces moules \u00e0 p\u00e2tisserie en c\u00e9ramique de haute qualit\u00e9 en vrac peuvent conduire et distribuer efficacement la chaleur, assurant un chauffage uniforme des ingr\u00e9dients pendant le processus de cuisson et \u00e9vitant les br\u00fblures localis\u00e9es ou la sous-cuisson.<\/li>\n\n\n\n<li><strong>Compatible avec une grande vari\u00e9t\u00e9 d'appareils de cuisson :<\/strong> Ces moules ronds en c\u00e9ramique ont une excellente r\u00e9sistance \u00e0 la chaleur et au froid et peuvent \u00eatre utilis\u00e9s au four, au micro-ondes et au lave-vaisselle. Toutefois, il convient de veiller \u00e0 \u00e9viter toute chaleur ou froid soudain ou tout contact direct avec une flamme nue afin d'\u00e9viter les fissures dues au choc thermique.<\/li>\n\n\n\n<li><strong>Sc\u00e9narios d'utilisation riches : <\/strong>Ces plats de cuisson ronds en gros peuvent r\u00e9pondre \u00e0 divers besoins de cuisson, tels que la cuisson de tartes, de tartelettes, ainsi que de plats comme le poulet r\u00f4ti et la viande. En outre, leur aspect \u00e9l\u00e9gant leur permet d'\u00eatre servis directement sur la table \u00e0 manger.<\/li>\n<\/ul>\n<\/div>\n\n\n\n<div class=\"wp-block-column is-layout-flow wp-block-column-is-layout-flow\">\n<figure class=\"wp-block-image size-full\"><img fetchpriority=\"high\" decoding=\"async\" width=\"1800\" height=\"1800\" src=\"https:\/\/jinhuaceramic.com\/wp-content\/uploads\/2025\/10\/Round-Baking-Dish-with-Polka-Dot-Texture-Ceramic-Custom-Pie-Pan-Bulk-5.webp\" alt=\"grossiste - plat \u00e0 four rond \u00e0 bord ondul\u00e9 - moule \u00e0 tarte personnalis\u00e9 - 5\" class=\"wp-image-10587\" srcset=\"https:\/\/jinhuaceramic.com\/wp-content\/uploads\/2025\/10\/Round-Baking-Dish-with-Polka-Dot-Texture-Ceramic-Custom-Pie-Pan-Bulk-5.webp 1800w, https:\/\/jinhuaceramic.com\/wp-content\/uploads\/2025\/10\/Round-Baking-Dish-with-Polka-Dot-Texture-Ceramic-Custom-Pie-Pan-Bulk-5-300x300.webp 300w, https:\/\/jinhuaceramic.com\/wp-content\/uploads\/2025\/10\/Round-Baking-Dish-with-Polka-Dot-Texture-Ceramic-Custom-Pie-Pan-Bulk-5-150x150.webp 150w, https:\/\/jinhuaceramic.com\/wp-content\/uploads\/2025\/10\/Round-Baking-Dish-with-Polka-Dot-Texture-Ceramic-Custom-Pie-Pan-Bulk-5-768x768.webp 768w, https:\/\/jinhuaceramic.com\/wp-content\/uploads\/2025\/10\/Round-Baking-Dish-with-Polka-Dot-Texture-Ceramic-Custom-Pie-Pan-Bulk-5-12x12.webp 12w, https:\/\/jinhuaceramic.com\/wp-content\/uploads\/2025\/10\/Round-Baking-Dish-with-Polka-Dot-Texture-Ceramic-Custom-Pie-Pan-Bulk-5-285x285.webp 285w, https:\/\/jinhuaceramic.com\/wp-content\/uploads\/2025\/10\/Round-Baking-Dish-with-Polka-Dot-Texture-Ceramic-Custom-Pie-Pan-Bulk-5-1600x1600.webp 1600w, https:\/\/jinhuaceramic.com\/wp-content\/uploads\/2025\/10\/Round-Baking-Dish-with-Polka-Dot-Texture-Ceramic-Custom-Pie-Pan-Bulk-5-270x270.webp 270w, https:\/\/jinhuaceramic.com\/wp-content\/uploads\/2025\/10\/Round-Baking-Dish-with-Polka-Dot-Texture-Ceramic-Custom-Pie-Pan-Bulk-5-540x540.webp 540w, https:\/\/jinhuaceramic.com\/wp-content\/uploads\/2025\/10\/Round-Baking-Dish-with-Polka-Dot-Texture-Ceramic-Custom-Pie-Pan-Bulk-5-660x660.webp 660w\" sizes=\"(max-width: 1800px) 100vw, 1800px\" \/><\/figure>\n<\/div>\n<\/div>","protected":false},"excerpt":{"rendered":"<p>Nous vous invitons \u00e0 acheter en gros nos plats de cuisson ronds. Ces plats de cuisson personnalis\u00e9s en vrac, d'une conception visuelle exceptionnelle et agr\u00e9able, d'une grande vari\u00e9t\u00e9 de sc\u00e9narios d'application et de mat\u00e9riaux c\u00e9ramiques de haute qualit\u00e9, peuvent \u00eatre utilis\u00e9s \u00e0 leur avantage dans le cadre de la cuisine domestique g\u00e9n\u00e9rale et d'\u00e9v\u00e9nements sp\u00e9ciaux. Il s'agit d'un produit de cuisine indispensable qui est \u00e0 la fois esth\u00e9tique et pratique.<\/p>","protected":false},"featured_media":10588,"comment_status":"closed","ping_status":"closed","template":"","meta":{"_acf_changed":false},"product_brand":[],"product_cat":[53],"product_tag":[70,71],"class_list":{"0":"post-10583","1":"product","2":"type-product","3":"status-publish","4":"has-post-thumbnail","6":"product_cat-bakeware-in-bulk","7":"product_tag-custom-pie-pans","8":"product_tag-wholesale-baking-pans","10":"first","11":"instock","12":"shipping-taxable","13":"product-type-simple"},"acf":[],"_links":{"self":[{"href":"https:\/\/jinhuaceramic.com\/fr\/wp-json\/wp\/v2\/product\/10583","targetHints":{"allow":["GET"]}}],"collection":[{"href":"https:\/\/jinhuaceramic.com\/fr\/wp-json\/wp\/v2\/product"}],"about":[{"href":"https:\/\/jinhuaceramic.com\/fr\/wp-json\/wp\/v2\/types\/product"}],"replies":[{"embeddable":true,"href":"https:\/\/jinhuaceramic.com\/fr\/wp-json\/wp\/v2\/comments?post=10583"}],"version-history":[{"count":0,"href":"https:\/\/jinhuaceramic.com\/fr\/wp-json\/wp\/v2\/product\/10583\/revisions"}],"wp:featuredmedia":[{"embeddable":true,"href":"https:\/\/jinhuaceramic.com\/fr\/wp-json\/wp\/v2\/media\/10588"}],"wp:attachment":[{"href":"https:\/\/jinhuaceramic.com\/fr\/wp-json\/wp\/v2\/media?parent=10583"}],"wp:term":[{"taxonomy":"product_brand","embeddable":true,"href":"https:\/\/jinhuaceramic.com\/fr\/wp-json\/wp\/v2\/product_brand?post=10583"},{"taxonomy":"product_cat","embeddable":true,"href":"https:\/\/jinhuaceramic.com\/fr\/wp-json\/wp\/v2\/product_cat?post=10583"},{"taxonomy":"product_tag","embeddable":true,"href":"https:\/\/jinhuaceramic.com\/fr\/wp-json\/wp\/v2\/product_tag?post=10583"}],"curies":[{"name":"wp","href":"https:\/\/api.w.org\/{rel}","templated":true}]}}