{"id":10592,"date":"2025-10-10T06:16:20","date_gmt":"2025-10-10T06:16:20","guid":{"rendered":"https:\/\/jinhuaceramic.com\/?post_type=product&#038;p=10592"},"modified":"2025-10-10T06:16:58","modified_gmt":"2025-10-10T06:16:58","slug":"wholesale-ceramic-baking-dishes","status":"publish","type":"product","link":"https:\/\/jinhuaceramic.com\/fr\/product\/wholesale-ceramic-baking-dishes\/","title":{"rendered":"Grossiste Plats de cuisson en c\u00e9ramique, Plats de cuisson rectangulaires Approvisionnement"},"content":{"rendered":"<div class=\"wp-block-columns is-layout-flex wp-container-core-columns-is-layout-9d6595d7 wp-block-columns-is-layout-flex\">\n<div class=\"wp-block-column is-layout-flow wp-block-column-is-layout-flow\">\n<h3 class=\"wp-block-heading\">Plats \u00e0 four en c\u00e9ramique de premi\u00e8re qualit\u00e9 en gros Caract\u00e9ristiques :<\/h3>\n\n\n\n<ul class=\"wp-block-list\">\n<li><strong>Design \u00e9l\u00e9gant :<\/strong> Les plats de cuisson en c\u00e9ramique en gros ont un design jaune et vert contrast\u00e9 et \u00e9l\u00e9gant. L'int\u00e9rieur du plat de cuisson est jaune et l'ext\u00e9rieur du plat de cuisson est vert, ce qui rend le contraste fort et illumine la table au lieu de la ternir.<\/li>\n\n\n\n<li><strong>Sant\u00e9 et s\u00e9curit\u00e9 : <\/strong>Ces moules de cuisson en gros sont fabriqu\u00e9s \u00e0 partir de mat\u00e9riaux c\u00e9ramiques naturels qui ont \u00e9t\u00e9 cuits \u00e0 haute temp\u00e9rature, ne lib\u00e9rant aucun produit chimique nocif ou toxique pendant la cuisson ou le service. Les mat\u00e9riaux c\u00e9ramiques ne r\u00e9agissent pas chimiquement avec les aliments, ce qui favorise un r\u00e9gime alimentaire sain.<\/li>\n\n\n\n<li><strong>Nettoyage facile : <\/strong>Ces plats de cuisson en c\u00e9ramique sont fabriqu\u00e9s \u00e0 partir de mat\u00e9riaux lisses et denses, ce qui facilite le nettoyage car les r\u00e9sidus alimentaires n'adh\u00e8rent pas \u00e0 la surface des plats de cuisson en c\u00e9ramique. Les r\u00e9sidus s'enl\u00e8vent facilement des plats en c\u00e9ramique en utilisant des produits de nettoyage ordinaires et de l'eau chaude.<\/li>\n\n\n\n<li><strong>Polyvalent pour tout le monde :<\/strong> Ces plats de cuisson personnalis\u00e9s peuvent s'adapter \u00e0 divers \u00e9quipements de cuisson tels que le four, le micro-ondes, etc., et s'adaptent \u00e0 toute une s\u00e9rie de styles de cuisson, y compris la cuisson au four et le r\u00f4tissage. Elles peuvent \u00eatre utilis\u00e9es au quotidien ou pour des r\u00e9ceptions entre amis.<\/li>\n\n\n\n<li><strong>Livr\u00e9 avec des poign\u00e9es doubles : <\/strong>Ce moule rectangulaire en c\u00e9ramique en vrac est dot\u00e9 de doubles poign\u00e9es pour une manipulation stable lorsqu'il est soulev\u00e9, m\u00eame avec des aliments chauds. Son design et sa forme permettent d'obtenir un bord net, lisse et arrondi, et une plus grande capacit\u00e9 permettant de cuire une plus grande vari\u00e9t\u00e9 de plats (lasagnes, l\u00e9gumes, grillades, etc.).<\/li>\n<\/ul>\n<\/div>\n\n\n\n<div class=\"wp-block-column is-layout-flow wp-block-column-is-layout-flow\">\n<figure class=\"wp-block-image size-full\"><img fetchpriority=\"high\" decoding=\"async\" width=\"1001\" height=\"1001\" src=\"https:\/\/jinhuaceramic.com\/wp-content\/uploads\/2025\/10\/Ceramic-Custom-Baking-Dishes-Wholesale-Professional-Bakeware-Supplies-4.webp\" alt=\"grossiste-plateaux de cuisson en c\u00e9ramique-rectangulaire-appareils \u00e0 p\u00e2tisserie-4\" class=\"wp-image-10595\" srcset=\"https:\/\/jinhuaceramic.com\/wp-content\/uploads\/2025\/10\/Ceramic-Custom-Baking-Dishes-Wholesale-Professional-Bakeware-Supplies-4.webp 1001w, https:\/\/jinhuaceramic.com\/wp-content\/uploads\/2025\/10\/Ceramic-Custom-Baking-Dishes-Wholesale-Professional-Bakeware-Supplies-4-300x300.webp 300w, https:\/\/jinhuaceramic.com\/wp-content\/uploads\/2025\/10\/Ceramic-Custom-Baking-Dishes-Wholesale-Professional-Bakeware-Supplies-4-150x150.webp 150w, https:\/\/jinhuaceramic.com\/wp-content\/uploads\/2025\/10\/Ceramic-Custom-Baking-Dishes-Wholesale-Professional-Bakeware-Supplies-4-768x768.webp 768w, https:\/\/jinhuaceramic.com\/wp-content\/uploads\/2025\/10\/Ceramic-Custom-Baking-Dishes-Wholesale-Professional-Bakeware-Supplies-4-12x12.webp 12w, https:\/\/jinhuaceramic.com\/wp-content\/uploads\/2025\/10\/Ceramic-Custom-Baking-Dishes-Wholesale-Professional-Bakeware-Supplies-4-285x285.webp 285w, https:\/\/jinhuaceramic.com\/wp-content\/uploads\/2025\/10\/Ceramic-Custom-Baking-Dishes-Wholesale-Professional-Bakeware-Supplies-4-270x270.webp 270w, https:\/\/jinhuaceramic.com\/wp-content\/uploads\/2025\/10\/Ceramic-Custom-Baking-Dishes-Wholesale-Professional-Bakeware-Supplies-4-540x540.webp 540w, https:\/\/jinhuaceramic.com\/wp-content\/uploads\/2025\/10\/Ceramic-Custom-Baking-Dishes-Wholesale-Professional-Bakeware-Supplies-4-660x660.webp 660w\" sizes=\"(max-width: 1001px) 100vw, 1001px\" \/><\/figure>\n<\/div>\n<\/div>","protected":false},"excerpt":{"rendered":"<p>Bienvenue \u00e0 l'achat de ces plats de cuisson en c\u00e9ramique en gros avec double poign\u00e9e ! Ces plats de cuisson personnalis\u00e9s peuvent \u00e9galement vous apporter le confort et la commodit\u00e9 que vous souhaitez en termes de design, de mat\u00e9riaux sains, \u00e9cologiques et faciles \u00e0 nettoyer et de caract\u00e9ristiques fonctionnelles utiles et pratiques ; un bel ustensile de cuisine facile \u00e0 utiliser qui peut apporter tant de commodit\u00e9 et de plaisir \u00e0 cuisiner et \u00e0 partager des repas.<\/p>","protected":false},"featured_media":10594,"comment_status":"closed","ping_status":"closed","template":"","meta":{"_acf_changed":false},"product_brand":[],"product_cat":[53],"product_tag":[71],"class_list":{"0":"post-10592","1":"product","2":"type-product","3":"status-publish","4":"has-post-thumbnail","6":"product_cat-bakeware-in-bulk","7":"product_tag-wholesale-baking-pans","9":"first","10":"instock","11":"shipping-taxable","12":"product-type-simple"},"acf":[],"_links":{"self":[{"href":"https:\/\/jinhuaceramic.com\/fr\/wp-json\/wp\/v2\/product\/10592","targetHints":{"allow":["GET"]}}],"collection":[{"href":"https:\/\/jinhuaceramic.com\/fr\/wp-json\/wp\/v2\/product"}],"about":[{"href":"https:\/\/jinhuaceramic.com\/fr\/wp-json\/wp\/v2\/types\/product"}],"replies":[{"embeddable":true,"href":"https:\/\/jinhuaceramic.com\/fr\/wp-json\/wp\/v2\/comments?post=10592"}],"version-history":[{"count":0,"href":"https:\/\/jinhuaceramic.com\/fr\/wp-json\/wp\/v2\/product\/10592\/revisions"}],"wp:featuredmedia":[{"embeddable":true,"href":"https:\/\/jinhuaceramic.com\/fr\/wp-json\/wp\/v2\/media\/10594"}],"wp:attachment":[{"href":"https:\/\/jinhuaceramic.com\/fr\/wp-json\/wp\/v2\/media?parent=10592"}],"wp:term":[{"taxonomy":"product_brand","embeddable":true,"href":"https:\/\/jinhuaceramic.com\/fr\/wp-json\/wp\/v2\/product_brand?post=10592"},{"taxonomy":"product_cat","embeddable":true,"href":"https:\/\/jinhuaceramic.com\/fr\/wp-json\/wp\/v2\/product_cat?post=10592"},{"taxonomy":"product_tag","embeddable":true,"href":"https:\/\/jinhuaceramic.com\/fr\/wp-json\/wp\/v2\/product_tag?post=10592"}],"curies":[{"name":"wp","href":"https:\/\/api.w.org\/{rel}","templated":true}]}}