{"id":10602,"date":"2025-10-16T08:30:25","date_gmt":"2025-10-16T08:30:25","guid":{"rendered":"https:\/\/jinhuaceramic.com\/?post_type=product&#038;p=10602"},"modified":"2025-10-16T08:30:27","modified_gmt":"2025-10-16T08:30:27","slug":"bathroom-countertop-accessories-set-bulk","status":"publish","type":"product","link":"https:\/\/jinhuaceramic.com\/fr\/product\/bathroom-countertop-accessories-set-bulk\/","title":{"rendered":"Ensemble d'accessoires pour comptoir de salle de bains en c\u00e9ramique blanche Bulk"},"content":{"rendered":"<div class=\"wp-block-columns is-layout-flex wp-container-core-columns-is-layout-9d6595d7 wp-block-columns-is-layout-flex\">\n<div class=\"wp-block-column is-layout-flow wp-block-column-is-layout-flow\">\n<h3 class=\"wp-block-heading\">Ensemble d'accessoires de comptoir de salle de bain en vrac Caract\u00e9ristiques :<\/h3>\n\n\n\n<ul class=\"wp-block-list\">\n<li><strong>Design minimaliste :<\/strong> Cet ensemble d'accessoires de comptoir de salle de bains en vrac se caract\u00e9rise par une palette de couleurs blanches polyvalentes, associ\u00e9es \u00e0 des taches noires irr\u00e9guli\u00e8res, cr\u00e9ant une atmosph\u00e8re propre et \u00e9l\u00e9gante. La surface des accessoires de salle de bains pr\u00e9sente \u00e9galement des textures ray\u00e9es horizontales et verticales, qui augmentent la sensation tactile et visuelle du produit.<\/li>\n\n\n\n<li><strong>Longue dur\u00e9e de vie Mat\u00e9riau :<\/strong> Ces ensembles d'accessoires de salle de bains en vrac sont fabriqu\u00e9s \u00e0 partir de mat\u00e9riaux c\u00e9ramiques cuits \u00e0 haute temp\u00e9rature. Ils sont tr\u00e8s r\u00e9sistants \u00e0 la corrosion et \u00e0 l'usure, tr\u00e8s r\u00e9sistants aux dommages et aux d\u00e9formations, et ont une tr\u00e8s longue dur\u00e9e de vie.<\/li>\n\n\n\n<li><strong>Ensemble complet :<\/strong> Cet ensemble d'accessoires pour comptoir de salle de bains comprend des distributeurs de savon, des porte-brosses \u00e0 dents, des pots de rangement, des poubelles et des plateaux. Les diff\u00e9rents accessoires ont des divisions fonctionnelles claires, r\u00e9pondant aux besoins de rangement des articles quotidiens de la salle de bains et rendant le plan de travail de la salle de bains plus ordonn\u00e9.<\/li>\n\n\n\n<li><strong>Facile \u00e0 nettoyer :<\/strong> Ces sets de salle de bains en c\u00e9ramique ont une surface lisse et ne sont pas faciles \u00e0 nettoyer. Lors du nettoyage quotidien, il suffit d'essuyer doucement avec un chiffon humide pour enlever facilement la salet\u00e9, ce qui rend l'entretien tr\u00e8s facile.<\/li>\n<\/ul>\n<\/div>\n\n\n\n<div class=\"wp-block-column is-layout-flow wp-block-column-is-layout-flow\">\n<figure class=\"wp-block-image size-full\"><img fetchpriority=\"high\" decoding=\"async\" width=\"2000\" height=\"2000\" src=\"https:\/\/jinhuaceramic.com\/wp-content\/uploads\/2025\/10\/White-Designer-Bathroom-Sets-Wholesale-Ceramic-Custom-Bathroom-Accessories-7.webp\" alt=\"blanc-c\u00e9ramique-plan de travail-accessoires-set-bulk-7\" class=\"wp-image-10608\" srcset=\"https:\/\/jinhuaceramic.com\/wp-content\/uploads\/2025\/10\/White-Designer-Bathroom-Sets-Wholesale-Ceramic-Custom-Bathroom-Accessories-7.webp 2000w, https:\/\/jinhuaceramic.com\/wp-content\/uploads\/2025\/10\/White-Designer-Bathroom-Sets-Wholesale-Ceramic-Custom-Bathroom-Accessories-7-300x300.webp 300w, https:\/\/jinhuaceramic.com\/wp-content\/uploads\/2025\/10\/White-Designer-Bathroom-Sets-Wholesale-Ceramic-Custom-Bathroom-Accessories-7-150x150.webp 150w, https:\/\/jinhuaceramic.com\/wp-content\/uploads\/2025\/10\/White-Designer-Bathroom-Sets-Wholesale-Ceramic-Custom-Bathroom-Accessories-7-768x768.webp 768w, https:\/\/jinhuaceramic.com\/wp-content\/uploads\/2025\/10\/White-Designer-Bathroom-Sets-Wholesale-Ceramic-Custom-Bathroom-Accessories-7-12x12.webp 12w, https:\/\/jinhuaceramic.com\/wp-content\/uploads\/2025\/10\/White-Designer-Bathroom-Sets-Wholesale-Ceramic-Custom-Bathroom-Accessories-7-285x285.webp 285w, https:\/\/jinhuaceramic.com\/wp-content\/uploads\/2025\/10\/White-Designer-Bathroom-Sets-Wholesale-Ceramic-Custom-Bathroom-Accessories-7-1600x1600.webp 1600w, https:\/\/jinhuaceramic.com\/wp-content\/uploads\/2025\/10\/White-Designer-Bathroom-Sets-Wholesale-Ceramic-Custom-Bathroom-Accessories-7-270x270.webp 270w, https:\/\/jinhuaceramic.com\/wp-content\/uploads\/2025\/10\/White-Designer-Bathroom-Sets-Wholesale-Ceramic-Custom-Bathroom-Accessories-7-540x540.webp 540w, https:\/\/jinhuaceramic.com\/wp-content\/uploads\/2025\/10\/White-Designer-Bathroom-Sets-Wholesale-Ceramic-Custom-Bathroom-Accessories-7-660x660.webp 660w\" sizes=\"(max-width: 2000px) 100vw, 2000px\" \/><\/figure>\n<\/div>\n<\/div>","protected":false},"excerpt":{"rendered":"<p>Bienvenue dans l'achat de l'ensemble d'accessoires de comptoir de salle de bain blanc en vrac. Cet ensemble de salle de bain personnalis\u00e9 comprend un porte-savon, un porte-brosse \u00e0 dents, des pots de rangement, des poubelles et des plateaux, offrant un attrait fonctionnel et esth\u00e9tique. Construit en c\u00e9ramique durable avec une finition blanche \u00e9l\u00e9gante, il convient parfaitement aux h\u00f4tels, aux appartements et aux ensembles de salle de bain en gros.<\/p>","protected":false},"featured_media":10609,"comment_status":"closed","ping_status":"closed","template":"","meta":{"_acf_changed":false},"product_brand":[],"product_cat":[51],"product_tag":[74],"class_list":{"0":"post-10602","1":"product","2":"type-product","3":"status-publish","4":"has-post-thumbnail","6":"product_cat-bathroom-accessories-wholesale","7":"product_tag-ceramic-bath-accessories-wholesale","9":"first","10":"instock","11":"shipping-taxable","12":"product-type-simple"},"acf":[],"_links":{"self":[{"href":"https:\/\/jinhuaceramic.com\/fr\/wp-json\/wp\/v2\/product\/10602","targetHints":{"allow":["GET"]}}],"collection":[{"href":"https:\/\/jinhuaceramic.com\/fr\/wp-json\/wp\/v2\/product"}],"about":[{"href":"https:\/\/jinhuaceramic.com\/fr\/wp-json\/wp\/v2\/types\/product"}],"replies":[{"embeddable":true,"href":"https:\/\/jinhuaceramic.com\/fr\/wp-json\/wp\/v2\/comments?post=10602"}],"version-history":[{"count":0,"href":"https:\/\/jinhuaceramic.com\/fr\/wp-json\/wp\/v2\/product\/10602\/revisions"}],"wp:featuredmedia":[{"embeddable":true,"href":"https:\/\/jinhuaceramic.com\/fr\/wp-json\/wp\/v2\/media\/10609"}],"wp:attachment":[{"href":"https:\/\/jinhuaceramic.com\/fr\/wp-json\/wp\/v2\/media?parent=10602"}],"wp:term":[{"taxonomy":"product_brand","embeddable":true,"href":"https:\/\/jinhuaceramic.com\/fr\/wp-json\/wp\/v2\/product_brand?post=10602"},{"taxonomy":"product_cat","embeddable":true,"href":"https:\/\/jinhuaceramic.com\/fr\/wp-json\/wp\/v2\/product_cat?post=10602"},{"taxonomy":"product_tag","embeddable":true,"href":"https:\/\/jinhuaceramic.com\/fr\/wp-json\/wp\/v2\/product_tag?post=10602"}],"curies":[{"name":"wp","href":"https:\/\/api.w.org\/{rel}","templated":true}]}}