{"id":10613,"date":"2025-10-16T08:04:22","date_gmt":"2025-10-16T08:04:22","guid":{"rendered":"https:\/\/jinhuaceramic.com\/?post_type=product&#038;p=10613"},"modified":"2025-10-16T08:05:56","modified_gmt":"2025-10-16T08:05:56","slug":"mini-ramekins-bulk","status":"publish","type":"product","link":"https:\/\/jinhuaceramic.com\/fr\/product\/mini-ramekins-bulk\/","title":{"rendered":"Mini Ramequins en vrac avec couvercle, Grossiste Coupes \u00e0 Souffl\u00e9 en C\u00e9ramique"},"content":{"rendered":"<div class=\"wp-block-columns is-layout-flex wp-container-core-columns-is-layout-9d6595d7 wp-block-columns-is-layout-flex\">\n<div class=\"wp-block-column is-layout-flow wp-block-column-is-layout-flow\">\n<h3 class=\"wp-block-heading\">Mini ramequins Premium en vrac avec couvercle Caract\u00e9ristiques :<\/h3>\n\n\n\n<ul class=\"wp-block-list\">\n<li><strong>Petit et mignon :<\/strong> Ces mini ramequins en vrac ont une taille compacte, associ\u00e9e \u00e0 deux poign\u00e9es et \u00e0 une forme circulaire, ce qui rend le design exquis et mignon. Le couvercle est orn\u00e9 d'une texture unique et de petites poign\u00e9es noires. Le design g\u00e9n\u00e9ral est \u00e0 la fois simple et d\u00e9taill\u00e9.<\/li>\n\n\n\n<li><strong>Nouvelles couleurs :<\/strong> La majorit\u00e9 des mini ramequins en vrac sont livr\u00e9s dans des couleurs nouvelles et douces telles que le violet clair, le blanc cass\u00e9 et le vert clair, qui apporteront une sensation de fra\u00eecheur \u00e0 la table \u00e0 manger et \u00e0 la cuisine, et am\u00e9lioreront l'exp\u00e9rience visuelle, convenant parfaitement aux utilisateurs qui aiment les apparences chaudes et fra\u00eeches.<\/li>\n\n\n\n<li><strong>S\u00e9curit\u00e9 et sant\u00e9 :<\/strong> Les mat\u00e9riaux c\u00e9ramiques naturels de haute qualit\u00e9 utilis\u00e9s pour fabriquer ces coupes \u00e0 souffl\u00e9 en c\u00e9ramique ont des propri\u00e9t\u00e9s chimiques stables, qui ne transf\u00e8rent pas de substances nocives pendant la cuisson \u00e0 haute temp\u00e9rature, garantissant ainsi la s\u00e9curit\u00e9 et la sant\u00e9 des aliments.<\/li>\n\n\n\n<li><strong>Utilisation polyvalente :<\/strong> La petite taille de ces ramequins personnalis\u00e9s les rend adapt\u00e9s \u00e0 la pr\u00e9paration de petits desserts tels que la cr\u00e8me br\u00fbl\u00e9e, le souffl\u00e9, le muffin, etc. Ils peuvent \u00e9galement servir de vaisselle et \u00eatre dispos\u00e9s sur la table pour servir des soupes, des rago\u00fbts, etc.<\/li>\n<\/ul>\n<\/div>\n\n\n\n<div class=\"wp-block-column is-layout-flow wp-block-column-is-layout-flow\">\n<figure class=\"wp-block-image size-full\"><img fetchpriority=\"high\" decoding=\"async\" width=\"800\" height=\"800\" src=\"https:\/\/jinhuaceramic.com\/wp-content\/uploads\/2025\/10\/Bulk-Ramekins-with-Lid-Ceramic-Wholesale-Souffle-Cups-for-Restaurant.webp\" alt=\"mini-ramekins-bulk-with-lid-wholesale-ceramic-souffle-cups-1\" class=\"wp-image-10618\" srcset=\"https:\/\/jinhuaceramic.com\/wp-content\/uploads\/2025\/10\/Bulk-Ramekins-with-Lid-Ceramic-Wholesale-Souffle-Cups-for-Restaurant.webp 800w, https:\/\/jinhuaceramic.com\/wp-content\/uploads\/2025\/10\/Bulk-Ramekins-with-Lid-Ceramic-Wholesale-Souffle-Cups-for-Restaurant-300x300.webp 300w, https:\/\/jinhuaceramic.com\/wp-content\/uploads\/2025\/10\/Bulk-Ramekins-with-Lid-Ceramic-Wholesale-Souffle-Cups-for-Restaurant-150x150.webp 150w, https:\/\/jinhuaceramic.com\/wp-content\/uploads\/2025\/10\/Bulk-Ramekins-with-Lid-Ceramic-Wholesale-Souffle-Cups-for-Restaurant-768x768.webp 768w, https:\/\/jinhuaceramic.com\/wp-content\/uploads\/2025\/10\/Bulk-Ramekins-with-Lid-Ceramic-Wholesale-Souffle-Cups-for-Restaurant-12x12.webp 12w, https:\/\/jinhuaceramic.com\/wp-content\/uploads\/2025\/10\/Bulk-Ramekins-with-Lid-Ceramic-Wholesale-Souffle-Cups-for-Restaurant-285x285.webp 285w, https:\/\/jinhuaceramic.com\/wp-content\/uploads\/2025\/10\/Bulk-Ramekins-with-Lid-Ceramic-Wholesale-Souffle-Cups-for-Restaurant-270x270.webp 270w, https:\/\/jinhuaceramic.com\/wp-content\/uploads\/2025\/10\/Bulk-Ramekins-with-Lid-Ceramic-Wholesale-Souffle-Cups-for-Restaurant-540x540.webp 540w, https:\/\/jinhuaceramic.com\/wp-content\/uploads\/2025\/10\/Bulk-Ramekins-with-Lid-Ceramic-Wholesale-Souffle-Cups-for-Restaurant-660x660.webp 660w\" sizes=\"(max-width: 800px) 100vw, 800px\" \/><\/figure>\n<\/div>\n<\/div>","protected":false},"excerpt":{"rendered":"<p>Bienvenue dans l'achat de ces mini ramequins en vrac avec couvercles. Ces mini ramequins avec couvercle sont devenus un outil indispensable dans la cuisine car ils sont petits par leur volume, tendres et jolis par leur forme, s\u00fbrs et sains par leur mat\u00e9riau, et multifonctionnels et polyvalents par leur application. Que ce soit pour la cuisine quotidienne ou pour les f\u00eates, ils peuvent \u00eatre un \u00e9l\u00e9ment important pour apporter plus de commodit\u00e9 et de bonheur aux gens.<\/p>","protected":false},"featured_media":10617,"comment_status":"closed","ping_status":"closed","template":"","meta":{"_acf_changed":false},"product_brand":[],"product_cat":[53],"product_tag":[69,70,71],"class_list":{"0":"post-10613","1":"product","2":"type-product","3":"status-publish","4":"has-post-thumbnail","6":"product_cat-bakeware-in-bulk","7":"product_tag-bulk-ramekins","8":"product_tag-custom-pie-pans","9":"product_tag-wholesale-baking-pans","11":"first","12":"instock","13":"shipping-taxable","14":"product-type-simple"},"acf":[],"_links":{"self":[{"href":"https:\/\/jinhuaceramic.com\/fr\/wp-json\/wp\/v2\/product\/10613","targetHints":{"allow":["GET"]}}],"collection":[{"href":"https:\/\/jinhuaceramic.com\/fr\/wp-json\/wp\/v2\/product"}],"about":[{"href":"https:\/\/jinhuaceramic.com\/fr\/wp-json\/wp\/v2\/types\/product"}],"replies":[{"embeddable":true,"href":"https:\/\/jinhuaceramic.com\/fr\/wp-json\/wp\/v2\/comments?post=10613"}],"version-history":[{"count":0,"href":"https:\/\/jinhuaceramic.com\/fr\/wp-json\/wp\/v2\/product\/10613\/revisions"}],"wp:featuredmedia":[{"embeddable":true,"href":"https:\/\/jinhuaceramic.com\/fr\/wp-json\/wp\/v2\/media\/10617"}],"wp:attachment":[{"href":"https:\/\/jinhuaceramic.com\/fr\/wp-json\/wp\/v2\/media?parent=10613"}],"wp:term":[{"taxonomy":"product_brand","embeddable":true,"href":"https:\/\/jinhuaceramic.com\/fr\/wp-json\/wp\/v2\/product_brand?post=10613"},{"taxonomy":"product_cat","embeddable":true,"href":"https:\/\/jinhuaceramic.com\/fr\/wp-json\/wp\/v2\/product_cat?post=10613"},{"taxonomy":"product_tag","embeddable":true,"href":"https:\/\/jinhuaceramic.com\/fr\/wp-json\/wp\/v2\/product_tag?post=10613"}],"curies":[{"name":"wp","href":"https:\/\/api.w.org\/{rel}","templated":true}]}}