{"id":10645,"date":"2025-10-16T06:40:02","date_gmt":"2025-10-16T06:40:02","guid":{"rendered":"https:\/\/jinhuaceramic.com\/?post_type=product&#038;p=10645"},"modified":"2025-10-16T06:40:04","modified_gmt":"2025-10-16T06:40:04","slug":"custom-soap-dispenser","status":"publish","type":"product","link":"https:\/\/jinhuaceramic.com\/fr\/product\/custom-soap-dispenser\/","title":{"rendered":"Distributeur de savon personnalis\u00e9 unique, bouteille de savon liquide en c\u00e9ramique"},"content":{"rendered":"<div class=\"wp-block-columns is-layout-flex wp-container-core-columns-is-layout-9d6595d7 wp-block-columns-is-layout-flex\">\n<div class=\"wp-block-column is-layout-flow wp-block-column-is-layout-flow\">\n<h3 class=\"wp-block-heading\">Premium Unique Custom Soap Dispenser Features :<\/h3>\n\n\n\n<ul class=\"wp-block-list\">\n<li><strong>Design distinctif :<\/strong> Ces distributeurs de savon personnalis\u00e9s utilisent une forme cubique, semblable \u00e0 un empilement de bulles en trois dimensions, qui est cr\u00e9ative et attrayante, et qui peut devenir un \u00e9l\u00e9ment visuel dans la salle de bains, apportant une ambiance artistique unique \u00e0 votre salle de bains.<\/li>\n\n\n\n<li><strong>Plusieurs couleurs :<\/strong> Ces distributeurs de savon personnalis\u00e9s sont disponibles en diff\u00e9rentes couleurs, telles que blanc cass\u00e9, rose clair, argent, etc. Le blanc cass\u00e9 et le rose p\u00e2le \u00e9voquent la chaleur et la douceur, tandis que l'argent \u00e9voque la mode, la modernit\u00e9 et l'\u00e9laboration, ce qui convient \u00e0 divers styles de d\u00e9coration de salle de bains.<\/li>\n\n\n\n<li><strong>Composition durable :<\/strong> Ces flacons de savon personnalis\u00e9s sont compos\u00e9s de c\u00e9ramiques de haute qualit\u00e9 cuites \u00e0 haute temp\u00e9rature, qui pr\u00e9sentent une certaine r\u00e9sistance et un certain degr\u00e9 de duret\u00e9 ; les distributeurs ne s'usent pas facilement, ne se cassent pas et ont une longue dur\u00e9e de vie.<\/li>\n\n\n\n<li><strong>Grande praticit\u00e9 : <\/strong>Ces distributeurs de savon en gros ont une capacit\u00e9 mod\u00e9r\u00e9e et ne n\u00e9cessitent pas l'ajout fr\u00e9quent de liquide. La pompe \u00e0 pression \u00e9quip\u00e9e peut presser en douceur, extraire facilement une quantit\u00e9 appropri\u00e9e de d\u00e9sinfectant pour les mains ou de d\u00e9tergent, et le d\u00e9bit est stable, ce qui \u00e9vite le gaspillage.<\/li>\n<\/ul>\n\n\n\n<p><\/p>\n<\/div>\n\n\n\n<div class=\"wp-block-column is-layout-flow wp-block-column-is-layout-flow\">\n<figure class=\"wp-block-image size-full\"><img fetchpriority=\"high\" decoding=\"async\" width=\"800\" height=\"800\" src=\"https:\/\/jinhuaceramic.com\/wp-content\/uploads\/2025\/10\/Unique-Custom-Soap-Dispenser-Ceramic-Bulk-Liquid-Soap-Bottle-Wholesale-8.webp\" alt=\"unique-custom-soap-dispenser-ceramic-bulk-liquid-soap-bottle-8\" class=\"wp-image-10652\" srcset=\"https:\/\/jinhuaceramic.com\/wp-content\/uploads\/2025\/10\/Unique-Custom-Soap-Dispenser-Ceramic-Bulk-Liquid-Soap-Bottle-Wholesale-8.webp 800w, https:\/\/jinhuaceramic.com\/wp-content\/uploads\/2025\/10\/Unique-Custom-Soap-Dispenser-Ceramic-Bulk-Liquid-Soap-Bottle-Wholesale-8-300x300.webp 300w, https:\/\/jinhuaceramic.com\/wp-content\/uploads\/2025\/10\/Unique-Custom-Soap-Dispenser-Ceramic-Bulk-Liquid-Soap-Bottle-Wholesale-8-150x150.webp 150w, https:\/\/jinhuaceramic.com\/wp-content\/uploads\/2025\/10\/Unique-Custom-Soap-Dispenser-Ceramic-Bulk-Liquid-Soap-Bottle-Wholesale-8-768x768.webp 768w, https:\/\/jinhuaceramic.com\/wp-content\/uploads\/2025\/10\/Unique-Custom-Soap-Dispenser-Ceramic-Bulk-Liquid-Soap-Bottle-Wholesale-8-12x12.webp 12w, https:\/\/jinhuaceramic.com\/wp-content\/uploads\/2025\/10\/Unique-Custom-Soap-Dispenser-Ceramic-Bulk-Liquid-Soap-Bottle-Wholesale-8-285x285.webp 285w, https:\/\/jinhuaceramic.com\/wp-content\/uploads\/2025\/10\/Unique-Custom-Soap-Dispenser-Ceramic-Bulk-Liquid-Soap-Bottle-Wholesale-8-270x270.webp 270w, https:\/\/jinhuaceramic.com\/wp-content\/uploads\/2025\/10\/Unique-Custom-Soap-Dispenser-Ceramic-Bulk-Liquid-Soap-Bottle-Wholesale-8-540x540.webp 540w, https:\/\/jinhuaceramic.com\/wp-content\/uploads\/2025\/10\/Unique-Custom-Soap-Dispenser-Ceramic-Bulk-Liquid-Soap-Bottle-Wholesale-8-660x660.webp 660w\" sizes=\"(max-width: 800px) 100vw, 800px\" \/><\/figure>\n<\/div>\n<\/div>","protected":false},"excerpt":{"rendered":"<p>Ces distributeurs de savon personnalis\u00e9s ont un design unique en forme de cube, diverses options de couleur, des mat\u00e9riaux robustes et durables, et des caract\u00e9ristiques fonctionnelles pratiques, combinant praticit\u00e9 et esth\u00e9tique, ce qui en fait non seulement des produits de salle de bain pratiques, mais aussi des articles m\u00e9nagers qui peuvent embellir l'environnement de la salle de bain et am\u00e9liorer la qualit\u00e9 de la vie.<\/p>","protected":false},"featured_media":10647,"comment_status":"closed","ping_status":"closed","template":"","meta":{"_acf_changed":false},"product_brand":[],"product_cat":[51],"product_tag":[73],"class_list":{"0":"post-10645","1":"product","2":"type-product","3":"status-publish","4":"has-post-thumbnail","6":"product_cat-bathroom-accessories-wholesale","7":"product_tag-custom-soap-dispensers","9":"first","10":"instock","11":"shipping-taxable","12":"product-type-simple"},"acf":[],"_links":{"self":[{"href":"https:\/\/jinhuaceramic.com\/fr\/wp-json\/wp\/v2\/product\/10645","targetHints":{"allow":["GET"]}}],"collection":[{"href":"https:\/\/jinhuaceramic.com\/fr\/wp-json\/wp\/v2\/product"}],"about":[{"href":"https:\/\/jinhuaceramic.com\/fr\/wp-json\/wp\/v2\/types\/product"}],"replies":[{"embeddable":true,"href":"https:\/\/jinhuaceramic.com\/fr\/wp-json\/wp\/v2\/comments?post=10645"}],"version-history":[{"count":0,"href":"https:\/\/jinhuaceramic.com\/fr\/wp-json\/wp\/v2\/product\/10645\/revisions"}],"wp:featuredmedia":[{"embeddable":true,"href":"https:\/\/jinhuaceramic.com\/fr\/wp-json\/wp\/v2\/media\/10647"}],"wp:attachment":[{"href":"https:\/\/jinhuaceramic.com\/fr\/wp-json\/wp\/v2\/media?parent=10645"}],"wp:term":[{"taxonomy":"product_brand","embeddable":true,"href":"https:\/\/jinhuaceramic.com\/fr\/wp-json\/wp\/v2\/product_brand?post=10645"},{"taxonomy":"product_cat","embeddable":true,"href":"https:\/\/jinhuaceramic.com\/fr\/wp-json\/wp\/v2\/product_cat?post=10645"},{"taxonomy":"product_tag","embeddable":true,"href":"https:\/\/jinhuaceramic.com\/fr\/wp-json\/wp\/v2\/product_tag?post=10645"}],"curies":[{"name":"wp","href":"https:\/\/api.w.org\/{rel}","templated":true}]}}