{"id":10656,"date":"2025-10-16T06:07:51","date_gmt":"2025-10-16T06:07:51","guid":{"rendered":"https:\/\/jinhuaceramic.com\/?post_type=product&#038;p=10656"},"modified":"2025-10-16T06:41:05","modified_gmt":"2025-10-16T06:41:05","slug":"custom-bakeware-set","status":"publish","type":"product","link":"https:\/\/jinhuaceramic.com\/fr\/product\/custom-bakeware-set\/","title":{"rendered":"Batterie de cuisine rouge personnalis\u00e9e 3 pi\u00e8ces, plats de cuisson en c\u00e9ramique Wholesale"},"content":{"rendered":"<div class=\"wp-block-columns is-layout-flex wp-container-core-columns-is-layout-9d6595d7 wp-block-columns-is-layout-flex\">\n<div class=\"wp-block-column is-layout-flow wp-block-column-is-layout-flow\">\n<h3 class=\"wp-block-heading\">Premium 3-Piece Red Custom Bakeware Set&nbsp;Features:<\/h3>\n\n\n\n<ul class=\"wp-block-list\">\n<li><strong>Design \u00e9l\u00e9gant :<\/strong> These wholesale baking dish sets feature bright red colors, paired with dark brown lines at the edges, adding vitality to the kitchen and dining table. The side of the baking dish has a texture similar to water ripples, adding a sense of design and refinement.<\/li>\n\n\n\n<li><strong>Mat\u00e9riau d'excellente qualit\u00e9 : <\/strong>These wholesale ceramic baking pans have good heat conductivity, which will allow the heat to distribute evenly while baking, preventing either hotspots or cool spots while baking food, and allowing baked food to get better color and flavor.<\/li>\n\n\n\n<li><strong>Diff\u00e9rentes tailles :<\/strong> These custom bakeware sets come with 3 baking pans in different sizes, which will meet the cooking needs of different amounts of food. The small baking pan can be used to make personal desserts or meals, while the larger baking pan can be used to bake more ingredients needed for family meals. This expands the usability and flexibility.<\/li>\n\n\n\n<li><strong>Nettoyage facile :<\/strong> These ceramic custom bakeware sets have a glaze and dense texture with a smooth surface, which prevents food residues from clinging. Cleaning with warm water and regular cleaning agents, followed by a wipe using a sponge or soft cloth, easily removes dirt.<\/li>\n<\/ul>\n<\/div>\n\n\n\n<div class=\"wp-block-column is-layout-flow wp-block-column-is-layout-flow\">\n<figure class=\"wp-block-image size-full\"><img fetchpriority=\"high\" decoding=\"async\" width=\"1000\" height=\"1000\" src=\"https:\/\/jinhuaceramic.com\/wp-content\/uploads\/2025\/10\/3-Piece-Red-Custom-Bakeware-Set-Ceramic-Baking-Dishes-Pans-Wholesale-3.webp\" alt=\"3-piece-red-custom-bakeware-set-ceramic-baking-dishes-wholesale-3\" class=\"wp-image-10658\" srcset=\"https:\/\/jinhuaceramic.com\/wp-content\/uploads\/2025\/10\/3-Piece-Red-Custom-Bakeware-Set-Ceramic-Baking-Dishes-Pans-Wholesale-3.webp 1000w, https:\/\/jinhuaceramic.com\/wp-content\/uploads\/2025\/10\/3-Piece-Red-Custom-Bakeware-Set-Ceramic-Baking-Dishes-Pans-Wholesale-3-300x300.webp 300w, https:\/\/jinhuaceramic.com\/wp-content\/uploads\/2025\/10\/3-Piece-Red-Custom-Bakeware-Set-Ceramic-Baking-Dishes-Pans-Wholesale-3-150x150.webp 150w, https:\/\/jinhuaceramic.com\/wp-content\/uploads\/2025\/10\/3-Piece-Red-Custom-Bakeware-Set-Ceramic-Baking-Dishes-Pans-Wholesale-3-768x768.webp 768w, https:\/\/jinhuaceramic.com\/wp-content\/uploads\/2025\/10\/3-Piece-Red-Custom-Bakeware-Set-Ceramic-Baking-Dishes-Pans-Wholesale-3-12x12.webp 12w, https:\/\/jinhuaceramic.com\/wp-content\/uploads\/2025\/10\/3-Piece-Red-Custom-Bakeware-Set-Ceramic-Baking-Dishes-Pans-Wholesale-3-285x285.webp 285w, https:\/\/jinhuaceramic.com\/wp-content\/uploads\/2025\/10\/3-Piece-Red-Custom-Bakeware-Set-Ceramic-Baking-Dishes-Pans-Wholesale-3-270x270.webp 270w, https:\/\/jinhuaceramic.com\/wp-content\/uploads\/2025\/10\/3-Piece-Red-Custom-Bakeware-Set-Ceramic-Baking-Dishes-Pans-Wholesale-3-540x540.webp 540w, https:\/\/jinhuaceramic.com\/wp-content\/uploads\/2025\/10\/3-Piece-Red-Custom-Bakeware-Set-Ceramic-Baking-Dishes-Pans-Wholesale-3-660x660.webp 660w\" sizes=\"(max-width: 1000px) 100vw, 1000px\" \/><\/figure>\n<\/div>\n<\/div>","protected":false},"excerpt":{"rendered":"<p>Welcome to purchase these 3-piece custom bakeware sets come with durable, heat-resistant ceramic bake pans with glossy red glaze finish. They are perfectly suited for frequent home baking and entertaining, bringing much convenience and happiness to cooking and dining activities. Provide OEM\/ODM customization for brand projects and wholesale.<\/p>","protected":false},"featured_media":10659,"comment_status":"closed","ping_status":"closed","template":"","meta":{"_acf_changed":false},"product_brand":[],"product_cat":[53],"product_tag":[71],"class_list":{"0":"post-10656","1":"product","2":"type-product","3":"status-publish","4":"has-post-thumbnail","6":"product_cat-bakeware-in-bulk","7":"product_tag-wholesale-baking-pans","9":"first","10":"instock","11":"shipping-taxable","12":"product-type-simple"},"acf":[],"_links":{"self":[{"href":"https:\/\/jinhuaceramic.com\/fr\/wp-json\/wp\/v2\/product\/10656","targetHints":{"allow":["GET"]}}],"collection":[{"href":"https:\/\/jinhuaceramic.com\/fr\/wp-json\/wp\/v2\/product"}],"about":[{"href":"https:\/\/jinhuaceramic.com\/fr\/wp-json\/wp\/v2\/types\/product"}],"replies":[{"embeddable":true,"href":"https:\/\/jinhuaceramic.com\/fr\/wp-json\/wp\/v2\/comments?post=10656"}],"version-history":[{"count":0,"href":"https:\/\/jinhuaceramic.com\/fr\/wp-json\/wp\/v2\/product\/10656\/revisions"}],"wp:featuredmedia":[{"embeddable":true,"href":"https:\/\/jinhuaceramic.com\/fr\/wp-json\/wp\/v2\/media\/10659"}],"wp:attachment":[{"href":"https:\/\/jinhuaceramic.com\/fr\/wp-json\/wp\/v2\/media?parent=10656"}],"wp:term":[{"taxonomy":"product_brand","embeddable":true,"href":"https:\/\/jinhuaceramic.com\/fr\/wp-json\/wp\/v2\/product_brand?post=10656"},{"taxonomy":"product_cat","embeddable":true,"href":"https:\/\/jinhuaceramic.com\/fr\/wp-json\/wp\/v2\/product_cat?post=10656"},{"taxonomy":"product_tag","embeddable":true,"href":"https:\/\/jinhuaceramic.com\/fr\/wp-json\/wp\/v2\/product_tag?post=10656"}],"curies":[{"name":"wp","href":"https:\/\/api.w.org\/{rel}","templated":true}]}}