{"id":10668,"date":"2025-10-16T03:37:14","date_gmt":"2025-10-16T03:37:14","guid":{"rendered":"https:\/\/jinhuaceramic.com\/?post_type=product&#038;p=10668"},"modified":"2025-10-16T03:37:16","modified_gmt":"2025-10-16T03:37:16","slug":"custom-bath-set-in-bulk","status":"publish","type":"product","link":"https:\/\/jinhuaceramic.com\/fr\/product\/custom-bath-set-in-bulk\/","title":{"rendered":"Set de bain rustique en vrac, distributeur et porte-savon en c\u00e9ramique"},"content":{"rendered":"<div class=\"wp-block-columns is-layout-flex wp-container-core-columns-is-layout-9d6595d7 wp-block-columns-is-layout-flex\">\n<div class=\"wp-block-column is-layout-flow wp-block-column-is-layout-flow\">\n<h3 class=\"wp-block-heading\">Ensemble de bain rustique en vrac Caract\u00e9ristiques :<\/h3>\n\n\n\n<ul class=\"wp-block-list\">\n<li><strong>Couleurs rustiques : <\/strong>L'ensemble de bain personnalis\u00e9 en vrac pr\u00e9sente un ton de couleur jaune doux et terreux, donnant une sensation de chaleur et de confort. L'\u00e9mail est \u00e9galement orn\u00e9 de petits points noirs irr\u00e9guliers, ce qui conf\u00e8re au produit une beaut\u00e9 naturelle et rustique.<\/li>\n\n\n\n<li><strong>Texture sp\u00e9ciale :<\/strong> Chaque produit de cet ensemble de bain personnalis\u00e9 en vrac pr\u00e9sente une texture diagonale unique, qui rompt avec la plan\u00e9it\u00e9 des produits de salle de bain courants et conf\u00e8re \u00e0 la salle de bain un caract\u00e8re artistique et tendance, devenant ainsi un joyau d\u00e9coratif dans la salle de bain.<\/li>\n\n\n\n<li><strong>Mat\u00e9riau durable :<\/strong> L'ensemble de salle de bains personnalis\u00e9 est fabriqu\u00e9 \u00e0 partir de mat\u00e9riaux c\u00e9ramiques de haute qualit\u00e9 cuits \u00e0 haute temp\u00e9rature. Ils sont durables, robustes, imperm\u00e9ables et r\u00e9sistants \u00e0 l'humidit\u00e9, ce qui les rend extr\u00eamement polyvalents pour une utilisation dans des environnements humides tels que les salles de bains.<\/li>\n\n\n\n<li><strong>Pratique :<\/strong> Tous ces articles de salle de bains sont extr\u00eamement pratiques. Le porte-brosse \u00e0 dents peut contenir des brosses \u00e0 dents, du dentifrice et d'autres articles de soins personnels ; le distributeur de savon se d\u00e9place en douceur et est tr\u00e8s pratique \u00e0 utiliser ; le porte-savon a la fonction de trous de drainage, ce qui permet de mieux drainer l'eau du savon et d'\u00e9viter qu'elle ne se ramollisse.<\/li>\n<\/ul>\n<\/div>\n\n\n\n<div class=\"wp-block-column is-layout-flow wp-block-column-is-layout-flow\">\n<figure class=\"wp-block-image size-full\"><img fetchpriority=\"high\" decoding=\"async\" width=\"810\" height=\"702\" src=\"https:\/\/jinhuaceramic.com\/wp-content\/uploads\/2025\/10\/Rustic-Bathroom-Accessories-Ceramic-Soap-Dispenser-and-Toothbrush-Holder-Set-5.webp\" alt=\"rustique-custom-bath-set-in-bulk-ceramic-soap-dish-and-dispenser-5\" class=\"wp-image-10671\" srcset=\"https:\/\/jinhuaceramic.com\/wp-content\/uploads\/2025\/10\/Rustic-Bathroom-Accessories-Ceramic-Soap-Dispenser-and-Toothbrush-Holder-Set-5.webp 810w, https:\/\/jinhuaceramic.com\/wp-content\/uploads\/2025\/10\/Rustic-Bathroom-Accessories-Ceramic-Soap-Dispenser-and-Toothbrush-Holder-Set-5-300x260.webp 300w, https:\/\/jinhuaceramic.com\/wp-content\/uploads\/2025\/10\/Rustic-Bathroom-Accessories-Ceramic-Soap-Dispenser-and-Toothbrush-Holder-Set-5-768x666.webp 768w, https:\/\/jinhuaceramic.com\/wp-content\/uploads\/2025\/10\/Rustic-Bathroom-Accessories-Ceramic-Soap-Dispenser-and-Toothbrush-Holder-Set-5-14x12.webp 14w, https:\/\/jinhuaceramic.com\/wp-content\/uploads\/2025\/10\/Rustic-Bathroom-Accessories-Ceramic-Soap-Dispenser-and-Toothbrush-Holder-Set-5-285x247.webp 285w, https:\/\/jinhuaceramic.com\/wp-content\/uploads\/2025\/10\/Rustic-Bathroom-Accessories-Ceramic-Soap-Dispenser-and-Toothbrush-Holder-Set-5-660x572.webp 660w, https:\/\/jinhuaceramic.com\/wp-content\/uploads\/2025\/10\/Rustic-Bathroom-Accessories-Ceramic-Soap-Dispenser-and-Toothbrush-Holder-Set-5-150x130.webp 150w\" sizes=\"(max-width: 810px) 100vw, 810px\" \/><\/figure>\n<\/div>\n<\/div>\n\n\n\n<p><\/p>","protected":false},"excerpt":{"rendered":"<p>Cet ensemble de bain rustique en vrac comprend un distributeur de savon, un porte-brosse \u00e0 dents et un porte-savon. Il est fabriqu\u00e9 en c\u00e9ramique durable cuite \u00e0 haute temp\u00e9rature avec une finition mate naturelle. Id\u00e9al pour la vente en gros et la personnalisation OEM\/ODM, il apporte de beaux effets visuels \u00e0 la salle de bains et offre une exp\u00e9rience pratique et confortable \u00e0 l'utilisateur.<\/p>","protected":false},"featured_media":10670,"comment_status":"closed","ping_status":"closed","template":"","meta":{"_acf_changed":false},"product_brand":[],"product_cat":[51],"product_tag":[74],"class_list":{"0":"post-10668","1":"product","2":"type-product","3":"status-publish","4":"has-post-thumbnail","6":"product_cat-bathroom-accessories-wholesale","7":"product_tag-ceramic-bath-accessories-wholesale","9":"first","10":"instock","11":"shipping-taxable","12":"product-type-simple"},"acf":[],"_links":{"self":[{"href":"https:\/\/jinhuaceramic.com\/fr\/wp-json\/wp\/v2\/product\/10668","targetHints":{"allow":["GET"]}}],"collection":[{"href":"https:\/\/jinhuaceramic.com\/fr\/wp-json\/wp\/v2\/product"}],"about":[{"href":"https:\/\/jinhuaceramic.com\/fr\/wp-json\/wp\/v2\/types\/product"}],"replies":[{"embeddable":true,"href":"https:\/\/jinhuaceramic.com\/fr\/wp-json\/wp\/v2\/comments?post=10668"}],"version-history":[{"count":0,"href":"https:\/\/jinhuaceramic.com\/fr\/wp-json\/wp\/v2\/product\/10668\/revisions"}],"wp:featuredmedia":[{"embeddable":true,"href":"https:\/\/jinhuaceramic.com\/fr\/wp-json\/wp\/v2\/media\/10670"}],"wp:attachment":[{"href":"https:\/\/jinhuaceramic.com\/fr\/wp-json\/wp\/v2\/media?parent=10668"}],"wp:term":[{"taxonomy":"product_brand","embeddable":true,"href":"https:\/\/jinhuaceramic.com\/fr\/wp-json\/wp\/v2\/product_brand?post=10668"},{"taxonomy":"product_cat","embeddable":true,"href":"https:\/\/jinhuaceramic.com\/fr\/wp-json\/wp\/v2\/product_cat?post=10668"},{"taxonomy":"product_tag","embeddable":true,"href":"https:\/\/jinhuaceramic.com\/fr\/wp-json\/wp\/v2\/product_tag?post=10668"}],"curies":[{"name":"wp","href":"https:\/\/api.w.org\/{rel}","templated":true}]}}