{"id":10680,"date":"2025-10-16T01:41:01","date_gmt":"2025-10-16T01:41:01","guid":{"rendered":"https:\/\/jinhuaceramic.com\/?post_type=product&#038;p=10680"},"modified":"2025-11-12T03:54:25","modified_gmt":"2025-11-12T03:54:25","slug":"wholesale-baking-dish-sets","status":"publish","type":"product","link":"https:\/\/jinhuaceramic.com\/fr\/product\/wholesale-baking-dish-sets\/","title":{"rendered":"Ensembles de plats de cuisson blancs en gros, plats de cuisson en c\u00e9ramique personnalis\u00e9s"},"content":{"rendered":"<div class=\"wp-block-columns is-layout-flex wp-container-core-columns-is-layout-9d6595d7 wp-block-columns-is-layout-flex\">\n<div class=\"wp-block-column is-layout-flow wp-block-column-is-layout-flow\">\n<h3 class=\"wp-block-heading\">Premium White Wholesale Baking Dish Sets Feature :<\/h3>\n\n\n\n<ul class=\"wp-block-list\">\n<li><strong>Design \u00e9l\u00e9gant :<\/strong> Ces plats de cuisson en gros sont fabriqu\u00e9s dans une couleur blanche classique, simple et \u00e9l\u00e9gante, et peuvent facilement s'int\u00e9grer dans n'importe quel style de d\u00e9coration de cuisine et de table. Le quadrillage fin de la surface du plat de cuisson permet d'obtenir une superposition visuelle et donne au plat de cuisson une apparence plus \u00e9l\u00e9gante.<\/li>\n\n\n\n<li><strong>Mat\u00e9riau de haute qualit\u00e9 : <\/strong>Ces plats de cuisson en c\u00e9ramique naturelle blanche ne sont pas fabriqu\u00e9s \u00e0 l'aide de produits chimiques nocifs, m\u00eame s'ils sont cuits \u00e0 haute temp\u00e9rature. Ils ne r\u00e9agissent pas chimiquement avec les aliments une fois qu'ils sont cuits et servis, pour un r\u00e9gime alimentaire s\u00fbr.<\/li>\n\n\n\n<li><strong>Diff\u00e9rentes tailles :<\/strong> Les diff\u00e9rentes tailles des 3 plateaux de cuisson de ces sets de plats de cuisson en gros ont des utilisations culinaires vari\u00e9es. Les petits plats de cuisson conviennent mieux aux portions individuelles, comme les repas ou les desserts, tandis que les plats de cuisson extra-larges conviennent pour griller de grandes quantit\u00e9s d'aliments, comme des poulets entiers.<\/li>\n\n\n\n<li><strong>Embo\u00eetable :<\/strong> Ces plats de cuisson personnalis\u00e9s en vrac existent en diff\u00e9rentes tailles et peuvent \u00eatre embo\u00eet\u00e9s les uns dans les autres, ce qui permet de conserver l'espace de stockage de la cuisine et de garder les armoires bien rang\u00e9es et organis\u00e9es.<\/li>\n<\/ul>\n<\/div>\n\n\n\n<div class=\"wp-block-column is-layout-flow wp-block-column-is-layout-flow\">\n<figure class=\"wp-block-image size-full\"><img fetchpriority=\"high\" decoding=\"async\" width=\"1600\" height=\"1600\" src=\"https:\/\/jinhuaceramic.com\/wp-content\/uploads\/2025\/10\/White-Baking-Dishes-with-Grid-Texture-Ceramic-Custom-Kitchen-Bakeware-Set-5.webp\" alt=\"white-wholesale-baking-dish-sets-custom-ceramic-bakeware-5\" class=\"wp-image-10684\" srcset=\"https:\/\/jinhuaceramic.com\/wp-content\/uploads\/2025\/10\/White-Baking-Dishes-with-Grid-Texture-Ceramic-Custom-Kitchen-Bakeware-Set-5.webp 1600w, https:\/\/jinhuaceramic.com\/wp-content\/uploads\/2025\/10\/White-Baking-Dishes-with-Grid-Texture-Ceramic-Custom-Kitchen-Bakeware-Set-5-300x300.webp 300w, https:\/\/jinhuaceramic.com\/wp-content\/uploads\/2025\/10\/White-Baking-Dishes-with-Grid-Texture-Ceramic-Custom-Kitchen-Bakeware-Set-5-150x150.webp 150w, https:\/\/jinhuaceramic.com\/wp-content\/uploads\/2025\/10\/White-Baking-Dishes-with-Grid-Texture-Ceramic-Custom-Kitchen-Bakeware-Set-5-768x768.webp 768w, https:\/\/jinhuaceramic.com\/wp-content\/uploads\/2025\/10\/White-Baking-Dishes-with-Grid-Texture-Ceramic-Custom-Kitchen-Bakeware-Set-5-12x12.webp 12w, https:\/\/jinhuaceramic.com\/wp-content\/uploads\/2025\/10\/White-Baking-Dishes-with-Grid-Texture-Ceramic-Custom-Kitchen-Bakeware-Set-5-285x285.webp 285w, https:\/\/jinhuaceramic.com\/wp-content\/uploads\/2025\/10\/White-Baking-Dishes-with-Grid-Texture-Ceramic-Custom-Kitchen-Bakeware-Set-5-270x270.webp 270w, https:\/\/jinhuaceramic.com\/wp-content\/uploads\/2025\/10\/White-Baking-Dishes-with-Grid-Texture-Ceramic-Custom-Kitchen-Bakeware-Set-5-540x540.webp 540w, https:\/\/jinhuaceramic.com\/wp-content\/uploads\/2025\/10\/White-Baking-Dishes-with-Grid-Texture-Ceramic-Custom-Kitchen-Bakeware-Set-5-660x660.webp 660w\" sizes=\"(max-width: 1600px) 100vw, 1600px\" \/><\/figure>\n<\/div>\n<\/div>","protected":false},"excerpt":{"rendered":"<p>Bienvenue sur notre site de vente en gros de plats de cuisson blancs. Ces ustensiles de cuisson en c\u00e9ramique personnalis\u00e9s se distinguent par leur design, la s\u00e9curit\u00e9 de leurs mat\u00e9riaux, leur chauffage uniforme, leur facilit\u00e9 de nettoyage et leur grande praticit\u00e9, ce qui en fait des outils indispensables dans la cuisine. Il s'agit d'un ustensile de cuisine recommand\u00e9 \u00e0 la fois pour les chefs professionnels et les amateurs de cuisine \u00e0 domicile.<\/p>","protected":false},"featured_media":10685,"comment_status":"closed","ping_status":"closed","template":"","meta":{"_acf_changed":false},"product_brand":[],"product_cat":[53],"product_tag":[71],"class_list":{"0":"post-10680","1":"product","2":"type-product","3":"status-publish","4":"has-post-thumbnail","6":"product_cat-bakeware-in-bulk","7":"product_tag-wholesale-baking-pans","9":"first","10":"instock","11":"shipping-taxable","12":"product-type-simple"},"acf":[],"_links":{"self":[{"href":"https:\/\/jinhuaceramic.com\/fr\/wp-json\/wp\/v2\/product\/10680","targetHints":{"allow":["GET"]}}],"collection":[{"href":"https:\/\/jinhuaceramic.com\/fr\/wp-json\/wp\/v2\/product"}],"about":[{"href":"https:\/\/jinhuaceramic.com\/fr\/wp-json\/wp\/v2\/types\/product"}],"replies":[{"embeddable":true,"href":"https:\/\/jinhuaceramic.com\/fr\/wp-json\/wp\/v2\/comments?post=10680"}],"version-history":[{"count":0,"href":"https:\/\/jinhuaceramic.com\/fr\/wp-json\/wp\/v2\/product\/10680\/revisions"}],"wp:featuredmedia":[{"embeddable":true,"href":"https:\/\/jinhuaceramic.com\/fr\/wp-json\/wp\/v2\/media\/10685"}],"wp:attachment":[{"href":"https:\/\/jinhuaceramic.com\/fr\/wp-json\/wp\/v2\/media?parent=10680"}],"wp:term":[{"taxonomy":"product_brand","embeddable":true,"href":"https:\/\/jinhuaceramic.com\/fr\/wp-json\/wp\/v2\/product_brand?post=10680"},{"taxonomy":"product_cat","embeddable":true,"href":"https:\/\/jinhuaceramic.com\/fr\/wp-json\/wp\/v2\/product_cat?post=10680"},{"taxonomy":"product_tag","embeddable":true,"href":"https:\/\/jinhuaceramic.com\/fr\/wp-json\/wp\/v2\/product_tag?post=10680"}],"curies":[{"name":"wp","href":"https:\/\/api.w.org\/{rel}","templated":true}]}}