{"id":10720,"date":"2025-10-23T07:06:01","date_gmt":"2025-10-23T07:06:01","guid":{"rendered":"https:\/\/jinhuaceramic.com\/?post_type=product&#038;p=10720"},"modified":"2025-10-23T07:06:55","modified_gmt":"2025-10-23T07:06:55","slug":"white-bathroom-set-in-bulk","status":"publish","type":"product","link":"https:\/\/jinhuaceramic.com\/fr\/product\/white-bathroom-set-in-bulk\/","title":{"rendered":"Ensemble de salle de bain blanc en vrac, 3 pi\u00e8ces de salle de bain en c\u00e9ramique pour h\u00f4tel"},"content":{"rendered":"<div class=\"wp-block-columns is-layout-flex wp-container-core-columns-is-layout-9d6595d7 wp-block-columns-is-layout-flex\">\n<div class=\"wp-block-column is-layout-flow wp-block-column-is-layout-flow\">\n<h3 class=\"wp-block-heading\">Ensemble de salle de bains Premium White en vrac Caract\u00e9ristiques :<\/h3>\n\n\n\n<ul class=\"wp-block-list\">\n<li><strong>Style classique :<\/strong> Cet ensemble de salle de bain blanc personnalis\u00e9 en achat group\u00e9 pr\u00e9sente une palette de couleurs blanches pures et nettes avec de d\u00e9licats motifs de rayures verticales, minimalistes et classiques, qui s'int\u00e8grent confortablement dans tous les styles de d\u00e9coration de salle de bain, donnant \u00e0 la salle de bain un aspect propre et ordonn\u00e9.<\/li>\n\n\n\n<li><strong>Extr\u00eamement pratique : <\/strong>Notre set de salle de bain blanc en vrac comprend des distributeurs de savon, des porte-brosses \u00e0 dents et des porte-savons. Un distributeur de savon peut \u00eatre utilis\u00e9 pour distribuer du d\u00e9sinfectant pour les mains, du shampoing ou du gel douche, avec une pression douce et une utilisation facile. Un porte-savon contient des trous de drainage qui permettent d'\u00e9vacuer l'eau du savon, d'\u00e9viter qu'il ne ramollisse et de prolonger sa dur\u00e9e de vie.<\/li>\n\n\n\n<li><strong>Mat\u00e9riau robuste : <\/strong>Ces articles de salle de bains en c\u00e9ramique de l'h\u00f4tel sont fabriqu\u00e9s \u00e0 partir de mat\u00e9riaux c\u00e9ramiques cuits \u00e0 haute temp\u00e9rature et de bonne qualit\u00e9, qui sont rigides, durs, r\u00e9sistants \u00e0 l'usure et \u00e0 la casse, et durables.<\/li>\n\n\n\n<li><strong>Facile \u00e0 nettoyer : <\/strong>Ces articles de salle de bains en c\u00e9ramique h\u00f4teli\u00e8re ont une finition \u00e9paisse et uniforme, de sorte qu'il est difficile pour les taches d'eau, la poussi\u00e8re et d'autres d\u00e9chets d'y adh\u00e9rer. Le nettoyage quotidien s'effectue uniquement \u00e0 l'aide d'un chiffon humide ou d'une solution de nettoyage douce pour \u00e9liminer facilement les taches.<\/li>\n\n\n\n<li><strong>Conception antid\u00e9rapante :<\/strong> L'ensemble de salle de bains blanc en vrac est dot\u00e9 d'un coussin antid\u00e9rapant \u00e0 la base pour offrir une stabilit\u00e9 et une fonction antid\u00e9rapante dans un environnement de salle de bains humide, afin de promouvoir une utilisation s\u00fbre.<\/li>\n<\/ul>\n<\/div>\n\n\n\n<div class=\"wp-block-column is-layout-flow wp-block-column-is-layout-flow\">\n<figure class=\"wp-block-image size-full\"><img fetchpriority=\"high\" decoding=\"async\" width=\"699\" height=\"699\" src=\"https:\/\/jinhuaceramic.com\/wp-content\/uploads\/2025\/10\/3-Piece-Design-Bathroom-Set-Wholesale-Hotel-Kitchen-Bathroom-Supplies-5.webp\" alt=\"white-bathroom-set-in-bulk-3-piece-hotel-ceramic-bathroom-supplies-5\" class=\"wp-image-10724\" srcset=\"https:\/\/jinhuaceramic.com\/wp-content\/uploads\/2025\/10\/3-Piece-Design-Bathroom-Set-Wholesale-Hotel-Kitchen-Bathroom-Supplies-5.webp 699w, https:\/\/jinhuaceramic.com\/wp-content\/uploads\/2025\/10\/3-Piece-Design-Bathroom-Set-Wholesale-Hotel-Kitchen-Bathroom-Supplies-5-300x300.webp 300w, https:\/\/jinhuaceramic.com\/wp-content\/uploads\/2025\/10\/3-Piece-Design-Bathroom-Set-Wholesale-Hotel-Kitchen-Bathroom-Supplies-5-150x150.webp 150w, https:\/\/jinhuaceramic.com\/wp-content\/uploads\/2025\/10\/3-Piece-Design-Bathroom-Set-Wholesale-Hotel-Kitchen-Bathroom-Supplies-5-12x12.webp 12w, https:\/\/jinhuaceramic.com\/wp-content\/uploads\/2025\/10\/3-Piece-Design-Bathroom-Set-Wholesale-Hotel-Kitchen-Bathroom-Supplies-5-285x285.webp 285w, https:\/\/jinhuaceramic.com\/wp-content\/uploads\/2025\/10\/3-Piece-Design-Bathroom-Set-Wholesale-Hotel-Kitchen-Bathroom-Supplies-5-270x270.webp 270w, https:\/\/jinhuaceramic.com\/wp-content\/uploads\/2025\/10\/3-Piece-Design-Bathroom-Set-Wholesale-Hotel-Kitchen-Bathroom-Supplies-5-540x540.webp 540w, https:\/\/jinhuaceramic.com\/wp-content\/uploads\/2025\/10\/3-Piece-Design-Bathroom-Set-Wholesale-Hotel-Kitchen-Bathroom-Supplies-5-660x660.webp 660w\" sizes=\"(max-width: 699px) 100vw, 699px\" \/><\/figure>\n<\/div>\n<\/div>","protected":false},"excerpt":{"rendered":"<p>Nous vous invitons \u00e0 acheter en gros l'ensemble de salle de bain blanc, qui convient aux h\u00f4tels et aux centres de vill\u00e9giature. Ces ensembles de salle de bain en gros sont au top en termes de design, de mat\u00e9riaux et de fonctionnalit\u00e9, avec \u00e0 la fois l'apparence, la facilit\u00e9 d'utilisation et la durabilit\u00e9. Am\u00e9liorez votre salle de bains avec cet ensemble de salle de bains 3 pi\u00e8ces en c\u00e9ramique, dot\u00e9 d'une finition blanche nette qui s'int\u00e8gre \u00e0 tout d\u00e9cor moderne.<\/p>","protected":false},"featured_media":10725,"comment_status":"closed","ping_status":"closed","template":"","meta":{"_acf_changed":false},"product_brand":[],"product_cat":[51],"product_tag":[74],"class_list":{"0":"post-10720","1":"product","2":"type-product","3":"status-publish","4":"has-post-thumbnail","6":"product_cat-bathroom-accessories-wholesale","7":"product_tag-ceramic-bath-accessories-wholesale","9":"first","10":"instock","11":"shipping-taxable","12":"product-type-simple"},"acf":[],"_links":{"self":[{"href":"https:\/\/jinhuaceramic.com\/fr\/wp-json\/wp\/v2\/product\/10720","targetHints":{"allow":["GET"]}}],"collection":[{"href":"https:\/\/jinhuaceramic.com\/fr\/wp-json\/wp\/v2\/product"}],"about":[{"href":"https:\/\/jinhuaceramic.com\/fr\/wp-json\/wp\/v2\/types\/product"}],"replies":[{"embeddable":true,"href":"https:\/\/jinhuaceramic.com\/fr\/wp-json\/wp\/v2\/comments?post=10720"}],"version-history":[{"count":0,"href":"https:\/\/jinhuaceramic.com\/fr\/wp-json\/wp\/v2\/product\/10720\/revisions"}],"wp:featuredmedia":[{"embeddable":true,"href":"https:\/\/jinhuaceramic.com\/fr\/wp-json\/wp\/v2\/media\/10725"}],"wp:attachment":[{"href":"https:\/\/jinhuaceramic.com\/fr\/wp-json\/wp\/v2\/media?parent=10720"}],"wp:term":[{"taxonomy":"product_brand","embeddable":true,"href":"https:\/\/jinhuaceramic.com\/fr\/wp-json\/wp\/v2\/product_brand?post=10720"},{"taxonomy":"product_cat","embeddable":true,"href":"https:\/\/jinhuaceramic.com\/fr\/wp-json\/wp\/v2\/product_cat?post=10720"},{"taxonomy":"product_tag","embeddable":true,"href":"https:\/\/jinhuaceramic.com\/fr\/wp-json\/wp\/v2\/product_tag?post=10720"}],"curies":[{"name":"wp","href":"https:\/\/api.w.org\/{rel}","templated":true}]}}