{"id":10728,"date":"2025-10-23T04:03:57","date_gmt":"2025-10-23T04:03:57","guid":{"rendered":"https:\/\/jinhuaceramic.com\/?post_type=product&#038;p=10728"},"modified":"2025-10-23T04:04:01","modified_gmt":"2025-10-23T04:04:01","slug":"bulk-supply-baking-dishes","status":"publish","type":"product","link":"https:\/\/jinhuaceramic.com\/fr\/product\/bulk-supply-baking-dishes\/","title":{"rendered":"Bulk Supply Plats \u00e0 p\u00e2tisserie, plats \u00e0 p\u00e2tisserie antiadh\u00e9sifs en c\u00e9ramique pour la cuisine Custom"},"content":{"rendered":"<div class=\"wp-block-columns is-layout-flex wp-container-core-columns-is-layout-9d6595d7 wp-block-columns-is-layout-flex\">\n<div class=\"wp-block-column is-layout-flow wp-block-column-is-layout-flow\">\n<h3 class=\"wp-block-heading\">Plats de cuisson Premium Bulk Supply Caract\u00e9ristiques :<\/h3>\n\n\n\n<ul class=\"wp-block-list\">\n<li><strong>Design \u00e9l\u00e9gant :<\/strong> Nos plats de cuisson en vrac sont fabriqu\u00e9s dans une douce couleur jaune, donnant une sensation de chaleur et ajoutant de la vitalit\u00e9 \u00e0 la cuisine et \u00e0 la table \u00e0 manger. Le gla\u00e7age est orn\u00e9 de taches noires irr\u00e9guli\u00e8res, ce qui les distingue des plats de cuisson ordinaires de couleur unie et les rend plus d\u00e9licats.<\/li>\n\n\n\n<li><strong>Plusieurs tailles :<\/strong> Cet ensemble de plats de cuisson en vrac comprend 3 tailles de moules et peut \u00eatre s\u00e9lectionn\u00e9 en fonction du nombre de convives et de la quantit\u00e9 d'ingr\u00e9dients. Qu'il s'agisse de repas priv\u00e9s ou de f\u00eates de famille, ces ensembles de moules \u00e0 p\u00e2tisserie peuvent r\u00e9pondre aux exigences de la cuisine et s'appliquent \u00e0 des situations d'utilisation extensive.<\/li>\n\n\n\n<li><strong>Mat\u00e9riau de haute qualit\u00e9 :<\/strong> Ces moules de cuisson en vrac sont fabriqu\u00e9s \u00e0 partir de mat\u00e9riaux c\u00e9ramiques de haute qualit\u00e9, capables de distribuer et de transf\u00e9rer la chaleur de mani\u00e8re uniforme pendant la cuisson, de sorte que chaque partie des ingr\u00e9dients soit chauff\u00e9e de mani\u00e8re uniforme et garantisse la qualit\u00e9 des aliments apr\u00e8s la cuisson.<\/li>\n\n\n\n<li><strong>Antiadh\u00e9sif et facile \u00e0 nettoyer :<\/strong> Ces ustensiles de cuisson en c\u00e9ramique sont \u00e9maill\u00e9s en douceur sur l'ext\u00e9rieur, la texture \u00e9tant suffisamment \u00e9paisse pour emp\u00eacher les r\u00e9sidus alimentaires d'adh\u00e9rer. Il suffit d'utiliser de l'eau ti\u00e8de, des produits de nettoyage habituels et une \u00e9ponge pour les nettoyer.<\/li>\n\n\n\n<li><strong>Conduction uniforme de la chaleur :<\/strong> La c\u00e9ramique est tr\u00e8s conductrice, ce qui signifie que la chaleur sera r\u00e9partie uniform\u00e9ment lors de la cuisson des aliments, \u00e9vitant ainsi les aliments br\u00fbl\u00e9s ou cuits de mani\u00e8re in\u00e9gale. Ce produit de cuisson en gros est en c\u00e9ramique et peut \u00eatre utilis\u00e9 dans tous les types de fours.<\/li>\n<\/ul>\n<\/div>\n\n\n\n<div class=\"wp-block-column is-layout-flow wp-block-column-is-layout-flow\">\n<figure class=\"wp-block-image size-full\"><img fetchpriority=\"high\" decoding=\"async\" width=\"1800\" height=\"1800\" src=\"https:\/\/jinhuaceramic.com\/wp-content\/uploads\/2025\/10\/Non-Stick-Custom-Baking-Pan-Set-Wholesale-Ceramic-Kitchen-Bakeware-3.webp\" alt=\"bulk-supply-baking-dishes-non-stick-ceramic-kitchen-bakeware-custom-3\" class=\"wp-image-10730\" srcset=\"https:\/\/jinhuaceramic.com\/wp-content\/uploads\/2025\/10\/Non-Stick-Custom-Baking-Pan-Set-Wholesale-Ceramic-Kitchen-Bakeware-3.webp 1800w, https:\/\/jinhuaceramic.com\/wp-content\/uploads\/2025\/10\/Non-Stick-Custom-Baking-Pan-Set-Wholesale-Ceramic-Kitchen-Bakeware-3-300x300.webp 300w, https:\/\/jinhuaceramic.com\/wp-content\/uploads\/2025\/10\/Non-Stick-Custom-Baking-Pan-Set-Wholesale-Ceramic-Kitchen-Bakeware-3-150x150.webp 150w, https:\/\/jinhuaceramic.com\/wp-content\/uploads\/2025\/10\/Non-Stick-Custom-Baking-Pan-Set-Wholesale-Ceramic-Kitchen-Bakeware-3-768x768.webp 768w, https:\/\/jinhuaceramic.com\/wp-content\/uploads\/2025\/10\/Non-Stick-Custom-Baking-Pan-Set-Wholesale-Ceramic-Kitchen-Bakeware-3-12x12.webp 12w, https:\/\/jinhuaceramic.com\/wp-content\/uploads\/2025\/10\/Non-Stick-Custom-Baking-Pan-Set-Wholesale-Ceramic-Kitchen-Bakeware-3-285x285.webp 285w, https:\/\/jinhuaceramic.com\/wp-content\/uploads\/2025\/10\/Non-Stick-Custom-Baking-Pan-Set-Wholesale-Ceramic-Kitchen-Bakeware-3-1600x1600.webp 1600w, https:\/\/jinhuaceramic.com\/wp-content\/uploads\/2025\/10\/Non-Stick-Custom-Baking-Pan-Set-Wholesale-Ceramic-Kitchen-Bakeware-3-270x270.webp 270w, https:\/\/jinhuaceramic.com\/wp-content\/uploads\/2025\/10\/Non-Stick-Custom-Baking-Pan-Set-Wholesale-Ceramic-Kitchen-Bakeware-3-540x540.webp 540w, https:\/\/jinhuaceramic.com\/wp-content\/uploads\/2025\/10\/Non-Stick-Custom-Baking-Pan-Set-Wholesale-Ceramic-Kitchen-Bakeware-3-660x660.webp 660w\" sizes=\"(max-width: 1800px) 100vw, 1800px\" \/><\/figure>\n<\/div>\n<\/div>","protected":false},"excerpt":{"rendered":"<p>Ces moules \u00e0 p\u00e2tisserie personnalis\u00e9s, avec leur design ext\u00e9rieur \u00e9l\u00e9gant, leurs caract\u00e9ristiques fonctionnelles pratiques et vari\u00e9es, et leurs mat\u00e9riaux en c\u00e9ramique chauff\u00e9s uniform\u00e9ment et faciles \u00e0 nettoyer, sont un choix pratique et esth\u00e9tique pour les ustensiles de cuisine dans les cuisines domestiques. Que ce soit pour la cuisine quotidienne ou les occasions sp\u00e9ciales, ils peuvent apporter une bonne exp\u00e9rience.<\/p>","protected":false},"featured_media":10729,"comment_status":"closed","ping_status":"closed","template":"","meta":{"_acf_changed":false},"product_brand":[],"product_cat":[53],"product_tag":[71],"class_list":{"0":"post-10728","1":"product","2":"type-product","3":"status-publish","4":"has-post-thumbnail","6":"product_cat-bakeware-in-bulk","7":"product_tag-wholesale-baking-pans","9":"first","10":"instock","11":"shipping-taxable","12":"product-type-simple"},"acf":[],"_links":{"self":[{"href":"https:\/\/jinhuaceramic.com\/fr\/wp-json\/wp\/v2\/product\/10728","targetHints":{"allow":["GET"]}}],"collection":[{"href":"https:\/\/jinhuaceramic.com\/fr\/wp-json\/wp\/v2\/product"}],"about":[{"href":"https:\/\/jinhuaceramic.com\/fr\/wp-json\/wp\/v2\/types\/product"}],"replies":[{"embeddable":true,"href":"https:\/\/jinhuaceramic.com\/fr\/wp-json\/wp\/v2\/comments?post=10728"}],"version-history":[{"count":0,"href":"https:\/\/jinhuaceramic.com\/fr\/wp-json\/wp\/v2\/product\/10728\/revisions"}],"wp:featuredmedia":[{"embeddable":true,"href":"https:\/\/jinhuaceramic.com\/fr\/wp-json\/wp\/v2\/media\/10729"}],"wp:attachment":[{"href":"https:\/\/jinhuaceramic.com\/fr\/wp-json\/wp\/v2\/media?parent=10728"}],"wp:term":[{"taxonomy":"product_brand","embeddable":true,"href":"https:\/\/jinhuaceramic.com\/fr\/wp-json\/wp\/v2\/product_brand?post=10728"},{"taxonomy":"product_cat","embeddable":true,"href":"https:\/\/jinhuaceramic.com\/fr\/wp-json\/wp\/v2\/product_cat?post=10728"},{"taxonomy":"product_tag","embeddable":true,"href":"https:\/\/jinhuaceramic.com\/fr\/wp-json\/wp\/v2\/product_tag?post=10728"}],"curies":[{"name":"wp","href":"https:\/\/api.w.org\/{rel}","templated":true}]}}