{"id":10737,"date":"2025-10-23T03:26:41","date_gmt":"2025-10-23T03:26:41","guid":{"rendered":"https:\/\/jinhuaceramic.com\/?post_type=product&#038;p=10737"},"modified":"2025-11-12T03:54:09","modified_gmt":"2025-11-12T03:54:09","slug":"3-piece-bakeware-set-wholesale","status":"publish","type":"product","link":"https:\/\/jinhuaceramic.com\/fr\/product\/3-piece-bakeware-set-wholesale\/","title":{"rendered":"Set d'ustensiles de cuisson 3 pi\u00e8ces Orange Wholesale, plats de cuisson en c\u00e9ramique"},"content":{"rendered":"<div class=\"wp-block-columns is-layout-flex wp-container-core-columns-is-layout-9d6595d7 wp-block-columns-is-layout-flex\">\n<div class=\"wp-block-column is-layout-flow wp-block-column-is-layout-flow\">\n<h3 class=\"wp-block-heading\">Ensemble d'ustensiles de cuisson 3 pi\u00e8ces Premium Orange Caract\u00e9ristiques de gros :<\/h3>\n\n\n\n<ul class=\"wp-block-list\">\n<li><strong>Couleur accrocheuse :<\/strong> Cette batterie de cuisine 3 pi\u00e8ces en gros pr\u00e9sente une couleur orange vive avec des taches blanches et noires impr\u00e9visibles sur la surface ext\u00e9rieure, personnalis\u00e9e et unique, et peut facilement attirer l'attention, injecter de l'\u00e9nergie et de la passion \u00e0 la table \u00e0 manger ou \u00e0 la cuisine et renforcer le sentiment de c\u00e9r\u00e9monie lors des repas.<\/li>\n\n\n\n<li><strong>S\u00e9curit\u00e9 et sant\u00e9 :<\/strong> La batterie de cuisine 3 pi\u00e8ces est fabriqu\u00e9e \u00e0 partir de mat\u00e9riaux c\u00e9ramiques de qualit\u00e9 sup\u00e9rieure qui pr\u00e9sentent des propri\u00e9t\u00e9s chimiques stables et ne lib\u00e8rent jamais d'\u00e9l\u00e9ments toxiques lorsqu'ils sont utilis\u00e9s pour la cuisson \u00e0 haute temp\u00e9rature, garantissant ainsi la s\u00e9curit\u00e9 au contact des aliments et la protection de la sant\u00e9 des utilisateurs.<\/li>\n\n\n\n<li><strong>Diff\u00e9rentes tailles : <\/strong>Ces ustensiles de cuisson en c\u00e9ramique personnalis\u00e9s comprennent trois moules de taille diff\u00e9rente. Le petit moule convient \u00e0 la pr\u00e9paration de desserts ou de plats en portions individuelles, tandis que le grand moule peut \u00eatre utilis\u00e9 pour griller une grande quantit\u00e9 d'ingr\u00e9dients n\u00e9cessaires aux r\u00e9unions de famille, comme un poulet entier, un steak, etc.<\/li>\n\n\n\n<li><strong>Poign\u00e9es pratiques :<\/strong> Ces moules \u00e0 p\u00e2tisserie en c\u00e9ramique sont \u00e9quip\u00e9s de larges poign\u00e9es des deux c\u00f4t\u00e9s pour une prise en main facile, ce qui facilite le retrait des moules du four ou leur d\u00e9placement sur la table \u00e0 manger, r\u00e9duisant ainsi le risque de br\u00fblures.<\/li>\n<\/ul>\n<\/div>\n\n\n\n<div class=\"wp-block-column is-layout-flow wp-block-column-is-layout-flow\">\n<figure class=\"wp-block-image size-full\"><img fetchpriority=\"high\" decoding=\"async\" width=\"1800\" height=\"1800\" src=\"https:\/\/jinhuaceramic.com\/wp-content\/uploads\/2025\/10\/Orange-3-Piece-Bakeware-Set-Ceramic-Custom-Baking-Dishes-Pans-Wholesale-6.webp\" alt=\"orange-3-piece-bakeware-set-wholesale-custom-ceramic-baking-dishes-6\" class=\"wp-image-10742\" srcset=\"https:\/\/jinhuaceramic.com\/wp-content\/uploads\/2025\/10\/Orange-3-Piece-Bakeware-Set-Ceramic-Custom-Baking-Dishes-Pans-Wholesale-6.webp 1800w, https:\/\/jinhuaceramic.com\/wp-content\/uploads\/2025\/10\/Orange-3-Piece-Bakeware-Set-Ceramic-Custom-Baking-Dishes-Pans-Wholesale-6-300x300.webp 300w, https:\/\/jinhuaceramic.com\/wp-content\/uploads\/2025\/10\/Orange-3-Piece-Bakeware-Set-Ceramic-Custom-Baking-Dishes-Pans-Wholesale-6-150x150.webp 150w, https:\/\/jinhuaceramic.com\/wp-content\/uploads\/2025\/10\/Orange-3-Piece-Bakeware-Set-Ceramic-Custom-Baking-Dishes-Pans-Wholesale-6-768x768.webp 768w, https:\/\/jinhuaceramic.com\/wp-content\/uploads\/2025\/10\/Orange-3-Piece-Bakeware-Set-Ceramic-Custom-Baking-Dishes-Pans-Wholesale-6-12x12.webp 12w, https:\/\/jinhuaceramic.com\/wp-content\/uploads\/2025\/10\/Orange-3-Piece-Bakeware-Set-Ceramic-Custom-Baking-Dishes-Pans-Wholesale-6-285x285.webp 285w, https:\/\/jinhuaceramic.com\/wp-content\/uploads\/2025\/10\/Orange-3-Piece-Bakeware-Set-Ceramic-Custom-Baking-Dishes-Pans-Wholesale-6-1600x1600.webp 1600w, https:\/\/jinhuaceramic.com\/wp-content\/uploads\/2025\/10\/Orange-3-Piece-Bakeware-Set-Ceramic-Custom-Baking-Dishes-Pans-Wholesale-6-270x270.webp 270w, https:\/\/jinhuaceramic.com\/wp-content\/uploads\/2025\/10\/Orange-3-Piece-Bakeware-Set-Ceramic-Custom-Baking-Dishes-Pans-Wholesale-6-540x540.webp 540w, https:\/\/jinhuaceramic.com\/wp-content\/uploads\/2025\/10\/Orange-3-Piece-Bakeware-Set-Ceramic-Custom-Baking-Dishes-Pans-Wholesale-6-660x660.webp 660w\" sizes=\"(max-width: 1800px) 100vw, 1800px\" \/><\/figure>\n<\/div>\n<\/div>","protected":false},"excerpt":{"rendered":"<p>Nous vous invitons \u00e0 acheter en gros cette batterie de cuisine 3 pi\u00e8ces. Les moules \u00e0 p\u00e2tisserie en c\u00e9ramique poss\u00e8dent des couleurs \u00e0 la mode, des mat\u00e9riaux sains et s\u00fbrs, des ensembles fonctionnels de plusieurs tailles et des poign\u00e9es pratiques, et sont donc des ustensiles de cuisine \u00e0 la fois utiles et \u00e9l\u00e9gants. Ils ne sont pas seulement un outil de cuisson indispensable dans la cuisine, mais peuvent \u00e9galement \u00eatre utilis\u00e9s directement comme vaisselle sur la table \u00e0 manger pour am\u00e9liorer le plaisir de la table.<\/p>","protected":false},"featured_media":10743,"comment_status":"closed","ping_status":"closed","template":"","meta":{"_acf_changed":false},"product_brand":[],"product_cat":[53],"product_tag":[71],"class_list":{"0":"post-10737","1":"product","2":"type-product","3":"status-publish","4":"has-post-thumbnail","6":"product_cat-bakeware-in-bulk","7":"product_tag-wholesale-baking-pans","9":"first","10":"instock","11":"shipping-taxable","12":"product-type-simple"},"acf":[],"_links":{"self":[{"href":"https:\/\/jinhuaceramic.com\/fr\/wp-json\/wp\/v2\/product\/10737","targetHints":{"allow":["GET"]}}],"collection":[{"href":"https:\/\/jinhuaceramic.com\/fr\/wp-json\/wp\/v2\/product"}],"about":[{"href":"https:\/\/jinhuaceramic.com\/fr\/wp-json\/wp\/v2\/types\/product"}],"replies":[{"embeddable":true,"href":"https:\/\/jinhuaceramic.com\/fr\/wp-json\/wp\/v2\/comments?post=10737"}],"version-history":[{"count":0,"href":"https:\/\/jinhuaceramic.com\/fr\/wp-json\/wp\/v2\/product\/10737\/revisions"}],"wp:featuredmedia":[{"embeddable":true,"href":"https:\/\/jinhuaceramic.com\/fr\/wp-json\/wp\/v2\/media\/10743"}],"wp:attachment":[{"href":"https:\/\/jinhuaceramic.com\/fr\/wp-json\/wp\/v2\/media?parent=10737"}],"wp:term":[{"taxonomy":"product_brand","embeddable":true,"href":"https:\/\/jinhuaceramic.com\/fr\/wp-json\/wp\/v2\/product_brand?post=10737"},{"taxonomy":"product_cat","embeddable":true,"href":"https:\/\/jinhuaceramic.com\/fr\/wp-json\/wp\/v2\/product_cat?post=10737"},{"taxonomy":"product_tag","embeddable":true,"href":"https:\/\/jinhuaceramic.com\/fr\/wp-json\/wp\/v2\/product_tag?post=10737"}],"curies":[{"name":"wp","href":"https:\/\/api.w.org\/{rel}","templated":true}]}}