{"id":10805,"date":"2025-10-30T03:55:45","date_gmt":"2025-10-30T03:55:45","guid":{"rendered":"https:\/\/jinhuaceramic.com\/?post_type=product&#038;p=10805"},"modified":"2025-10-30T03:55:48","modified_gmt":"2025-10-30T03:55:48","slug":"gray-bathroom-set-wholesale","status":"publish","type":"product","link":"https:\/\/jinhuaceramic.com\/fr\/product\/gray-bathroom-set-wholesale\/","title":{"rendered":"Set de salle de bain gris Wholesale, Hotel Bathroom Accessory Supply"},"content":{"rendered":"<div class=\"wp-block-columns is-layout-flex wp-container-core-columns-is-layout-9d6595d7 wp-block-columns-is-layout-flex\">\n<div class=\"wp-block-column is-layout-flow wp-block-column-is-layout-flow\">\n<h3 class=\"wp-block-heading\">Ensemble de salle de bain gris rustique Premium Wholesale Caract\u00e9ristiques :<\/h3>\n\n\n\n<ul class=\"wp-block-list\">\n<li><strong>Design rustique :<\/strong> Cet ensemble de salle de bain gris est con\u00e7u en gris, une couleur neutre qui peut se fondre dans plusieurs styles de d\u00e9coration de salle de bain. Les petites taches irr\u00e9guli\u00e8res et les rayures horizontales peu profondes sur la surface du produit donnent une impression de naturel et de rusticit\u00e9, ce qui conf\u00e8re au produit un design artistique plut\u00f4t qu'ennuyeux.<\/li>\n\n\n\n<li><strong>Ensemble complet : <\/strong>Cet ensemble de salle de bain gris est un ensemble complet d'accessoires de salle de bain qui comprend des distributeurs de savon, des porte-brosses \u00e0 dents, des bo\u00eetes \u00e0 mouchoirs, des pots de rangement et des plateaux. Les diff\u00e9rents accessoires de salle de bain ont une division fonctionnelle claire qui r\u00e9pond aux diff\u00e9rents besoins de rangement et de soins quotidiens dans votre salle de bain afin que vous puissiez garder votre comptoir de salle de bain rang\u00e9 et ordonn\u00e9.<\/li>\n\n\n\n<li><strong>Mat\u00e9riau durable :<\/strong> Ces ensembles de salle de bains personnalis\u00e9s sont fabriqu\u00e9s \u00e0 partir de mat\u00e9riaux c\u00e9ramiques de haute qualit\u00e9, qui pr\u00e9sentent une bonne r\u00e9sistance \u00e0 l'usure et \u00e0 la corrosion, peuvent r\u00e9sister \u00e0 l'\u00e9preuve des environnements humides des salles de bains et ont une longue dur\u00e9e de vie.<\/li>\n\n\n\n<li><strong>\u00c9cologique et sain :<\/strong> Ces ensembles de salle de bains en c\u00e9ramique ne lib\u00e8rent pas de substances chimiques nocives lors de la production et de l'utilisation, ne constituent pas une menace pour la sant\u00e9 humaine, sont s\u00fbrs et fiables et peuvent \u00eatre r\u00e9utilis\u00e9s, conform\u00e9ment au concept de protection de l'environnement.<\/li>\n<\/ul>\n<\/div>\n\n\n\n<div class=\"wp-block-column is-layout-flow wp-block-column-is-layout-flow\">\n<figure class=\"wp-block-image size-full\"><img fetchpriority=\"high\" decoding=\"async\" width=\"1200\" height=\"1080\" src=\"https:\/\/jinhuaceramic.com\/wp-content\/uploads\/2025\/10\/Rustic-Gray-Custom-Bathroom-Set-Ceramic-Hotel-Bathroom-Accessory-Supplies-2.webp\" alt=\"gray-bathroom-set-wholesale-hotel-bath-accessory-supply-2\" class=\"wp-image-10806\" srcset=\"https:\/\/jinhuaceramic.com\/wp-content\/uploads\/2025\/10\/Rustic-Gray-Custom-Bathroom-Set-Ceramic-Hotel-Bathroom-Accessory-Supplies-2.webp 1200w, https:\/\/jinhuaceramic.com\/wp-content\/uploads\/2025\/10\/Rustic-Gray-Custom-Bathroom-Set-Ceramic-Hotel-Bathroom-Accessory-Supplies-2-300x270.webp 300w, https:\/\/jinhuaceramic.com\/wp-content\/uploads\/2025\/10\/Rustic-Gray-Custom-Bathroom-Set-Ceramic-Hotel-Bathroom-Accessory-Supplies-2-768x691.webp 768w, https:\/\/jinhuaceramic.com\/wp-content\/uploads\/2025\/10\/Rustic-Gray-Custom-Bathroom-Set-Ceramic-Hotel-Bathroom-Accessory-Supplies-2-13x12.webp 13w, https:\/\/jinhuaceramic.com\/wp-content\/uploads\/2025\/10\/Rustic-Gray-Custom-Bathroom-Set-Ceramic-Hotel-Bathroom-Accessory-Supplies-2-285x257.webp 285w, https:\/\/jinhuaceramic.com\/wp-content\/uploads\/2025\/10\/Rustic-Gray-Custom-Bathroom-Set-Ceramic-Hotel-Bathroom-Accessory-Supplies-2-660x594.webp 660w, https:\/\/jinhuaceramic.com\/wp-content\/uploads\/2025\/10\/Rustic-Gray-Custom-Bathroom-Set-Ceramic-Hotel-Bathroom-Accessory-Supplies-2-150x135.webp 150w\" sizes=\"(max-width: 1200px) 100vw, 1200px\" \/><\/figure>\n<\/div>\n<\/div>","protected":false},"excerpt":{"rendered":"<p>Nous vous invitons \u00e0 acheter en gros notre ensemble de salle de bain gris, con\u00e7u pour les h\u00f4tels, les centres de vill\u00e9giature et les projets de d\u00e9coration int\u00e9rieure. Ces ensembles de salle de bain personnalis\u00e9s sont non seulement bien con\u00e7us et mis en \u0153uvre de mani\u00e8re pratique en ce qui concerne l'utilit\u00e9, la fonction, les mat\u00e9riaux et les fa\u00e7ades similaires, mais ils rehaussent \u00e9galement le caract\u00e8re et la beaut\u00e9 de la salle de bain. Disponibles en gros et sur mesure pour r\u00e9pondre aux besoins de votre marque ou de votre \u00e9tablissement.<\/p>","protected":false},"featured_media":10807,"comment_status":"closed","ping_status":"closed","template":"","meta":{"_acf_changed":false},"product_brand":[],"product_cat":[51],"product_tag":[74],"class_list":{"0":"post-10805","1":"product","2":"type-product","3":"status-publish","4":"has-post-thumbnail","6":"product_cat-bathroom-accessories-wholesale","7":"product_tag-ceramic-bath-accessories-wholesale","9":"first","10":"instock","11":"shipping-taxable","12":"product-type-simple"},"acf":[],"_links":{"self":[{"href":"https:\/\/jinhuaceramic.com\/fr\/wp-json\/wp\/v2\/product\/10805","targetHints":{"allow":["GET"]}}],"collection":[{"href":"https:\/\/jinhuaceramic.com\/fr\/wp-json\/wp\/v2\/product"}],"about":[{"href":"https:\/\/jinhuaceramic.com\/fr\/wp-json\/wp\/v2\/types\/product"}],"replies":[{"embeddable":true,"href":"https:\/\/jinhuaceramic.com\/fr\/wp-json\/wp\/v2\/comments?post=10805"}],"version-history":[{"count":0,"href":"https:\/\/jinhuaceramic.com\/fr\/wp-json\/wp\/v2\/product\/10805\/revisions"}],"wp:featuredmedia":[{"embeddable":true,"href":"https:\/\/jinhuaceramic.com\/fr\/wp-json\/wp\/v2\/media\/10807"}],"wp:attachment":[{"href":"https:\/\/jinhuaceramic.com\/fr\/wp-json\/wp\/v2\/media?parent=10805"}],"wp:term":[{"taxonomy":"product_brand","embeddable":true,"href":"https:\/\/jinhuaceramic.com\/fr\/wp-json\/wp\/v2\/product_brand?post=10805"},{"taxonomy":"product_cat","embeddable":true,"href":"https:\/\/jinhuaceramic.com\/fr\/wp-json\/wp\/v2\/product_cat?post=10805"},{"taxonomy":"product_tag","embeddable":true,"href":"https:\/\/jinhuaceramic.com\/fr\/wp-json\/wp\/v2\/product_tag?post=10805"}],"curies":[{"name":"wp","href":"https:\/\/api.w.org\/{rel}","templated":true}]}}