{"id":10822,"date":"2025-10-30T05:52:22","date_gmt":"2025-10-30T05:52:22","guid":{"rendered":"https:\/\/jinhuaceramic.com\/?post_type=product&#038;p=10822"},"modified":"2025-10-30T05:52:26","modified_gmt":"2025-10-30T05:52:26","slug":"custom-ceramic-baking-dish-set","status":"publish","type":"product","link":"https:\/\/jinhuaceramic.com\/fr\/product\/custom-ceramic-baking-dish-set\/","title":{"rendered":"3-Piece Ceramic Baking Dish Set, Kitchen Bakeware Wholesale"},"content":{"rendered":"<div class=\"wp-block-columns is-layout-flex wp-container-core-columns-is-layout-9d6595d7 wp-block-columns-is-layout-flex\">\n<div class=\"wp-block-column is-layout-flow wp-block-column-is-layout-flow\">\n<h3 class=\"wp-block-heading\">Ensemble de 3 plats de cuisson en c\u00e9ramique haut de gamme sur mesure Caract\u00e9ristiques :<\/h3>\n\n\n\n<ul class=\"wp-block-list\">\n<li><strong>Style \u00e9l\u00e9gant :<\/strong> Le fond gris fonc\u00e9 parsem\u00e9 de taches blanches et noires conf\u00e8re \u00e0 cet ensemble de plats de cuisson en c\u00e9ramique personnalis\u00e9s un style simple mais \u00e9l\u00e9gant, plus distinctif et intentionnel, qui apporte une pr\u00e9sence apaisante mais \u00e9nergisante \u00e0 votre cuisine.<\/li>\n\n\n\n<li><strong>Mat\u00e9riau d'excellente qualit\u00e9 :<\/strong> Ces moules \u00e0 p\u00e2tisserie vendus en gros sont fabriqu\u00e9s \u00e0 partir d'un mat\u00e9riau c\u00e9ramique naturel qui ne lib\u00e8re pas de substances chimiques dangereuses et qui peut \u00eatre utilis\u00e9 sans danger pour les aliments. La c\u00e9ramique est un mat\u00e9riau r\u00e9sistant \u00e0 la chaleur, qui peut \u00eatre utilis\u00e9 dans les fours traditionnels et les fours \u00e0 micro-ondes, et qui n'est ni fragile ni facilement d\u00e9formable.<\/li>\n\n\n\n<li><strong>Diff\u00e9rentes tailles :<\/strong> Les lots de moules \u00e0 p\u00e2tisserie en c\u00e9ramique personnalis\u00e9s sont disponibles en trois tailles (grande, moyenne et petite) afin de r\u00e9pondre \u00e0 divers besoins en mati\u00e8re de cuisson, d'optimiser l'efficacit\u00e9 culinaire et de simplifier le rangement.<\/li>\n\n\n\n<li><strong>Du four \u00e0 la table : <\/strong>Ces plats de cuisson en c\u00e9ramique personnalis\u00e9s ont un aspect \u00e9l\u00e9gant et tendance et sont dot\u00e9s de poign\u00e9es faciles \u00e0 manipuler. Ils constituent donc non seulement des ustensiles de cuisson pratiques, mais aussi de la vaisselle pouvant \u00eatre servie directement \u00e0 table, ce qui rend les repas encore plus agr\u00e9ables.<\/li>\n<\/ul>\n<\/div>\n\n\n\n<div class=\"wp-block-column is-layout-flow wp-block-column-is-layout-flow\">\n<figure class=\"wp-block-image size-full\"><img fetchpriority=\"high\" decoding=\"async\" width=\"1800\" height=\"1800\" src=\"https:\/\/jinhuaceramic.com\/wp-content\/uploads\/2025\/10\/3-Piece-Custom-Baking-Dish-Set-Ceramic-Kitchen-Bakeware-Wholesale-3.webp\" alt=\"Ensemble de plats de cuisson en c\u00e9ramique personnalis\u00e9s 3 pi\u00e8ces - ustensiles de cuisine - 3\" class=\"wp-image-10824\" srcset=\"https:\/\/jinhuaceramic.com\/wp-content\/uploads\/2025\/10\/3-Piece-Custom-Baking-Dish-Set-Ceramic-Kitchen-Bakeware-Wholesale-3.webp 1800w, https:\/\/jinhuaceramic.com\/wp-content\/uploads\/2025\/10\/3-Piece-Custom-Baking-Dish-Set-Ceramic-Kitchen-Bakeware-Wholesale-3-300x300.webp 300w, https:\/\/jinhuaceramic.com\/wp-content\/uploads\/2025\/10\/3-Piece-Custom-Baking-Dish-Set-Ceramic-Kitchen-Bakeware-Wholesale-3-150x150.webp 150w, https:\/\/jinhuaceramic.com\/wp-content\/uploads\/2025\/10\/3-Piece-Custom-Baking-Dish-Set-Ceramic-Kitchen-Bakeware-Wholesale-3-768x768.webp 768w, https:\/\/jinhuaceramic.com\/wp-content\/uploads\/2025\/10\/3-Piece-Custom-Baking-Dish-Set-Ceramic-Kitchen-Bakeware-Wholesale-3-12x12.webp 12w, https:\/\/jinhuaceramic.com\/wp-content\/uploads\/2025\/10\/3-Piece-Custom-Baking-Dish-Set-Ceramic-Kitchen-Bakeware-Wholesale-3-285x285.webp 285w, https:\/\/jinhuaceramic.com\/wp-content\/uploads\/2025\/10\/3-Piece-Custom-Baking-Dish-Set-Ceramic-Kitchen-Bakeware-Wholesale-3-1600x1600.webp 1600w, https:\/\/jinhuaceramic.com\/wp-content\/uploads\/2025\/10\/3-Piece-Custom-Baking-Dish-Set-Ceramic-Kitchen-Bakeware-Wholesale-3-270x270.webp 270w, https:\/\/jinhuaceramic.com\/wp-content\/uploads\/2025\/10\/3-Piece-Custom-Baking-Dish-Set-Ceramic-Kitchen-Bakeware-Wholesale-3-540x540.webp 540w, https:\/\/jinhuaceramic.com\/wp-content\/uploads\/2025\/10\/3-Piece-Custom-Baking-Dish-Set-Ceramic-Kitchen-Bakeware-Wholesale-3-660x660.webp 660w\" sizes=\"(max-width: 1800px) 100vw, 1800px\" \/><\/figure>\n<\/div>\n<\/div>","protected":false},"excerpt":{"rendered":"<p>Bienvenue pour acheter notre ensemble de plats de cuisson en c\u00e9ramique personnalis\u00e9s, parfaits pour cuire, servir et conserver vos plats pr\u00e9f\u00e9r\u00e9s. Ces ensembles de plats de cuisson vendus en gros, avec leur design ext\u00e9rieur \u00e9l\u00e9gant, leurs mat\u00e9riaux sains, s\u00fbrs et r\u00e9sistants \u00e0 la chaleur, leurs combinaisons pratiques de plusieurs tailles et leur facilit\u00e9 de rangement, constituent un ustensile de cuisine pratique et esth\u00e9tique. Id\u00e9al pour les acheteurs de vaisselle de cuisine en gros, les restaurants et les marques \u00e0 la recherche de solutions de plats de cuisson en c\u00e9ramique personnalis\u00e9s avec assistance OEM\/ODM, offrant une excellente exp\u00e9rience culinaire et gastronomique.<\/p>","protected":false},"featured_media":10827,"comment_status":"closed","ping_status":"closed","template":"","meta":{"_acf_changed":false},"product_brand":[],"product_cat":[53],"product_tag":[71],"class_list":{"0":"post-10822","1":"product","2":"type-product","3":"status-publish","4":"has-post-thumbnail","6":"product_cat-bakeware-in-bulk","7":"product_tag-wholesale-baking-pans","9":"first","10":"instock","11":"shipping-taxable","12":"product-type-simple"},"acf":[],"_links":{"self":[{"href":"https:\/\/jinhuaceramic.com\/fr\/wp-json\/wp\/v2\/product\/10822","targetHints":{"allow":["GET"]}}],"collection":[{"href":"https:\/\/jinhuaceramic.com\/fr\/wp-json\/wp\/v2\/product"}],"about":[{"href":"https:\/\/jinhuaceramic.com\/fr\/wp-json\/wp\/v2\/types\/product"}],"replies":[{"embeddable":true,"href":"https:\/\/jinhuaceramic.com\/fr\/wp-json\/wp\/v2\/comments?post=10822"}],"version-history":[{"count":0,"href":"https:\/\/jinhuaceramic.com\/fr\/wp-json\/wp\/v2\/product\/10822\/revisions"}],"wp:featuredmedia":[{"embeddable":true,"href":"https:\/\/jinhuaceramic.com\/fr\/wp-json\/wp\/v2\/media\/10827"}],"wp:attachment":[{"href":"https:\/\/jinhuaceramic.com\/fr\/wp-json\/wp\/v2\/media?parent=10822"}],"wp:term":[{"taxonomy":"product_brand","embeddable":true,"href":"https:\/\/jinhuaceramic.com\/fr\/wp-json\/wp\/v2\/product_brand?post=10822"},{"taxonomy":"product_cat","embeddable":true,"href":"https:\/\/jinhuaceramic.com\/fr\/wp-json\/wp\/v2\/product_cat?post=10822"},{"taxonomy":"product_tag","embeddable":true,"href":"https:\/\/jinhuaceramic.com\/fr\/wp-json\/wp\/v2\/product_tag?post=10822"}],"curies":[{"name":"wp","href":"https:\/\/api.w.org\/{rel}","templated":true}]}}