{"id":10853,"date":"2025-11-05T08:03:16","date_gmt":"2025-11-05T08:03:16","guid":{"rendered":"https:\/\/jinhuaceramic.com\/?post_type=product&#038;p=10853"},"modified":"2025-11-05T08:03:19","modified_gmt":"2025-11-05T08:03:19","slug":"bulk-ceramic-baking-dishes","status":"publish","type":"product","link":"https:\/\/jinhuaceramic.com\/fr\/product\/bulk-ceramic-baking-dishes\/","title":{"rendered":"Factory Direct Bulk Ceramic Baking Dishes Stoneware Bakeware (plats de cuisson en c\u00e9ramique en vrac)"},"content":{"rendered":"<div class=\"wp-block-columns is-layout-flex wp-container-core-columns-is-layout-9d6595d7 wp-block-columns-is-layout-flex\">\n<div class=\"wp-block-column is-layout-flow wp-block-column-is-layout-flow\">\n<h3 class=\"wp-block-heading\">Plats de cuisson en c\u00e9ramique Premium Bulk Caract\u00e9ristiques :<\/h3>\n\n\n\n<ul class=\"wp-block-list\">\n<li><strong>Simple et polyvalent :<\/strong> Ces plats \u00e0 four en c\u00e9ramique en vrac sont con\u00e7us dans un blanc pur, simple et \u00e9l\u00e9gant, qui s'adapte \u00e0 diverses d\u00e9corations et dispositions de table. La texture verticale ext\u00e9rieure donne du mouvement et de la dimension, ce qui le rend raffin\u00e9 et beau.<\/li>\n\n\n\n<li><strong>Capacit\u00e9 mod\u00e9r\u00e9e :<\/strong> Ces plats de cuisson en gros ont une contenance de 28 onces et sont parfaits pour une ou deux personnes. Ils peuvent \u00eatre utilis\u00e9s pour pr\u00e9parer des desserts et des plats personnels, tels que des petits g\u00e2teaux, du riz cuit, etc., afin de r\u00e9pondre aux besoins culinaires des petites familles ou des individus et d'\u00e9viter le gaspillage alimentaire.<\/li>\n\n\n\n<li><strong>Sant\u00e9 et s\u00e9curit\u00e9 :<\/strong> Ces plats de cuisson en c\u00e9ramique en vrac sont fabriqu\u00e9s \u00e0 partir de c\u00e9ramiques r\u00e9sistantes aux temp\u00e9ratures \u00e9lev\u00e9es, cuites \u00e0 haute temp\u00e9rature. Ils ne contiennent pas de produits chimiques nocifs et n'ont pas de r\u00e9action chimique avec les aliments.<\/li>\n\n\n\n<li><strong>Chauffage uniforme :<\/strong> Ces plats de cuisson en gros de haute qualit\u00e9 ont une bonne conductivit\u00e9 thermique, ce qui permet de r\u00e9partir uniform\u00e9ment la chaleur pendant le processus de cuisson, d'\u00e9viter les br\u00fblures locales ou la sous-cuisson des ingr\u00e9dients, garantissant ainsi le go\u00fbt et la qualit\u00e9 des aliments.<\/li>\n<\/ul>\n<\/div>\n\n\n\n<div class=\"wp-block-column is-layout-flow wp-block-column-is-layout-flow\">\n<figure class=\"wp-block-image size-full\"><img fetchpriority=\"high\" decoding=\"async\" width=\"2560\" height=\"2560\" src=\"https:\/\/jinhuaceramic.com\/wp-content\/uploads\/2025\/10\/White-Custom-Baking-Dishes-Wholesale-Ceramic-Kitchen-Food-Service-Baking-Pans.webp\" alt=\"Plats \u00e0 p\u00e2tisserie personnalis\u00e9s blancs, Plats \u00e0 p\u00e2tisserie en gros en c\u00e9ramique pour la cuisine et les services alimentaires\" class=\"wp-image-10859\" srcset=\"https:\/\/jinhuaceramic.com\/wp-content\/uploads\/2025\/10\/White-Custom-Baking-Dishes-Wholesale-Ceramic-Kitchen-Food-Service-Baking-Pans.webp 2560w, https:\/\/jinhuaceramic.com\/wp-content\/uploads\/2025\/10\/White-Custom-Baking-Dishes-Wholesale-Ceramic-Kitchen-Food-Service-Baking-Pans-300x300.webp 300w, https:\/\/jinhuaceramic.com\/wp-content\/uploads\/2025\/10\/White-Custom-Baking-Dishes-Wholesale-Ceramic-Kitchen-Food-Service-Baking-Pans-150x150.webp 150w, https:\/\/jinhuaceramic.com\/wp-content\/uploads\/2025\/10\/White-Custom-Baking-Dishes-Wholesale-Ceramic-Kitchen-Food-Service-Baking-Pans-768x768.webp 768w, https:\/\/jinhuaceramic.com\/wp-content\/uploads\/2025\/10\/White-Custom-Baking-Dishes-Wholesale-Ceramic-Kitchen-Food-Service-Baking-Pans-12x12.webp 12w, https:\/\/jinhuaceramic.com\/wp-content\/uploads\/2025\/10\/White-Custom-Baking-Dishes-Wholesale-Ceramic-Kitchen-Food-Service-Baking-Pans-285x285.webp 285w, https:\/\/jinhuaceramic.com\/wp-content\/uploads\/2025\/10\/White-Custom-Baking-Dishes-Wholesale-Ceramic-Kitchen-Food-Service-Baking-Pans-1600x1600.webp 1600w, https:\/\/jinhuaceramic.com\/wp-content\/uploads\/2025\/10\/White-Custom-Baking-Dishes-Wholesale-Ceramic-Kitchen-Food-Service-Baking-Pans-270x270.webp 270w, https:\/\/jinhuaceramic.com\/wp-content\/uploads\/2025\/10\/White-Custom-Baking-Dishes-Wholesale-Ceramic-Kitchen-Food-Service-Baking-Pans-540x540.webp 540w, https:\/\/jinhuaceramic.com\/wp-content\/uploads\/2025\/10\/White-Custom-Baking-Dishes-Wholesale-Ceramic-Kitchen-Food-Service-Baking-Pans-660x660.webp 660w\" sizes=\"(max-width: 2560px) 100vw, 2560px\" \/><\/figure>\n<\/div>\n<\/div>","protected":false},"excerpt":{"rendered":"<p>Trouvez des articles de boulangerie en gros de premi\u00e8re qualit\u00e9 chez JINHUA. Nos plats de cuisson en c\u00e9ramique blanche en vrac ont une capacit\u00e9 mod\u00e9r\u00e9e et un chauffage uniforme. Ils sont sains et s\u00fbrs et constituent un mat\u00e9riau c\u00e9ramique esth\u00e9tique. Ces c\u00e9ramiques allient praticit\u00e9 et esth\u00e9tique.<\/p>","protected":false},"featured_media":10858,"comment_status":"closed","ping_status":"closed","template":"","meta":{"_acf_changed":false},"product_brand":[],"product_cat":[53],"product_tag":[71],"class_list":{"0":"post-10853","1":"product","2":"type-product","3":"status-publish","4":"has-post-thumbnail","6":"product_cat-bakeware-in-bulk","7":"product_tag-wholesale-baking-pans","9":"first","10":"instock","11":"shipping-taxable","12":"product-type-simple"},"acf":[],"_links":{"self":[{"href":"https:\/\/jinhuaceramic.com\/fr\/wp-json\/wp\/v2\/product\/10853","targetHints":{"allow":["GET"]}}],"collection":[{"href":"https:\/\/jinhuaceramic.com\/fr\/wp-json\/wp\/v2\/product"}],"about":[{"href":"https:\/\/jinhuaceramic.com\/fr\/wp-json\/wp\/v2\/types\/product"}],"replies":[{"embeddable":true,"href":"https:\/\/jinhuaceramic.com\/fr\/wp-json\/wp\/v2\/comments?post=10853"}],"version-history":[{"count":0,"href":"https:\/\/jinhuaceramic.com\/fr\/wp-json\/wp\/v2\/product\/10853\/revisions"}],"wp:featuredmedia":[{"embeddable":true,"href":"https:\/\/jinhuaceramic.com\/fr\/wp-json\/wp\/v2\/media\/10858"}],"wp:attachment":[{"href":"https:\/\/jinhuaceramic.com\/fr\/wp-json\/wp\/v2\/media?parent=10853"}],"wp:term":[{"taxonomy":"product_brand","embeddable":true,"href":"https:\/\/jinhuaceramic.com\/fr\/wp-json\/wp\/v2\/product_brand?post=10853"},{"taxonomy":"product_cat","embeddable":true,"href":"https:\/\/jinhuaceramic.com\/fr\/wp-json\/wp\/v2\/product_cat?post=10853"},{"taxonomy":"product_tag","embeddable":true,"href":"https:\/\/jinhuaceramic.com\/fr\/wp-json\/wp\/v2\/product_tag?post=10853"}],"curies":[{"name":"wp","href":"https:\/\/api.w.org\/{rel}","templated":true}]}}