{"id":10866,"date":"2025-11-05T07:33:06","date_gmt":"2025-11-05T07:33:06","guid":{"rendered":"https:\/\/jinhuaceramic.com\/?post_type=product&#038;p=10866"},"modified":"2025-11-05T07:33:10","modified_gmt":"2025-11-05T07:33:10","slug":"gray-bathroom-accessories-set-wholesale","status":"publish","type":"product","link":"https:\/\/jinhuaceramic.com\/fr\/product\/gray-bathroom-accessories-set-wholesale\/","title":{"rendered":"Ensemble d'accessoires de salle de bain 4 pi\u00e8ces gris Wholesale Supply"},"content":{"rendered":"<div class=\"wp-block-columns is-layout-flex wp-container-core-columns-is-layout-9d6595d7 wp-block-columns-is-layout-flex\">\n<div class=\"wp-block-column is-layout-flow wp-block-column-is-layout-flow\">\n<h3 class=\"wp-block-heading\">Ensemble d'accessoires de salle de bain gris Premium Wholesale Caract\u00e9ristiques :<\/h3>\n\n\n\n<ul class=\"wp-block-list\">\n<li><strong>Simple et \u00e9l\u00e9gant : <\/strong>Ces accessoires de salle de bains gris ont une forme arrondie, une couleur gris clair et un vernis brillant. Le style est simple et \u00e9l\u00e9gant, et peut facilement s'int\u00e9grer dans diff\u00e9rents styles de d\u00e9coration de salle de bains, ajoutant une beaut\u00e9 calme et haut de gamme \u00e0 la salle de bains.<\/li>\n\n\n\n<li><strong>Ensemble complet : <\/strong>Ces ensembles de salle de bain en gros comprennent divers accessoires de salle de bain, r\u00e9pondant aux besoins quotidiens de la salle de bain en mati\u00e8re de toilettage et de rangement. Le porte-brosse \u00e0 dents \u00e0 double grille peut contenir plusieurs brosses \u00e0 dents s\u00e9par\u00e9ment. La pompe du distributeur de savon est facile \u00e0 utiliser et peut facilement extraire une quantit\u00e9 appropri\u00e9e de liquide.<\/li>\n\n\n\n<li><strong>Robuste et durable : <\/strong>Ces accessoires de salle de bains gris sont fabriqu\u00e9s en c\u00e9ramique de haute qualit\u00e9, avec une texture dure et une bonne r\u00e9sistance \u00e0 l'usure et \u00e0 la corrosion. Ils peuvent r\u00e9sister \u00e0 l'environnement humide de la salle de bains et ont une longue dur\u00e9e de vie.<\/li>\n\n\n\n<li><strong>Facile \u00e0 nettoyer : <\/strong>Les surfaces \u00e9maill\u00e9es de ces sets de salle de bains en c\u00e9ramique sont lisses et ne se tachent pas facilement. M\u00eame s'ils sont tach\u00e9s par des taches de savon, de calcaire, etc., ils peuvent \u00eatre facilement nettoy\u00e9s \u00e0 l'aide d'un chiffon humide ou rinc\u00e9s \u00e0 l'eau claire pour leur redonner un aspect neuf.<\/li>\n<\/ul>\n<\/div>\n\n\n\n<div class=\"wp-block-column is-layout-flow wp-block-column-is-layout-flow\">\n<figure class=\"wp-block-image size-full\"><img fetchpriority=\"high\" decoding=\"async\" width=\"1200\" height=\"1200\" src=\"https:\/\/jinhuaceramic.com\/wp-content\/uploads\/2025\/10\/4-Piece-Gray-Bathroom-Accessories-Custom-Soap-Dispenser-and-Toothbrush-Holder-Set.webp\" alt=\"4-Piece-Gray-Bathroom-Accessories-Custom-Soap-Dispenser-and-Toothbrush-Holder-Set\" class=\"wp-image-10871\" srcset=\"https:\/\/jinhuaceramic.com\/wp-content\/uploads\/2025\/10\/4-Piece-Gray-Bathroom-Accessories-Custom-Soap-Dispenser-and-Toothbrush-Holder-Set.webp 1200w, https:\/\/jinhuaceramic.com\/wp-content\/uploads\/2025\/10\/4-Piece-Gray-Bathroom-Accessories-Custom-Soap-Dispenser-and-Toothbrush-Holder-Set-300x300.webp 300w, https:\/\/jinhuaceramic.com\/wp-content\/uploads\/2025\/10\/4-Piece-Gray-Bathroom-Accessories-Custom-Soap-Dispenser-and-Toothbrush-Holder-Set-150x150.webp 150w, https:\/\/jinhuaceramic.com\/wp-content\/uploads\/2025\/10\/4-Piece-Gray-Bathroom-Accessories-Custom-Soap-Dispenser-and-Toothbrush-Holder-Set-768x768.webp 768w, https:\/\/jinhuaceramic.com\/wp-content\/uploads\/2025\/10\/4-Piece-Gray-Bathroom-Accessories-Custom-Soap-Dispenser-and-Toothbrush-Holder-Set-12x12.webp 12w, https:\/\/jinhuaceramic.com\/wp-content\/uploads\/2025\/10\/4-Piece-Gray-Bathroom-Accessories-Custom-Soap-Dispenser-and-Toothbrush-Holder-Set-285x285.webp 285w, https:\/\/jinhuaceramic.com\/wp-content\/uploads\/2025\/10\/4-Piece-Gray-Bathroom-Accessories-Custom-Soap-Dispenser-and-Toothbrush-Holder-Set-270x270.webp 270w, https:\/\/jinhuaceramic.com\/wp-content\/uploads\/2025\/10\/4-Piece-Gray-Bathroom-Accessories-Custom-Soap-Dispenser-and-Toothbrush-Holder-Set-540x540.webp 540w, https:\/\/jinhuaceramic.com\/wp-content\/uploads\/2025\/10\/4-Piece-Gray-Bathroom-Accessories-Custom-Soap-Dispenser-and-Toothbrush-Holder-Set-660x660.webp 660w\" sizes=\"(max-width: 1200px) 100vw, 1200px\" \/><\/figure>\n<\/div>\n<\/div>","protected":false},"excerpt":{"rendered":"<p>Trouvez des ensembles de salle de bain en vrac de premi\u00e8re qualit\u00e9. Cet ensemble d'accessoires de salle de bain gris 4 pi\u00e8ces a une belle apparence, des fonctions diverses et compl\u00e8tes, durables et faciles \u00e0 nettoyer.<\/p>","protected":false},"featured_media":10869,"comment_status":"closed","ping_status":"closed","template":"","meta":{"_acf_changed":false},"product_brand":[],"product_cat":[51],"product_tag":[74],"class_list":{"0":"post-10866","1":"product","2":"type-product","3":"status-publish","4":"has-post-thumbnail","6":"product_cat-bathroom-accessories-wholesale","7":"product_tag-ceramic-bath-accessories-wholesale","9":"first","10":"instock","11":"shipping-taxable","12":"product-type-simple"},"acf":[],"_links":{"self":[{"href":"https:\/\/jinhuaceramic.com\/fr\/wp-json\/wp\/v2\/product\/10866","targetHints":{"allow":["GET"]}}],"collection":[{"href":"https:\/\/jinhuaceramic.com\/fr\/wp-json\/wp\/v2\/product"}],"about":[{"href":"https:\/\/jinhuaceramic.com\/fr\/wp-json\/wp\/v2\/types\/product"}],"replies":[{"embeddable":true,"href":"https:\/\/jinhuaceramic.com\/fr\/wp-json\/wp\/v2\/comments?post=10866"}],"version-history":[{"count":0,"href":"https:\/\/jinhuaceramic.com\/fr\/wp-json\/wp\/v2\/product\/10866\/revisions"}],"wp:featuredmedia":[{"embeddable":true,"href":"https:\/\/jinhuaceramic.com\/fr\/wp-json\/wp\/v2\/media\/10869"}],"wp:attachment":[{"href":"https:\/\/jinhuaceramic.com\/fr\/wp-json\/wp\/v2\/media?parent=10866"}],"wp:term":[{"taxonomy":"product_brand","embeddable":true,"href":"https:\/\/jinhuaceramic.com\/fr\/wp-json\/wp\/v2\/product_brand?post=10866"},{"taxonomy":"product_cat","embeddable":true,"href":"https:\/\/jinhuaceramic.com\/fr\/wp-json\/wp\/v2\/product_cat?post=10866"},{"taxonomy":"product_tag","embeddable":true,"href":"https:\/\/jinhuaceramic.com\/fr\/wp-json\/wp\/v2\/product_tag?post=10866"}],"curies":[{"name":"wp","href":"https:\/\/api.w.org\/{rel}","templated":true}]}}