{"id":10908,"date":"2025-11-06T08:02:41","date_gmt":"2025-11-06T08:02:41","guid":{"rendered":"https:\/\/jinhuaceramic.com\/?post_type=product&#038;p=10908"},"modified":"2025-11-06T08:02:44","modified_gmt":"2025-11-06T08:02:44","slug":"pink-bathroom-set-wholesale","status":"publish","type":"product","link":"https:\/\/jinhuaceramic.com\/fr\/product\/pink-bathroom-set-wholesale\/","title":{"rendered":"Set de salle de bain rose d\u00e9grad\u00e9 Wholesale, Ceramic Bath Accessories Supply"},"content":{"rendered":"<div class=\"wp-block-columns is-layout-flex wp-container-core-columns-is-layout-9d6595d7 wp-block-columns-is-layout-flex\">\n<div class=\"wp-block-column is-layout-flow wp-block-column-is-layout-flow\">\n<h3 class=\"wp-block-heading\">Premium Shiny Gradient Pink Bathroom Set Wholesale Caract\u00e9ristiques :<\/h3>\n\n\n\n<ul class=\"wp-block-list\">\n<li><strong>Couleurs \u00e9l\u00e9gantes :<\/strong> Ce set de salle de bain rose en gros pr\u00e9sente un ton rose d\u00e9grad\u00e9 brillant, avec des couleurs passant progressivement du rose au blanc cass\u00e9, pr\u00e9sentant un style frais et \u00e9l\u00e9gant qui peut ajouter une atmosph\u00e8re douce \u00e0 la salle de bain, convenant aux utilisateurs qui aiment un style chaleureux et romantique.<\/li>\n\n\n\n<li><strong>Texture unique : <\/strong>Ces accessoires de salle de bains personnalis\u00e9s en gros ont une texture dentel\u00e9e unique sur la surface, ajoutant une couche visuelle et de la d\u00e9licatesse, rendant l'ensemble plus moderne et artistique, et pouvant devenir un \u00e9l\u00e9ment d\u00e9coratif dans la salle de bains.<\/li>\n\n\n\n<li><strong>Fonctionnalit\u00e9 pratique :<\/strong> L'ensemble de salle de bain rose en gros comprend de multiples accessoires : des distributeurs de savon pour distribuer du d\u00e9sinfectant pour les mains, du shampoing, etc., des porte-brosses \u00e0 dents pour placer les brosses \u00e0 dents, le dentifrice, etc., et des porte-savons pour placer le savon ou de petits objets, avec des fonctions pratiques et compl\u00e8tes.<\/li>\n\n\n\n<li><strong>Mat\u00e9riau de haute qualit\u00e9 :<\/strong> Ces ensembles de salle de bains en c\u00e9ramique personnalis\u00e9s pr\u00e9sentent une bonne r\u00e9sistance \u00e0 l'usure et \u00e0 la corrosion, ainsi qu'une longue dur\u00e9e de vie. En outre, la surface de l'\u00e9mail c\u00e9ramique est lisse et facile \u00e0 nettoyer et \u00e0 entretenir.<\/li>\n<\/ul>\n<\/div>\n\n\n\n<div class=\"wp-block-column is-layout-flow wp-block-column-is-layout-flow\">\n<figure class=\"wp-block-image size-full\"><img fetchpriority=\"high\" decoding=\"async\" width=\"1600\" height=\"1600\" src=\"https:\/\/jinhuaceramic.com\/wp-content\/uploads\/2025\/10\/Shiny-Gradient-Pink-Bathroom-Set-Ceramic-Hotel-Bathroom-Accessories-Wholesale-3.webp\" alt=\"gradient-pink-bathroom-set-wholesale-ceramic-bath-accessories-supply-3\" class=\"wp-image-10910\" srcset=\"https:\/\/jinhuaceramic.com\/wp-content\/uploads\/2025\/10\/Shiny-Gradient-Pink-Bathroom-Set-Ceramic-Hotel-Bathroom-Accessories-Wholesale-3.webp 1600w, https:\/\/jinhuaceramic.com\/wp-content\/uploads\/2025\/10\/Shiny-Gradient-Pink-Bathroom-Set-Ceramic-Hotel-Bathroom-Accessories-Wholesale-3-300x300.webp 300w, https:\/\/jinhuaceramic.com\/wp-content\/uploads\/2025\/10\/Shiny-Gradient-Pink-Bathroom-Set-Ceramic-Hotel-Bathroom-Accessories-Wholesale-3-150x150.webp 150w, https:\/\/jinhuaceramic.com\/wp-content\/uploads\/2025\/10\/Shiny-Gradient-Pink-Bathroom-Set-Ceramic-Hotel-Bathroom-Accessories-Wholesale-3-768x768.webp 768w, https:\/\/jinhuaceramic.com\/wp-content\/uploads\/2025\/10\/Shiny-Gradient-Pink-Bathroom-Set-Ceramic-Hotel-Bathroom-Accessories-Wholesale-3-12x12.webp 12w, https:\/\/jinhuaceramic.com\/wp-content\/uploads\/2025\/10\/Shiny-Gradient-Pink-Bathroom-Set-Ceramic-Hotel-Bathroom-Accessories-Wholesale-3-285x285.webp 285w, https:\/\/jinhuaceramic.com\/wp-content\/uploads\/2025\/10\/Shiny-Gradient-Pink-Bathroom-Set-Ceramic-Hotel-Bathroom-Accessories-Wholesale-3-270x270.webp 270w, https:\/\/jinhuaceramic.com\/wp-content\/uploads\/2025\/10\/Shiny-Gradient-Pink-Bathroom-Set-Ceramic-Hotel-Bathroom-Accessories-Wholesale-3-540x540.webp 540w, https:\/\/jinhuaceramic.com\/wp-content\/uploads\/2025\/10\/Shiny-Gradient-Pink-Bathroom-Set-Ceramic-Hotel-Bathroom-Accessories-Wholesale-3-660x660.webp 660w\" sizes=\"(max-width: 1600px) 100vw, 1600px\" \/><\/figure>\n<\/div>\n<\/div>","protected":false},"excerpt":{"rendered":"<p>Nous vous invitons \u00e0 acheter en gros cet ensemble de salle de bain rose d\u00e9grad\u00e9. Il est fabriqu\u00e9 en c\u00e9ramique et se caract\u00e9rise par sa qualit\u00e9, son esth\u00e9tique et sa fonctionnalit\u00e9. Un ensemble de salle de bain de style unifi\u00e9 con\u00e7u pour apporter un charme et une commodit\u00e9 uniques \u00e0 l'environnement de la salle de bain, id\u00e9al pour les h\u00f4tels de milieu et haut de gamme, les maisons d'h\u00f4tes ou les environnements de vente au d\u00e9tail de mobilier de maison. <\/p>","protected":false},"featured_media":10911,"comment_status":"closed","ping_status":"closed","template":"","meta":{"_acf_changed":false},"product_brand":[],"product_cat":[51],"product_tag":[74],"class_list":{"0":"post-10908","1":"product","2":"type-product","3":"status-publish","4":"has-post-thumbnail","6":"product_cat-bathroom-accessories-wholesale","7":"product_tag-ceramic-bath-accessories-wholesale","9":"first","10":"instock","11":"shipping-taxable","12":"product-type-simple"},"acf":[],"_links":{"self":[{"href":"https:\/\/jinhuaceramic.com\/fr\/wp-json\/wp\/v2\/product\/10908","targetHints":{"allow":["GET"]}}],"collection":[{"href":"https:\/\/jinhuaceramic.com\/fr\/wp-json\/wp\/v2\/product"}],"about":[{"href":"https:\/\/jinhuaceramic.com\/fr\/wp-json\/wp\/v2\/types\/product"}],"replies":[{"embeddable":true,"href":"https:\/\/jinhuaceramic.com\/fr\/wp-json\/wp\/v2\/comments?post=10908"}],"version-history":[{"count":0,"href":"https:\/\/jinhuaceramic.com\/fr\/wp-json\/wp\/v2\/product\/10908\/revisions"}],"wp:featuredmedia":[{"embeddable":true,"href":"https:\/\/jinhuaceramic.com\/fr\/wp-json\/wp\/v2\/media\/10911"}],"wp:attachment":[{"href":"https:\/\/jinhuaceramic.com\/fr\/wp-json\/wp\/v2\/media?parent=10908"}],"wp:term":[{"taxonomy":"product_brand","embeddable":true,"href":"https:\/\/jinhuaceramic.com\/fr\/wp-json\/wp\/v2\/product_brand?post=10908"},{"taxonomy":"product_cat","embeddable":true,"href":"https:\/\/jinhuaceramic.com\/fr\/wp-json\/wp\/v2\/product_cat?post=10908"},{"taxonomy":"product_tag","embeddable":true,"href":"https:\/\/jinhuaceramic.com\/fr\/wp-json\/wp\/v2\/product_tag?post=10908"}],"curies":[{"name":"wp","href":"https:\/\/api.w.org\/{rel}","templated":true}]}}