{"id":10919,"date":"2025-11-06T08:58:06","date_gmt":"2025-11-06T08:58:06","guid":{"rendered":"https:\/\/jinhuaceramic.com\/?post_type=product&#038;p=10919"},"modified":"2025-11-06T08:59:31","modified_gmt":"2025-11-06T08:59:31","slug":"kitchen-baking-dishes-wholesale","status":"publish","type":"product","link":"https:\/\/jinhuaceramic.com\/fr\/product\/kitchen-baking-dishes-wholesale\/","title":{"rendered":"Plats de cuisson en gros, Plats de cuisson en c\u00e9ramique en vrac"},"content":{"rendered":"<div class=\"wp-block-columns is-layout-flex wp-container-core-columns-is-layout-9d6595d7 wp-block-columns-is-layout-flex\">\n<div class=\"wp-block-column is-layout-flow wp-block-column-is-layout-flow\">\n<h3 class=\"wp-block-heading\">Plats de cuisson de cuisine de premi\u00e8re qualit\u00e9 Caract\u00e9ristiques en gros :<\/h3>\n\n\n\n<ul class=\"wp-block-list\">\n<li><strong>Couleurs fra\u00eeches :<\/strong> L'ext\u00e9rieur de ces plats de cuisson est d'une d\u00e9licieuse couleur turquoise, ce qui donne une impression de clart\u00e9 et d'optimisme, et convient aux styles de d\u00e9coration des cuisines modernes. L'int\u00e9rieur est blanc, ce qui donne un aspect propre et net et permet de voir facilement l'\u00e9tat de cuisson des aliments.<\/li>\n\n\n\n<li><strong>Texture unique : <\/strong>L'ext\u00e9rieur turquoise de la plaque de cuisson en gros pr\u00e9sente des rainures diagonales, qui offrent une superposition visuelle et non seulement une texture, mais aussi une fonction antid\u00e9rapante sur le fond pour \u00e9viter de glisser, ce qui la rend d'autant plus s\u00fbre et fiable pour vous. La poign\u00e9e textur\u00e9e des deux c\u00f4t\u00e9s de la plaque de cuisson cr\u00e9e plus de friction lors de la prise en main, de sorte qu'il est facile de la soulever.<\/li>\n\n\n\n<li><strong>Mat\u00e9riaux de premi\u00e8re qualit\u00e9 :<\/strong> Nos plats de cuisson personnalis\u00e9s sont compos\u00e9s de c\u00e9ramiques de qualit\u00e9 cuites \u00e0 haute temp\u00e9rature. Ils sont robustes et durables et ne s'affaibliront pas, ne se d\u00e9formeront pas et ne perdront pas leur long\u00e9vit\u00e9 au fil du temps en raison de l'exposition \u00e0 des temp\u00e9ratures \u00e9lev\u00e9es.<\/li>\n\n\n\n<li><strong>Une grande praticit\u00e9 : <\/strong>Nos plaques de cuisson personnalis\u00e9es sont de forme rectangulaire traditionnelle, ce qui est id\u00e9al pour griller toutes sortes d'aliments (viande, l\u00e9gumes, p\u00e2tisseries, etc.) avec une grande surface pour que les aliments soient chauff\u00e9s de mani\u00e8re homog\u00e8ne.<\/li>\n<\/ul>\n<\/div>\n\n\n\n<div class=\"wp-block-column is-layout-flow wp-block-column-is-layout-flow\">\n<figure class=\"wp-block-image size-full\"><img fetchpriority=\"high\" decoding=\"async\" width=\"1600\" height=\"1600\" src=\"https:\/\/jinhuaceramic.com\/wp-content\/uploads\/2025\/11\/Turquoise-Casserole-Baking-Dishes-Ceramic-Kitchen-Custom-Baking-Pans-in-Bulk-2.webp\" alt=\"cuisine-plats-cuisson en gros-panneaux de cuisson en c\u00e9ramique-en vrac-2\" class=\"wp-image-10920\" srcset=\"https:\/\/jinhuaceramic.com\/wp-content\/uploads\/2025\/11\/Turquoise-Casserole-Baking-Dishes-Ceramic-Kitchen-Custom-Baking-Pans-in-Bulk-2.webp 1600w, https:\/\/jinhuaceramic.com\/wp-content\/uploads\/2025\/11\/Turquoise-Casserole-Baking-Dishes-Ceramic-Kitchen-Custom-Baking-Pans-in-Bulk-2-300x300.webp 300w, https:\/\/jinhuaceramic.com\/wp-content\/uploads\/2025\/11\/Turquoise-Casserole-Baking-Dishes-Ceramic-Kitchen-Custom-Baking-Pans-in-Bulk-2-150x150.webp 150w, https:\/\/jinhuaceramic.com\/wp-content\/uploads\/2025\/11\/Turquoise-Casserole-Baking-Dishes-Ceramic-Kitchen-Custom-Baking-Pans-in-Bulk-2-768x768.webp 768w, https:\/\/jinhuaceramic.com\/wp-content\/uploads\/2025\/11\/Turquoise-Casserole-Baking-Dishes-Ceramic-Kitchen-Custom-Baking-Pans-in-Bulk-2-12x12.webp 12w, https:\/\/jinhuaceramic.com\/wp-content\/uploads\/2025\/11\/Turquoise-Casserole-Baking-Dishes-Ceramic-Kitchen-Custom-Baking-Pans-in-Bulk-2-285x285.webp 285w, https:\/\/jinhuaceramic.com\/wp-content\/uploads\/2025\/11\/Turquoise-Casserole-Baking-Dishes-Ceramic-Kitchen-Custom-Baking-Pans-in-Bulk-2-270x270.webp 270w, https:\/\/jinhuaceramic.com\/wp-content\/uploads\/2025\/11\/Turquoise-Casserole-Baking-Dishes-Ceramic-Kitchen-Custom-Baking-Pans-in-Bulk-2-540x540.webp 540w, https:\/\/jinhuaceramic.com\/wp-content\/uploads\/2025\/11\/Turquoise-Casserole-Baking-Dishes-Ceramic-Kitchen-Custom-Baking-Pans-in-Bulk-2-660x660.webp 660w\" sizes=\"(max-width: 1600px) 100vw, 1600px\" \/><\/figure>\n<\/div>\n<\/div>","protected":false},"excerpt":{"rendered":"<p>Nous vous invitons \u00e0 acheter en gros ces grands plats de cuisson pour la cuisine, qui allient une capacit\u00e9 g\u00e9n\u00e9reuse \u00e0 un design antid\u00e9rapant \u00e0 rayures. Ils ont un design ext\u00e9rieur frais, fabriqu\u00e9 en c\u00e9ramique robuste et \u00e0 haute temp\u00e9rature. Ils sont parfaits pour la cuisson et le service des lasagnes, des rago\u00fbts et des plats r\u00f4tis, excellents pour les repas en famille, les r\u00e9unions entre amis ou les restaurants.<\/p>","protected":false},"featured_media":10925,"comment_status":"closed","ping_status":"closed","template":"","meta":{"_acf_changed":false},"product_brand":[],"product_cat":[53],"product_tag":[71],"class_list":{"0":"post-10919","1":"product","2":"type-product","3":"status-publish","4":"has-post-thumbnail","6":"product_cat-bakeware-in-bulk","7":"product_tag-wholesale-baking-pans","9":"first","10":"instock","11":"shipping-taxable","12":"product-type-simple"},"acf":[],"_links":{"self":[{"href":"https:\/\/jinhuaceramic.com\/fr\/wp-json\/wp\/v2\/product\/10919","targetHints":{"allow":["GET"]}}],"collection":[{"href":"https:\/\/jinhuaceramic.com\/fr\/wp-json\/wp\/v2\/product"}],"about":[{"href":"https:\/\/jinhuaceramic.com\/fr\/wp-json\/wp\/v2\/types\/product"}],"replies":[{"embeddable":true,"href":"https:\/\/jinhuaceramic.com\/fr\/wp-json\/wp\/v2\/comments?post=10919"}],"version-history":[{"count":0,"href":"https:\/\/jinhuaceramic.com\/fr\/wp-json\/wp\/v2\/product\/10919\/revisions"}],"wp:featuredmedia":[{"embeddable":true,"href":"https:\/\/jinhuaceramic.com\/fr\/wp-json\/wp\/v2\/media\/10925"}],"wp:attachment":[{"href":"https:\/\/jinhuaceramic.com\/fr\/wp-json\/wp\/v2\/media?parent=10919"}],"wp:term":[{"taxonomy":"product_brand","embeddable":true,"href":"https:\/\/jinhuaceramic.com\/fr\/wp-json\/wp\/v2\/product_brand?post=10919"},{"taxonomy":"product_cat","embeddable":true,"href":"https:\/\/jinhuaceramic.com\/fr\/wp-json\/wp\/v2\/product_cat?post=10919"},{"taxonomy":"product_tag","embeddable":true,"href":"https:\/\/jinhuaceramic.com\/fr\/wp-json\/wp\/v2\/product_tag?post=10919"}],"curies":[{"name":"wp","href":"https:\/\/api.w.org\/{rel}","templated":true}]}}