{"id":10932,"date":"2025-11-06T09:34:08","date_gmt":"2025-11-06T09:34:08","guid":{"rendered":"https:\/\/jinhuaceramic.com\/?post_type=product&#038;p=10932"},"modified":"2025-11-06T09:39:39","modified_gmt":"2025-11-06T09:39:39","slug":"blue-bathroom-accessories-wholesale","status":"publish","type":"product","link":"https:\/\/jinhuaceramic.com\/fr\/product\/blue-bathroom-accessories-wholesale\/","title":{"rendered":"Accessoires de salle de bains bleu d\u00e9grad\u00e9 Wholesale, set de bain 3 pi\u00e8ces"},"content":{"rendered":"<div class=\"wp-block-columns is-layout-flex wp-container-core-columns-is-layout-9d6595d7 wp-block-columns-is-layout-flex\">\n<div class=\"wp-block-column is-layout-flow wp-block-column-is-layout-flow\">\n<h3 class=\"wp-block-heading\">Premium Gradient Blue Bathroom Accessories Wholesale Caract\u00e9ristiques :<\/h3>\n\n\n\n<ul class=\"wp-block-list\">\n<li><strong>Couleurs brillantes : <\/strong>Ces accessoires de salle de bain en gros pr\u00e9sentent un style de couleur d\u00e9grad\u00e9 bleu blanc brillant dans son ensemble, passant progressivement du bleu profond en bas au blanc en haut, cr\u00e9ant un effet visuel frais et superpos\u00e9, adapt\u00e9 aux utilisateurs qui aiment le style oc\u00e9anique.<\/li>\n\n\n\n<li><strong>Texture unique : <\/strong>La surface de ces accessoires de salle de bains bleus d\u00e9grad\u00e9s poss\u00e8de une texture en relief tridimensionnelle dentel\u00e9e, qui non seulement augmente la texture des ensembles, mais pr\u00e9sente \u00e9galement de riches changements de lumi\u00e8re et d'obscurit\u00e9, ce qui les rend tr\u00e8s artistiques.<\/li>\n\n\n\n<li><strong>Collection compl\u00e8te :<\/strong> Ces ensembles de bain personnalis\u00e9s se composent de distributeurs de savon, de porte-brosses \u00e0 dents et de porte-savons, de sorte que vous disposez des \u00e9l\u00e9ments n\u00e9cessaires au lavage et au rangement dans la salle de bain et que celle-ci est plus propre.<\/li>\n\n\n\n<li><strong>Mat\u00e9riau de qualit\u00e9 :<\/strong> Ces accessoires de salle de bains bleus d\u00e9grad\u00e9s sont emball\u00e9s dans un mat\u00e9riau c\u00e9ramique de haute qualit\u00e9, de sorte que leur texture est lourde et dure, ce qui les rend r\u00e9sistants \u00e0 l'usure et \u00e0 la corrosion. Ils peuvent r\u00e9sister \u00e0 l'environnement humide de la salle de bains ainsi qu'aux frottements et aux chocs lors de l'utilisation quotidienne, et ont une longue dur\u00e9e de vie.<\/li>\n<\/ul>\n<\/div>\n\n\n\n<div class=\"wp-block-column is-layout-flow wp-block-column-is-layout-flow\">\n<figure class=\"wp-block-image size-full\"><img fetchpriority=\"high\" decoding=\"async\" width=\"1600\" height=\"1600\" src=\"https:\/\/jinhuaceramic.com\/wp-content\/uploads\/2025\/11\/Gradient-Blue-Bathroom-Accessories-Wholesale-Ceramic-Soap-Bottle-and-Soap-Dish-Set-5.webp\" alt=\"gradient-blue-bathroom-accessories-wholesale-3-pc-ceramic-bath-set-5\" class=\"wp-image-10936\" srcset=\"https:\/\/jinhuaceramic.com\/wp-content\/uploads\/2025\/11\/Gradient-Blue-Bathroom-Accessories-Wholesale-Ceramic-Soap-Bottle-and-Soap-Dish-Set-5.webp 1600w, https:\/\/jinhuaceramic.com\/wp-content\/uploads\/2025\/11\/Gradient-Blue-Bathroom-Accessories-Wholesale-Ceramic-Soap-Bottle-and-Soap-Dish-Set-5-300x300.webp 300w, https:\/\/jinhuaceramic.com\/wp-content\/uploads\/2025\/11\/Gradient-Blue-Bathroom-Accessories-Wholesale-Ceramic-Soap-Bottle-and-Soap-Dish-Set-5-150x150.webp 150w, https:\/\/jinhuaceramic.com\/wp-content\/uploads\/2025\/11\/Gradient-Blue-Bathroom-Accessories-Wholesale-Ceramic-Soap-Bottle-and-Soap-Dish-Set-5-768x768.webp 768w, https:\/\/jinhuaceramic.com\/wp-content\/uploads\/2025\/11\/Gradient-Blue-Bathroom-Accessories-Wholesale-Ceramic-Soap-Bottle-and-Soap-Dish-Set-5-12x12.webp 12w, https:\/\/jinhuaceramic.com\/wp-content\/uploads\/2025\/11\/Gradient-Blue-Bathroom-Accessories-Wholesale-Ceramic-Soap-Bottle-and-Soap-Dish-Set-5-285x285.webp 285w, https:\/\/jinhuaceramic.com\/wp-content\/uploads\/2025\/11\/Gradient-Blue-Bathroom-Accessories-Wholesale-Ceramic-Soap-Bottle-and-Soap-Dish-Set-5-270x270.webp 270w, https:\/\/jinhuaceramic.com\/wp-content\/uploads\/2025\/11\/Gradient-Blue-Bathroom-Accessories-Wholesale-Ceramic-Soap-Bottle-and-Soap-Dish-Set-5-540x540.webp 540w, https:\/\/jinhuaceramic.com\/wp-content\/uploads\/2025\/11\/Gradient-Blue-Bathroom-Accessories-Wholesale-Ceramic-Soap-Bottle-and-Soap-Dish-Set-5-660x660.webp 660w\" sizes=\"(max-width: 1600px) 100vw, 1600px\" \/><\/figure>\n<\/div>\n<\/div>","protected":false},"excerpt":{"rendered":"<p>Nous vous invitons \u00e0 acheter en gros ces accessoires de salle de bain bleu d\u00e9grad\u00e9, comprenant un distributeur de savon, un porte-brosse \u00e0 dents et un porte-savon, con\u00e7us pour les h\u00f4tels, les d\u00e9taillants et les distributeurs de produits de salle de bain. Cet ensemble de salle de bain 3 pi\u00e8ces en c\u00e9ramique est fabriqu\u00e9 en c\u00e9ramique durable avec une \u00e9l\u00e9gante finition d\u00e9grad\u00e9e. Cet ensemble offre \u00e0 la fois facilit\u00e9 d'utilisation et style moderne - parfait pour la vente en gros et la personnalisation de la ligne d'accessoires de salle de bain haut de gamme.<\/p>","protected":false},"featured_media":10934,"comment_status":"closed","ping_status":"closed","template":"","meta":{"_acf_changed":false},"product_brand":[],"product_cat":[51],"product_tag":[74],"class_list":{"0":"post-10932","1":"product","2":"type-product","3":"status-publish","4":"has-post-thumbnail","6":"product_cat-bathroom-accessories-wholesale","7":"product_tag-ceramic-bath-accessories-wholesale","9":"first","10":"instock","11":"shipping-taxable","12":"product-type-simple"},"acf":[],"_links":{"self":[{"href":"https:\/\/jinhuaceramic.com\/fr\/wp-json\/wp\/v2\/product\/10932","targetHints":{"allow":["GET"]}}],"collection":[{"href":"https:\/\/jinhuaceramic.com\/fr\/wp-json\/wp\/v2\/product"}],"about":[{"href":"https:\/\/jinhuaceramic.com\/fr\/wp-json\/wp\/v2\/types\/product"}],"replies":[{"embeddable":true,"href":"https:\/\/jinhuaceramic.com\/fr\/wp-json\/wp\/v2\/comments?post=10932"}],"version-history":[{"count":0,"href":"https:\/\/jinhuaceramic.com\/fr\/wp-json\/wp\/v2\/product\/10932\/revisions"}],"wp:featuredmedia":[{"embeddable":true,"href":"https:\/\/jinhuaceramic.com\/fr\/wp-json\/wp\/v2\/media\/10934"}],"wp:attachment":[{"href":"https:\/\/jinhuaceramic.com\/fr\/wp-json\/wp\/v2\/media?parent=10932"}],"wp:term":[{"taxonomy":"product_brand","embeddable":true,"href":"https:\/\/jinhuaceramic.com\/fr\/wp-json\/wp\/v2\/product_brand?post=10932"},{"taxonomy":"product_cat","embeddable":true,"href":"https:\/\/jinhuaceramic.com\/fr\/wp-json\/wp\/v2\/product_cat?post=10932"},{"taxonomy":"product_tag","embeddable":true,"href":"https:\/\/jinhuaceramic.com\/fr\/wp-json\/wp\/v2\/product_tag?post=10932"}],"curies":[{"name":"wp","href":"https:\/\/api.w.org\/{rel}","templated":true}]}}