{"id":10942,"date":"2025-11-06T09:57:05","date_gmt":"2025-11-06T09:57:05","guid":{"rendered":"https:\/\/jinhuaceramic.com\/?post_type=product&#038;p=10942"},"modified":"2025-11-06T09:57:08","modified_gmt":"2025-11-06T09:57:08","slug":"white-baking-pan-wholesale","status":"publish","type":"product","link":"https:\/\/jinhuaceramic.com\/fr\/product\/white-baking-pan-wholesale\/","title":{"rendered":"Plaque \u00e0 p\u00e2tisserie blanche en gros, c\u00e9ramique personnalis\u00e9e pour four"},"content":{"rendered":"<div class=\"wp-block-columns is-layout-flex wp-container-core-columns-is-layout-9d6595d7 wp-block-columns-is-layout-flex\">\n<div class=\"wp-block-column is-layout-flow wp-block-column-is-layout-flow\">\n<h3 class=\"wp-block-heading\">Plaque \u00e0 p\u00e2tisserie blanche de qualit\u00e9 sup\u00e9rieure en gros Caract\u00e9ristiques :<\/h3>\n\n\n\n<ul class=\"wp-block-list\">\n<li><strong>Blanc pur : <\/strong>Ces moules \u00e0 p\u00e2tisserie personnalis\u00e9s sont d'un blanc pur, visuellement propre et rafra\u00eechissant, et peuvent \u00eatre associ\u00e9s \u00e0 diff\u00e9rents styles de d\u00e9coration de cuisine et de vaisselle pour cr\u00e9er une atmosph\u00e8re simple et \u00e9l\u00e9gante.<\/li>\n\n\n\n<li><strong>Texture et poign\u00e9es : <\/strong>La texture ondul\u00e9e en diagonale sur la paroi ext\u00e9rieure de ce moule \u00e0 p\u00e2tisserie personnalis\u00e9 ne rehausse pas seulement le sens du design visuel, mais a \u00e9galement un certain effet antid\u00e9rapant. Les deux c\u00f4t\u00e9s du moule sont dot\u00e9s de poign\u00e9es textur\u00e9es con\u00e7ues pour faciliter le transport et pour garantir que vous ne vous br\u00fblerez pas si vous utilisez le moule directement du four \u00e0 la table. Cela renforce la s\u00e9curit\u00e9 des consommateurs lors de l'utilisation de l'article.<\/li>\n\n\n\n<li><strong>Mat\u00e9riau de haute qualit\u00e9 :<\/strong> Ce moule de cuisson blanc est fabriqu\u00e9 en c\u00e9ramique naturelle, non toxique et inoffensive, qui ne r\u00e9agit pas chimiquement et n'est pas nocive pour la s\u00e9curit\u00e9 alimentaire. La c\u00e9ramique r\u00e9siste \u00e0 la cuisson \u00e0 haute temp\u00e9rature sans se fissurer ni perdre sa forme.<\/li>\n\n\n\n<li><strong>Plateau de cuisson polyvalent :<\/strong> Le moule de cuisson blanc en gros peut contenir environ 110 onces de produits de cuisson de grande taille tels que lasagnes, poulet r\u00f4ti, rago\u00fbts, etc. Ils peuvent \u00eatre utilis\u00e9s comme moules \u00e0 p\u00e2tisserie et peuvent contenir des l\u00e9gumes, des fruits ou peuvent \u00eatre utilis\u00e9s comme assiettes d\u00e9coratives.<\/li>\n<\/ul>\n<\/div>\n\n\n\n<div class=\"wp-block-column is-layout-flow wp-block-column-is-layout-flow\">\n<figure class=\"wp-block-image size-full\"><img fetchpriority=\"high\" decoding=\"async\" width=\"1600\" height=\"1600\" src=\"https:\/\/jinhuaceramic.com\/wp-content\/uploads\/2025\/11\/White-Ceramic-Baking-Pan-Custom-Casserole-Dish-Kitchen-Bakeware-Wholesale-5.webp\" alt=\"blanc-pan de cuisson-wholesale-custom-ceramic-bakeware-for-oven-5\" class=\"wp-image-10946\" srcset=\"https:\/\/jinhuaceramic.com\/wp-content\/uploads\/2025\/11\/White-Ceramic-Baking-Pan-Custom-Casserole-Dish-Kitchen-Bakeware-Wholesale-5.webp 1600w, https:\/\/jinhuaceramic.com\/wp-content\/uploads\/2025\/11\/White-Ceramic-Baking-Pan-Custom-Casserole-Dish-Kitchen-Bakeware-Wholesale-5-300x300.webp 300w, https:\/\/jinhuaceramic.com\/wp-content\/uploads\/2025\/11\/White-Ceramic-Baking-Pan-Custom-Casserole-Dish-Kitchen-Bakeware-Wholesale-5-150x150.webp 150w, https:\/\/jinhuaceramic.com\/wp-content\/uploads\/2025\/11\/White-Ceramic-Baking-Pan-Custom-Casserole-Dish-Kitchen-Bakeware-Wholesale-5-768x768.webp 768w, https:\/\/jinhuaceramic.com\/wp-content\/uploads\/2025\/11\/White-Ceramic-Baking-Pan-Custom-Casserole-Dish-Kitchen-Bakeware-Wholesale-5-12x12.webp 12w, https:\/\/jinhuaceramic.com\/wp-content\/uploads\/2025\/11\/White-Ceramic-Baking-Pan-Custom-Casserole-Dish-Kitchen-Bakeware-Wholesale-5-285x285.webp 285w, https:\/\/jinhuaceramic.com\/wp-content\/uploads\/2025\/11\/White-Ceramic-Baking-Pan-Custom-Casserole-Dish-Kitchen-Bakeware-Wholesale-5-270x270.webp 270w, https:\/\/jinhuaceramic.com\/wp-content\/uploads\/2025\/11\/White-Ceramic-Baking-Pan-Custom-Casserole-Dish-Kitchen-Bakeware-Wholesale-5-540x540.webp 540w, https:\/\/jinhuaceramic.com\/wp-content\/uploads\/2025\/11\/White-Ceramic-Baking-Pan-Custom-Casserole-Dish-Kitchen-Bakeware-Wholesale-5-660x660.webp 660w\" sizes=\"(max-width: 1600px) 100vw, 1600px\" \/><\/figure>\n<\/div>\n<\/div>","protected":false},"excerpt":{"rendered":"<p>Nous vous invitons \u00e0 acheter en gros ce plat \u00e0 four blanc, con\u00e7u pour les cuisines professionnelles et les magasins de d\u00e9tail. Fabriqu\u00e9s en c\u00e9ramique durable et r\u00e9sistante au four, ces moules \u00e0 p\u00e2tisserie peuvent \u00eatre personnalis\u00e9s en OEM et ODM. Ce sont des ustensiles de cuisine essentiels de haute qualit\u00e9, id\u00e9aux pour les marques d'ustensiles de cuisine, les restaurants et les distributeurs \u00e0 la recherche d'ustensiles de cuisson personnalis\u00e9s de haute qualit\u00e9 pour les commandes en gros.<\/p>","protected":false},"featured_media":10947,"comment_status":"closed","ping_status":"closed","template":"","meta":{"_acf_changed":false},"product_brand":[],"product_cat":[53],"product_tag":[71],"class_list":{"0":"post-10942","1":"product","2":"type-product","3":"status-publish","4":"has-post-thumbnail","6":"product_cat-bakeware-in-bulk","7":"product_tag-wholesale-baking-pans","9":"first","10":"instock","11":"shipping-taxable","12":"product-type-simple"},"acf":[],"_links":{"self":[{"href":"https:\/\/jinhuaceramic.com\/fr\/wp-json\/wp\/v2\/product\/10942","targetHints":{"allow":["GET"]}}],"collection":[{"href":"https:\/\/jinhuaceramic.com\/fr\/wp-json\/wp\/v2\/product"}],"about":[{"href":"https:\/\/jinhuaceramic.com\/fr\/wp-json\/wp\/v2\/types\/product"}],"replies":[{"embeddable":true,"href":"https:\/\/jinhuaceramic.com\/fr\/wp-json\/wp\/v2\/comments?post=10942"}],"version-history":[{"count":0,"href":"https:\/\/jinhuaceramic.com\/fr\/wp-json\/wp\/v2\/product\/10942\/revisions"}],"wp:featuredmedia":[{"embeddable":true,"href":"https:\/\/jinhuaceramic.com\/fr\/wp-json\/wp\/v2\/media\/10947"}],"wp:attachment":[{"href":"https:\/\/jinhuaceramic.com\/fr\/wp-json\/wp\/v2\/media?parent=10942"}],"wp:term":[{"taxonomy":"product_brand","embeddable":true,"href":"https:\/\/jinhuaceramic.com\/fr\/wp-json\/wp\/v2\/product_brand?post=10942"},{"taxonomy":"product_cat","embeddable":true,"href":"https:\/\/jinhuaceramic.com\/fr\/wp-json\/wp\/v2\/product_cat?post=10942"},{"taxonomy":"product_tag","embeddable":true,"href":"https:\/\/jinhuaceramic.com\/fr\/wp-json\/wp\/v2\/product_tag?post=10942"}],"curies":[{"name":"wp","href":"https:\/\/api.w.org\/{rel}","templated":true}]}}