{"id":10955,"date":"2025-11-06T10:21:47","date_gmt":"2025-11-06T10:21:47","guid":{"rendered":"https:\/\/jinhuaceramic.com\/?post_type=product&#038;p=10955"},"modified":"2025-11-06T10:21:55","modified_gmt":"2025-11-06T10:21:55","slug":"gray-bath-set-wholesale","status":"publish","type":"product","link":"https:\/\/jinhuaceramic.com\/fr\/product\/gray-bath-set-wholesale\/","title":{"rendered":"Set de bain gris Wholesale, Hotel Ceramic Bathroom Supplies"},"content":{"rendered":"<div class=\"wp-block-columns is-layout-flex wp-container-core-columns-is-layout-9d6595d7 wp-block-columns-is-layout-flex\">\n<div class=\"wp-block-column is-layout-flow wp-block-column-is-layout-flow\">\n<h3 class=\"wp-block-heading\">Premium Minimalist Gray Bath Set Wholesale Caract\u00e9ristiques :<\/h3>\n\n\n\n<ul class=\"wp-block-list\">\n<li><strong>Design minimaliste :<\/strong> Le design de ces ensembles de salle de bains en c\u00e9ramique personnalis\u00e9s est arrondi et construit dans une palette de couleurs grises, avec un ton unique et sans fioritures inutiles, pour une apparence sans effort de s\u00e9r\u00e9nit\u00e9 et de neutralit\u00e9 qui se pr\u00eate \u00e0 une grande vari\u00e9t\u00e9 de styles de d\u00e9coration de salle de bains.<\/li>\n\n\n\n<li><strong>Grande praticit\u00e9 :<\/strong> Cet ensemble de bain gris contient une s\u00e9lection d'accessoires de salle de bain pratiques tels qu'un distributeur de savon, un porte-brosse \u00e0 dents, un rince-bouche et un porte-savon pour r\u00e9pondre aux besoins de base en mati\u00e8re de toilette et de rangement pour une salle de bain bien organis\u00e9e.<\/li>\n\n\n\n<li><strong>Solide et durable :<\/strong> Cet ensemble de bain gris est fabriqu\u00e9 en c\u00e9ramique solide cuite \u00e0 haute temp\u00e9rature. Les c\u00e9ramiques sont dures et pr\u00e9sentent une r\u00e9sistance sup\u00e9rieure \u00e0 l'usure, \u00e0 la d\u00e9formation et aux rayures, et ne risquent donc pas d'\u00eatre endommag\u00e9es lors d'une utilisation normale.<\/li>\n\n\n\n<li><strong>Facile \u00e0 utiliser :<\/strong> Nos ensembles de salle de bains en c\u00e9ramique personnalis\u00e9s pr\u00e9sentent une surface lisse et des performances sup\u00e9rieures, \u00e9tanches \u00e0 l'eau et \u00e0 l'humidit\u00e9. Ils ne seront pas affect\u00e9s par l'humidit\u00e9 ou le d\u00e9veloppement de moisissures dues aux conditions humides de la salle de bains et sont faciles \u00e0 nettoyer et \u00e0 entretenir, avec une longue dur\u00e9e de vie.<\/li>\n<\/ul>\n<\/div>\n\n\n\n<div class=\"wp-block-column is-layout-flow wp-block-column-is-layout-flow\">\n<figure class=\"wp-block-image size-full\"><img fetchpriority=\"high\" decoding=\"async\" width=\"1200\" height=\"1200\" src=\"https:\/\/jinhuaceramic.com\/wp-content\/uploads\/2025\/11\/Minimalist-Gray-Bathroom-Set-Wholesale-Ceramic-Bathroom-Kitchen-Supplies-2.webp\" alt=\"gray-bath-set-wholesale-hotel-ceramic-bathroom-supplies-2\" class=\"wp-image-10956\" srcset=\"https:\/\/jinhuaceramic.com\/wp-content\/uploads\/2025\/11\/Minimalist-Gray-Bathroom-Set-Wholesale-Ceramic-Bathroom-Kitchen-Supplies-2.webp 1200w, https:\/\/jinhuaceramic.com\/wp-content\/uploads\/2025\/11\/Minimalist-Gray-Bathroom-Set-Wholesale-Ceramic-Bathroom-Kitchen-Supplies-2-300x300.webp 300w, https:\/\/jinhuaceramic.com\/wp-content\/uploads\/2025\/11\/Minimalist-Gray-Bathroom-Set-Wholesale-Ceramic-Bathroom-Kitchen-Supplies-2-150x150.webp 150w, https:\/\/jinhuaceramic.com\/wp-content\/uploads\/2025\/11\/Minimalist-Gray-Bathroom-Set-Wholesale-Ceramic-Bathroom-Kitchen-Supplies-2-768x768.webp 768w, https:\/\/jinhuaceramic.com\/wp-content\/uploads\/2025\/11\/Minimalist-Gray-Bathroom-Set-Wholesale-Ceramic-Bathroom-Kitchen-Supplies-2-12x12.webp 12w, https:\/\/jinhuaceramic.com\/wp-content\/uploads\/2025\/11\/Minimalist-Gray-Bathroom-Set-Wholesale-Ceramic-Bathroom-Kitchen-Supplies-2-285x285.webp 285w, https:\/\/jinhuaceramic.com\/wp-content\/uploads\/2025\/11\/Minimalist-Gray-Bathroom-Set-Wholesale-Ceramic-Bathroom-Kitchen-Supplies-2-270x270.webp 270w, https:\/\/jinhuaceramic.com\/wp-content\/uploads\/2025\/11\/Minimalist-Gray-Bathroom-Set-Wholesale-Ceramic-Bathroom-Kitchen-Supplies-2-540x540.webp 540w, https:\/\/jinhuaceramic.com\/wp-content\/uploads\/2025\/11\/Minimalist-Gray-Bathroom-Set-Wholesale-Ceramic-Bathroom-Kitchen-Supplies-2-660x660.webp 660w\" sizes=\"(max-width: 1200px) 100vw, 1200px\" \/><\/figure>\n<\/div>\n<\/div>","protected":false},"excerpt":{"rendered":"<p>Bienvenue dans l'achat en gros de l'ensemble de bain gris minimaliste 4 pi\u00e8ces, compos\u00e9 d'un distributeur de savon, d'un porte-brosse \u00e0 dents, d'un rince-bouche et d'un porte-savon, con\u00e7u pour les h\u00f4tels, les centres de vill\u00e9giature et les grossistes en fournitures pour salles de bains. Fabriqu\u00e9 en c\u00e9ramique durable avec une finition \u00e9l\u00e9gante et facile \u00e0 nettoyer, il offre un look moderne et coordonn\u00e9, id\u00e9al pour les achats en gros et la personnalisation OEM\/ODM dans les projets de l'h\u00f4tellerie.<\/p>","protected":false},"featured_media":10957,"comment_status":"closed","ping_status":"closed","template":"","meta":{"_acf_changed":false},"product_brand":[],"product_cat":[51],"product_tag":[74],"class_list":{"0":"post-10955","1":"product","2":"type-product","3":"status-publish","4":"has-post-thumbnail","6":"product_cat-bathroom-accessories-wholesale","7":"product_tag-ceramic-bath-accessories-wholesale","9":"first","10":"instock","11":"shipping-taxable","12":"product-type-simple"},"acf":[],"_links":{"self":[{"href":"https:\/\/jinhuaceramic.com\/fr\/wp-json\/wp\/v2\/product\/10955","targetHints":{"allow":["GET"]}}],"collection":[{"href":"https:\/\/jinhuaceramic.com\/fr\/wp-json\/wp\/v2\/product"}],"about":[{"href":"https:\/\/jinhuaceramic.com\/fr\/wp-json\/wp\/v2\/types\/product"}],"replies":[{"embeddable":true,"href":"https:\/\/jinhuaceramic.com\/fr\/wp-json\/wp\/v2\/comments?post=10955"}],"version-history":[{"count":0,"href":"https:\/\/jinhuaceramic.com\/fr\/wp-json\/wp\/v2\/product\/10955\/revisions"}],"wp:featuredmedia":[{"embeddable":true,"href":"https:\/\/jinhuaceramic.com\/fr\/wp-json\/wp\/v2\/media\/10957"}],"wp:attachment":[{"href":"https:\/\/jinhuaceramic.com\/fr\/wp-json\/wp\/v2\/media?parent=10955"}],"wp:term":[{"taxonomy":"product_brand","embeddable":true,"href":"https:\/\/jinhuaceramic.com\/fr\/wp-json\/wp\/v2\/product_brand?post=10955"},{"taxonomy":"product_cat","embeddable":true,"href":"https:\/\/jinhuaceramic.com\/fr\/wp-json\/wp\/v2\/product_cat?post=10955"},{"taxonomy":"product_tag","embeddable":true,"href":"https:\/\/jinhuaceramic.com\/fr\/wp-json\/wp\/v2\/product_tag?post=10955"}],"curies":[{"name":"wp","href":"https:\/\/api.w.org\/{rel}","templated":true}]}}