{"id":10971,"date":"2025-11-06T10:37:46","date_gmt":"2025-11-06T10:37:46","guid":{"rendered":"https:\/\/jinhuaceramic.com\/?post_type=product&#038;p=10971"},"modified":"2025-11-06T10:37:50","modified_gmt":"2025-11-06T10:37:50","slug":"custom-ceramic-kitchen-baking-pans","status":"publish","type":"product","link":"https:\/\/jinhuaceramic.com\/fr\/product\/custom-ceramic-kitchen-baking-pans\/","title":{"rendered":"Moules \u00e0 p\u00e2tisserie en c\u00e9ramique, moules \u00e0 p\u00e2tisserie antiadh\u00e9sifs en vrac"},"content":{"rendered":"<div class=\"wp-block-columns is-layout-flex wp-container-core-columns-is-layout-9d6595d7 wp-block-columns-is-layout-flex\">\n<div class=\"wp-block-column is-layout-flow wp-block-column-is-layout-flow\">\n<h3 class=\"wp-block-heading\">Plaques de cuisson en c\u00e9ramique de qualit\u00e9 sup\u00e9rieure Caract\u00e9ristiques :<\/h3>\n\n\n\n<ul class=\"wp-block-list\">\n<li><strong>Design \u00e9l\u00e9gant :<\/strong> Ces plats de cuisson en c\u00e9ramique beige personnalis\u00e9s offrent une palette de couleurs chaudes et polyvalentes qui s'accordent avec une grande vari\u00e9t\u00e9 de styles et d'ustensiles de cuisine. La paroi ext\u00e9rieure du plat de cuisson pr\u00e9sente une texture inclin\u00e9e qui cr\u00e9e une superposition visuelle et un d\u00e9tail artistique, ajoutant ainsi une touche d'\u00e9l\u00e9gance \u00e0 la cuisine.<\/li>\n\n\n\n<li><strong>Capacit\u00e9 confortable : <\/strong>La forme rectangulaire classique et la taille moyenne des moules de cuisine en c\u00e9ramique personnalis\u00e9s offrent un grand espace int\u00e9rieur et une hauteur id\u00e9ale pour la cuisson de diff\u00e9rents aliments, tels que lasagnes, l\u00e9gumes, viandes, p\u00e2tisseries, etc., afin de faciliter la cuisine quotidienne ou les petites r\u00e9unions \u00e0 la maison.<\/li>\n\n\n\n<li><strong>Chauffage uniforme :<\/strong> Ces plats de cuisson en gros comprennent un mat\u00e9riau c\u00e9ramique de haute qualit\u00e9 et poss\u00e8dent une bonne conductivit\u00e9, ce qui signifie qu'ils peuvent chauffer les aliments de mani\u00e8re uniforme lorsqu'ils sont enfourn\u00e9s, afin d'\u00e9viter qu'un endroit ne soit br\u00fbl\u00e9 et que d'autres ne soient pas assez cuits, ce qui pourrait g\u00e2cher le go\u00fbt des aliments.<\/li>\n\n\n\n<li><strong>Facile \u00e0 nettoyer :<\/strong> Ces plats de cuisson en gros sont fabriqu\u00e9s en c\u00e9ramique personnalis\u00e9e et ont des surfaces glac\u00e9es tr\u00e8s lisses qui ne collent pas facilement aux morceaux de nourriture. Tr\u00e8s faciles \u00e0 nettoyer, ils peuvent \u00eatre rinc\u00e9s avec un simple produit vaisselle et une \u00e9ponge, ce qui vous permet d'\u00e9conomiser du temps et de l'\u00e9nergie pour le nettoyage.<\/li>\n<\/ul>\n<\/div>\n\n\n\n<div class=\"wp-block-column is-layout-flow wp-block-column-is-layout-flow\">\n<figure class=\"wp-block-image size-full\"><img fetchpriority=\"high\" decoding=\"async\" width=\"1600\" height=\"1600\" src=\"https:\/\/jinhuaceramic.com\/wp-content\/uploads\/2025\/11\/Nonstick-Custom-Baking-Dishes-Ceramic-Kitchen-Food-Service-Baking-Pans-Wholesale-5.webp\" alt=\"casseroles de cuisine en c\u00e9ramique personnalis\u00e9es - moules \u00e0 p\u00e2tisserie non collants - en vrac - 5\" class=\"wp-image-10975\" srcset=\"https:\/\/jinhuaceramic.com\/wp-content\/uploads\/2025\/11\/Nonstick-Custom-Baking-Dishes-Ceramic-Kitchen-Food-Service-Baking-Pans-Wholesale-5.webp 1600w, https:\/\/jinhuaceramic.com\/wp-content\/uploads\/2025\/11\/Nonstick-Custom-Baking-Dishes-Ceramic-Kitchen-Food-Service-Baking-Pans-Wholesale-5-300x300.webp 300w, https:\/\/jinhuaceramic.com\/wp-content\/uploads\/2025\/11\/Nonstick-Custom-Baking-Dishes-Ceramic-Kitchen-Food-Service-Baking-Pans-Wholesale-5-150x150.webp 150w, https:\/\/jinhuaceramic.com\/wp-content\/uploads\/2025\/11\/Nonstick-Custom-Baking-Dishes-Ceramic-Kitchen-Food-Service-Baking-Pans-Wholesale-5-768x768.webp 768w, https:\/\/jinhuaceramic.com\/wp-content\/uploads\/2025\/11\/Nonstick-Custom-Baking-Dishes-Ceramic-Kitchen-Food-Service-Baking-Pans-Wholesale-5-12x12.webp 12w, https:\/\/jinhuaceramic.com\/wp-content\/uploads\/2025\/11\/Nonstick-Custom-Baking-Dishes-Ceramic-Kitchen-Food-Service-Baking-Pans-Wholesale-5-285x285.webp 285w, https:\/\/jinhuaceramic.com\/wp-content\/uploads\/2025\/11\/Nonstick-Custom-Baking-Dishes-Ceramic-Kitchen-Food-Service-Baking-Pans-Wholesale-5-270x270.webp 270w, https:\/\/jinhuaceramic.com\/wp-content\/uploads\/2025\/11\/Nonstick-Custom-Baking-Dishes-Ceramic-Kitchen-Food-Service-Baking-Pans-Wholesale-5-540x540.webp 540w, https:\/\/jinhuaceramic.com\/wp-content\/uploads\/2025\/11\/Nonstick-Custom-Baking-Dishes-Ceramic-Kitchen-Food-Service-Baking-Pans-Wholesale-5-660x660.webp 660w\" sizes=\"(max-width: 1600px) 100vw, 1600px\" \/><\/figure>\n<\/div>\n<\/div>","protected":false},"excerpt":{"rendered":"<p>Nous vous invitons \u00e0 acheter ces moules \u00e0 p\u00e2tisserie en c\u00e9ramique con\u00e7us pour la cuisson professionnelle et l'utilisation commerciale. Avec son rev\u00eatement antiadh\u00e9sif et sa c\u00e9ramique durable \u00e0 haute temp\u00e9rature, elle est con\u00e7ue pour distribuer une chaleur uniforme et est facile \u00e0 nettoyer. Id\u00e9ale pour les restaurants, les sources de commandes en gros et les marques d'ustensiles de cuisine, elle peut \u00eatre personnalis\u00e9e par OEM\/ODM pour les marchandises de marque.<\/p>","protected":false},"featured_media":10977,"comment_status":"closed","ping_status":"closed","template":"","meta":{"_acf_changed":false},"product_brand":[],"product_cat":[53],"product_tag":[71],"class_list":{"0":"post-10971","1":"product","2":"type-product","3":"status-publish","4":"has-post-thumbnail","6":"product_cat-bakeware-in-bulk","7":"product_tag-wholesale-baking-pans","9":"first","10":"instock","11":"shipping-taxable","12":"product-type-simple"},"acf":[],"_links":{"self":[{"href":"https:\/\/jinhuaceramic.com\/fr\/wp-json\/wp\/v2\/product\/10971","targetHints":{"allow":["GET"]}}],"collection":[{"href":"https:\/\/jinhuaceramic.com\/fr\/wp-json\/wp\/v2\/product"}],"about":[{"href":"https:\/\/jinhuaceramic.com\/fr\/wp-json\/wp\/v2\/types\/product"}],"replies":[{"embeddable":true,"href":"https:\/\/jinhuaceramic.com\/fr\/wp-json\/wp\/v2\/comments?post=10971"}],"version-history":[{"count":0,"href":"https:\/\/jinhuaceramic.com\/fr\/wp-json\/wp\/v2\/product\/10971\/revisions"}],"wp:featuredmedia":[{"embeddable":true,"href":"https:\/\/jinhuaceramic.com\/fr\/wp-json\/wp\/v2\/media\/10977"}],"wp:attachment":[{"href":"https:\/\/jinhuaceramic.com\/fr\/wp-json\/wp\/v2\/media?parent=10971"}],"wp:term":[{"taxonomy":"product_brand","embeddable":true,"href":"https:\/\/jinhuaceramic.com\/fr\/wp-json\/wp\/v2\/product_brand?post=10971"},{"taxonomy":"product_cat","embeddable":true,"href":"https:\/\/jinhuaceramic.com\/fr\/wp-json\/wp\/v2\/product_cat?post=10971"},{"taxonomy":"product_tag","embeddable":true,"href":"https:\/\/jinhuaceramic.com\/fr\/wp-json\/wp\/v2\/product_tag?post=10971"}],"curies":[{"name":"wp","href":"https:\/\/api.w.org\/{rel}","templated":true}]}}