{"id":11023,"date":"2025-11-12T08:13:55","date_gmt":"2025-11-12T08:13:55","guid":{"rendered":"https:\/\/jinhuaceramic.com\/?post_type=product&#038;p=11023"},"modified":"2025-11-12T08:13:58","modified_gmt":"2025-11-12T08:13:58","slug":"wholesale-3-piece-bathroom-set","status":"publish","type":"product","link":"https:\/\/jinhuaceramic.com\/fr\/product\/wholesale-3-piece-bathroom-set\/","title":{"rendered":"Wholesale 3-Piece Bathroom Set, White Ceramic Bath Accessories Bulk (Ensemble de salle de bain 3 pi\u00e8ces, accessoires de bain en c\u00e9ramique blanche)"},"content":{"rendered":"<div class=\"wp-block-columns is-layout-flex wp-container-core-columns-is-layout-9d6595d7 wp-block-columns-is-layout-flex\">\n<div class=\"wp-block-column is-layout-flow wp-block-column-is-layout-flow\">\n<h3 class=\"wp-block-heading\">Premium Wholesale 3-Piece Bathroom Set Features :<\/h3>\n\n\n\n<ul class=\"wp-block-list\">\n<li><strong>Design attrayant :<\/strong> Cet ensemble de salle de bains 3 pi\u00e8ces combine une palette de couleurs blanches fra\u00eeches et polyvalentes qui donnent aux gens une sensation de propret\u00e9 et d'ordre. La surface des accessoires de salle de bain pr\u00e9sente un motif dentel\u00e9 d\u00e9licat qui donne des couches visuelles. Il ne s'agit donc pas d'un simple design ennuyeux qui ajoute des qualit\u00e9s \u00e9l\u00e9gantes et exquises.<\/li>\n\n\n\n<li><strong>Fonctionnalit\u00e9 pratique : <\/strong>Cet ensemble de salle de bain 3 pi\u00e8ces comprend des accessoires de salle de bain pratiques avec diff\u00e9rentes fonctions : le distributeur de savon peut contr\u00f4ler avec pr\u00e9cision le d\u00e9bit de liquide et appuyer en douceur ; le porte-brosse \u00e0 dents peut \u00eatre utilis\u00e9 pour ranger les brosses \u00e0 dents, le dentifrice ou les brosses de maquillage, etc ; le porte-savon peut \u00eatre utilis\u00e9 pour ranger le savon, les montres, les bijoux, etc.<\/li>\n\n\n\n<li><strong>Solide et durable :<\/strong> Ces ensembles de salle de bains personnalis\u00e9s sont fabriqu\u00e9s \u00e0 partir de mat\u00e9riaux c\u00e9ramiques de haute qualit\u00e9, d'une grande duret\u00e9 et d'une forte r\u00e9sistance \u00e0 l'usure. Leur surface est facile \u00e0 nettoyer et inodore. Ils ne se rayent pas facilement et ne s'ab\u00eement pas au cours de l'utilisation quotidienne, ce qui leur conf\u00e8re une longue dur\u00e9e de vie.<\/li>\n\n\n\n<li><strong>Vente en gros et aide \u00e0 la personnalisation :<\/strong> Ces ensembles de salle de bains personnalis\u00e9s conviennent aux achats en gros des h\u00f4tels, des maisons d'h\u00f4tes, des d\u00e9taillants et des clients de marque, qui peuvent b\u00e9n\u00e9ficier de services de personnalisation OEM\/ODM, tels que l'impression de logos et la personnalisation de l'emballage.<\/li>\n<\/ul>\n<\/div>\n\n\n\n<div class=\"wp-block-column is-layout-flow wp-block-column-is-layout-flow\">\n<figure class=\"wp-block-image size-full\"><img fetchpriority=\"high\" decoding=\"async\" width=\"1600\" height=\"1600\" src=\"https:\/\/jinhuaceramic.com\/wp-content\/uploads\/2025\/11\/White-Designer-Bathroom-Sets-Wholesale-Custom-Made-Bathroom-Accessories-3.webp\" alt=\"wholesale-3-piece-bathroom-set-ceramic-bath-accessory-bulk-3\" class=\"wp-image-11025\" srcset=\"https:\/\/jinhuaceramic.com\/wp-content\/uploads\/2025\/11\/White-Designer-Bathroom-Sets-Wholesale-Custom-Made-Bathroom-Accessories-3.webp 1600w, https:\/\/jinhuaceramic.com\/wp-content\/uploads\/2025\/11\/White-Designer-Bathroom-Sets-Wholesale-Custom-Made-Bathroom-Accessories-3-300x300.webp 300w, https:\/\/jinhuaceramic.com\/wp-content\/uploads\/2025\/11\/White-Designer-Bathroom-Sets-Wholesale-Custom-Made-Bathroom-Accessories-3-150x150.webp 150w, https:\/\/jinhuaceramic.com\/wp-content\/uploads\/2025\/11\/White-Designer-Bathroom-Sets-Wholesale-Custom-Made-Bathroom-Accessories-3-768x768.webp 768w, https:\/\/jinhuaceramic.com\/wp-content\/uploads\/2025\/11\/White-Designer-Bathroom-Sets-Wholesale-Custom-Made-Bathroom-Accessories-3-12x12.webp 12w, https:\/\/jinhuaceramic.com\/wp-content\/uploads\/2025\/11\/White-Designer-Bathroom-Sets-Wholesale-Custom-Made-Bathroom-Accessories-3-285x285.webp 285w, https:\/\/jinhuaceramic.com\/wp-content\/uploads\/2025\/11\/White-Designer-Bathroom-Sets-Wholesale-Custom-Made-Bathroom-Accessories-3-270x270.webp 270w, https:\/\/jinhuaceramic.com\/wp-content\/uploads\/2025\/11\/White-Designer-Bathroom-Sets-Wholesale-Custom-Made-Bathroom-Accessories-3-540x540.webp 540w, https:\/\/jinhuaceramic.com\/wp-content\/uploads\/2025\/11\/White-Designer-Bathroom-Sets-Wholesale-Custom-Made-Bathroom-Accessories-3-660x660.webp 660w\" sizes=\"(max-width: 1600px) 100vw, 1600px\" \/><\/figure>\n<\/div>\n<\/div>","protected":false},"excerpt":{"rendered":"<p>Nous vous invitons \u00e0 acheter cet ensemble de salle de bains 3 pi\u00e8ces en gros, qui allie beaut\u00e9, fonctionnalit\u00e9, mat\u00e9riaux durables et caract\u00e9ristiques s\u00fbres et hygi\u00e9niques. Il ne se contente pas d'embellir l'ensemble de la salle de bains, mais vous permet \u00e9galement de vivre une exp\u00e9rience plus fonctionnelle et plus confortable. Les accessoires de bain durables sont parfaits pour les h\u00f4tels, les maisons et les sites de vente au d\u00e9tail.<\/p>","protected":false},"featured_media":11028,"comment_status":"closed","ping_status":"closed","template":"","meta":{"_acf_changed":false},"product_brand":[],"product_cat":[51],"product_tag":[74],"class_list":{"0":"post-11023","1":"product","2":"type-product","3":"status-publish","4":"has-post-thumbnail","6":"product_cat-bathroom-accessories-wholesale","7":"product_tag-ceramic-bath-accessories-wholesale","9":"first","10":"instock","11":"shipping-taxable","12":"product-type-simple"},"acf":[],"_links":{"self":[{"href":"https:\/\/jinhuaceramic.com\/fr\/wp-json\/wp\/v2\/product\/11023","targetHints":{"allow":["GET"]}}],"collection":[{"href":"https:\/\/jinhuaceramic.com\/fr\/wp-json\/wp\/v2\/product"}],"about":[{"href":"https:\/\/jinhuaceramic.com\/fr\/wp-json\/wp\/v2\/types\/product"}],"replies":[{"embeddable":true,"href":"https:\/\/jinhuaceramic.com\/fr\/wp-json\/wp\/v2\/comments?post=11023"}],"version-history":[{"count":0,"href":"https:\/\/jinhuaceramic.com\/fr\/wp-json\/wp\/v2\/product\/11023\/revisions"}],"wp:featuredmedia":[{"embeddable":true,"href":"https:\/\/jinhuaceramic.com\/fr\/wp-json\/wp\/v2\/media\/11028"}],"wp:attachment":[{"href":"https:\/\/jinhuaceramic.com\/fr\/wp-json\/wp\/v2\/media?parent=11023"}],"wp:term":[{"taxonomy":"product_brand","embeddable":true,"href":"https:\/\/jinhuaceramic.com\/fr\/wp-json\/wp\/v2\/product_brand?post=11023"},{"taxonomy":"product_cat","embeddable":true,"href":"https:\/\/jinhuaceramic.com\/fr\/wp-json\/wp\/v2\/product_cat?post=11023"},{"taxonomy":"product_tag","embeddable":true,"href":"https:\/\/jinhuaceramic.com\/fr\/wp-json\/wp\/v2\/product_tag?post=11023"}],"curies":[{"name":"wp","href":"https:\/\/api.w.org\/{rel}","templated":true}]}}