{"id":11043,"date":"2025-11-12T07:34:17","date_gmt":"2025-11-12T07:34:17","guid":{"rendered":"https:\/\/jinhuaceramic.com\/?post_type=product&#038;p=11043"},"modified":"2025-11-12T07:34:20","modified_gmt":"2025-11-12T07:34:20","slug":"custom-casserole-dish-set","status":"publish","type":"product","link":"https:\/\/jinhuaceramic.com\/fr\/product\/custom-casserole-dish-set\/","title":{"rendered":"Ensemble de cocottes rustiques personnalis\u00e9es, moules \u00e0 p\u00e2tisserie en c\u00e9ramique en vrac"},"content":{"rendered":"<div class=\"wp-block-columns is-layout-flex wp-container-core-columns-is-layout-9d6595d7 wp-block-columns-is-layout-flex\">\n<div class=\"wp-block-column is-layout-flow wp-block-column-is-layout-flow\">\n<h3 class=\"wp-block-heading\">Premium Rustic Custom Casserole Dish Set&nbsp;Features:<\/h3>\n\n\n\n<ul class=\"wp-block-list\">\n<li><strong>Couleurs rustiques : <\/strong>This custom casserole dish set is beige-colored, giving it warmth and a soft feeling to the touch. Features flecks in the glaze to create an organic and rustic surface texture that gives the effect of a handmade baking dish.<\/li>\n\n\n\n<li><strong>Elegant Texture:<\/strong> These wholesale ceramic baking trays have fine wavy textures inset at the outer edge of the tray body, emphasizing a three-dimensional feeling to the visuals, and incorporating detailed textures against the plain shape for some visual relief.<\/li>\n\n\n\n<li><strong>Mat\u00e9riau de haute qualit\u00e9 : <\/strong>These custom casserole dish sets are made of high-quality ceramic with a high-fired glaze giving them exceptional heat-resistance and thermal stability. Food-grade safe, lead-free and cadmium-free glaze which is safe, healthy and eco-friendly.<\/li>\n\n\n\n<li><strong>A Variety of Sizes:<\/strong> These wholesale ceramic baking pans come with three rectangular baking pans in different sizes, perfect for individual serving dishes, family-style sharing dishes, and even large baking pans for multi-guest dining. These sizes can meet and accommodate flexible cooking sizes.<\/li>\n<\/ul>\n<\/div>\n\n\n\n<div class=\"wp-block-column is-layout-flow wp-block-column-is-layout-flow\">\n<figure class=\"wp-block-image size-full\"><img fetchpriority=\"high\" decoding=\"async\" width=\"2400\" height=\"2400\" src=\"https:\/\/jinhuaceramic.com\/wp-content\/uploads\/2025\/11\/Rustic-Custom-Casserole-Dish-Set-Ceramic-Kitchen-Food-Service-Baking-Pans.webp\" alt=\"rustic-custom-casserole-dish-set-bulk-ceramic-baking-pans-1\" class=\"wp-image-11049\" srcset=\"https:\/\/jinhuaceramic.com\/wp-content\/uploads\/2025\/11\/Rustic-Custom-Casserole-Dish-Set-Ceramic-Kitchen-Food-Service-Baking-Pans.webp 2400w, https:\/\/jinhuaceramic.com\/wp-content\/uploads\/2025\/11\/Rustic-Custom-Casserole-Dish-Set-Ceramic-Kitchen-Food-Service-Baking-Pans-300x300.webp 300w, https:\/\/jinhuaceramic.com\/wp-content\/uploads\/2025\/11\/Rustic-Custom-Casserole-Dish-Set-Ceramic-Kitchen-Food-Service-Baking-Pans-150x150.webp 150w, https:\/\/jinhuaceramic.com\/wp-content\/uploads\/2025\/11\/Rustic-Custom-Casserole-Dish-Set-Ceramic-Kitchen-Food-Service-Baking-Pans-768x768.webp 768w, https:\/\/jinhuaceramic.com\/wp-content\/uploads\/2025\/11\/Rustic-Custom-Casserole-Dish-Set-Ceramic-Kitchen-Food-Service-Baking-Pans-12x12.webp 12w, https:\/\/jinhuaceramic.com\/wp-content\/uploads\/2025\/11\/Rustic-Custom-Casserole-Dish-Set-Ceramic-Kitchen-Food-Service-Baking-Pans-285x285.webp 285w, https:\/\/jinhuaceramic.com\/wp-content\/uploads\/2025\/11\/Rustic-Custom-Casserole-Dish-Set-Ceramic-Kitchen-Food-Service-Baking-Pans-1600x1600.webp 1600w, https:\/\/jinhuaceramic.com\/wp-content\/uploads\/2025\/11\/Rustic-Custom-Casserole-Dish-Set-Ceramic-Kitchen-Food-Service-Baking-Pans-270x270.webp 270w, https:\/\/jinhuaceramic.com\/wp-content\/uploads\/2025\/11\/Rustic-Custom-Casserole-Dish-Set-Ceramic-Kitchen-Food-Service-Baking-Pans-540x540.webp 540w, https:\/\/jinhuaceramic.com\/wp-content\/uploads\/2025\/11\/Rustic-Custom-Casserole-Dish-Set-Ceramic-Kitchen-Food-Service-Baking-Pans-660x660.webp 660w\" sizes=\"(max-width: 2400px) 100vw, 2400px\" \/><\/figure>\n<\/div>\n<\/div>","protected":false},"excerpt":{"rendered":"<p>Welcome to purchase our custom casserole dish set made of premium lead-free ceramic, available in three sizes. These wholesale baking pans with rustic\u00a0colors and exquisite textures meet diverse cooking needs while ensuring the safety and convenience of use. They also enhance the visual effect of the dining table, making high-quality kitchen products that combine practical and aesthetic value.<\/p>","protected":false},"featured_media":11044,"comment_status":"closed","ping_status":"closed","template":"","meta":{"_acf_changed":false},"product_brand":[],"product_cat":[53],"product_tag":[70,71],"class_list":{"0":"post-11043","1":"product","2":"type-product","3":"status-publish","4":"has-post-thumbnail","6":"product_cat-bakeware-in-bulk","7":"product_tag-custom-pie-pans","8":"product_tag-wholesale-baking-pans","10":"first","11":"instock","12":"shipping-taxable","13":"product-type-simple"},"acf":[],"_links":{"self":[{"href":"https:\/\/jinhuaceramic.com\/fr\/wp-json\/wp\/v2\/product\/11043","targetHints":{"allow":["GET"]}}],"collection":[{"href":"https:\/\/jinhuaceramic.com\/fr\/wp-json\/wp\/v2\/product"}],"about":[{"href":"https:\/\/jinhuaceramic.com\/fr\/wp-json\/wp\/v2\/types\/product"}],"replies":[{"embeddable":true,"href":"https:\/\/jinhuaceramic.com\/fr\/wp-json\/wp\/v2\/comments?post=11043"}],"version-history":[{"count":0,"href":"https:\/\/jinhuaceramic.com\/fr\/wp-json\/wp\/v2\/product\/11043\/revisions"}],"wp:featuredmedia":[{"embeddable":true,"href":"https:\/\/jinhuaceramic.com\/fr\/wp-json\/wp\/v2\/media\/11044"}],"wp:attachment":[{"href":"https:\/\/jinhuaceramic.com\/fr\/wp-json\/wp\/v2\/media?parent=11043"}],"wp:term":[{"taxonomy":"product_brand","embeddable":true,"href":"https:\/\/jinhuaceramic.com\/fr\/wp-json\/wp\/v2\/product_brand?post=11043"},{"taxonomy":"product_cat","embeddable":true,"href":"https:\/\/jinhuaceramic.com\/fr\/wp-json\/wp\/v2\/product_cat?post=11043"},{"taxonomy":"product_tag","embeddable":true,"href":"https:\/\/jinhuaceramic.com\/fr\/wp-json\/wp\/v2\/product_tag?post=11043"}],"curies":[{"name":"wp","href":"https:\/\/api.w.org\/{rel}","templated":true}]}}