{"id":11134,"date":"2025-11-20T04:02:35","date_gmt":"2025-11-20T04:02:35","guid":{"rendered":"https:\/\/jinhuaceramic.com\/?post_type=product&#038;p=11134"},"modified":"2025-11-20T04:05:56","modified_gmt":"2025-11-20T04:05:56","slug":"ceramic-bakeware-set-in-bulk","status":"publish","type":"product","link":"https:\/\/jinhuaceramic.com\/fr\/product\/ceramic-bakeware-set-in-bulk\/","title":{"rendered":"Batterie de cuisine en c\u00e9ramique bleue en vrac, plats de cuisson personnalis\u00e9s 3 pi\u00e8ces"},"content":{"rendered":"<div class=\"wp-block-columns is-layout-flex wp-container-core-columns-is-layout-9d6595d7 wp-block-columns-is-layout-flex\">\n<div class=\"wp-block-column is-layout-flow wp-block-column-is-layout-flow\">\n<h3 class=\"wp-block-heading\">Ensemble d'ustensiles de cuisson en c\u00e9ramique bleue de qualit\u00e9 sup\u00e9rieure en vrac Caract\u00e9ristiques :<\/h3>\n\n\n\n<ul class=\"wp-block-list\">\n<li><strong>Design \u00e9l\u00e9gant : <\/strong>Cet ensemble d'ustensiles de cuisson en c\u00e9ramique en vrac est fabriqu\u00e9 dans une couleur bleu cr\u00e9puscule avec de multiples nuances de gla\u00e7ure. La surface du plat de cuisson est \u00e9galement textur\u00e9e de mani\u00e8re ondul\u00e9e pour donner de la profondeur et de la d\u00e9licatesse \u00e0 la superposition visuelle.<\/li>\n\n\n\n<li><strong>Fonctionnalit\u00e9 : <\/strong>Cette batterie de cuisine bleue en vrac est fabriqu\u00e9e avec des poign\u00e9es textur\u00e9es des deux c\u00f4t\u00e9s des plats de cuisson pour faciliter les mouvements et assurer la s\u00e9curit\u00e9 lors de la manipulation des moules. Les plats de cuisson embo\u00eet\u00e9s vous permettront d'\u00e9conomiser l'espace de rangement de votre cuisine lorsque vous ne les utilisez pas.<\/li>\n\n\n\n<li><strong>Diff\u00e9rentes tailles :<\/strong> Ces moules \u00e0 p\u00e2tisserie 3 pi\u00e8ces personnalis\u00e9s sont disponibles en diff\u00e9rentes tailles : les petits formats conviennent \u00e0 la cuisson de plats pour une seule personne, les formats moyens conviennent aux plats familiaux et les grands formats peuvent accueillir des poulets r\u00f4tis entiers ou de grands plats cuits au four, r\u00e9pondant ainsi \u00e0 divers besoins culinaires, des repas pour une seule personne aux rassemblements familiaux.<\/li>\n\n\n\n<li><strong>Mat\u00e9riaux de premi\u00e8re qualit\u00e9 : <\/strong>Ce moule \u00e0 p\u00e2tisserie rectangulaire en c\u00e9ramique personnalis\u00e9 est fabriqu\u00e9 en c\u00e9ramique cuite \u00e0 haute temp\u00e9rature, ce qui lui conf\u00e8re une r\u00e9sistance sup\u00e9rieure \u00e0 la chaleur \u00e0 haute temp\u00e9rature et une meilleure r\u00e9tention de la chaleur. La surface glac\u00e9e de la c\u00e9ramique cuite \u00e0 haute temp\u00e9rature est r\u00e9sistante aux rayures, durable et ne s'estompe pas avec le temps, afin de pr\u00e9server l'aspect durable de la po\u00eale. Passe au four, au micro-ondes et au lave-vaisselle.<\/li>\n<\/ul>\n<\/div>\n\n\n\n<div class=\"wp-block-column is-layout-flow wp-block-column-is-layout-flow\">\n<figure class=\"wp-block-image size-full\"><img fetchpriority=\"high\" decoding=\"async\" width=\"2400\" height=\"2400\" src=\"https:\/\/jinhuaceramic.com\/wp-content\/uploads\/2025\/11\/Blue-Wholesale-Bakeware-Set-Custom-Ceramic-Food-Service-Baking-Dishes-Pans-4.webp\" alt=\"blue-ceramic-bakeware-set-in-bulk-custom-3pc-baking-dishes-4\" class=\"wp-image-11137\" srcset=\"https:\/\/jinhuaceramic.com\/wp-content\/uploads\/2025\/11\/Blue-Wholesale-Bakeware-Set-Custom-Ceramic-Food-Service-Baking-Dishes-Pans-4.webp 2400w, https:\/\/jinhuaceramic.com\/wp-content\/uploads\/2025\/11\/Blue-Wholesale-Bakeware-Set-Custom-Ceramic-Food-Service-Baking-Dishes-Pans-4-300x300.webp 300w, https:\/\/jinhuaceramic.com\/wp-content\/uploads\/2025\/11\/Blue-Wholesale-Bakeware-Set-Custom-Ceramic-Food-Service-Baking-Dishes-Pans-4-150x150.webp 150w, https:\/\/jinhuaceramic.com\/wp-content\/uploads\/2025\/11\/Blue-Wholesale-Bakeware-Set-Custom-Ceramic-Food-Service-Baking-Dishes-Pans-4-768x768.webp 768w, https:\/\/jinhuaceramic.com\/wp-content\/uploads\/2025\/11\/Blue-Wholesale-Bakeware-Set-Custom-Ceramic-Food-Service-Baking-Dishes-Pans-4-12x12.webp 12w, https:\/\/jinhuaceramic.com\/wp-content\/uploads\/2025\/11\/Blue-Wholesale-Bakeware-Set-Custom-Ceramic-Food-Service-Baking-Dishes-Pans-4-285x285.webp 285w, https:\/\/jinhuaceramic.com\/wp-content\/uploads\/2025\/11\/Blue-Wholesale-Bakeware-Set-Custom-Ceramic-Food-Service-Baking-Dishes-Pans-4-1600x1600.webp 1600w, https:\/\/jinhuaceramic.com\/wp-content\/uploads\/2025\/11\/Blue-Wholesale-Bakeware-Set-Custom-Ceramic-Food-Service-Baking-Dishes-Pans-4-270x270.webp 270w, https:\/\/jinhuaceramic.com\/wp-content\/uploads\/2025\/11\/Blue-Wholesale-Bakeware-Set-Custom-Ceramic-Food-Service-Baking-Dishes-Pans-4-540x540.webp 540w, https:\/\/jinhuaceramic.com\/wp-content\/uploads\/2025\/11\/Blue-Wholesale-Bakeware-Set-Custom-Ceramic-Food-Service-Baking-Dishes-Pans-4-660x660.webp 660w\" sizes=\"(max-width: 2400px) 100vw, 2400px\" \/><\/figure>\n<\/div>\n<\/div>","protected":false},"excerpt":{"rendered":"<p>Nous vous invitons \u00e0 acheter en gros notre batterie de cuisine en c\u00e9ramique bleue. Gr\u00e2ce \u00e0 son design, ses mat\u00e9riaux et sa fonctionnalit\u00e9, il est devenu un choix pratique parmi les ustensiles de cuisine. Ce ne sont pas seulement des outils indispensables dans la cuisine, mais ils peuvent aussi servir directement de vaisselle sur la table \u00e0 manger, am\u00e9liorant la pr\u00e9sentation visuelle du repas, et sont \u00e0 la fois pratiques et d\u00e9coratifs. Il est id\u00e9al pour la cuisine familiale, les restaurants et les boulangeries qui ont besoin de grandes quantit\u00e9s de produits.<\/p>","protected":false},"featured_media":11139,"comment_status":"closed","ping_status":"closed","template":"","meta":{"_acf_changed":false},"product_brand":[],"product_cat":[53],"product_tag":[71],"class_list":{"0":"post-11134","1":"product","2":"type-product","3":"status-publish","4":"has-post-thumbnail","6":"product_cat-bakeware-in-bulk","7":"product_tag-wholesale-baking-pans","9":"first","10":"instock","11":"shipping-taxable","12":"product-type-simple"},"acf":[],"_links":{"self":[{"href":"https:\/\/jinhuaceramic.com\/fr\/wp-json\/wp\/v2\/product\/11134","targetHints":{"allow":["GET"]}}],"collection":[{"href":"https:\/\/jinhuaceramic.com\/fr\/wp-json\/wp\/v2\/product"}],"about":[{"href":"https:\/\/jinhuaceramic.com\/fr\/wp-json\/wp\/v2\/types\/product"}],"replies":[{"embeddable":true,"href":"https:\/\/jinhuaceramic.com\/fr\/wp-json\/wp\/v2\/comments?post=11134"}],"version-history":[{"count":0,"href":"https:\/\/jinhuaceramic.com\/fr\/wp-json\/wp\/v2\/product\/11134\/revisions"}],"wp:featuredmedia":[{"embeddable":true,"href":"https:\/\/jinhuaceramic.com\/fr\/wp-json\/wp\/v2\/media\/11139"}],"wp:attachment":[{"href":"https:\/\/jinhuaceramic.com\/fr\/wp-json\/wp\/v2\/media?parent=11134"}],"wp:term":[{"taxonomy":"product_brand","embeddable":true,"href":"https:\/\/jinhuaceramic.com\/fr\/wp-json\/wp\/v2\/product_brand?post=11134"},{"taxonomy":"product_cat","embeddable":true,"href":"https:\/\/jinhuaceramic.com\/fr\/wp-json\/wp\/v2\/product_cat?post=11134"},{"taxonomy":"product_tag","embeddable":true,"href":"https:\/\/jinhuaceramic.com\/fr\/wp-json\/wp\/v2\/product_tag?post=11134"}],"curies":[{"name":"wp","href":"https:\/\/api.w.org\/{rel}","templated":true}]}}