{"id":11144,"date":"2025-11-20T03:15:04","date_gmt":"2025-11-20T03:15:04","guid":{"rendered":"https:\/\/jinhuaceramic.com\/?post_type=product&#038;p=11144"},"modified":"2025-11-20T03:15:06","modified_gmt":"2025-11-20T03:15:06","slug":"matte-black-bathroom-accessory-set-bulk","status":"publish","type":"product","link":"https:\/\/jinhuaceramic.com\/fr\/product\/matte-black-bathroom-accessory-set-bulk\/","title":{"rendered":"Ensemble d'accessoires de salle de bain noir mat en vrac, ensemble de bain en c\u00e9ramique"},"content":{"rendered":"<div class=\"wp-block-columns is-layout-flex wp-container-core-columns-is-layout-9d6595d7 wp-block-columns-is-layout-flex\">\n<div class=\"wp-block-column is-layout-flow wp-block-column-is-layout-flow\">\n<h3 class=\"wp-block-heading\">Ensemble d'accessoires de salle de bain noir mat haut de gamme Caract\u00e9ristiques g\u00e9n\u00e9rales :<\/h3>\n\n\n\n<ul class=\"wp-block-list\">\n<li><strong>Design moderne : <\/strong>Cet ensemble d'accessoires de salle de bain noir mat est con\u00e7u dans un ton noir pur mat et une texture verticale, avec un style simple et moderne qui combine la nettet\u00e9 du style industriel et la d\u00e9licatesse du style luxueux l\u00e9ger. Ils s'int\u00e8grent facilement \u00e0 divers styles de d\u00e9coration de salle de bain tels que le minimalisme, le style nordique et le luxe l\u00e9ger.<\/li>\n\n\n\n<li><strong>Ensemble complet :<\/strong> Cet ensemble d'accessoires de salle de bain noir mat comprend un distributeur de savon, un porte-brosses \u00e0 dents, un pot \u00e0 cotons, un plateau et un porte-savon pour ranger le d\u00e9sinfectant pour les mains, les brosses \u00e0 dents, les cotons-tiges\/boules de coton, le savon, ainsi que pour organiser les petits objets afin de disposer d'un rangement \u201c tout-en-un \u201d compartiment\u00e9 pour les articles de toilette et d'un comptoir bien rang\u00e9.<\/li>\n\n\n\n<li><strong>Mat\u00e9riau durable : <\/strong>Ces ensembles de salle de bain personnalis\u00e9s sont fabriqu\u00e9s en c\u00e9ramique de haute qualit\u00e9, un mat\u00e9riau dur, r\u00e9sistant \u00e0 l'usure, difficile \u00e0 casser et qui a une longue dur\u00e9e de vie. La c\u00e9ramique est un mat\u00e9riau naturel qui ne contient pas de produits chimiques et qui est sans danger pour la sant\u00e9 humaine.<\/li>\n\n\n\n<li><strong>Facile d'entretien : <\/strong>Ces accessoires de salle de bain en c\u00e9ramique personnalis\u00e9s peuvent \u00eatre nettoy\u00e9s \u00e0 l'aide d'un chiffon humide et ne n\u00e9cessitent aucun entretien particulier. La couleur noire ne laisse pas appara\u00eetre les salissures, ce qui signifie que vous n'aurez pas besoin de les nettoyer fr\u00e9quemment.<\/li>\n<\/ul>\n<\/div>\n\n\n\n<div class=\"wp-block-column is-layout-flow wp-block-column-is-layout-flow\">\n<figure class=\"wp-block-image size-full\"><img fetchpriority=\"high\" decoding=\"async\" width=\"1600\" height=\"1600\" src=\"https:\/\/jinhuaceramic.com\/wp-content\/uploads\/2025\/11\/Black-Design-Bathroom-Set-Wholesale-Custom-Bathroom-Kitchen-Supplies-3.webp\" alt=\"ensemble-d&#039;accessoires-de-salle-de-bains-noir-mat-ensemble-de-salle-de-bains-en-c\u00e9ramique-3\" class=\"wp-image-11146\" srcset=\"https:\/\/jinhuaceramic.com\/wp-content\/uploads\/2025\/11\/Black-Design-Bathroom-Set-Wholesale-Custom-Bathroom-Kitchen-Supplies-3.webp 1600w, https:\/\/jinhuaceramic.com\/wp-content\/uploads\/2025\/11\/Black-Design-Bathroom-Set-Wholesale-Custom-Bathroom-Kitchen-Supplies-3-300x300.webp 300w, https:\/\/jinhuaceramic.com\/wp-content\/uploads\/2025\/11\/Black-Design-Bathroom-Set-Wholesale-Custom-Bathroom-Kitchen-Supplies-3-150x150.webp 150w, https:\/\/jinhuaceramic.com\/wp-content\/uploads\/2025\/11\/Black-Design-Bathroom-Set-Wholesale-Custom-Bathroom-Kitchen-Supplies-3-768x768.webp 768w, https:\/\/jinhuaceramic.com\/wp-content\/uploads\/2025\/11\/Black-Design-Bathroom-Set-Wholesale-Custom-Bathroom-Kitchen-Supplies-3-12x12.webp 12w, https:\/\/jinhuaceramic.com\/wp-content\/uploads\/2025\/11\/Black-Design-Bathroom-Set-Wholesale-Custom-Bathroom-Kitchen-Supplies-3-285x285.webp 285w, https:\/\/jinhuaceramic.com\/wp-content\/uploads\/2025\/11\/Black-Design-Bathroom-Set-Wholesale-Custom-Bathroom-Kitchen-Supplies-3-270x270.webp 270w, https:\/\/jinhuaceramic.com\/wp-content\/uploads\/2025\/11\/Black-Design-Bathroom-Set-Wholesale-Custom-Bathroom-Kitchen-Supplies-3-540x540.webp 540w, https:\/\/jinhuaceramic.com\/wp-content\/uploads\/2025\/11\/Black-Design-Bathroom-Set-Wholesale-Custom-Bathroom-Kitchen-Supplies-3-660x660.webp 660w\" sizes=\"(max-width: 1600px) 100vw, 1600px\" \/><\/figure>\n<\/div>\n<\/div>","protected":false},"excerpt":{"rendered":"<p>Bienvenue pour acheter notre ensemble d'accessoires de salle de bain noir mat en gros. Ces ensembles de salle de bain personnalis\u00e9s allient beaut\u00e9 et fonctionnalit\u00e9 gr\u00e2ce \u00e0 leur design moderne, leurs accessoires complets et leurs mat\u00e9riaux en c\u00e9ramique durables et faciles \u00e0 nettoyer. Ils rehaussent non seulement le style g\u00e9n\u00e9ral de la salle de bain, mais offrent \u00e9galement un rangement pratique, ce qui en fait un choix de qualit\u00e9 pour cr\u00e9er des espaces de salle de bain raffin\u00e9s. Parfaits pour les h\u00f4tels, les maisons et les collections de salle de bain de marque.<\/p>","protected":false},"featured_media":11148,"comment_status":"closed","ping_status":"closed","template":"","meta":{"_acf_changed":false},"product_brand":[],"product_cat":[51],"product_tag":[74],"class_list":{"0":"post-11144","1":"product","2":"type-product","3":"status-publish","4":"has-post-thumbnail","6":"product_cat-bathroom-accessories-wholesale","7":"product_tag-ceramic-bath-accessories-wholesale","9":"first","10":"instock","11":"shipping-taxable","12":"product-type-simple"},"acf":[],"_links":{"self":[{"href":"https:\/\/jinhuaceramic.com\/fr\/wp-json\/wp\/v2\/product\/11144","targetHints":{"allow":["GET"]}}],"collection":[{"href":"https:\/\/jinhuaceramic.com\/fr\/wp-json\/wp\/v2\/product"}],"about":[{"href":"https:\/\/jinhuaceramic.com\/fr\/wp-json\/wp\/v2\/types\/product"}],"replies":[{"embeddable":true,"href":"https:\/\/jinhuaceramic.com\/fr\/wp-json\/wp\/v2\/comments?post=11144"}],"version-history":[{"count":0,"href":"https:\/\/jinhuaceramic.com\/fr\/wp-json\/wp\/v2\/product\/11144\/revisions"}],"wp:featuredmedia":[{"embeddable":true,"href":"https:\/\/jinhuaceramic.com\/fr\/wp-json\/wp\/v2\/media\/11148"}],"wp:attachment":[{"href":"https:\/\/jinhuaceramic.com\/fr\/wp-json\/wp\/v2\/media?parent=11144"}],"wp:term":[{"taxonomy":"product_brand","embeddable":true,"href":"https:\/\/jinhuaceramic.com\/fr\/wp-json\/wp\/v2\/product_brand?post=11144"},{"taxonomy":"product_cat","embeddable":true,"href":"https:\/\/jinhuaceramic.com\/fr\/wp-json\/wp\/v2\/product_cat?post=11144"},{"taxonomy":"product_tag","embeddable":true,"href":"https:\/\/jinhuaceramic.com\/fr\/wp-json\/wp\/v2\/product_tag?post=11144"}],"curies":[{"name":"wp","href":"https:\/\/api.w.org\/{rel}","templated":true}]}}