{"id":11183,"date":"2025-11-20T07:07:51","date_gmt":"2025-11-20T07:07:51","guid":{"rendered":"https:\/\/jinhuaceramic.com\/?post_type=product&#038;p=11183"},"modified":"2025-11-20T07:07:54","modified_gmt":"2025-11-20T07:07:54","slug":"custom-ceramic-bathroom-accessories","status":"publish","type":"product","link":"https:\/\/jinhuaceramic.com\/fr\/product\/custom-ceramic-bathroom-accessories\/","title":{"rendered":"Accessoires de salle de bain en c\u00e9ramique en vrac et sur mesure, set de salle de bain en gros"},"content":{"rendered":"<div class=\"wp-block-columns is-layout-flex wp-container-core-columns-is-layout-9d6595d7 wp-block-columns-is-layout-flex\">\n<div class=\"wp-block-column is-layout-flow wp-block-column-is-layout-flow\">\n<h3 class=\"wp-block-heading\">Accessoires de salle de bain en c\u00e9ramique de premi\u00e8re qualit\u00e9 :<\/h3>\n\n\n\n<ul class=\"wp-block-list\">\n<li><strong>Couleur \u00e9l\u00e9gante : <\/strong>Ces accessoires de salle de bain en c\u00e9ramique personnalis\u00e9s sont d'une couleur beige douce et neutre, pr\u00e9sentant une texture douce et mate, \u00e9vitant ainsi la sensation d'usure due aux reflets. Ils conviennent pour cr\u00e9er une atmosph\u00e8re chaleureuse et relaxante dans la salle de bain.<\/li>\n\n\n\n<li><strong>Texture unique :<\/strong> Ces accessoires de salle de bains en c\u00e9ramique sont con\u00e7us avec une texture de rayures verticales sur la surface, avec une l\u00e9g\u00e8re sensation tridimensionnelle concave-convexe. Au toucher, de d\u00e9licates ondulations sont perceptibles, et visuellement, de doux changements d'ombre et de lumi\u00e8re sont pr\u00e9sent\u00e9s, ajoutant de riches couches au simple ton de couleur beige.<\/li>\n\n\n\n<li><strong>Mat\u00e9riau durable :<\/strong> Notre set de salle de bains en gros est fabriqu\u00e9 \u00e0 partir de mat\u00e9riaux c\u00e9ramiques de haute qualit\u00e9 produits \u00e0 des temp\u00e9ratures \u00e9lev\u00e9es, ce qui garantit une grande duret\u00e9, une usure moindre et une longue dur\u00e9e de vie par rapport \u00e0 la r\u00e9sine ou au plastique.<\/li>\n\n\n\n<li><strong>Ensemble complet :<\/strong> Cet ensemble de salle de bain en gros comprend des bouteilles de savon, des porte-brosses \u00e0 dents, des porte-savons et un porte-brosse de toilette, qui peuvent \u00eatre utilis\u00e9s pour stocker respectivement le savon liquide, les brosses \u00e0 dents, le savon et les toilettes propres, r\u00e9alisant ainsi un stockage cloisonn\u00e9 \u201ctout-en-un\u201d des articles de toilette et des produits de nettoyage de la salle de bain, permettant au comptoir de dire adieu \u00e0 l'encombrement.<\/li>\n<\/ul>\n<\/div>\n\n\n\n<div class=\"wp-block-column is-layout-flow wp-block-column-is-layout-flow\">\n<figure class=\"wp-block-image size-full\"><img fetchpriority=\"high\" decoding=\"async\" width=\"1600\" height=\"1600\" src=\"https:\/\/jinhuaceramic.com\/wp-content\/uploads\/2025\/11\/Ceramic-Custom-Made-Bathroom-Accessories-Soap-Dispenser-and-Toothbrush-Holder-Set.webp\" alt=\"custom-ceramic-bathroom-accessories-wholesale-bathroom-set-1\" class=\"wp-image-11189\" srcset=\"https:\/\/jinhuaceramic.com\/wp-content\/uploads\/2025\/11\/Ceramic-Custom-Made-Bathroom-Accessories-Soap-Dispenser-and-Toothbrush-Holder-Set.webp 1600w, https:\/\/jinhuaceramic.com\/wp-content\/uploads\/2025\/11\/Ceramic-Custom-Made-Bathroom-Accessories-Soap-Dispenser-and-Toothbrush-Holder-Set-300x300.webp 300w, https:\/\/jinhuaceramic.com\/wp-content\/uploads\/2025\/11\/Ceramic-Custom-Made-Bathroom-Accessories-Soap-Dispenser-and-Toothbrush-Holder-Set-150x150.webp 150w, https:\/\/jinhuaceramic.com\/wp-content\/uploads\/2025\/11\/Ceramic-Custom-Made-Bathroom-Accessories-Soap-Dispenser-and-Toothbrush-Holder-Set-768x768.webp 768w, https:\/\/jinhuaceramic.com\/wp-content\/uploads\/2025\/11\/Ceramic-Custom-Made-Bathroom-Accessories-Soap-Dispenser-and-Toothbrush-Holder-Set-12x12.webp 12w, https:\/\/jinhuaceramic.com\/wp-content\/uploads\/2025\/11\/Ceramic-Custom-Made-Bathroom-Accessories-Soap-Dispenser-and-Toothbrush-Holder-Set-285x285.webp 285w, https:\/\/jinhuaceramic.com\/wp-content\/uploads\/2025\/11\/Ceramic-Custom-Made-Bathroom-Accessories-Soap-Dispenser-and-Toothbrush-Holder-Set-270x270.webp 270w, https:\/\/jinhuaceramic.com\/wp-content\/uploads\/2025\/11\/Ceramic-Custom-Made-Bathroom-Accessories-Soap-Dispenser-and-Toothbrush-Holder-Set-540x540.webp 540w, https:\/\/jinhuaceramic.com\/wp-content\/uploads\/2025\/11\/Ceramic-Custom-Made-Bathroom-Accessories-Soap-Dispenser-and-Toothbrush-Holder-Set-660x660.webp 660w\" sizes=\"(max-width: 1600px) 100vw, 1600px\" \/><\/figure>\n<\/div>\n<\/div>","protected":false},"excerpt":{"rendered":"<p>Nos accessoires de salle de bain en c\u00e9ramique personnalis\u00e9s offrent un ensemble complet d'esth\u00e9tique et de fonctionnalit\u00e9 gr\u00e2ce \u00e0 des couleurs \u00e9l\u00e9gantes, des textures uniques, une fonctionnalit\u00e9 compl\u00e8te et des mat\u00e9riaux en c\u00e9ramique de haute qualit\u00e9. L'ensemble de salle de bain est id\u00e9al pour les acheteurs en gros. Durable, \u00e9l\u00e9gant, personnalisable et parfait pour les h\u00f4tels, les maisons et les lignes de salle de bain de marque.<\/p>","protected":false},"featured_media":11188,"comment_status":"closed","ping_status":"closed","template":"","meta":{"_acf_changed":false},"product_brand":[],"product_cat":[51],"product_tag":[74],"class_list":{"0":"post-11183","1":"product","2":"type-product","3":"status-publish","4":"has-post-thumbnail","6":"product_cat-bathroom-accessories-wholesale","7":"product_tag-ceramic-bath-accessories-wholesale","9":"first","10":"instock","11":"shipping-taxable","12":"product-type-simple"},"acf":[],"_links":{"self":[{"href":"https:\/\/jinhuaceramic.com\/fr\/wp-json\/wp\/v2\/product\/11183","targetHints":{"allow":["GET"]}}],"collection":[{"href":"https:\/\/jinhuaceramic.com\/fr\/wp-json\/wp\/v2\/product"}],"about":[{"href":"https:\/\/jinhuaceramic.com\/fr\/wp-json\/wp\/v2\/types\/product"}],"replies":[{"embeddable":true,"href":"https:\/\/jinhuaceramic.com\/fr\/wp-json\/wp\/v2\/comments?post=11183"}],"version-history":[{"count":0,"href":"https:\/\/jinhuaceramic.com\/fr\/wp-json\/wp\/v2\/product\/11183\/revisions"}],"wp:featuredmedia":[{"embeddable":true,"href":"https:\/\/jinhuaceramic.com\/fr\/wp-json\/wp\/v2\/media\/11188"}],"wp:attachment":[{"href":"https:\/\/jinhuaceramic.com\/fr\/wp-json\/wp\/v2\/media?parent=11183"}],"wp:term":[{"taxonomy":"product_brand","embeddable":true,"href":"https:\/\/jinhuaceramic.com\/fr\/wp-json\/wp\/v2\/product_brand?post=11183"},{"taxonomy":"product_cat","embeddable":true,"href":"https:\/\/jinhuaceramic.com\/fr\/wp-json\/wp\/v2\/product_cat?post=11183"},{"taxonomy":"product_tag","embeddable":true,"href":"https:\/\/jinhuaceramic.com\/fr\/wp-json\/wp\/v2\/product_tag?post=11183"}],"curies":[{"name":"wp","href":"https:\/\/api.w.org\/{rel}","templated":true}]}}